{"id":2512,"date":"2023-11-27T21:56:21","date_gmt":"2023-11-27T20:56:21","guid":{"rendered":"https:\/\/max-perfection.com\/izdelek\/okrogel-pepelnik-rdeci-kvadratki-2\/"},"modified":"2024-03-15T21:34:32","modified_gmt":"2024-03-15T20:34:32","slug":"okrogel-pepelnik-rdeci-kvadratki-2","status":"publish","type":"product","link":"https:\/\/maxperfect.gifts\/en\/izdelek\/okrogel-pepelnik-rdeci-kvadratki-2\/","title":{"rendered":"Round ashtray &#8216;Red Squares&#8217;"},"content":{"rendered":"","protected":false},"excerpt":{"rendered":"<p>Diameter &#8211; 15 cm, Height &#8211; 5 cm<\/p>\n","protected":false},"featured_media":1646,"template":"","meta":[],"product_cat":[137],"product_tag":[42,94],"class_list":{"0":"post-2512","1":"product","2":"type-product","3":"status-publish","4":"has-post-thumbnail","6":"product_cat-okrogel-pepelnik","7":"product_tag-darilo","8":"product_tag-okrogel-pepelnik","10":"first","11":"outofstock","12":"taxable","13":"shipping-taxable","14":"purchasable","15":"product-type-simple"},"yoast_head":"<!-- This site is optimized with the Yoast SEO plugin v27.1.1 - https:\/\/yoast.com\/product\/yoast-seo-wordpress\/ -->\n<title>Round ashtray &#039;Red Squares&#039; - Max Perfect Gifts<\/title>\n<meta name=\"robots\" content=\"index, follow, max-snippet:-1, max-image-preview:large, max-video-preview:-1\" \/>\n<link rel=\"canonical\" href=\"https:\/\/maxperfect.gifts\/en\/izdelek\/okrogel-pepelnik-rdeci-kvadratki-2\/\" \/>\n<meta property=\"og:locale\" content=\"en_US\" \/>\n<meta property=\"og:type\" content=\"article\" \/>\n<meta property=\"og:title\" content=\"Round ashtray &#039;Red Squares&#039;\" \/>\n<meta property=\"og:description\" content=\"Diameter - 15 cm, Height - 5 cm\" \/>\n<meta property=\"og:url\" content=\"https:\/\/maxperfect.gifts\/en\/izdelek\/okrogel-pepelnik-rdeci-kvadratki-2\/\" \/>\n<meta property=\"og:site_name\" content=\"Max Perfect Gifts\" \/>\n<meta property=\"article:modified_time\" content=\"2024-03-15T20:34:32+00:00\" \/>\n<meta property=\"og:image\" content=\"https:\/\/maxperfect.gifts\/wp-content\/uploads\/2023\/11\/425.jpg\" \/>\n\t<meta property=\"og:image:width\" content=\"1024\" \/>\n\t<meta property=\"og:image:height\" content=\"1024\" \/>\n\t<meta property=\"og:image:type\" content=\"image\/jpeg\" \/>\n<meta name=\"twitter:card\" content=\"summary_large_image\" \/>\n<script type=\"application\/ld+json\" class=\"yoast-schema-graph\">{\"@context\":\"https:\/\/schema.org\",\"@graph\":[{\"@type\":\"WebPage\",\"@id\":\"https:\/\/maxperfect.gifts\/en\/izdelek\/okrogel-pepelnik-rdeci-kvadratki-2\/\",\"url\":\"https:\/\/maxperfect.gifts\/en\/izdelek\/okrogel-pepelnik-rdeci-kvadratki-2\/\",\"name\":\"[:en]Round ashtray 'Red Squares'[:sl]Okrogel pepelnik 'Rde\u010di kvadratki'[:] - Max Perfect Gifts\",\"isPartOf\":{\"@id\":\"https:\/\/maxperfect.gifts\/#website\"},\"primaryImageOfPage\":{\"@id\":\"https:\/\/maxperfect.gifts\/en\/izdelek\/okrogel-pepelnik-rdeci-kvadratki-2\/#primaryimage\"},\"image\":{\"@id\":\"https:\/\/maxperfect.gifts\/en\/izdelek\/okrogel-pepelnik-rdeci-kvadratki-2\/#primaryimage\"},\"thumbnailUrl\":\"https:\/\/maxperfect.gifts\/wp-content\/uploads\/2023\/11\/425.jpg\",\"datePublished\":\"2023-11-27T20:56:21+00:00\",\"dateModified\":\"2024-03-15T20:34:32+00:00\",\"breadcrumb\":{\"@id\":\"https:\/\/maxperfect.gifts\/en\/izdelek\/okrogel-pepelnik-rdeci-kvadratki-2\/#breadcrumb\"},\"inLanguage\":\"en-US\",\"potentialAction\":[{\"@type\":\"ReadAction\",\"target\":[\"https:\/\/maxperfect.gifts\/en\/izdelek\/okrogel-pepelnik-rdeci-kvadratki-2\/\"]}]},{\"@type\":\"ImageObject\",\"inLanguage\":\"en-US\",\"@id\":\"https:\/\/maxperfect.gifts\/en\/izdelek\/okrogel-pepelnik-rdeci-kvadratki-2\/#primaryimage\",\"url\":\"https:\/\/maxperfect.gifts\/wp-content\/uploads\/2023\/11\/425.jpg\",\"contentUrl\":\"https:\/\/maxperfect.gifts\/wp-content\/uploads\/2023\/11\/425.jpg\",\"width\":1024,\"height\":1024},{\"@type\":\"BreadcrumbList\",\"@id\":\"https:\/\/maxperfect.gifts\/en\/izdelek\/okrogel-pepelnik-rdeci-kvadratki-2\/#breadcrumb\",\"itemListElement\":[{\"@type\":\"ListItem\",\"position\":1,\"name\":\"Home\",\"item\":\"https:\/\/maxperfect.gifts\/en\/\"},{\"@type\":\"ListItem\",\"position\":2,\"name\":\"Trgovina\",\"item\":\"https:\/\/maxperfect.gifts\/trgovina\/\"},{\"@type\":\"ListItem\",\"position\":3,\"name\":\"Round ashtray &#8216;Red Squares&#8217;\"}]},{\"@type\":\"WebSite\",\"@id\":\"https:\/\/maxperfect.gifts\/#website\",\"url\":\"https:\/\/maxperfect.gifts\/\",\"name\":\"Max Perfect Gifts\",\"description\":\"Darilni program\",\"publisher\":{\"@id\":\"https:\/\/maxperfect.gifts\/#organization\"},\"potentialAction\":[{\"@type\":\"SearchAction\",\"target\":{\"@type\":\"EntryPoint\",\"urlTemplate\":\"https:\/\/maxperfect.gifts\/?s={search_term_string}\"},\"query-input\":{\"@type\":\"PropertyValueSpecification\",\"valueRequired\":true,\"valueName\":\"search_term_string\"}}],\"inLanguage\":\"en-US\"},{\"@type\":\"Organization\",\"@id\":\"https:\/\/maxperfect.gifts\/#organization\",\"name\":\"Max Perfect Gifts\",\"url\":\"https:\/\/maxperfect.gifts\/\",\"logo\":{\"@type\":\"ImageObject\",\"inLanguage\":\"en-US\",\"@id\":\"https:\/\/maxperfect.gifts\/#\/schema\/logo\/image\/\",\"url\":\"https:\/\/maxperfect.gifts\/wp-content\/uploads\/2023\/11\/max-perfect-logotip.png\",\"contentUrl\":\"https:\/\/maxperfect.gifts\/wp-content\/uploads\/2023\/11\/max-perfect-logotip.png\",\"width\":200,\"height\":76,\"caption\":\"Max Perfect Gifts\"},\"image\":{\"@id\":\"https:\/\/maxperfect.gifts\/#\/schema\/logo\/image\/\"}}]}<\/script>\n<!-- \/ Yoast SEO plugin. -->","yoast_head_json":{"title":"Round ashtray 'Red Squares' - Max Perfect Gifts","robots":{"index":"index","follow":"follow","max-snippet":"max-snippet:-1","max-image-preview":"max-image-preview:large","max-video-preview":"max-video-preview:-1"},"canonical":"https:\/\/maxperfect.gifts\/en\/izdelek\/okrogel-pepelnik-rdeci-kvadratki-2\/","og_locale":"en_US","og_type":"article","og_title":"[:en]Round ashtray 'Red Squares'[:sl]Okrogel pepelnik 'Rde\u010di kvadratki'[:] - Max Perfect Gifts","og_description":"[:en]Diameter - 15 cm, Height - 5 cm[:sl]Premer - 15 cm, vi\u0161ina - 5 cm  Material: keramika  Ro\u010dno delo  Proizvajalec: Gappa handmade  [:]","og_url":"https:\/\/maxperfect.gifts\/en\/izdelek\/okrogel-pepelnik-rdeci-kvadratki-2\/","og_site_name":"Max Perfect Gifts","article_modified_time":"2024-03-15T20:34:32+00:00","og_image":[{"width":1024,"height":1024,"url":"https:\/\/maxperfect.gifts\/wp-content\/uploads\/2023\/11\/425.jpg","type":"image\/jpeg"}],"twitter_card":"summary_large_image","schema":{"@context":"https:\/\/schema.org","@graph":[{"@type":"WebPage","@id":"https:\/\/maxperfect.gifts\/en\/izdelek\/okrogel-pepelnik-rdeci-kvadratki-2\/","url":"https:\/\/maxperfect.gifts\/en\/izdelek\/okrogel-pepelnik-rdeci-kvadratki-2\/","name":"[:en]Round ashtray 'Red Squares'[:sl]Okrogel pepelnik 'Rde\u010di kvadratki'[:] - Max Perfect Gifts","isPartOf":{"@id":"https:\/\/maxperfect.gifts\/#website"},"primaryImageOfPage":{"@id":"https:\/\/maxperfect.gifts\/en\/izdelek\/okrogel-pepelnik-rdeci-kvadratki-2\/#primaryimage"},"image":{"@id":"https:\/\/maxperfect.gifts\/en\/izdelek\/okrogel-pepelnik-rdeci-kvadratki-2\/#primaryimage"},"thumbnailUrl":"https:\/\/maxperfect.gifts\/wp-content\/uploads\/2023\/11\/425.jpg","datePublished":"2023-11-27T20:56:21+00:00","dateModified":"2024-03-15T20:34:32+00:00","breadcrumb":{"@id":"https:\/\/maxperfect.gifts\/en\/izdelek\/okrogel-pepelnik-rdeci-kvadratki-2\/#breadcrumb"},"inLanguage":"en-US","potentialAction":[{"@type":"ReadAction","target":["https:\/\/maxperfect.gifts\/en\/izdelek\/okrogel-pepelnik-rdeci-kvadratki-2\/"]}]},{"@type":"ImageObject","inLanguage":"en-US","@id":"https:\/\/maxperfect.gifts\/en\/izdelek\/okrogel-pepelnik-rdeci-kvadratki-2\/#primaryimage","url":"https:\/\/maxperfect.gifts\/wp-content\/uploads\/2023\/11\/425.jpg","contentUrl":"https:\/\/maxperfect.gifts\/wp-content\/uploads\/2023\/11\/425.jpg","width":1024,"height":1024},{"@type":"BreadcrumbList","@id":"https:\/\/maxperfect.gifts\/en\/izdelek\/okrogel-pepelnik-rdeci-kvadratki-2\/#breadcrumb","itemListElement":[{"@type":"ListItem","position":1,"name":"Home","item":"https:\/\/maxperfect.gifts\/en\/"},{"@type":"ListItem","position":2,"name":"Trgovina","item":"https:\/\/maxperfect.gifts\/trgovina\/"},{"@type":"ListItem","position":3,"name":"Round ashtray &#8216;Red Squares&#8217;"}]},{"@type":"WebSite","@id":"https:\/\/maxperfect.gifts\/#website","url":"https:\/\/maxperfect.gifts\/","name":"Max Perfect Gifts","description":"Darilni program","publisher":{"@id":"https:\/\/maxperfect.gifts\/#organization"},"potentialAction":[{"@type":"SearchAction","target":{"@type":"EntryPoint","urlTemplate":"https:\/\/maxperfect.gifts\/?s={search_term_string}"},"query-input":{"@type":"PropertyValueSpecification","valueRequired":true,"valueName":"search_term_string"}}],"inLanguage":"en-US"},{"@type":"Organization","@id":"https:\/\/maxperfect.gifts\/#organization","name":"Max Perfect Gifts","url":"https:\/\/maxperfect.gifts\/","logo":{"@type":"ImageObject","inLanguage":"en-US","@id":"https:\/\/maxperfect.gifts\/#\/schema\/logo\/image\/","url":"https:\/\/maxperfect.gifts\/wp-content\/uploads\/2023\/11\/max-perfect-logotip.png","contentUrl":"https:\/\/maxperfect.gifts\/wp-content\/uploads\/2023\/11\/max-perfect-logotip.png","width":200,"height":76,"caption":"Max Perfect Gifts"},"image":{"@id":"https:\/\/maxperfect.gifts\/#\/schema\/logo\/image\/"}}]}},"_links":{"self":[{"href":"https:\/\/maxperfect.gifts\/en\/wp-json\/wp\/v2\/product\/2512","targetHints":{"allow":["GET"]}}],"collection":[{"href":"https:\/\/maxperfect.gifts\/en\/wp-json\/wp\/v2\/product"}],"about":[{"href":"https:\/\/maxperfect.gifts\/en\/wp-json\/wp\/v2\/types\/product"}],"wp:featuredmedia":[{"embeddable":true,"href":"https:\/\/maxperfect.gifts\/en\/wp-json\/wp\/v2\/media\/1646"}],"wp:attachment":[{"href":"https:\/\/maxperfect.gifts\/en\/wp-json\/wp\/v2\/media?parent=2512"}],"wp:term":[{"taxonomy":"product_cat","embeddable":true,"href":"https:\/\/maxperfect.gifts\/en\/wp-json\/wp\/v2\/product_cat?post=2512"},{"taxonomy":"product_tag","embeddable":true,"href":"https:\/\/maxperfect.gifts\/en\/wp-json\/wp\/v2\/product_tag?post=2512"}],"curies":[{"name":"wp","href":"https:\/\/api.w.org\/{rel}","templated":true}]}}