{"id":2907,"date":"2026-02-24T07:37:22","date_gmt":"2026-02-24T06:37:22","guid":{"rendered":"https:\/\/maxperfect.gifts\/?post_type=product&#038;p=2907"},"modified":"2026-03-11T06:56:33","modified_gmt":"2026-03-11T05:56:33","slug":"hodi-k-oltarskomi-svestvi","status":"publish","type":"product","link":"https:\/\/maxperfect.gifts\/en\/izdelek\/hodi-k-oltarskomi-svestvi\/","title":{"rendered":"Hodi k oltarskomi svestvi"},"content":{"rendered":"<p>Hodi k oltarskomi svestvi (Hodi k oltarskemu svestvu) je prekmurski molitvenik Jo\u017eefa Klekla st. iz leta 1910. Tedaj je Klekl \u017eupnikoval v Pe\u010darovcih na Gori\u010dkem. Molitvenik je napisan po Gajici.<\/p>\n<p>Hodi k oltarskomi svetvi je bil namenjem okoli devetin\u0161estdeset tiso\u010dim katolikom, ki so bivali med Muro in Rabo. Bil je nosilec verskega \u017eivljenja in ohranjevalec narodne samobitnosti, kakor Kleklova Kalendar Srca Jezu\u0161ovoga in Marijin list.<\/p>\n<p>Vsebina med platnicami molitvenika zaobjema pravzaprav vso pomo\u010d za \u00bbverno \u017eivlenje\u00ab, saj posreduje \u017ee uvodoma osnovne molitvene obrazce (vero, deset bo\u017ejih zapovedi \u2026), v osrednjem delu se Klekl osredoto\u010di na predstavitev in razlago zakramentov s poudarkom na \u00bbOltarskem svestvu\u00ab, na koncu pa je \u0161e dodatek (razne molitve in litanije, bratov\u0161\u010dine, odgovori za ministrante \u2026), \u0161e prej pa za mladino, ki ji pozornost nameni \u017ee v naslovu, napi\u0161e nekatere posebne molitve.<\/p>\n","protected":false},"excerpt":{"rendered":"<p>Hodi k oltarskomi svestvi je prekmurski molitvenik Jo\u017eefa Klekla st. iz leta 1910.<\/p>\n","protected":false},"featured_media":2921,"template":"","meta":[],"product_cat":[174],"product_tag":[],"class_list":{"0":"post-2907","1":"product","2":"type-product","3":"status-publish","4":"has-post-thumbnail","6":"product_cat-zalozba","8":"first","9":"instock","10":"taxable","11":"shipping-taxable","12":"purchasable","13":"product-type-simple"},"yoast_head":"<!-- This site is optimized with the Yoast SEO plugin v27.1.1 - https:\/\/yoast.com\/product\/yoast-seo-wordpress\/ -->\n<title>Hodi k oltarskomi svestvi - Max Perfect Gifts<\/title>\n<meta name=\"robots\" content=\"index, follow, max-snippet:-1, max-image-preview:large, max-video-preview:-1\" \/>\n<link rel=\"canonical\" href=\"https:\/\/maxperfect.gifts\/izdelek\/hodi-k-oltarskomi-svestvi\/\" \/>\n<meta property=\"og:locale\" content=\"en_US\" \/>\n<meta property=\"og:type\" content=\"article\" \/>\n<meta property=\"og:title\" content=\"Hodi k oltarskomi svestvi\" \/>\n<meta property=\"og:description\" content=\"Hodi k oltarskomi svestvi je prekmurski molitvenik Jo\u017eefa Klekla st. iz leta 1910.\" \/>\n<meta property=\"og:url\" content=\"https:\/\/maxperfect.gifts\/en\/izdelek\/hodi-k-oltarskomi-svestvi\/\" \/>\n<meta property=\"og:site_name\" content=\"Max Perfect Gifts\" \/>\n<meta property=\"article:modified_time\" content=\"2026-03-11T05:56:33+00:00\" \/>\n<meta property=\"og:image\" content=\"https:\/\/maxperfect.gifts\/wp-content\/uploads\/2026\/02\/full_2afeacc2df13b21e923be0135b17effc-1.png\" \/>\n\t<meta property=\"og:image:width\" content=\"1220\" \/>\n\t<meta property=\"og:image:height\" content=\"1627\" \/>\n\t<meta property=\"og:image:type\" content=\"image\/png\" \/>\n<meta name=\"twitter:card\" content=\"summary_large_image\" \/>\n<meta name=\"twitter:label1\" content=\"Est. reading time\" \/>\n\t<meta name=\"twitter:data1\" content=\"1 minute\" \/>\n<script type=\"application\/ld+json\" class=\"yoast-schema-graph\">{\"@context\":\"https:\/\/schema.org\",\"@graph\":[{\"@type\":\"WebPage\",\"@id\":\"https:\/\/maxperfect.gifts\/izdelek\/hodi-k-oltarskomi-svestvi\/\",\"url\":\"https:\/\/maxperfect.gifts\/izdelek\/hodi-k-oltarskomi-svestvi\/\",\"name\":\"[:sl]Hodi k oltarskomi svestvi[:] - Max Perfect Gifts\",\"isPartOf\":{\"@id\":\"https:\/\/maxperfect.gifts\/#website\"},\"primaryImageOfPage\":{\"@id\":\"https:\/\/maxperfect.gifts\/izdelek\/hodi-k-oltarskomi-svestvi\/#primaryimage\"},\"image\":{\"@id\":\"https:\/\/maxperfect.gifts\/izdelek\/hodi-k-oltarskomi-svestvi\/#primaryimage\"},\"thumbnailUrl\":\"https:\/\/maxperfect.gifts\/wp-content\/uploads\/2026\/02\/full_2afeacc2df13b21e923be0135b17effc-1.png\",\"datePublished\":\"2026-02-24T06:37:22+00:00\",\"dateModified\":\"2026-03-11T05:56:33+00:00\",\"breadcrumb\":{\"@id\":\"https:\/\/maxperfect.gifts\/izdelek\/hodi-k-oltarskomi-svestvi\/#breadcrumb\"},\"inLanguage\":\"en-US\",\"potentialAction\":[{\"@type\":\"ReadAction\",\"target\":[\"https:\/\/maxperfect.gifts\/izdelek\/hodi-k-oltarskomi-svestvi\/\"]}]},{\"@type\":\"ImageObject\",\"inLanguage\":\"en-US\",\"@id\":\"https:\/\/maxperfect.gifts\/izdelek\/hodi-k-oltarskomi-svestvi\/#primaryimage\",\"url\":\"https:\/\/maxperfect.gifts\/wp-content\/uploads\/2026\/02\/full_2afeacc2df13b21e923be0135b17effc-1.png\",\"contentUrl\":\"https:\/\/maxperfect.gifts\/wp-content\/uploads\/2026\/02\/full_2afeacc2df13b21e923be0135b17effc-1.png\",\"width\":1220,\"height\":1627},{\"@type\":\"BreadcrumbList\",\"@id\":\"https:\/\/maxperfect.gifts\/izdelek\/hodi-k-oltarskomi-svestvi\/#breadcrumb\",\"itemListElement\":[{\"@type\":\"ListItem\",\"position\":1,\"name\":\"Home\",\"item\":\"https:\/\/maxperfect.gifts\/en\/\"},{\"@type\":\"ListItem\",\"position\":2,\"name\":\"Trgovina\",\"item\":\"https:\/\/maxperfect.gifts\/trgovina\/\"},{\"@type\":\"ListItem\",\"position\":3,\"name\":\"Hodi k oltarskomi svestvi\"}]},{\"@type\":\"WebSite\",\"@id\":\"https:\/\/maxperfect.gifts\/#website\",\"url\":\"https:\/\/maxperfect.gifts\/\",\"name\":\"Max Perfect Gifts\",\"description\":\"Darilni program\",\"publisher\":{\"@id\":\"https:\/\/maxperfect.gifts\/#organization\"},\"potentialAction\":[{\"@type\":\"SearchAction\",\"target\":{\"@type\":\"EntryPoint\",\"urlTemplate\":\"https:\/\/maxperfect.gifts\/?s={search_term_string}\"},\"query-input\":{\"@type\":\"PropertyValueSpecification\",\"valueRequired\":true,\"valueName\":\"search_term_string\"}}],\"inLanguage\":\"en-US\"},{\"@type\":\"Organization\",\"@id\":\"https:\/\/maxperfect.gifts\/#organization\",\"name\":\"Max Perfect Gifts\",\"url\":\"https:\/\/maxperfect.gifts\/\",\"logo\":{\"@type\":\"ImageObject\",\"inLanguage\":\"en-US\",\"@id\":\"https:\/\/maxperfect.gifts\/#\/schema\/logo\/image\/\",\"url\":\"https:\/\/maxperfect.gifts\/wp-content\/uploads\/2023\/11\/max-perfect-logotip.png\",\"contentUrl\":\"https:\/\/maxperfect.gifts\/wp-content\/uploads\/2023\/11\/max-perfect-logotip.png\",\"width\":200,\"height\":76,\"caption\":\"Max Perfect Gifts\"},\"image\":{\"@id\":\"https:\/\/maxperfect.gifts\/#\/schema\/logo\/image\/\"}}]}<\/script>\n<!-- \/ Yoast SEO plugin. -->","yoast_head_json":{"title":"Hodi k oltarskomi svestvi - Max Perfect Gifts","robots":{"index":"index","follow":"follow","max-snippet":"max-snippet:-1","max-image-preview":"max-image-preview:large","max-video-preview":"max-video-preview:-1"},"canonical":"https:\/\/maxperfect.gifts\/izdelek\/hodi-k-oltarskomi-svestvi\/","og_locale":"en_US","og_type":"article","og_title":"[:sl]Hodi k oltarskomi svestvi[:] - Max Perfect Gifts","og_description":"[:sl]Hodi k oltarskomi svestvi je prekmurski molitvenik Jo\u017eefa Klekla st. iz leta 1910.[:]","og_url":"https:\/\/maxperfect.gifts\/en\/izdelek\/hodi-k-oltarskomi-svestvi\/","og_site_name":"Max Perfect Gifts","article_modified_time":"2026-03-11T05:56:33+00:00","og_image":[{"width":1220,"height":1627,"url":"https:\/\/maxperfect.gifts\/wp-content\/uploads\/2026\/02\/full_2afeacc2df13b21e923be0135b17effc-1.png","type":"image\/png"}],"twitter_card":"summary_large_image","twitter_misc":{"Est. reading time":"1 minute"},"schema":{"@context":"https:\/\/schema.org","@graph":[{"@type":"WebPage","@id":"https:\/\/maxperfect.gifts\/izdelek\/hodi-k-oltarskomi-svestvi\/","url":"https:\/\/maxperfect.gifts\/izdelek\/hodi-k-oltarskomi-svestvi\/","name":"[:sl]Hodi k oltarskomi svestvi[:] - Max Perfect Gifts","isPartOf":{"@id":"https:\/\/maxperfect.gifts\/#website"},"primaryImageOfPage":{"@id":"https:\/\/maxperfect.gifts\/izdelek\/hodi-k-oltarskomi-svestvi\/#primaryimage"},"image":{"@id":"https:\/\/maxperfect.gifts\/izdelek\/hodi-k-oltarskomi-svestvi\/#primaryimage"},"thumbnailUrl":"https:\/\/maxperfect.gifts\/wp-content\/uploads\/2026\/02\/full_2afeacc2df13b21e923be0135b17effc-1.png","datePublished":"2026-02-24T06:37:22+00:00","dateModified":"2026-03-11T05:56:33+00:00","breadcrumb":{"@id":"https:\/\/maxperfect.gifts\/izdelek\/hodi-k-oltarskomi-svestvi\/#breadcrumb"},"inLanguage":"en-US","potentialAction":[{"@type":"ReadAction","target":["https:\/\/maxperfect.gifts\/izdelek\/hodi-k-oltarskomi-svestvi\/"]}]},{"@type":"ImageObject","inLanguage":"en-US","@id":"https:\/\/maxperfect.gifts\/izdelek\/hodi-k-oltarskomi-svestvi\/#primaryimage","url":"https:\/\/maxperfect.gifts\/wp-content\/uploads\/2026\/02\/full_2afeacc2df13b21e923be0135b17effc-1.png","contentUrl":"https:\/\/maxperfect.gifts\/wp-content\/uploads\/2026\/02\/full_2afeacc2df13b21e923be0135b17effc-1.png","width":1220,"height":1627},{"@type":"BreadcrumbList","@id":"https:\/\/maxperfect.gifts\/izdelek\/hodi-k-oltarskomi-svestvi\/#breadcrumb","itemListElement":[{"@type":"ListItem","position":1,"name":"Home","item":"https:\/\/maxperfect.gifts\/en\/"},{"@type":"ListItem","position":2,"name":"Trgovina","item":"https:\/\/maxperfect.gifts\/trgovina\/"},{"@type":"ListItem","position":3,"name":"Hodi k oltarskomi svestvi"}]},{"@type":"WebSite","@id":"https:\/\/maxperfect.gifts\/#website","url":"https:\/\/maxperfect.gifts\/","name":"Max Perfect Gifts","description":"Darilni program","publisher":{"@id":"https:\/\/maxperfect.gifts\/#organization"},"potentialAction":[{"@type":"SearchAction","target":{"@type":"EntryPoint","urlTemplate":"https:\/\/maxperfect.gifts\/?s={search_term_string}"},"query-input":{"@type":"PropertyValueSpecification","valueRequired":true,"valueName":"search_term_string"}}],"inLanguage":"en-US"},{"@type":"Organization","@id":"https:\/\/maxperfect.gifts\/#organization","name":"Max Perfect Gifts","url":"https:\/\/maxperfect.gifts\/","logo":{"@type":"ImageObject","inLanguage":"en-US","@id":"https:\/\/maxperfect.gifts\/#\/schema\/logo\/image\/","url":"https:\/\/maxperfect.gifts\/wp-content\/uploads\/2023\/11\/max-perfect-logotip.png","contentUrl":"https:\/\/maxperfect.gifts\/wp-content\/uploads\/2023\/11\/max-perfect-logotip.png","width":200,"height":76,"caption":"Max Perfect Gifts"},"image":{"@id":"https:\/\/maxperfect.gifts\/#\/schema\/logo\/image\/"}}]}},"_links":{"self":[{"href":"https:\/\/maxperfect.gifts\/en\/wp-json\/wp\/v2\/product\/2907","targetHints":{"allow":["GET"]}}],"collection":[{"href":"https:\/\/maxperfect.gifts\/en\/wp-json\/wp\/v2\/product"}],"about":[{"href":"https:\/\/maxperfect.gifts\/en\/wp-json\/wp\/v2\/types\/product"}],"wp:featuredmedia":[{"embeddable":true,"href":"https:\/\/maxperfect.gifts\/en\/wp-json\/wp\/v2\/media\/2921"}],"wp:attachment":[{"href":"https:\/\/maxperfect.gifts\/en\/wp-json\/wp\/v2\/media?parent=2907"}],"wp:term":[{"taxonomy":"product_cat","embeddable":true,"href":"https:\/\/maxperfect.gifts\/en\/wp-json\/wp\/v2\/product_cat?post=2907"},{"taxonomy":"product_tag","embeddable":true,"href":"https:\/\/maxperfect.gifts\/en\/wp-json\/wp\/v2\/product_tag?post=2907"}],"curies":[{"name":"wp","href":"https:\/\/api.w.org\/{rel}","templated":true}]}}