{"id":2922,"date":"2026-02-24T07:47:42","date_gmt":"2026-02-24T06:47:42","guid":{"rendered":"https:\/\/maxperfect.gifts\/?post_type=product&#038;p=2922"},"modified":"2026-03-11T06:56:33","modified_gmt":"2026-03-11T05:56:33","slug":"izgubljeni-bog","status":"publish","type":"product","link":"https:\/\/maxperfect.gifts\/en\/izdelek\/izgubljeni-bog\/","title":{"rendered":"Izgubljeni Bog"},"content":{"rendered":"<p><strong>Ob stoletnici smrti Ivana Tav\u010darja dajemo ponovno na svitlo njegovo resni\u010dno povest, tiskano z nedovoljenjem Visoko\u010dastitega knezo\u0161kofijskega ordinarjata.<\/strong><\/p>\n<p>Izgubljeni Bog je iz\u0161el prvi\u010d leta 1900. V tistih \u010dasih je bilo \u0161ir\u0161e dru\u017ebeno okolje takratnega podro\u010dja Slovenije polno ostrih politi\u010dnih spopadov med klerikalci in liberalci. Jedke spore kulturnega boja podpihujeta obe strani, na konservativno-klerikalni strani je najostrej\u0161i ideolog Anton Mahni\u010d, na liberalni strani pa je najvidnej\u0161i politik in literat Ivan Tav\u010dar, ki je ta spor prenesel v literaturo.<\/p>\n<p>Gre za vrhunsko satiro pode\u017eelskega \u017eivljenja, ki jo je avtor spisal pod psevdonimom dr. Ivan Nevesekdo. Dogajanje zgodbe je postavljeno med Morav\u010de, galone vina in vse smrtne grehe. Tav\u010dar je je \u010drpal snov iz tedanje realnosti, zabavno, posmehljivo in tudi grenko kritiko posameznih oseb, \u010dlove\u0161kih napak in slabosti, dru\u017ebenih in politi\u010dnih razmer &#8230;<\/p>\n","protected":false},"excerpt":{"rendered":"<p>Resni\u010dna povest, tiskana z nedovoljenjem Visoko\u010dastitega knezo\u0161kofijskega ordinarjata<\/p>\n","protected":false},"featured_media":2923,"template":"","meta":[],"product_cat":[174],"product_tag":[],"class_list":{"0":"post-2922","1":"product","2":"type-product","3":"status-publish","4":"has-post-thumbnail","6":"product_cat-zalozba","8":"first","9":"instock","10":"taxable","11":"shipping-taxable","12":"purchasable","13":"product-type-simple"},"yoast_head":"<!-- This site is optimized with the Yoast SEO plugin v27.1.1 - https:\/\/yoast.com\/product\/yoast-seo-wordpress\/ -->\n<title>Izgubljeni Bog - Max Perfect Gifts<\/title>\n<meta name=\"robots\" content=\"index, follow, max-snippet:-1, max-image-preview:large, max-video-preview:-1\" \/>\n<link rel=\"canonical\" href=\"https:\/\/maxperfect.gifts\/izdelek\/izgubljeni-bog\/\" \/>\n<meta property=\"og:locale\" content=\"en_US\" \/>\n<meta property=\"og:type\" content=\"article\" \/>\n<meta property=\"og:title\" content=\"Izgubljeni Bog\" \/>\n<meta property=\"og:description\" content=\"Resni\u010dna povest, tiskana z nedovoljenjem Visoko\u010dastitega knezo\u0161kofijskega ordinarjata\" \/>\n<meta property=\"og:url\" content=\"https:\/\/maxperfect.gifts\/en\/izdelek\/izgubljeni-bog\/\" \/>\n<meta property=\"og:site_name\" content=\"Max Perfect Gifts\" \/>\n<meta property=\"article:modified_time\" content=\"2026-03-11T05:56:33+00:00\" \/>\n<meta property=\"og:image\" content=\"https:\/\/maxperfect.gifts\/wp-content\/uploads\/2026\/02\/izgubljenibob.jpg\" \/>\n\t<meta property=\"og:image:width\" content=\"1500\" \/>\n\t<meta property=\"og:image:height\" content=\"1383\" \/>\n\t<meta property=\"og:image:type\" content=\"image\/jpeg\" \/>\n<meta name=\"twitter:card\" content=\"summary_large_image\" \/>\n<meta name=\"twitter:label1\" content=\"Est. reading time\" \/>\n\t<meta name=\"twitter:data1\" content=\"1 minute\" \/>\n<script type=\"application\/ld+json\" class=\"yoast-schema-graph\">{\"@context\":\"https:\/\/schema.org\",\"@graph\":[{\"@type\":\"WebPage\",\"@id\":\"https:\/\/maxperfect.gifts\/izdelek\/izgubljeni-bog\/\",\"url\":\"https:\/\/maxperfect.gifts\/izdelek\/izgubljeni-bog\/\",\"name\":\"[:sl]Izgubljeni Bog[:] - Max Perfect Gifts\",\"isPartOf\":{\"@id\":\"https:\/\/maxperfect.gifts\/#website\"},\"primaryImageOfPage\":{\"@id\":\"https:\/\/maxperfect.gifts\/izdelek\/izgubljeni-bog\/#primaryimage\"},\"image\":{\"@id\":\"https:\/\/maxperfect.gifts\/izdelek\/izgubljeni-bog\/#primaryimage\"},\"thumbnailUrl\":\"https:\/\/maxperfect.gifts\/wp-content\/uploads\/2026\/02\/izgubljenibob.jpg\",\"datePublished\":\"2026-02-24T06:47:42+00:00\",\"dateModified\":\"2026-03-11T05:56:33+00:00\",\"breadcrumb\":{\"@id\":\"https:\/\/maxperfect.gifts\/izdelek\/izgubljeni-bog\/#breadcrumb\"},\"inLanguage\":\"en-US\",\"potentialAction\":[{\"@type\":\"ReadAction\",\"target\":[\"https:\/\/maxperfect.gifts\/izdelek\/izgubljeni-bog\/\"]}]},{\"@type\":\"ImageObject\",\"inLanguage\":\"en-US\",\"@id\":\"https:\/\/maxperfect.gifts\/izdelek\/izgubljeni-bog\/#primaryimage\",\"url\":\"https:\/\/maxperfect.gifts\/wp-content\/uploads\/2026\/02\/izgubljenibob.jpg\",\"contentUrl\":\"https:\/\/maxperfect.gifts\/wp-content\/uploads\/2026\/02\/izgubljenibob.jpg\",\"width\":1500,\"height\":1383},{\"@type\":\"BreadcrumbList\",\"@id\":\"https:\/\/maxperfect.gifts\/izdelek\/izgubljeni-bog\/#breadcrumb\",\"itemListElement\":[{\"@type\":\"ListItem\",\"position\":1,\"name\":\"Home\",\"item\":\"https:\/\/maxperfect.gifts\/en\/\"},{\"@type\":\"ListItem\",\"position\":2,\"name\":\"Trgovina\",\"item\":\"https:\/\/maxperfect.gifts\/trgovina\/\"},{\"@type\":\"ListItem\",\"position\":3,\"name\":\"Izgubljeni Bog\"}]},{\"@type\":\"WebSite\",\"@id\":\"https:\/\/maxperfect.gifts\/#website\",\"url\":\"https:\/\/maxperfect.gifts\/\",\"name\":\"Max Perfect Gifts\",\"description\":\"Darilni program\",\"publisher\":{\"@id\":\"https:\/\/maxperfect.gifts\/#organization\"},\"potentialAction\":[{\"@type\":\"SearchAction\",\"target\":{\"@type\":\"EntryPoint\",\"urlTemplate\":\"https:\/\/maxperfect.gifts\/?s={search_term_string}\"},\"query-input\":{\"@type\":\"PropertyValueSpecification\",\"valueRequired\":true,\"valueName\":\"search_term_string\"}}],\"inLanguage\":\"en-US\"},{\"@type\":\"Organization\",\"@id\":\"https:\/\/maxperfect.gifts\/#organization\",\"name\":\"Max Perfect Gifts\",\"url\":\"https:\/\/maxperfect.gifts\/\",\"logo\":{\"@type\":\"ImageObject\",\"inLanguage\":\"en-US\",\"@id\":\"https:\/\/maxperfect.gifts\/#\/schema\/logo\/image\/\",\"url\":\"https:\/\/maxperfect.gifts\/wp-content\/uploads\/2023\/11\/max-perfect-logotip.png\",\"contentUrl\":\"https:\/\/maxperfect.gifts\/wp-content\/uploads\/2023\/11\/max-perfect-logotip.png\",\"width\":200,\"height\":76,\"caption\":\"Max Perfect Gifts\"},\"image\":{\"@id\":\"https:\/\/maxperfect.gifts\/#\/schema\/logo\/image\/\"}}]}<\/script>\n<!-- \/ Yoast SEO plugin. -->","yoast_head_json":{"title":"Izgubljeni Bog - Max Perfect Gifts","robots":{"index":"index","follow":"follow","max-snippet":"max-snippet:-1","max-image-preview":"max-image-preview:large","max-video-preview":"max-video-preview:-1"},"canonical":"https:\/\/maxperfect.gifts\/izdelek\/izgubljeni-bog\/","og_locale":"en_US","og_type":"article","og_title":"[:sl]Izgubljeni Bog[:] - Max Perfect Gifts","og_description":"[:sl]Resni\u010dna povest, tiskana z nedovoljenjem Visoko\u010dastitega knezo\u0161kofijskega ordinarjata[:]","og_url":"https:\/\/maxperfect.gifts\/en\/izdelek\/izgubljeni-bog\/","og_site_name":"Max Perfect Gifts","article_modified_time":"2026-03-11T05:56:33+00:00","og_image":[{"width":1500,"height":1383,"url":"https:\/\/maxperfect.gifts\/wp-content\/uploads\/2026\/02\/izgubljenibob.jpg","type":"image\/jpeg"}],"twitter_card":"summary_large_image","twitter_misc":{"Est. reading time":"1 minute"},"schema":{"@context":"https:\/\/schema.org","@graph":[{"@type":"WebPage","@id":"https:\/\/maxperfect.gifts\/izdelek\/izgubljeni-bog\/","url":"https:\/\/maxperfect.gifts\/izdelek\/izgubljeni-bog\/","name":"[:sl]Izgubljeni Bog[:] - Max Perfect Gifts","isPartOf":{"@id":"https:\/\/maxperfect.gifts\/#website"},"primaryImageOfPage":{"@id":"https:\/\/maxperfect.gifts\/izdelek\/izgubljeni-bog\/#primaryimage"},"image":{"@id":"https:\/\/maxperfect.gifts\/izdelek\/izgubljeni-bog\/#primaryimage"},"thumbnailUrl":"https:\/\/maxperfect.gifts\/wp-content\/uploads\/2026\/02\/izgubljenibob.jpg","datePublished":"2026-02-24T06:47:42+00:00","dateModified":"2026-03-11T05:56:33+00:00","breadcrumb":{"@id":"https:\/\/maxperfect.gifts\/izdelek\/izgubljeni-bog\/#breadcrumb"},"inLanguage":"en-US","potentialAction":[{"@type":"ReadAction","target":["https:\/\/maxperfect.gifts\/izdelek\/izgubljeni-bog\/"]}]},{"@type":"ImageObject","inLanguage":"en-US","@id":"https:\/\/maxperfect.gifts\/izdelek\/izgubljeni-bog\/#primaryimage","url":"https:\/\/maxperfect.gifts\/wp-content\/uploads\/2026\/02\/izgubljenibob.jpg","contentUrl":"https:\/\/maxperfect.gifts\/wp-content\/uploads\/2026\/02\/izgubljenibob.jpg","width":1500,"height":1383},{"@type":"BreadcrumbList","@id":"https:\/\/maxperfect.gifts\/izdelek\/izgubljeni-bog\/#breadcrumb","itemListElement":[{"@type":"ListItem","position":1,"name":"Home","item":"https:\/\/maxperfect.gifts\/en\/"},{"@type":"ListItem","position":2,"name":"Trgovina","item":"https:\/\/maxperfect.gifts\/trgovina\/"},{"@type":"ListItem","position":3,"name":"Izgubljeni Bog"}]},{"@type":"WebSite","@id":"https:\/\/maxperfect.gifts\/#website","url":"https:\/\/maxperfect.gifts\/","name":"Max Perfect Gifts","description":"Darilni program","publisher":{"@id":"https:\/\/maxperfect.gifts\/#organization"},"potentialAction":[{"@type":"SearchAction","target":{"@type":"EntryPoint","urlTemplate":"https:\/\/maxperfect.gifts\/?s={search_term_string}"},"query-input":{"@type":"PropertyValueSpecification","valueRequired":true,"valueName":"search_term_string"}}],"inLanguage":"en-US"},{"@type":"Organization","@id":"https:\/\/maxperfect.gifts\/#organization","name":"Max Perfect Gifts","url":"https:\/\/maxperfect.gifts\/","logo":{"@type":"ImageObject","inLanguage":"en-US","@id":"https:\/\/maxperfect.gifts\/#\/schema\/logo\/image\/","url":"https:\/\/maxperfect.gifts\/wp-content\/uploads\/2023\/11\/max-perfect-logotip.png","contentUrl":"https:\/\/maxperfect.gifts\/wp-content\/uploads\/2023\/11\/max-perfect-logotip.png","width":200,"height":76,"caption":"Max Perfect Gifts"},"image":{"@id":"https:\/\/maxperfect.gifts\/#\/schema\/logo\/image\/"}}]}},"_links":{"self":[{"href":"https:\/\/maxperfect.gifts\/en\/wp-json\/wp\/v2\/product\/2922","targetHints":{"allow":["GET"]}}],"collection":[{"href":"https:\/\/maxperfect.gifts\/en\/wp-json\/wp\/v2\/product"}],"about":[{"href":"https:\/\/maxperfect.gifts\/en\/wp-json\/wp\/v2\/types\/product"}],"wp:featuredmedia":[{"embeddable":true,"href":"https:\/\/maxperfect.gifts\/en\/wp-json\/wp\/v2\/media\/2923"}],"wp:attachment":[{"href":"https:\/\/maxperfect.gifts\/en\/wp-json\/wp\/v2\/media?parent=2922"}],"wp:term":[{"taxonomy":"product_cat","embeddable":true,"href":"https:\/\/maxperfect.gifts\/en\/wp-json\/wp\/v2\/product_cat?post=2922"},{"taxonomy":"product_tag","embeddable":true,"href":"https:\/\/maxperfect.gifts\/en\/wp-json\/wp\/v2\/product_tag?post=2922"}],"curies":[{"name":"wp","href":"https:\/\/api.w.org\/{rel}","templated":true}]}}