{"id":2948,"date":"2026-02-24T08:31:26","date_gmt":"2026-02-24T07:31:26","guid":{"rendered":"https:\/\/maxperfect.gifts\/?post_type=product&#038;p=2948"},"modified":"2026-03-11T06:56:32","modified_gmt":"2026-03-11T05:56:32","slug":"nauk-slovenskim-zupanom-anton-globocnik-fran-levstik","status":"publish","type":"product","link":"https:\/\/maxperfect.gifts\/en\/izdelek\/nauk-slovenskim-zupanom-anton-globocnik-fran-levstik\/","title":{"rendered":"NAUK SLOVENSKIM \u017dUPANOM &#8211; Anton Globo\u010dnik \/ Fran levstik"},"content":{"rendered":"<h4>NAUK SLOVENSKIM \u017dUPANOM &#8211; Anton Globo\u010dnik \/ Fran levstik<\/h4>\n<p style=\"font-weight: 400;\">Leta 1880 je Anton Globo\u010dnik pl. Sorodolski (1825\u20131912), slovenski pravnik, upravni uradnik, politik in narodni buditelj, slovenskim \u017eupanom, ob\u010dinskim svetnikom in ob\u010danom spisal knjigo, v kateri se je razgovoril o pristojnostih \u017eupanon, njihovih opravkih in dol\u017enostih na vseh podro\u010djih njihovega delovanja in \u017eivljenja v takratni skupnosti. Gre za imeniten priro\u010dnik, ki prina\u0161a takratne upravne obrazce in razlage pojmov in postopkov, na katere so \u017eupani naleteli pri svojem delu. Tako je lahko \u017eupan, pogledav\u0161i v knji\u017eico, postopal vedno uradno v imenu postave. Knji\u017eico je iz nem\u0161kega v slovenski jezik prevedel Fran Levstik, z njo pa smo dobili eno temeljnih zakonodajnih del, v katerem je prevajalec, druga\u010de sicer pisec leposlovja, z velikim trudom in anga\u017eiranostjo poiskal besedi\u0161\u010de, da je lahko zakonodajo ustrezno predstavil v sloven\u0161\u010dini, s tem pa je nevede mojstrsko za\u010drtal pot strokovne terminologije do dana\u0161njih dni. Knji\u017eica se je tako dobro prodajala, da je leta 1893 iz\u0161la \u0161e druga izdaja.<\/p>\n<p style=\"font-weight: 400;\">Globo\u010dnik in Levstik dana\u0161njega bralca prestavita v takratno slovensko stvarnost in mu ponudita napet zgodovinski roman ter iz\u010drpen zgodovinski prikaz pravic in dol\u017enosti prebivalcev Kranjske v 19. stoletju, med vrsticami pa tudi opis njihovega vsakdanjega \u017eivljenja in nehanja.<\/p>\n<p style=\"font-weight: 400;\">\u017dupanstvo se je do dana\u0161njih dni mo\u010dno spremenilo in ga s takratnim sploh ni mogo\u010de primerjati. Nekdaj se je \u017eupan, skupaj s svojimi svetniki, ukvarjal prakti\u010dno s \u010disto vsako zadevo, tudi s cenami \u017eive\u017ea, siromaki, igrami na sre\u010do, voja\u0161kimi nabori, hudodelstvi, popotnimi gluma\u010di in celo moralo. Pa vendar se lahko dandana\u0161nji \u017eupani, drugi javni uslu\u017ebenci in celo mi ob\u010dani iz tega dela marsikaj nau\u010dimo.<\/p>\n<p style=\"font-weight: 400;\">Dandanes pomeni knjiga bogat prispevek h kulturni, gospodarski, politi\u010dni in socialni zgodovini slovenske de\u017eele ter prebivalstva v preteklosti, obujanju in opozarjanju na nekdanje vrednote, lepoto in spomin na zgodovinske zanimivosti.<\/p>\n<p style=\"font-weight: 400;\">Ko dajemo to delo ponovno na svitlo, \u017eelimo mu tako prijazno biti sprejeto, kakor je bilo, tudi od samega slavnega de\u017eelnega zbora, sprejeto leta 1880.<\/p>\n<p style=\"font-weight: 400;\"><strong>\u00a0<\/strong><\/p>\n<p style=\"font-weight: 400;\"><em>\u02dd\u017dupan je ob\u010dini glava. Kakor nje pravi o\u010da, tako naj, skrbljiv ter na nobeno stran nagnen, daje obrambo in podporo vsem jednako: bogatim in ubogim, visokim in nizkim ljudem, bodi si kdo njegovih mislij ali druga\u010dnih, bodi si mu v rodi ali ne, prijatelj ali sovra\u017enik. On se ne boji nikogar, a gospodljiv zopet ne sme biti; dol\u017enost ga ve\u017ee, da je pravi\u010den, ali vender tudi blag in \u010dlove\u0161tvu dober; delaven ter neutruden na vse strani, ali ob enem razboren mo\u017e in pretehtanega postopanja; prijatelj pravemu napredku in zvest \u010duvaj samozakonju; vender poleg tega rad poslu\u0161aj modre, izku\u0161ene svete, dobodi jih od koder koli.<\/em><\/p>\n<p style=\"font-weight: 400;\"><em>Korist svoje ob\u010dine z ljubeznijo k domovini, zvestoba k starodavnej rodovini cesarskej ter spo\u0161tovanje do zakona mu bodi vselej vodilo, kadar kaj stori ali ne stori, kakor je slavno v roko segel tudi sam, ko je, izbran v prvega ob\u010dana, pred mo\u017emi obetal, dr\u017eati se svojih dol\u017enostij \u2026\u02dd<\/em><\/p>\n<p style=\"font-weight: 400;\">\n<p style=\"font-weight: 400;\"><em>Obseg: 232 strani<\/em><\/p>\n<p style=\"font-weight: 400;\"><em>Trda vezava, vezano v imitacijo usnja, zlatotisk.<\/em><\/p>\n","protected":false},"excerpt":{"rendered":"<p>\u017dupan je ob\u010dini glava. Kakor nje pravi o\u010da, tako naj, skrbljiv ter na nobeno stran nagnen, daje obrambo in podporo vsem jednako.<\/p>\n","protected":false},"featured_media":2949,"template":"","meta":[],"product_cat":[174],"product_tag":[],"class_list":{"0":"post-2948","1":"product","2":"type-product","3":"status-publish","4":"has-post-thumbnail","6":"product_cat-zalozba","8":"first","9":"instock","10":"taxable","11":"shipping-taxable","12":"purchasable","13":"product-type-simple"},"yoast_head":"<!-- This site is optimized with the Yoast SEO plugin v27.1.1 - https:\/\/yoast.com\/product\/yoast-seo-wordpress\/ -->\n<title>NAUK SLOVENSKIM \u017dUPANOM - Anton Globo\u010dnik \/ Fran levstik[:] - Max Perfect Gifts<\/title>\n<meta name=\"robots\" content=\"index, follow, max-snippet:-1, max-image-preview:large, max-video-preview:-1\" \/>\n<link rel=\"canonical\" href=\"https:\/\/maxperfect.gifts\/izdelek\/nauk-slovenskim-zupanom-anton-globocnik-fran-levstik\/\" \/>\n<meta property=\"og:locale\" content=\"en_US\" \/>\n<meta property=\"og:type\" content=\"article\" \/>\n<meta property=\"og:title\" content=\"NAUK SLOVENSKIM \u017dUPANOM - Anton Globo\u010dnik \/ Fran levstik\" \/>\n<meta property=\"og:description\" content=\"\u017dupan je ob\u010dini glava. Kakor nje pravi o\u010da, tako naj, skrbljiv ter na nobeno stran nagnen, daje obrambo in podporo vsem jednako.\" \/>\n<meta property=\"og:url\" content=\"https:\/\/maxperfect.gifts\/en\/izdelek\/nauk-slovenskim-zupanom-anton-globocnik-fran-levstik\/\" \/>\n<meta property=\"og:site_name\" content=\"Max Perfect Gifts\" \/>\n<meta property=\"article:modified_time\" content=\"2026-03-11T05:56:32+00:00\" \/>\n<meta property=\"og:image\" content=\"https:\/\/maxperfect.gifts\/wp-content\/uploads\/2026\/02\/naukslovenskimzupanom.jpg\" \/>\n\t<meta property=\"og:image:width\" content=\"957\" \/>\n\t<meta property=\"og:image:height\" content=\"1275\" \/>\n\t<meta property=\"og:image:type\" content=\"image\/jpeg\" \/>\n<meta name=\"twitter:card\" content=\"summary_large_image\" \/>\n<meta name=\"twitter:label1\" content=\"Est. reading time\" \/>\n\t<meta name=\"twitter:data1\" content=\"3 minutes\" \/>\n<script type=\"application\/ld+json\" class=\"yoast-schema-graph\">{\"@context\":\"https:\/\/schema.org\",\"@graph\":[{\"@type\":\"WebPage\",\"@id\":\"https:\/\/maxperfect.gifts\/izdelek\/nauk-slovenskim-zupanom-anton-globocnik-fran-levstik\/\",\"url\":\"https:\/\/maxperfect.gifts\/izdelek\/nauk-slovenskim-zupanom-anton-globocnik-fran-levstik\/\",\"name\":\"[:sl]NAUK SLOVENSKIM \u017dUPANOM - Anton Globo\u010dnik \/ Fran levstik[:] - Max Perfect Gifts\",\"isPartOf\":{\"@id\":\"https:\/\/maxperfect.gifts\/#website\"},\"primaryImageOfPage\":{\"@id\":\"https:\/\/maxperfect.gifts\/izdelek\/nauk-slovenskim-zupanom-anton-globocnik-fran-levstik\/#primaryimage\"},\"image\":{\"@id\":\"https:\/\/maxperfect.gifts\/izdelek\/nauk-slovenskim-zupanom-anton-globocnik-fran-levstik\/#primaryimage\"},\"thumbnailUrl\":\"https:\/\/maxperfect.gifts\/wp-content\/uploads\/2026\/02\/naukslovenskimzupanom.jpg\",\"datePublished\":\"2026-02-24T07:31:26+00:00\",\"dateModified\":\"2026-03-11T05:56:32+00:00\",\"breadcrumb\":{\"@id\":\"https:\/\/maxperfect.gifts\/izdelek\/nauk-slovenskim-zupanom-anton-globocnik-fran-levstik\/#breadcrumb\"},\"inLanguage\":\"en-US\",\"potentialAction\":[{\"@type\":\"ReadAction\",\"target\":[\"https:\/\/maxperfect.gifts\/izdelek\/nauk-slovenskim-zupanom-anton-globocnik-fran-levstik\/\"]}]},{\"@type\":\"ImageObject\",\"inLanguage\":\"en-US\",\"@id\":\"https:\/\/maxperfect.gifts\/izdelek\/nauk-slovenskim-zupanom-anton-globocnik-fran-levstik\/#primaryimage\",\"url\":\"https:\/\/maxperfect.gifts\/wp-content\/uploads\/2026\/02\/naukslovenskimzupanom.jpg\",\"contentUrl\":\"https:\/\/maxperfect.gifts\/wp-content\/uploads\/2026\/02\/naukslovenskimzupanom.jpg\",\"width\":957,\"height\":1275},{\"@type\":\"BreadcrumbList\",\"@id\":\"https:\/\/maxperfect.gifts\/izdelek\/nauk-slovenskim-zupanom-anton-globocnik-fran-levstik\/#breadcrumb\",\"itemListElement\":[{\"@type\":\"ListItem\",\"position\":1,\"name\":\"Home\",\"item\":\"https:\/\/maxperfect.gifts\/en\/\"},{\"@type\":\"ListItem\",\"position\":2,\"name\":\"Trgovina\",\"item\":\"https:\/\/maxperfect.gifts\/trgovina\/\"},{\"@type\":\"ListItem\",\"position\":3,\"name\":\"NAUK SLOVENSKIM \u017dUPANOM &#8211; Anton Globo\u010dnik \/ Fran levstik\"}]},{\"@type\":\"WebSite\",\"@id\":\"https:\/\/maxperfect.gifts\/#website\",\"url\":\"https:\/\/maxperfect.gifts\/\",\"name\":\"Max Perfect Gifts\",\"description\":\"Darilni program\",\"publisher\":{\"@id\":\"https:\/\/maxperfect.gifts\/#organization\"},\"potentialAction\":[{\"@type\":\"SearchAction\",\"target\":{\"@type\":\"EntryPoint\",\"urlTemplate\":\"https:\/\/maxperfect.gifts\/?s={search_term_string}\"},\"query-input\":{\"@type\":\"PropertyValueSpecification\",\"valueRequired\":true,\"valueName\":\"search_term_string\"}}],\"inLanguage\":\"en-US\"},{\"@type\":\"Organization\",\"@id\":\"https:\/\/maxperfect.gifts\/#organization\",\"name\":\"Max Perfect Gifts\",\"url\":\"https:\/\/maxperfect.gifts\/\",\"logo\":{\"@type\":\"ImageObject\",\"inLanguage\":\"en-US\",\"@id\":\"https:\/\/maxperfect.gifts\/#\/schema\/logo\/image\/\",\"url\":\"https:\/\/maxperfect.gifts\/wp-content\/uploads\/2023\/11\/max-perfect-logotip.png\",\"contentUrl\":\"https:\/\/maxperfect.gifts\/wp-content\/uploads\/2023\/11\/max-perfect-logotip.png\",\"width\":200,\"height\":76,\"caption\":\"Max Perfect Gifts\"},\"image\":{\"@id\":\"https:\/\/maxperfect.gifts\/#\/schema\/logo\/image\/\"}}]}<\/script>\n<!-- \/ Yoast SEO plugin. -->","yoast_head_json":{"title":"NAUK SLOVENSKIM \u017dUPANOM - Anton Globo\u010dnik \/ Fran levstik[:] - Max Perfect Gifts","robots":{"index":"index","follow":"follow","max-snippet":"max-snippet:-1","max-image-preview":"max-image-preview:large","max-video-preview":"max-video-preview:-1"},"canonical":"https:\/\/maxperfect.gifts\/izdelek\/nauk-slovenskim-zupanom-anton-globocnik-fran-levstik\/","og_locale":"en_US","og_type":"article","og_title":"[:sl]NAUK SLOVENSKIM \u017dUPANOM - Anton Globo\u010dnik \/ Fran levstik[:] - Max Perfect Gifts","og_description":"[:sl]\u017dupan je ob\u010dini glava. Kakor nje pravi o\u010da, tako naj, skrbljiv ter na nobeno stran nagnen, daje obrambo in podporo vsem jednako.[:]","og_url":"https:\/\/maxperfect.gifts\/en\/izdelek\/nauk-slovenskim-zupanom-anton-globocnik-fran-levstik\/","og_site_name":"Max Perfect Gifts","article_modified_time":"2026-03-11T05:56:32+00:00","og_image":[{"width":957,"height":1275,"url":"https:\/\/maxperfect.gifts\/wp-content\/uploads\/2026\/02\/naukslovenskimzupanom.jpg","type":"image\/jpeg"}],"twitter_card":"summary_large_image","twitter_misc":{"Est. reading time":"3 minutes"},"schema":{"@context":"https:\/\/schema.org","@graph":[{"@type":"WebPage","@id":"https:\/\/maxperfect.gifts\/izdelek\/nauk-slovenskim-zupanom-anton-globocnik-fran-levstik\/","url":"https:\/\/maxperfect.gifts\/izdelek\/nauk-slovenskim-zupanom-anton-globocnik-fran-levstik\/","name":"[:sl]NAUK SLOVENSKIM \u017dUPANOM - Anton Globo\u010dnik \/ Fran levstik[:] - Max Perfect Gifts","isPartOf":{"@id":"https:\/\/maxperfect.gifts\/#website"},"primaryImageOfPage":{"@id":"https:\/\/maxperfect.gifts\/izdelek\/nauk-slovenskim-zupanom-anton-globocnik-fran-levstik\/#primaryimage"},"image":{"@id":"https:\/\/maxperfect.gifts\/izdelek\/nauk-slovenskim-zupanom-anton-globocnik-fran-levstik\/#primaryimage"},"thumbnailUrl":"https:\/\/maxperfect.gifts\/wp-content\/uploads\/2026\/02\/naukslovenskimzupanom.jpg","datePublished":"2026-02-24T07:31:26+00:00","dateModified":"2026-03-11T05:56:32+00:00","breadcrumb":{"@id":"https:\/\/maxperfect.gifts\/izdelek\/nauk-slovenskim-zupanom-anton-globocnik-fran-levstik\/#breadcrumb"},"inLanguage":"en-US","potentialAction":[{"@type":"ReadAction","target":["https:\/\/maxperfect.gifts\/izdelek\/nauk-slovenskim-zupanom-anton-globocnik-fran-levstik\/"]}]},{"@type":"ImageObject","inLanguage":"en-US","@id":"https:\/\/maxperfect.gifts\/izdelek\/nauk-slovenskim-zupanom-anton-globocnik-fran-levstik\/#primaryimage","url":"https:\/\/maxperfect.gifts\/wp-content\/uploads\/2026\/02\/naukslovenskimzupanom.jpg","contentUrl":"https:\/\/maxperfect.gifts\/wp-content\/uploads\/2026\/02\/naukslovenskimzupanom.jpg","width":957,"height":1275},{"@type":"BreadcrumbList","@id":"https:\/\/maxperfect.gifts\/izdelek\/nauk-slovenskim-zupanom-anton-globocnik-fran-levstik\/#breadcrumb","itemListElement":[{"@type":"ListItem","position":1,"name":"Home","item":"https:\/\/maxperfect.gifts\/en\/"},{"@type":"ListItem","position":2,"name":"Trgovina","item":"https:\/\/maxperfect.gifts\/trgovina\/"},{"@type":"ListItem","position":3,"name":"NAUK SLOVENSKIM \u017dUPANOM &#8211; Anton Globo\u010dnik \/ Fran levstik"}]},{"@type":"WebSite","@id":"https:\/\/maxperfect.gifts\/#website","url":"https:\/\/maxperfect.gifts\/","name":"Max Perfect Gifts","description":"Darilni program","publisher":{"@id":"https:\/\/maxperfect.gifts\/#organization"},"potentialAction":[{"@type":"SearchAction","target":{"@type":"EntryPoint","urlTemplate":"https:\/\/maxperfect.gifts\/?s={search_term_string}"},"query-input":{"@type":"PropertyValueSpecification","valueRequired":true,"valueName":"search_term_string"}}],"inLanguage":"en-US"},{"@type":"Organization","@id":"https:\/\/maxperfect.gifts\/#organization","name":"Max Perfect Gifts","url":"https:\/\/maxperfect.gifts\/","logo":{"@type":"ImageObject","inLanguage":"en-US","@id":"https:\/\/maxperfect.gifts\/#\/schema\/logo\/image\/","url":"https:\/\/maxperfect.gifts\/wp-content\/uploads\/2023\/11\/max-perfect-logotip.png","contentUrl":"https:\/\/maxperfect.gifts\/wp-content\/uploads\/2023\/11\/max-perfect-logotip.png","width":200,"height":76,"caption":"Max Perfect Gifts"},"image":{"@id":"https:\/\/maxperfect.gifts\/#\/schema\/logo\/image\/"}}]}},"_links":{"self":[{"href":"https:\/\/maxperfect.gifts\/en\/wp-json\/wp\/v2\/product\/2948","targetHints":{"allow":["GET"]}}],"collection":[{"href":"https:\/\/maxperfect.gifts\/en\/wp-json\/wp\/v2\/product"}],"about":[{"href":"https:\/\/maxperfect.gifts\/en\/wp-json\/wp\/v2\/types\/product"}],"wp:featuredmedia":[{"embeddable":true,"href":"https:\/\/maxperfect.gifts\/en\/wp-json\/wp\/v2\/media\/2949"}],"wp:attachment":[{"href":"https:\/\/maxperfect.gifts\/en\/wp-json\/wp\/v2\/media?parent=2948"}],"wp:term":[{"taxonomy":"product_cat","embeddable":true,"href":"https:\/\/maxperfect.gifts\/en\/wp-json\/wp\/v2\/product_cat?post=2948"},{"taxonomy":"product_tag","embeddable":true,"href":"https:\/\/maxperfect.gifts\/en\/wp-json\/wp\/v2\/product_tag?post=2948"}],"curies":[{"name":"wp","href":"https:\/\/api.w.org\/{rel}","templated":true}]}}