{"id":2956,"date":"2026-02-24T08:48:22","date_gmt":"2026-02-24T07:48:22","guid":{"rendered":"https:\/\/maxperfect.gifts\/?post_type=product&#038;p=2956"},"modified":"2026-03-11T06:56:31","modified_gmt":"2026-03-11T05:56:31","slug":"tobija-gruber-hidrografska-in-fizikalna-pisma-iz-kranjske","status":"publish","type":"product","link":"https:\/\/maxperfect.gifts\/en\/izdelek\/tobija-gruber-hidrografska-in-fizikalna-pisma-iz-kranjske\/","title":{"rendered":"Tobija Gruber &#8211; Hidrografska in fizikalna pisma iz Kranjske"},"content":{"rendered":"<h4>Tobija Gruber &#8211; Hidrografska in fizikalna pisma iz Kranjske<\/h4>\n<p align=\"center\"><strong>Predgovor izdajatelja.<\/strong><\/p>\n<p><em>Z veseljem bomo spremljali napredek, ki ga pridobiva naravoznanstvo \u017ee nekaj let v avstrijskih dr\u017eavah. V razli\u010dnih provincah te monarhije od \u010dasa do \u010dasa nastopajo mo\u017eje, ki ta ali oni predmet naravoslovja podrobneje osvetlijo, razi\u0161\u010dejo posamezna naravna telesa, deloma opazujejo naravo ali to, kar je vsaki provinci lastno, zberejo in opi\u0161ejo. Na podlagi vseh teh priprav lahko upamo, da lahko morebiti prej, kot pa smo lahko domnevali pred nekaj leti, pri\u010dakujemo ne ravno nepopoln prirodopis avstrijskih dr\u017eav.<\/em><\/p>\n<p><em>Pri\u010dujo\u010da pisma so ne ravno nepomemben prispevek k tej nameri. Obravnavajo hidrografske predmete neke de\u017eele, ki ima na tem strokovnem podro\u010dju toliko zanimivega. Seveda sedaj ve\u010dinoma odpade tisto nadnaravno, za kar se je zdelo, da so v tem iskali in mislili, da so na\u0161li, Kircher, Valvasor (Valvassor) in deloma tudi Steinberg. Ampak ali ni eden od najkoristnej\u0161ih kon\u010dnih ciljev fizike, da razkrije zmote, da kolikor mogo\u010de razjasni tisto \u010dude\u017eno ter poka\u017ee, da se narava povsod ravna po najpreprostej\u0161ih na\u010delih, ki ji jih je predpisal Stvarnik?<\/em><\/p>\n<p><em>Pisec teh pisem \u2013 \u010digar poklicno delo je \u017ee ve\u010d let ukvarjanje z vodogradnjo in ukrepi za plovnost rek \u2013 jih je sicer napisal samo meni za moj lastni poduk. Vendar pa so se mi zdela dovolj privla\u010dna, da zaslu\u017eijo postati znana s pomo\u010djo tiska, kar sedaj s privolitvijo avtorja tudi uresni\u010dujem.<\/em><\/p>\n<p><em>Baron Ignac Edler von Born<\/em><\/p>\n<p>&nbsp;<\/p>\n<p>Pri prostozidarski lo\u017ei \u00bbPri pravi slogi\u00ab barona Ignaca Edlerja von Borna na Dunaju so, s prvo stranjo Bornovega uvoda, l. 1781 iz\u0161la Hidrografska in fizikalna pisma iz Kranjske (Herrn Tobias Grubers &#8211; Briefe hydrographischen und physikalischen Inhalts aus Krain).<\/p>\n<p><img loading=\"lazy\" decoding=\"async\" class=\"size-full wp-image-2957 aligncenter\" src=\"https:\/\/maxperfect.gifts\/wp-content\/uploads\/2026\/02\/Gruber_02-1.png\" alt=\"\" width=\"700\" height=\"380\" srcset=\"https:\/\/maxperfect.gifts\/wp-content\/uploads\/2026\/02\/Gruber_02-1.png 700w, https:\/\/maxperfect.gifts\/wp-content\/uploads\/2026\/02\/Gruber_02-1-300x163.png 300w, https:\/\/maxperfect.gifts\/wp-content\/uploads\/2026\/02\/Gruber_02-1-600x326.png 600w\" sizes=\"auto, (max-width: 700px) 100vw, 700px\" \/><\/p>\n<p>&nbsp;<\/p>\n<p>V pismih, \u00a0ki so bila datirana v Ljubljani, Postojni in Cerknici od februarja do novembra l. 1779, Gruber najprej opravi\u010duje dela svojega polbrata na ljubljanskem prekopu (Gruberjev kanal), na\u010denja problem zamo\u010dvirjenosti Barja, mostogradnje, gradnje odto\u010dnih kanalov in zapornic na rekah, te\u017eave pri odvodnjavanju ter lastnostih kra\u0161kega sveta, ukvarja se s plovnostjo rek, re\u010dnim prometom, ladjegradnjo, urejanjem re\u010dnih strug, gradnjo jezov, nasipov, splavnih komor, plovnih jarkov, s problemi poplavljanja, hudournikov in morja, nato pa pisma obravnavajo ljubljanske vode, kra\u0161ke jame, predvsem pa Cerkni\u0161ko jezero, kateremu je posve\u010den velik del knjige.<\/p>\n<p>Gruber je kot prvi, po napa\u010dnih razlagah Kircherja, Sch\u00f6nlebna, Valvasorja in Steinberga, pravilno pojasnil fenomen Cerkni\u0161kega jezera &#8211; da gre za ravnovesje med dotokom padavin iz ozra\u010dja in odtokom reke proti morju.<\/p>\n<p><img loading=\"lazy\" decoding=\"async\" class=\"size-full wp-image-2958 aligncenter\" src=\"https:\/\/maxperfect.gifts\/wp-content\/uploads\/2026\/02\/Gruber_04-1.png\" alt=\"\" width=\"700\" height=\"406\" srcset=\"https:\/\/maxperfect.gifts\/wp-content\/uploads\/2026\/02\/Gruber_04-1.png 700w, https:\/\/maxperfect.gifts\/wp-content\/uploads\/2026\/02\/Gruber_04-1-300x174.png 300w, https:\/\/maxperfect.gifts\/wp-content\/uploads\/2026\/02\/Gruber_04-1-600x348.png 600w\" sizes=\"auto, (max-width: 700px) 100vw, 700px\" \/><\/p>\n<p><strong>Tobija Gruber, (1761 \u2013 1762), jezuit, pedagog, znanstvenik, izumitelj, prostozidar<\/strong><\/p>\n<p>Tobijo, ki je stopal po poti svojega veliko bolj slavnega polbrata Gabriela, imamo med drugim tudi za enega izmed pionirjev krasoslovja.<\/p>\n<p>L. 1795 je objavil razpravo o prednostih hidrografskih zemljevidov, pri risanju pa upo\u0161teval tudi izvire, maso vode in podzemne tokove, ki so bili na kra\u0161kih podro\u010djih \u0161e posebej pomembni. Prvi je na\u0161tel pet elementov, ki jih mora imeti dober zemljevid reke: vsebovati mora podatke o obliki zemlji\u0161\u010de, petrografske, mineralo\u0161ke, hidrotehni\u010dne in fizikalne lastnosti re\u010dnega korita, ob upo\u0161tevanju zgradbe zemlje, vrste plinov v spodnjih legah in na vi\u0161inah. Posebej je tudi raziskal in izpostavil podzemne tokove na Kranjskem in jih primerjal s Tirolskimi. Vsa ta nova jezuitska geodetska spoznanja so prevzele predvsem armade, saj je cesar Jo\u017eef II. kmalu po Gruberjevi objavi naro\u010dil vojakom izdelavo zemljevidov celotne monarhije.<\/p>\n<p>Ob ogledih Cerkni\u0161kega jezera je opazil fata morgano, kar ga je tako privabilo, da je kot prvi na svetu postavil laboratorijski poskus za preu\u010devanje fata morgane. V Pragi je Tobija Gruber kmalu postal vodilni u\u010denjak in umetni\u0161ki strokovnjak, tako da so mu poverili vodenje \u010ce\u0161ke znanstvene dru\u017ebe. Med trikratnim predsedovanjem znanstveni dru\u017ebi je Tobija Gruber objavil \u0161tevilne razprave, ki so pogosto odsevale fizikalne ideje njegovega polbrata, \u010deprav je njuno znanstveno sodelovanje mogo\u010de dokazati predvsem pri objavi pri\u010dujo\u010dih dunajskih pisem s hidrografsko in fizikalno vsebino l. 1781 na Dunaju, z dvema nadaljevanjema l. 1784 in 1785, prav tako kot v razpravi, v kateri je Tobija uporabil znanje in izku\u0161nje z na\u010drtovanjem rek polbrata Gabriela Gruberja, ki je v Ljubljani pou\u010deval mapiranje. \u0160e dolgo po tej prvi objavi se je ukvarjal s postopki za izdelavo \u010dim bolj\u0161ih zemljevidov rek, svoja odkritja pa objavlil pri \u010ce\u0161ki znanstveni dru\u017ebi l. 1785 in 1795.<\/p>\n<p>Raziskoval je kranjska gorovja, da bi dopolnil tedanjo teorijo razvoja povr\u0161ja Zemlje. V svojih preu\u010devanjih se je opiral na Bo\u0161kovi\u0107evo teorijo povr\u0161ine Zemlje, prednico sodobnega opisa geoida. Svoja dognanja je objavil v knji\u017eni izdaji kranjskih pisem mineralogu Ignacu Bornu, ki jim je dodal \u0161e dve nadaljevanji priob\u010deni v njegovem naravoslovnem prostozidarskem dunajskem glasilu. Nato se je lotil fosilnih ostankov \u017eivali, ki so domnevno \u017eivele v globinah nekdanjih morij, podrobno opisal nekdanje Panonsko morje &#8211; postregel je s \u0161tevilnimi podrobnimi opisi kamnin in voda v Banatu, opisal ostanke \u0161koljk na nekdanjem morskem dnu ob Donavi, nadalje je raziskoval nastajanje \u017elahtnih kovin, vpliv podzemnih hlapov in par na podnebje, v krasoslovju pa je pionir udorne teorije. Ukvarjal se je z mineralogijo &#8211; predvsem z apnencem in bazaltom, s toplotnimi pojavi v razred\u010denem zraku, adiabatnimi pojavi, specifi\u010dno toploto plinov, kemijskimi analizami zdravilnih vod &#8230;<\/p>\n<p>&nbsp;<\/p>\n<p>Ob 210. obletnici smrti Tobije Gruberja, pripravljmo skupaj s Knji\u017enico Jo\u017eeta Udovi\u010da v Cerknici izdajo prevoda njegovih pisem v slovenskem jeziku.<\/p>\n<p>Prevod: Primo\u017e Debenjak, dipl. ing., prof. dr. Bo\u017eidar Debenjak, prof. dr. Ale\u0161 Maver<\/p>\n<p>Spremna beseda: prof. dr. Stanislav Ju\u017eni\u010d<\/p>\n<p><strong>V imitacijo usnja vezani izvodi, zlatotisk, polkro\u017eni hrbet, baro\u010dno oblikovanje povzeto po izvirniku, bakrorezi, vinjete &#8230;\u00a0<\/strong><br \/>\n<strong>V aparatu knjige register, slovar, spremna beseda.<\/strong><\/p>\n<p>&nbsp;<\/p>\n<p><strong>K izidu knjige so pripomogli:\u00a0<\/strong>Ob\u010dina Cerknica, Alpod d.o.o. in Interwoolf d.o.o.<\/p>\n","protected":false},"excerpt":{"rendered":"<p>Prevod dela: Herrn Tobias Grubers &#8211; Briefe hydrographischen und physikalischen Inhalts aus Krain v slovenski jezik.<\/p>\n","protected":false},"featured_media":3025,"template":"","meta":[],"product_cat":[174],"product_tag":[],"class_list":{"0":"post-2956","1":"product","2":"type-product","3":"status-publish","4":"has-post-thumbnail","6":"product_cat-zalozba","8":"first","9":"instock","10":"taxable","11":"shipping-taxable","12":"purchasable","13":"product-type-simple"},"yoast_head":"<!-- This site is optimized with the Yoast SEO plugin v27.1.1 - https:\/\/yoast.com\/product\/yoast-seo-wordpress\/ -->\n<title>Tobija Gruber - Hidrografska in fizikalna pisma iz Kranjske[:] - Max Perfect Gifts<\/title>\n<meta name=\"robots\" content=\"index, follow, max-snippet:-1, max-image-preview:large, max-video-preview:-1\" \/>\n<link rel=\"canonical\" href=\"https:\/\/maxperfect.gifts\/izdelek\/tobija-gruber-hidrografska-in-fizikalna-pisma-iz-kranjske\/\" \/>\n<meta property=\"og:locale\" content=\"en_US\" \/>\n<meta property=\"og:type\" content=\"article\" \/>\n<meta property=\"og:title\" content=\"Tobija Gruber - Hidrografska in fizikalna pisma iz Kranjske\" \/>\n<meta property=\"og:description\" content=\"Prevod dela: Herrn Tobias Grubers - Briefe hydrographischen und physikalischen Inhalts aus Krain v slovenski jezik.\" \/>\n<meta property=\"og:url\" content=\"https:\/\/maxperfect.gifts\/en\/izdelek\/tobija-gruber-hidrografska-in-fizikalna-pisma-iz-kranjske\/\" \/>\n<meta property=\"og:site_name\" content=\"Max Perfect Gifts\" \/>\n<meta property=\"article:modified_time\" content=\"2026-03-11T05:56:31+00:00\" \/>\n<meta property=\"og:image\" content=\"https:\/\/maxperfect.gifts\/wp-content\/uploads\/2026\/02\/full_2f3595dcb419087717452fc6f8737ac2.jpg\" \/>\n\t<meta property=\"og:image:width\" content=\"1240\" \/>\n\t<meta property=\"og:image:height\" content=\"1754\" \/>\n\t<meta property=\"og:image:type\" content=\"image\/jpeg\" \/>\n<meta name=\"twitter:card\" content=\"summary_large_image\" \/>\n<meta name=\"twitter:label1\" content=\"Est. reading time\" \/>\n\t<meta name=\"twitter:data1\" content=\"6 minutes\" \/>\n<script type=\"application\/ld+json\" class=\"yoast-schema-graph\">{\"@context\":\"https:\/\/schema.org\",\"@graph\":[{\"@type\":\"WebPage\",\"@id\":\"https:\/\/maxperfect.gifts\/izdelek\/tobija-gruber-hidrografska-in-fizikalna-pisma-iz-kranjske\/\",\"url\":\"https:\/\/maxperfect.gifts\/izdelek\/tobija-gruber-hidrografska-in-fizikalna-pisma-iz-kranjske\/\",\"name\":\"[:sl]Tobija Gruber - Hidrografska in fizikalna pisma iz Kranjske[:] - Max Perfect Gifts\",\"isPartOf\":{\"@id\":\"https:\/\/maxperfect.gifts\/#website\"},\"primaryImageOfPage\":{\"@id\":\"https:\/\/maxperfect.gifts\/izdelek\/tobija-gruber-hidrografska-in-fizikalna-pisma-iz-kranjske\/#primaryimage\"},\"image\":{\"@id\":\"https:\/\/maxperfect.gifts\/izdelek\/tobija-gruber-hidrografska-in-fizikalna-pisma-iz-kranjske\/#primaryimage\"},\"thumbnailUrl\":\"https:\/\/maxperfect.gifts\/wp-content\/uploads\/2026\/02\/full_2f3595dcb419087717452fc6f8737ac2.jpg\",\"datePublished\":\"2026-02-24T07:48:22+00:00\",\"dateModified\":\"2026-03-11T05:56:31+00:00\",\"breadcrumb\":{\"@id\":\"https:\/\/maxperfect.gifts\/izdelek\/tobija-gruber-hidrografska-in-fizikalna-pisma-iz-kranjske\/#breadcrumb\"},\"inLanguage\":\"en-US\",\"potentialAction\":[{\"@type\":\"ReadAction\",\"target\":[\"https:\/\/maxperfect.gifts\/izdelek\/tobija-gruber-hidrografska-in-fizikalna-pisma-iz-kranjske\/\"]}]},{\"@type\":\"ImageObject\",\"inLanguage\":\"en-US\",\"@id\":\"https:\/\/maxperfect.gifts\/izdelek\/tobija-gruber-hidrografska-in-fizikalna-pisma-iz-kranjske\/#primaryimage\",\"url\":\"https:\/\/maxperfect.gifts\/wp-content\/uploads\/2026\/02\/full_2f3595dcb419087717452fc6f8737ac2.jpg\",\"contentUrl\":\"https:\/\/maxperfect.gifts\/wp-content\/uploads\/2026\/02\/full_2f3595dcb419087717452fc6f8737ac2.jpg\",\"width\":1240,\"height\":1754},{\"@type\":\"BreadcrumbList\",\"@id\":\"https:\/\/maxperfect.gifts\/izdelek\/tobija-gruber-hidrografska-in-fizikalna-pisma-iz-kranjske\/#breadcrumb\",\"itemListElement\":[{\"@type\":\"ListItem\",\"position\":1,\"name\":\"Home\",\"item\":\"https:\/\/maxperfect.gifts\/en\/\"},{\"@type\":\"ListItem\",\"position\":2,\"name\":\"Trgovina\",\"item\":\"https:\/\/maxperfect.gifts\/trgovina\/\"},{\"@type\":\"ListItem\",\"position\":3,\"name\":\"Tobija Gruber &#8211; Hidrografska in fizikalna pisma iz Kranjske\"}]},{\"@type\":\"WebSite\",\"@id\":\"https:\/\/maxperfect.gifts\/#website\",\"url\":\"https:\/\/maxperfect.gifts\/\",\"name\":\"Max Perfect Gifts\",\"description\":\"Darilni program\",\"publisher\":{\"@id\":\"https:\/\/maxperfect.gifts\/#organization\"},\"potentialAction\":[{\"@type\":\"SearchAction\",\"target\":{\"@type\":\"EntryPoint\",\"urlTemplate\":\"https:\/\/maxperfect.gifts\/?s={search_term_string}\"},\"query-input\":{\"@type\":\"PropertyValueSpecification\",\"valueRequired\":true,\"valueName\":\"search_term_string\"}}],\"inLanguage\":\"en-US\"},{\"@type\":\"Organization\",\"@id\":\"https:\/\/maxperfect.gifts\/#organization\",\"name\":\"Max Perfect Gifts\",\"url\":\"https:\/\/maxperfect.gifts\/\",\"logo\":{\"@type\":\"ImageObject\",\"inLanguage\":\"en-US\",\"@id\":\"https:\/\/maxperfect.gifts\/#\/schema\/logo\/image\/\",\"url\":\"https:\/\/maxperfect.gifts\/wp-content\/uploads\/2023\/11\/max-perfect-logotip.png\",\"contentUrl\":\"https:\/\/maxperfect.gifts\/wp-content\/uploads\/2023\/11\/max-perfect-logotip.png\",\"width\":200,\"height\":76,\"caption\":\"Max Perfect Gifts\"},\"image\":{\"@id\":\"https:\/\/maxperfect.gifts\/#\/schema\/logo\/image\/\"}}]}<\/script>\n<!-- \/ Yoast SEO plugin. -->","yoast_head_json":{"title":"Tobija Gruber - Hidrografska in fizikalna pisma iz Kranjske[:] - Max Perfect Gifts","robots":{"index":"index","follow":"follow","max-snippet":"max-snippet:-1","max-image-preview":"max-image-preview:large","max-video-preview":"max-video-preview:-1"},"canonical":"https:\/\/maxperfect.gifts\/izdelek\/tobija-gruber-hidrografska-in-fizikalna-pisma-iz-kranjske\/","og_locale":"en_US","og_type":"article","og_title":"[:sl]Tobija Gruber - Hidrografska in fizikalna pisma iz Kranjske[:] - Max Perfect Gifts","og_description":"[:sl]Prevod dela: Herrn Tobias Grubers - Briefe hydrographischen und physikalischen Inhalts aus Krain v slovenski jezik.[:]","og_url":"https:\/\/maxperfect.gifts\/en\/izdelek\/tobija-gruber-hidrografska-in-fizikalna-pisma-iz-kranjske\/","og_site_name":"Max Perfect Gifts","article_modified_time":"2026-03-11T05:56:31+00:00","og_image":[{"width":1240,"height":1754,"url":"https:\/\/maxperfect.gifts\/wp-content\/uploads\/2026\/02\/full_2f3595dcb419087717452fc6f8737ac2.jpg","type":"image\/jpeg"}],"twitter_card":"summary_large_image","twitter_misc":{"Est. reading time":"6 minutes"},"schema":{"@context":"https:\/\/schema.org","@graph":[{"@type":"WebPage","@id":"https:\/\/maxperfect.gifts\/izdelek\/tobija-gruber-hidrografska-in-fizikalna-pisma-iz-kranjske\/","url":"https:\/\/maxperfect.gifts\/izdelek\/tobija-gruber-hidrografska-in-fizikalna-pisma-iz-kranjske\/","name":"[:sl]Tobija Gruber - Hidrografska in fizikalna pisma iz Kranjske[:] - Max Perfect Gifts","isPartOf":{"@id":"https:\/\/maxperfect.gifts\/#website"},"primaryImageOfPage":{"@id":"https:\/\/maxperfect.gifts\/izdelek\/tobija-gruber-hidrografska-in-fizikalna-pisma-iz-kranjske\/#primaryimage"},"image":{"@id":"https:\/\/maxperfect.gifts\/izdelek\/tobija-gruber-hidrografska-in-fizikalna-pisma-iz-kranjske\/#primaryimage"},"thumbnailUrl":"https:\/\/maxperfect.gifts\/wp-content\/uploads\/2026\/02\/full_2f3595dcb419087717452fc6f8737ac2.jpg","datePublished":"2026-02-24T07:48:22+00:00","dateModified":"2026-03-11T05:56:31+00:00","breadcrumb":{"@id":"https:\/\/maxperfect.gifts\/izdelek\/tobija-gruber-hidrografska-in-fizikalna-pisma-iz-kranjske\/#breadcrumb"},"inLanguage":"en-US","potentialAction":[{"@type":"ReadAction","target":["https:\/\/maxperfect.gifts\/izdelek\/tobija-gruber-hidrografska-in-fizikalna-pisma-iz-kranjske\/"]}]},{"@type":"ImageObject","inLanguage":"en-US","@id":"https:\/\/maxperfect.gifts\/izdelek\/tobija-gruber-hidrografska-in-fizikalna-pisma-iz-kranjske\/#primaryimage","url":"https:\/\/maxperfect.gifts\/wp-content\/uploads\/2026\/02\/full_2f3595dcb419087717452fc6f8737ac2.jpg","contentUrl":"https:\/\/maxperfect.gifts\/wp-content\/uploads\/2026\/02\/full_2f3595dcb419087717452fc6f8737ac2.jpg","width":1240,"height":1754},{"@type":"BreadcrumbList","@id":"https:\/\/maxperfect.gifts\/izdelek\/tobija-gruber-hidrografska-in-fizikalna-pisma-iz-kranjske\/#breadcrumb","itemListElement":[{"@type":"ListItem","position":1,"name":"Home","item":"https:\/\/maxperfect.gifts\/en\/"},{"@type":"ListItem","position":2,"name":"Trgovina","item":"https:\/\/maxperfect.gifts\/trgovina\/"},{"@type":"ListItem","position":3,"name":"Tobija Gruber &#8211; Hidrografska in fizikalna pisma iz Kranjske"}]},{"@type":"WebSite","@id":"https:\/\/maxperfect.gifts\/#website","url":"https:\/\/maxperfect.gifts\/","name":"Max Perfect Gifts","description":"Darilni program","publisher":{"@id":"https:\/\/maxperfect.gifts\/#organization"},"potentialAction":[{"@type":"SearchAction","target":{"@type":"EntryPoint","urlTemplate":"https:\/\/maxperfect.gifts\/?s={search_term_string}"},"query-input":{"@type":"PropertyValueSpecification","valueRequired":true,"valueName":"search_term_string"}}],"inLanguage":"en-US"},{"@type":"Organization","@id":"https:\/\/maxperfect.gifts\/#organization","name":"Max Perfect Gifts","url":"https:\/\/maxperfect.gifts\/","logo":{"@type":"ImageObject","inLanguage":"en-US","@id":"https:\/\/maxperfect.gifts\/#\/schema\/logo\/image\/","url":"https:\/\/maxperfect.gifts\/wp-content\/uploads\/2023\/11\/max-perfect-logotip.png","contentUrl":"https:\/\/maxperfect.gifts\/wp-content\/uploads\/2023\/11\/max-perfect-logotip.png","width":200,"height":76,"caption":"Max Perfect Gifts"},"image":{"@id":"https:\/\/maxperfect.gifts\/#\/schema\/logo\/image\/"}}]}},"_links":{"self":[{"href":"https:\/\/maxperfect.gifts\/en\/wp-json\/wp\/v2\/product\/2956","targetHints":{"allow":["GET"]}}],"collection":[{"href":"https:\/\/maxperfect.gifts\/en\/wp-json\/wp\/v2\/product"}],"about":[{"href":"https:\/\/maxperfect.gifts\/en\/wp-json\/wp\/v2\/types\/product"}],"wp:featuredmedia":[{"embeddable":true,"href":"https:\/\/maxperfect.gifts\/en\/wp-json\/wp\/v2\/media\/3025"}],"wp:attachment":[{"href":"https:\/\/maxperfect.gifts\/en\/wp-json\/wp\/v2\/media?parent=2956"}],"wp:term":[{"taxonomy":"product_cat","embeddable":true,"href":"https:\/\/maxperfect.gifts\/en\/wp-json\/wp\/v2\/product_cat?post=2956"},{"taxonomy":"product_tag","embeddable":true,"href":"https:\/\/maxperfect.gifts\/en\/wp-json\/wp\/v2\/product_tag?post=2956"}],"curies":[{"name":"wp","href":"https:\/\/api.w.org\/{rel}","templated":true}]}}