{"id":2961,"date":"2026-02-24T08:56:05","date_gmt":"2026-02-24T07:56:05","guid":{"rendered":"https:\/\/maxperfect.gifts\/?post_type=product&#038;p=2961"},"modified":"2026-03-11T06:56:31","modified_gmt":"2026-03-11T05:56:31","slug":"baltazar-hacquet-plantae-alpinae-carniolicae-kranjske-alpske-rastline","status":"publish","type":"product","link":"https:\/\/maxperfect.gifts\/en\/izdelek\/baltazar-hacquet-plantae-alpinae-carniolicae-kranjske-alpske-rastline\/","title":{"rendered":"Baltazar Hacquet &#8211; Plantae alpinae Carniolicae \/ Kranjske alpske rastline"},"content":{"rendered":"<p><span lang=\"EN-US\"><strong>RAZPRODANO!<\/strong><\/span><\/p>\n<p>Hacquetovo najpomembnej\u0161e botani\u010dno delo z naslovom Plantae alpinae Carniolicae (Kranjske alpske rastline) je iz\u0161lo leta 1782 na Dunaju. V njem je opisal 11 rastlin in eno glivo, ki rastejo v kranjskih Alpah in v Istri in ki so bile po njegovem mnenju nove, \u0161e neopisane. Vse je imenoval po krajih, po nahajali\u0161\u010dih in jih tudi narisal. Nekateri herbarijski primerki so \u0161e vedno v zbirki, ki jo hrani Prirodoslovni muzej Slovenije. Pri 4 semenkah (npr. triglavskemu svi\u0161\u010du in triglavskemu dimku) mu prvenstvo odkritja in opisa pripada, ostale pa so bile opisane \u017ee prej.\u00a0Hacquet je za Scopolijem glavni raziskovavec na\u0161ega rastlinstva in na\u0161ih krajev sploh in je prvi v svetovnem merilu, ki je opazil vpliv razli\u010dne geolo\u0161ke podlage na raz\u0161irjenost rastlin.<\/p>\n<p>&nbsp;<\/p>\n<p><em>&#8220;\u010ceprav sem ve\u010d kot enkrat splezal skoraj na vrh Triglava in prebrskal bli\u017enjo okolico njegovo, si niti od dale\u010d ne smem domi\u0161ljati, da mi je pri\u0161la ve\u010d kot tretjina tamkaj\u0161njih redkih rastlin pred o\u010di. O, kako \u010desto sem si za\u017eelel ostati gori leto dni kot pastir, da bi imel priliko ob vsakem \u010dasu prehoditi to s cvetjem bogato pokrajino; koliko bi pa\u010d \u0161e mogel odkriti redkih rastlin, ki mi tako nikdar ne bodo pri\u0161le pred o\u010di.&#8221;<\/em><\/p>\n<p>&nbsp;<\/p>\n<p>V gorah nad dolino Trente in na pobo\u010djih Triglava je na\u0161el in nabral za herbarijsko zbirko Scabiosa terglouens (triglavski grintavec), vrsto je poimenoval Scabiosa Trenta in jo narisal. Kasneje so mnogi botaniki zaman iskali to vrsto. Hacquetova risba na porumenelem papirju je v Julijske Alpe pripeljala mladega Juliusa Kugyja, ki je skrivnostno cvetlico dolgo iskal. Ni je na\u0161el. Uganko je razre\u0161il avstrijski botanik Kerner, ki si je ogledal Hacquetov primerek Scabiosa trenta v tedanjem Kranjskem de\u017eelnem muzeju v Ljubljani. Ugotovil je, da Hacquet ni na\u0161el nove vrste, ampak je poimenoval \u017ee znano vrsto bledo obloglavko (Cephalaria leucantha), ki raste na Krasu in na skalovju v submediteranskem obmo\u010dju. Scabiosa trenta, ki jo je Hacquet nabral v gorah nad Trento, je bila le relikt iz toplej\u0161ih medledenih dob, ko je termofilno rastlinstvo prodrlo v Alpe. Prav mogo\u010de je, da je Hacquet na\u0161el zadnje primerke te vrste, njegovi nasledniki pa ne ve\u010d, ker je rastlina na pobo\u010djih Triglava \u017ee izumrla.<\/p>\n<p>&nbsp;<\/p>\n<p><strong>Hacquet in Triglav<\/strong><\/p>\n<p>Slavni botanik, geolog in pionir alpinizma je nelo\u010dljivo povezan s Triglavom. Malo je manjkalo, da bi kot prvi osvojil Triglav leta 1777. Naslednje leto je to uspelo \u0161tirim sr\u010dnim mo\u017eem, sam pa je nato vrh osvojil 8. avgusta 1779 in nato \u0161e 23. julija 1782. \u0160e vedno velja njegova upodobitev Triglava v delu Oriktografija Kranjske za prvo upodobitev nasploh, njegov vzpon na Triglav za prvi dokumentirani vzpon, Hacquet je bil tudi prvi, ki je izmeril vi\u0161ino Triglava, &#8230;<\/p>\n<p>V pri\u010dujo\u010dem delu je opisal tudi \u0161tiri &#8220;triglavske cvetke&#8221;, kakor jih je imenoval botanik Tone Wraber: triglavski svi\u0161\u010d, triglavski otav\u010di\u010d, triglavsko neboglasnico in triglavski petoprstnik.<\/p>\n<p>&nbsp;<\/p>\n<p><strong>Prevod iz latin\u0161\u010dine: mag. Matej Petri\u010d<\/strong><\/p>\n<p><strong>Spremna \u0161tudija: dr. Nada Praprotnik<\/strong><\/p>\n<p>Zalo\u017eni\u0161tvo: Knji\u017enica Jo\u017eeta Udovi\u010da Cerknica in Zalo\u017eba Maks Viktor<\/p>\n<p>&nbsp;<\/p>\n<p>Zahvala za pomo\u010d:<\/p>\n<p>&#8211; dr. Luka Pintar,\u00a0<span class=\"aCOpRe\">\u010dastni \u010dlan Botani\u010dnega dru\u0161tva Slovenije,<\/span><\/p>\n<p>&#8211; dr. Marko Mugerli, Gorenjesavski muzej Jesenice.<\/p>\n<p>&#8211; mag. Slavko Polak, Notranjski muzej Postojna.<\/p>\n<p>&#8211; dr. Sonja Svolj\u0161ak in Janko Klasinc, NUK.<\/p>\n<p>&nbsp;<\/p>\n<p>Faksimile izvirnika + slovenski prevod + 5 velikih grafi\u010dnih prilog + spremna \u0161tudija.<\/p>\n<p>Vezano v imitacijo usnja, tis s srebrno folijo.\u00a0<strong>Ro\u010dno platni\u010denje.<\/strong><\/p>\n<p>Format: 20,3 x 26,6 cm.<\/p>\n<p>&nbsp;<\/p>\n<p><strong>V drugi zdaji bo delo iz\u0161lo v nakladi 49 izvodov!<\/strong><\/p>\n<p><strong>Novih izdaj ali ponatisov ne bo.<\/strong><\/p>\n","protected":false},"excerpt":{"rendered":"<p>Najpomembnej\u0161e botani\u010dno delo Baltazarja Hacqueta.<\/p>\n","protected":false},"featured_media":2962,"template":"","meta":[],"product_cat":[174],"product_tag":[],"class_list":{"0":"post-2961","1":"product","2":"type-product","3":"status-publish","4":"has-post-thumbnail","6":"product_cat-zalozba","8":"first","9":"outofstock","10":"taxable","11":"shipping-taxable","12":"product-type-simple"},"yoast_head":"<!-- This site is optimized with the Yoast SEO plugin v27.1.1 - https:\/\/yoast.com\/product\/yoast-seo-wordpress\/ -->\n<title>Baltazar Hacquet - Plantae alpinae Carniolicae \/ Kranjske alpske rastline[:] - Max Perfect Gifts<\/title>\n<meta name=\"robots\" content=\"index, follow, max-snippet:-1, max-image-preview:large, max-video-preview:-1\" \/>\n<link rel=\"canonical\" href=\"https:\/\/maxperfect.gifts\/izdelek\/baltazar-hacquet-plantae-alpinae-carniolicae-kranjske-alpske-rastline\/\" \/>\n<meta property=\"og:locale\" content=\"en_US\" \/>\n<meta property=\"og:type\" content=\"article\" \/>\n<meta property=\"og:title\" content=\"Baltazar Hacquet - Plantae alpinae Carniolicae \/ Kranjske alpske rastline\" \/>\n<meta property=\"og:description\" content=\"Najpomembnej\u0161e botani\u010dno delo Baltazarja Hacqueta.\" \/>\n<meta property=\"og:url\" content=\"https:\/\/maxperfect.gifts\/en\/izdelek\/baltazar-hacquet-plantae-alpinae-carniolicae-kranjske-alpske-rastline\/\" \/>\n<meta property=\"og:site_name\" content=\"Max Perfect Gifts\" \/>\n<meta property=\"article:modified_time\" content=\"2026-03-11T05:56:31+00:00\" \/>\n<meta property=\"og:image\" content=\"https:\/\/maxperfect.gifts\/wp-content\/uploads\/2026\/02\/full_b5f4dcd912af89adde4b3549d41a2078.jpg\" \/>\n\t<meta property=\"og:image:width\" content=\"801\" \/>\n\t<meta property=\"og:image:height\" content=\"1048\" \/>\n\t<meta property=\"og:image:type\" content=\"image\/jpeg\" \/>\n<meta name=\"twitter:card\" content=\"summary_large_image\" \/>\n<meta name=\"twitter:label1\" content=\"Est. reading time\" \/>\n\t<meta name=\"twitter:data1\" content=\"4 minutes\" \/>\n<script type=\"application\/ld+json\" class=\"yoast-schema-graph\">{\"@context\":\"https:\/\/schema.org\",\"@graph\":[{\"@type\":\"WebPage\",\"@id\":\"https:\/\/maxperfect.gifts\/izdelek\/baltazar-hacquet-plantae-alpinae-carniolicae-kranjske-alpske-rastline\/\",\"url\":\"https:\/\/maxperfect.gifts\/izdelek\/baltazar-hacquet-plantae-alpinae-carniolicae-kranjske-alpske-rastline\/\",\"name\":\"[:sl]Baltazar Hacquet - Plantae alpinae Carniolicae \/ Kranjske alpske rastline[:] - Max Perfect Gifts\",\"isPartOf\":{\"@id\":\"https:\/\/maxperfect.gifts\/#website\"},\"primaryImageOfPage\":{\"@id\":\"https:\/\/maxperfect.gifts\/izdelek\/baltazar-hacquet-plantae-alpinae-carniolicae-kranjske-alpske-rastline\/#primaryimage\"},\"image\":{\"@id\":\"https:\/\/maxperfect.gifts\/izdelek\/baltazar-hacquet-plantae-alpinae-carniolicae-kranjske-alpske-rastline\/#primaryimage\"},\"thumbnailUrl\":\"https:\/\/maxperfect.gifts\/wp-content\/uploads\/2026\/02\/full_b5f4dcd912af89adde4b3549d41a2078.jpg\",\"datePublished\":\"2026-02-24T07:56:05+00:00\",\"dateModified\":\"2026-03-11T05:56:31+00:00\",\"breadcrumb\":{\"@id\":\"https:\/\/maxperfect.gifts\/izdelek\/baltazar-hacquet-plantae-alpinae-carniolicae-kranjske-alpske-rastline\/#breadcrumb\"},\"inLanguage\":\"en-US\",\"potentialAction\":[{\"@type\":\"ReadAction\",\"target\":[\"https:\/\/maxperfect.gifts\/izdelek\/baltazar-hacquet-plantae-alpinae-carniolicae-kranjske-alpske-rastline\/\"]}]},{\"@type\":\"ImageObject\",\"inLanguage\":\"en-US\",\"@id\":\"https:\/\/maxperfect.gifts\/izdelek\/baltazar-hacquet-plantae-alpinae-carniolicae-kranjske-alpske-rastline\/#primaryimage\",\"url\":\"https:\/\/maxperfect.gifts\/wp-content\/uploads\/2026\/02\/full_b5f4dcd912af89adde4b3549d41a2078.jpg\",\"contentUrl\":\"https:\/\/maxperfect.gifts\/wp-content\/uploads\/2026\/02\/full_b5f4dcd912af89adde4b3549d41a2078.jpg\",\"width\":801,\"height\":1048},{\"@type\":\"BreadcrumbList\",\"@id\":\"https:\/\/maxperfect.gifts\/izdelek\/baltazar-hacquet-plantae-alpinae-carniolicae-kranjske-alpske-rastline\/#breadcrumb\",\"itemListElement\":[{\"@type\":\"ListItem\",\"position\":1,\"name\":\"Home\",\"item\":\"https:\/\/maxperfect.gifts\/en\/\"},{\"@type\":\"ListItem\",\"position\":2,\"name\":\"Trgovina\",\"item\":\"https:\/\/maxperfect.gifts\/trgovina\/\"},{\"@type\":\"ListItem\",\"position\":3,\"name\":\"Baltazar Hacquet &#8211; Plantae alpinae Carniolicae \/ Kranjske alpske rastline\"}]},{\"@type\":\"WebSite\",\"@id\":\"https:\/\/maxperfect.gifts\/#website\",\"url\":\"https:\/\/maxperfect.gifts\/\",\"name\":\"Max Perfect Gifts\",\"description\":\"Darilni program\",\"publisher\":{\"@id\":\"https:\/\/maxperfect.gifts\/#organization\"},\"potentialAction\":[{\"@type\":\"SearchAction\",\"target\":{\"@type\":\"EntryPoint\",\"urlTemplate\":\"https:\/\/maxperfect.gifts\/?s={search_term_string}\"},\"query-input\":{\"@type\":\"PropertyValueSpecification\",\"valueRequired\":true,\"valueName\":\"search_term_string\"}}],\"inLanguage\":\"en-US\"},{\"@type\":\"Organization\",\"@id\":\"https:\/\/maxperfect.gifts\/#organization\",\"name\":\"Max Perfect Gifts\",\"url\":\"https:\/\/maxperfect.gifts\/\",\"logo\":{\"@type\":\"ImageObject\",\"inLanguage\":\"en-US\",\"@id\":\"https:\/\/maxperfect.gifts\/#\/schema\/logo\/image\/\",\"url\":\"https:\/\/maxperfect.gifts\/wp-content\/uploads\/2023\/11\/max-perfect-logotip.png\",\"contentUrl\":\"https:\/\/maxperfect.gifts\/wp-content\/uploads\/2023\/11\/max-perfect-logotip.png\",\"width\":200,\"height\":76,\"caption\":\"Max Perfect Gifts\"},\"image\":{\"@id\":\"https:\/\/maxperfect.gifts\/#\/schema\/logo\/image\/\"}}]}<\/script>\n<!-- \/ Yoast SEO plugin. -->","yoast_head_json":{"title":"Baltazar Hacquet - Plantae alpinae Carniolicae \/ Kranjske alpske rastline[:] - Max Perfect Gifts","robots":{"index":"index","follow":"follow","max-snippet":"max-snippet:-1","max-image-preview":"max-image-preview:large","max-video-preview":"max-video-preview:-1"},"canonical":"https:\/\/maxperfect.gifts\/izdelek\/baltazar-hacquet-plantae-alpinae-carniolicae-kranjske-alpske-rastline\/","og_locale":"en_US","og_type":"article","og_title":"[:sl]Baltazar Hacquet - Plantae alpinae Carniolicae \/ Kranjske alpske rastline[:] - Max Perfect Gifts","og_description":"[:sl]Najpomembnej\u0161e botani\u010dno delo Baltazarja Hacqueta.[:]","og_url":"https:\/\/maxperfect.gifts\/en\/izdelek\/baltazar-hacquet-plantae-alpinae-carniolicae-kranjske-alpske-rastline\/","og_site_name":"Max Perfect Gifts","article_modified_time":"2026-03-11T05:56:31+00:00","og_image":[{"width":801,"height":1048,"url":"https:\/\/maxperfect.gifts\/wp-content\/uploads\/2026\/02\/full_b5f4dcd912af89adde4b3549d41a2078.jpg","type":"image\/jpeg"}],"twitter_card":"summary_large_image","twitter_misc":{"Est. reading time":"4 minutes"},"schema":{"@context":"https:\/\/schema.org","@graph":[{"@type":"WebPage","@id":"https:\/\/maxperfect.gifts\/izdelek\/baltazar-hacquet-plantae-alpinae-carniolicae-kranjske-alpske-rastline\/","url":"https:\/\/maxperfect.gifts\/izdelek\/baltazar-hacquet-plantae-alpinae-carniolicae-kranjske-alpske-rastline\/","name":"[:sl]Baltazar Hacquet - Plantae alpinae Carniolicae \/ Kranjske alpske rastline[:] - Max Perfect Gifts","isPartOf":{"@id":"https:\/\/maxperfect.gifts\/#website"},"primaryImageOfPage":{"@id":"https:\/\/maxperfect.gifts\/izdelek\/baltazar-hacquet-plantae-alpinae-carniolicae-kranjske-alpske-rastline\/#primaryimage"},"image":{"@id":"https:\/\/maxperfect.gifts\/izdelek\/baltazar-hacquet-plantae-alpinae-carniolicae-kranjske-alpske-rastline\/#primaryimage"},"thumbnailUrl":"https:\/\/maxperfect.gifts\/wp-content\/uploads\/2026\/02\/full_b5f4dcd912af89adde4b3549d41a2078.jpg","datePublished":"2026-02-24T07:56:05+00:00","dateModified":"2026-03-11T05:56:31+00:00","breadcrumb":{"@id":"https:\/\/maxperfect.gifts\/izdelek\/baltazar-hacquet-plantae-alpinae-carniolicae-kranjske-alpske-rastline\/#breadcrumb"},"inLanguage":"en-US","potentialAction":[{"@type":"ReadAction","target":["https:\/\/maxperfect.gifts\/izdelek\/baltazar-hacquet-plantae-alpinae-carniolicae-kranjske-alpske-rastline\/"]}]},{"@type":"ImageObject","inLanguage":"en-US","@id":"https:\/\/maxperfect.gifts\/izdelek\/baltazar-hacquet-plantae-alpinae-carniolicae-kranjske-alpske-rastline\/#primaryimage","url":"https:\/\/maxperfect.gifts\/wp-content\/uploads\/2026\/02\/full_b5f4dcd912af89adde4b3549d41a2078.jpg","contentUrl":"https:\/\/maxperfect.gifts\/wp-content\/uploads\/2026\/02\/full_b5f4dcd912af89adde4b3549d41a2078.jpg","width":801,"height":1048},{"@type":"BreadcrumbList","@id":"https:\/\/maxperfect.gifts\/izdelek\/baltazar-hacquet-plantae-alpinae-carniolicae-kranjske-alpske-rastline\/#breadcrumb","itemListElement":[{"@type":"ListItem","position":1,"name":"Home","item":"https:\/\/maxperfect.gifts\/en\/"},{"@type":"ListItem","position":2,"name":"Trgovina","item":"https:\/\/maxperfect.gifts\/trgovina\/"},{"@type":"ListItem","position":3,"name":"Baltazar Hacquet &#8211; Plantae alpinae Carniolicae \/ Kranjske alpske rastline"}]},{"@type":"WebSite","@id":"https:\/\/maxperfect.gifts\/#website","url":"https:\/\/maxperfect.gifts\/","name":"Max Perfect Gifts","description":"Darilni program","publisher":{"@id":"https:\/\/maxperfect.gifts\/#organization"},"potentialAction":[{"@type":"SearchAction","target":{"@type":"EntryPoint","urlTemplate":"https:\/\/maxperfect.gifts\/?s={search_term_string}"},"query-input":{"@type":"PropertyValueSpecification","valueRequired":true,"valueName":"search_term_string"}}],"inLanguage":"en-US"},{"@type":"Organization","@id":"https:\/\/maxperfect.gifts\/#organization","name":"Max Perfect Gifts","url":"https:\/\/maxperfect.gifts\/","logo":{"@type":"ImageObject","inLanguage":"en-US","@id":"https:\/\/maxperfect.gifts\/#\/schema\/logo\/image\/","url":"https:\/\/maxperfect.gifts\/wp-content\/uploads\/2023\/11\/max-perfect-logotip.png","contentUrl":"https:\/\/maxperfect.gifts\/wp-content\/uploads\/2023\/11\/max-perfect-logotip.png","width":200,"height":76,"caption":"Max Perfect Gifts"},"image":{"@id":"https:\/\/maxperfect.gifts\/#\/schema\/logo\/image\/"}}]}},"_links":{"self":[{"href":"https:\/\/maxperfect.gifts\/en\/wp-json\/wp\/v2\/product\/2961","targetHints":{"allow":["GET"]}}],"collection":[{"href":"https:\/\/maxperfect.gifts\/en\/wp-json\/wp\/v2\/product"}],"about":[{"href":"https:\/\/maxperfect.gifts\/en\/wp-json\/wp\/v2\/types\/product"}],"wp:featuredmedia":[{"embeddable":true,"href":"https:\/\/maxperfect.gifts\/en\/wp-json\/wp\/v2\/media\/2962"}],"wp:attachment":[{"href":"https:\/\/maxperfect.gifts\/en\/wp-json\/wp\/v2\/media?parent=2961"}],"wp:term":[{"taxonomy":"product_cat","embeddable":true,"href":"https:\/\/maxperfect.gifts\/en\/wp-json\/wp\/v2\/product_cat?post=2961"},{"taxonomy":"product_tag","embeddable":true,"href":"https:\/\/maxperfect.gifts\/en\/wp-json\/wp\/v2\/product_tag?post=2961"}],"curies":[{"name":"wp","href":"https:\/\/api.w.org\/{rel}","templated":true}]}}