{"id":2963,"date":"2026-02-24T09:02:24","date_gmt":"2026-02-24T08:02:24","guid":{"rendered":"https:\/\/maxperfect.gifts\/?post_type=product&#038;p=2963"},"modified":"2026-03-11T06:56:31","modified_gmt":"2026-03-11T05:56:31","slug":"reinhold-gerling-sitni-mozje-vzgoja-za-zakon-s-prilogo-muskarci-za-koje-se-ne-treba-udavati","status":"publish","type":"product","link":"https:\/\/maxperfect.gifts\/en\/izdelek\/reinhold-gerling-sitni-mozje-vzgoja-za-zakon-s-prilogo-muskarci-za-koje-se-ne-treba-udavati\/","title":{"rendered":"Reinhold Gerling &#8211; Sitni mo\u017eje (Vzgoja za zakon) s prilogo: Mu\u0161karci za koje se ne treba udavati!"},"content":{"rendered":"<h4>Reinhold Gerling &#8211; Sitni mo\u017eje (Vzgoja za zakon) s prilogo: Mu\u0161karci za koje se ne treba udavati!<\/h4>\n<p align=\"center\"><strong>Ponatis dveh legendarnih priro\u010dnikov iz prej\u0161njega stoletja<\/strong><strong>\u00a0o izbiri, vzgoji in prevzgoji va\u0161ega partnerja \u2026<\/strong><\/p>\n<p align=\"center\"><em><strong>Avtorja bi danes brez oklevanja ozna\u010dili za rasista, homofoba, evgenika in psevdopsihologa, pa vendar so bila med obema svetovnima vojnama njegova dela brana in prodajana kot malokatera, dandanes pa so poleg tega, da so okno v na\u0161o preteklost, s svojo bizarnostjo predvsem vir neskon\u010dne zabave, \u010dudenja in smeha.<br \/>\n<\/strong><\/em><\/p>\n<p align=\"center\"><em><strong>\u00a0<\/strong><\/em><\/p>\n<p style=\"text-align: left;\" align=\"center\"><strong>Vas zanima:<\/strong><\/p>\n<p>&nbsp;<\/p>\n<ul>\n<li>Zakaj ni ni\u010d bolj zoprnega kakor neumne\u017e, ki se je nagulil vedenja?<\/li>\n<li>Kako se ogniti lovcev na doto?<\/li>\n<li>Je mo\u017e, ki ga mora \u0161ele po poroki vzgajati \u017eena, sploh vreden poro\u010dnega lista?<\/li>\n<li>Kak\u0161en je \u00bbkuharski recept\u00ab za mo\u0161ke, da bo soprog zelo okusen in bo tak\u0161en tudi ostal in bo \u017eeni in otrokom vselej dobro teknil?<\/li>\n<li>Zakaj ne sme \u017eena mo\u017eu nikdar izpolniti vseh \u017eelja?<\/li>\n<li>Zakaj kljub vsej sr\u010dni dobroti ne smete biti do mo\u017ea preve\u010d popustljivi?<\/li>\n<li>Zakaj pustiti mo\u017ea v gostilno?<\/li>\n<li>Zakaj je \u017eenitvovanjsko potovanje prav tako nespametno kakor nepotrebno?<\/li>\n<li>Zakaj se smatra skupna spalnica,\u00a0 da o skupni postelji niti ne govorimo, za zelo neprimerno ureditev?<\/li>\n<li>Zakaj ne dovoljujte ljub\u010dku tistega, kar sme dobiti samo mo\u017e?<\/li>\n<li>Kaj je napisano v starem nauku Hindov imenovanem \u00bbKamasutram\u00ab?<\/li>\n<li>Zakaj se je bati zdru\u017eitve s pijanim mo\u0161kim?<\/li>\n<li>Zakaj se odsvetuje \u010dezmerno plesanje?<\/li>\n<li>Zakaj nekateri narodi prepovedujejo spolno ob\u010devanje prve dni po poroki?<\/li>\n<li>Kako naj se dekle obna\u0161a v postelji v poslednjih trenutkih svojega devi\u0161tva?<\/li>\n<li>Kako prikleniti samo nase pohotnega mo\u017ea?<\/li>\n<li>&#8230; in \u0161e veliko, veliko ve\u010d &#8230;.<\/li>\n<\/ul>\n<p>&nbsp;<\/p>\n<p><img loading=\"lazy\" decoding=\"async\" class=\"alignnone size-medium wp-image-2964\" src=\"https:\/\/maxperfect.gifts\/wp-content\/uploads\/2026\/02\/Untitled-300x189.jpg\" alt=\"\" width=\"300\" height=\"189\" srcset=\"https:\/\/maxperfect.gifts\/wp-content\/uploads\/2026\/02\/Untitled-300x189.jpg 300w, https:\/\/maxperfect.gifts\/wp-content\/uploads\/2026\/02\/Untitled-1024x645.jpg 1024w, https:\/\/maxperfect.gifts\/wp-content\/uploads\/2026\/02\/Untitled-768x484.jpg 768w, https:\/\/maxperfect.gifts\/wp-content\/uploads\/2026\/02\/Untitled-600x378.jpg 600w, https:\/\/maxperfect.gifts\/wp-content\/uploads\/2026\/02\/Untitled.jpg 1286w\" sizes=\"auto, (max-width: 300px) 100vw, 300px\" \/><\/p>\n","protected":false},"excerpt":{"rendered":"<p>Priro\u010dnik za izbiro, vzgojo in prevzgojo mo\u0161kih<\/p>\n","protected":false},"featured_media":3026,"template":"","meta":[],"product_cat":[174],"product_tag":[],"class_list":{"0":"post-2963","1":"product","2":"type-product","3":"status-publish","4":"has-post-thumbnail","6":"product_cat-zalozba","8":"first","9":"instock","10":"taxable","11":"shipping-taxable","12":"purchasable","13":"product-type-simple"},"yoast_head":"<!-- This site is optimized with the Yoast SEO plugin v27.1.1 - https:\/\/yoast.com\/product\/yoast-seo-wordpress\/ -->\n<title>Reinhold Gerling - Sitni mo\u017eje (Vzgoja za zakon) s prilogo: Mu\u0161karci za koje se ne treba udavati![:] - Max Perfect Gifts<\/title>\n<meta name=\"robots\" content=\"index, follow, max-snippet:-1, max-image-preview:large, max-video-preview:-1\" \/>\n<link rel=\"canonical\" href=\"https:\/\/maxperfect.gifts\/izdelek\/reinhold-gerling-sitni-mozje-vzgoja-za-zakon-s-prilogo-muskarci-za-koje-se-ne-treba-udavati\/\" \/>\n<meta property=\"og:locale\" content=\"en_US\" \/>\n<meta property=\"og:type\" content=\"article\" \/>\n<meta property=\"og:title\" content=\"Reinhold Gerling - Sitni mo\u017eje (Vzgoja za zakon) s prilogo: Mu\u0161karci za koje se ne treba udavati!\" \/>\n<meta property=\"og:description\" content=\"Priro\u010dnik za izbiro, vzgojo in prevzgojo mo\u0161kih\" \/>\n<meta property=\"og:url\" content=\"https:\/\/maxperfect.gifts\/en\/izdelek\/reinhold-gerling-sitni-mozje-vzgoja-za-zakon-s-prilogo-muskarci-za-koje-se-ne-treba-udavati\/\" \/>\n<meta property=\"og:site_name\" content=\"Max Perfect Gifts\" \/>\n<meta property=\"article:modified_time\" content=\"2026-03-11T05:56:31+00:00\" \/>\n<meta property=\"og:image\" content=\"https:\/\/maxperfect.gifts\/wp-content\/uploads\/2026\/02\/full_39eab5cdc1a981d8f72169047177d026.jpg\" \/>\n\t<meta property=\"og:image:width\" content=\"781\" \/>\n\t<meta property=\"og:image:height\" content=\"946\" \/>\n\t<meta property=\"og:image:type\" content=\"image\/jpeg\" \/>\n<meta name=\"twitter:card\" content=\"summary_large_image\" \/>\n<meta name=\"twitter:label1\" content=\"Est. reading time\" \/>\n\t<meta name=\"twitter:data1\" content=\"2 minutes\" \/>\n<script type=\"application\/ld+json\" class=\"yoast-schema-graph\">{\"@context\":\"https:\/\/schema.org\",\"@graph\":[{\"@type\":\"WebPage\",\"@id\":\"https:\/\/maxperfect.gifts\/izdelek\/reinhold-gerling-sitni-mozje-vzgoja-za-zakon-s-prilogo-muskarci-za-koje-se-ne-treba-udavati\/\",\"url\":\"https:\/\/maxperfect.gifts\/izdelek\/reinhold-gerling-sitni-mozje-vzgoja-za-zakon-s-prilogo-muskarci-za-koje-se-ne-treba-udavati\/\",\"name\":\"[:sl]Reinhold Gerling - Sitni mo\u017eje (Vzgoja za zakon) s prilogo: Mu\u0161karci za koje se ne treba udavati![:] - Max Perfect Gifts\",\"isPartOf\":{\"@id\":\"https:\/\/maxperfect.gifts\/#website\"},\"primaryImageOfPage\":{\"@id\":\"https:\/\/maxperfect.gifts\/izdelek\/reinhold-gerling-sitni-mozje-vzgoja-za-zakon-s-prilogo-muskarci-za-koje-se-ne-treba-udavati\/#primaryimage\"},\"image\":{\"@id\":\"https:\/\/maxperfect.gifts\/izdelek\/reinhold-gerling-sitni-mozje-vzgoja-za-zakon-s-prilogo-muskarci-za-koje-se-ne-treba-udavati\/#primaryimage\"},\"thumbnailUrl\":\"https:\/\/maxperfect.gifts\/wp-content\/uploads\/2026\/02\/full_39eab5cdc1a981d8f72169047177d026.jpg\",\"datePublished\":\"2026-02-24T08:02:24+00:00\",\"dateModified\":\"2026-03-11T05:56:31+00:00\",\"breadcrumb\":{\"@id\":\"https:\/\/maxperfect.gifts\/izdelek\/reinhold-gerling-sitni-mozje-vzgoja-za-zakon-s-prilogo-muskarci-za-koje-se-ne-treba-udavati\/#breadcrumb\"},\"inLanguage\":\"en-US\",\"potentialAction\":[{\"@type\":\"ReadAction\",\"target\":[\"https:\/\/maxperfect.gifts\/izdelek\/reinhold-gerling-sitni-mozje-vzgoja-za-zakon-s-prilogo-muskarci-za-koje-se-ne-treba-udavati\/\"]}]},{\"@type\":\"ImageObject\",\"inLanguage\":\"en-US\",\"@id\":\"https:\/\/maxperfect.gifts\/izdelek\/reinhold-gerling-sitni-mozje-vzgoja-za-zakon-s-prilogo-muskarci-za-koje-se-ne-treba-udavati\/#primaryimage\",\"url\":\"https:\/\/maxperfect.gifts\/wp-content\/uploads\/2026\/02\/full_39eab5cdc1a981d8f72169047177d026.jpg\",\"contentUrl\":\"https:\/\/maxperfect.gifts\/wp-content\/uploads\/2026\/02\/full_39eab5cdc1a981d8f72169047177d026.jpg\",\"width\":781,\"height\":946},{\"@type\":\"BreadcrumbList\",\"@id\":\"https:\/\/maxperfect.gifts\/izdelek\/reinhold-gerling-sitni-mozje-vzgoja-za-zakon-s-prilogo-muskarci-za-koje-se-ne-treba-udavati\/#breadcrumb\",\"itemListElement\":[{\"@type\":\"ListItem\",\"position\":1,\"name\":\"Home\",\"item\":\"https:\/\/maxperfect.gifts\/en\/\"},{\"@type\":\"ListItem\",\"position\":2,\"name\":\"Trgovina\",\"item\":\"https:\/\/maxperfect.gifts\/trgovina\/\"},{\"@type\":\"ListItem\",\"position\":3,\"name\":\"Reinhold Gerling &#8211; Sitni mo\u017eje (Vzgoja za zakon) s prilogo: Mu\u0161karci za koje se ne treba udavati!\"}]},{\"@type\":\"WebSite\",\"@id\":\"https:\/\/maxperfect.gifts\/#website\",\"url\":\"https:\/\/maxperfect.gifts\/\",\"name\":\"Max Perfect Gifts\",\"description\":\"Darilni program\",\"publisher\":{\"@id\":\"https:\/\/maxperfect.gifts\/#organization\"},\"potentialAction\":[{\"@type\":\"SearchAction\",\"target\":{\"@type\":\"EntryPoint\",\"urlTemplate\":\"https:\/\/maxperfect.gifts\/?s={search_term_string}\"},\"query-input\":{\"@type\":\"PropertyValueSpecification\",\"valueRequired\":true,\"valueName\":\"search_term_string\"}}],\"inLanguage\":\"en-US\"},{\"@type\":\"Organization\",\"@id\":\"https:\/\/maxperfect.gifts\/#organization\",\"name\":\"Max Perfect Gifts\",\"url\":\"https:\/\/maxperfect.gifts\/\",\"logo\":{\"@type\":\"ImageObject\",\"inLanguage\":\"en-US\",\"@id\":\"https:\/\/maxperfect.gifts\/#\/schema\/logo\/image\/\",\"url\":\"https:\/\/maxperfect.gifts\/wp-content\/uploads\/2023\/11\/max-perfect-logotip.png\",\"contentUrl\":\"https:\/\/maxperfect.gifts\/wp-content\/uploads\/2023\/11\/max-perfect-logotip.png\",\"width\":200,\"height\":76,\"caption\":\"Max Perfect Gifts\"},\"image\":{\"@id\":\"https:\/\/maxperfect.gifts\/#\/schema\/logo\/image\/\"}}]}<\/script>\n<!-- \/ Yoast SEO plugin. -->","yoast_head_json":{"title":"Reinhold Gerling - Sitni mo\u017eje (Vzgoja za zakon) s prilogo: Mu\u0161karci za koje se ne treba udavati![:] - Max Perfect Gifts","robots":{"index":"index","follow":"follow","max-snippet":"max-snippet:-1","max-image-preview":"max-image-preview:large","max-video-preview":"max-video-preview:-1"},"canonical":"https:\/\/maxperfect.gifts\/izdelek\/reinhold-gerling-sitni-mozje-vzgoja-za-zakon-s-prilogo-muskarci-za-koje-se-ne-treba-udavati\/","og_locale":"en_US","og_type":"article","og_title":"[:sl]Reinhold Gerling - Sitni mo\u017eje (Vzgoja za zakon) s prilogo: Mu\u0161karci za koje se ne treba udavati![:] - Max Perfect Gifts","og_description":"[:sl]Priro\u010dnik za izbiro, vzgojo in prevzgojo mo\u0161kih[:]","og_url":"https:\/\/maxperfect.gifts\/en\/izdelek\/reinhold-gerling-sitni-mozje-vzgoja-za-zakon-s-prilogo-muskarci-za-koje-se-ne-treba-udavati\/","og_site_name":"Max Perfect Gifts","article_modified_time":"2026-03-11T05:56:31+00:00","og_image":[{"width":781,"height":946,"url":"https:\/\/maxperfect.gifts\/wp-content\/uploads\/2026\/02\/full_39eab5cdc1a981d8f72169047177d026.jpg","type":"image\/jpeg"}],"twitter_card":"summary_large_image","twitter_misc":{"Est. reading time":"2 minutes"},"schema":{"@context":"https:\/\/schema.org","@graph":[{"@type":"WebPage","@id":"https:\/\/maxperfect.gifts\/izdelek\/reinhold-gerling-sitni-mozje-vzgoja-za-zakon-s-prilogo-muskarci-za-koje-se-ne-treba-udavati\/","url":"https:\/\/maxperfect.gifts\/izdelek\/reinhold-gerling-sitni-mozje-vzgoja-za-zakon-s-prilogo-muskarci-za-koje-se-ne-treba-udavati\/","name":"[:sl]Reinhold Gerling - Sitni mo\u017eje (Vzgoja za zakon) s prilogo: Mu\u0161karci za koje se ne treba udavati![:] - Max Perfect Gifts","isPartOf":{"@id":"https:\/\/maxperfect.gifts\/#website"},"primaryImageOfPage":{"@id":"https:\/\/maxperfect.gifts\/izdelek\/reinhold-gerling-sitni-mozje-vzgoja-za-zakon-s-prilogo-muskarci-za-koje-se-ne-treba-udavati\/#primaryimage"},"image":{"@id":"https:\/\/maxperfect.gifts\/izdelek\/reinhold-gerling-sitni-mozje-vzgoja-za-zakon-s-prilogo-muskarci-za-koje-se-ne-treba-udavati\/#primaryimage"},"thumbnailUrl":"https:\/\/maxperfect.gifts\/wp-content\/uploads\/2026\/02\/full_39eab5cdc1a981d8f72169047177d026.jpg","datePublished":"2026-02-24T08:02:24+00:00","dateModified":"2026-03-11T05:56:31+00:00","breadcrumb":{"@id":"https:\/\/maxperfect.gifts\/izdelek\/reinhold-gerling-sitni-mozje-vzgoja-za-zakon-s-prilogo-muskarci-za-koje-se-ne-treba-udavati\/#breadcrumb"},"inLanguage":"en-US","potentialAction":[{"@type":"ReadAction","target":["https:\/\/maxperfect.gifts\/izdelek\/reinhold-gerling-sitni-mozje-vzgoja-za-zakon-s-prilogo-muskarci-za-koje-se-ne-treba-udavati\/"]}]},{"@type":"ImageObject","inLanguage":"en-US","@id":"https:\/\/maxperfect.gifts\/izdelek\/reinhold-gerling-sitni-mozje-vzgoja-za-zakon-s-prilogo-muskarci-za-koje-se-ne-treba-udavati\/#primaryimage","url":"https:\/\/maxperfect.gifts\/wp-content\/uploads\/2026\/02\/full_39eab5cdc1a981d8f72169047177d026.jpg","contentUrl":"https:\/\/maxperfect.gifts\/wp-content\/uploads\/2026\/02\/full_39eab5cdc1a981d8f72169047177d026.jpg","width":781,"height":946},{"@type":"BreadcrumbList","@id":"https:\/\/maxperfect.gifts\/izdelek\/reinhold-gerling-sitni-mozje-vzgoja-za-zakon-s-prilogo-muskarci-za-koje-se-ne-treba-udavati\/#breadcrumb","itemListElement":[{"@type":"ListItem","position":1,"name":"Home","item":"https:\/\/maxperfect.gifts\/en\/"},{"@type":"ListItem","position":2,"name":"Trgovina","item":"https:\/\/maxperfect.gifts\/trgovina\/"},{"@type":"ListItem","position":3,"name":"Reinhold Gerling &#8211; Sitni mo\u017eje (Vzgoja za zakon) s prilogo: Mu\u0161karci za koje se ne treba udavati!"}]},{"@type":"WebSite","@id":"https:\/\/maxperfect.gifts\/#website","url":"https:\/\/maxperfect.gifts\/","name":"Max Perfect Gifts","description":"Darilni program","publisher":{"@id":"https:\/\/maxperfect.gifts\/#organization"},"potentialAction":[{"@type":"SearchAction","target":{"@type":"EntryPoint","urlTemplate":"https:\/\/maxperfect.gifts\/?s={search_term_string}"},"query-input":{"@type":"PropertyValueSpecification","valueRequired":true,"valueName":"search_term_string"}}],"inLanguage":"en-US"},{"@type":"Organization","@id":"https:\/\/maxperfect.gifts\/#organization","name":"Max Perfect Gifts","url":"https:\/\/maxperfect.gifts\/","logo":{"@type":"ImageObject","inLanguage":"en-US","@id":"https:\/\/maxperfect.gifts\/#\/schema\/logo\/image\/","url":"https:\/\/maxperfect.gifts\/wp-content\/uploads\/2023\/11\/max-perfect-logotip.png","contentUrl":"https:\/\/maxperfect.gifts\/wp-content\/uploads\/2023\/11\/max-perfect-logotip.png","width":200,"height":76,"caption":"Max Perfect Gifts"},"image":{"@id":"https:\/\/maxperfect.gifts\/#\/schema\/logo\/image\/"}}]}},"_links":{"self":[{"href":"https:\/\/maxperfect.gifts\/en\/wp-json\/wp\/v2\/product\/2963","targetHints":{"allow":["GET"]}}],"collection":[{"href":"https:\/\/maxperfect.gifts\/en\/wp-json\/wp\/v2\/product"}],"about":[{"href":"https:\/\/maxperfect.gifts\/en\/wp-json\/wp\/v2\/types\/product"}],"wp:featuredmedia":[{"embeddable":true,"href":"https:\/\/maxperfect.gifts\/en\/wp-json\/wp\/v2\/media\/3026"}],"wp:attachment":[{"href":"https:\/\/maxperfect.gifts\/en\/wp-json\/wp\/v2\/media?parent=2963"}],"wp:term":[{"taxonomy":"product_cat","embeddable":true,"href":"https:\/\/maxperfect.gifts\/en\/wp-json\/wp\/v2\/product_cat?post=2963"},{"taxonomy":"product_tag","embeddable":true,"href":"https:\/\/maxperfect.gifts\/en\/wp-json\/wp\/v2\/product_tag?post=2963"}],"curies":[{"name":"wp","href":"https:\/\/api.w.org\/{rel}","templated":true}]}}