{"id":2965,"date":"2026-02-24T09:03:49","date_gmt":"2026-02-24T08:03:49","guid":{"rendered":"https:\/\/maxperfect.gifts\/?post_type=product&#038;p=2965"},"modified":"2026-03-11T06:56:31","modified_gmt":"2026-03-11T05:56:31","slug":"anton-bonaventura-jeglic-zeninom-in-nevestam-in-anonymus-kaj-pravi-brosura-skofa-antona-bonaventura","status":"publish","type":"product","link":"https:\/\/maxperfect.gifts\/en\/izdelek\/anton-bonaventura-jeglic-zeninom-in-nevestam-in-anonymus-kaj-pravi-brosura-skofa-antona-bonaventura\/","title":{"rendered":"Anton Bonaventura Jegli\u010d &#8211; \u017deninom in nevestam in Anonymus &#8211; Kaj pravi bro\u0161ura \u0161kofa Antona Bonaventura"},"content":{"rendered":"<h3>Anton Bonaventura Jegli\u010d &#8211; \u017deninom in nevestam in Anonymus &#8211; Kaj pravi bro\u0161ura \u0161kofa Antona Bonaventura<\/h3>\n<p style=\"text-align: left;\" align=\"center\"><strong>Znamenita rde\u010da knji\u017eica ljubljanskega \u0161kofa Antona Bonaventura Jegli\u010da in zelena bro\u0161ura v treh zvezkih \u2013 odziv liberalcev.<\/strong><\/p>\n<p style=\"text-align: left;\" align=\"center\"><strong>Spremna \u0161tudija: dr. Toma\u017e Ive\u0161i\u0107, v. d. direktor, \u0160tudijski center za narodno spravo<\/strong><\/p>\n<p>&nbsp;<\/p>\n<p>&nbsp;<\/p>\n<p>Davnega leta 1910 je ljubljanski \u0161kof Anton Bonaventura Jegli\u010d spisal znamenito rde\u010do knji\u017eico \u2018\u017deninom in nevestam\u2019, Pouk za sre\u010den zakon, namenjeni \u017eeninom in nevestam, ker, kot je napisal \u201c\u017eelita o tem kaj poizvedeti, toda sramujeta se povpra\u0161ati\u201d.<\/p>\n<p>Knji\u017eica nasvetov za \u017eivljenje v \u010dasu pred poroko, na dan poroke in po poroki (ki jo katoli\u0161ke zalo\u017ebe najprej niso hotele natisniti, katoli\u0161ki \u010dasopisi pa ne ogla\u0161evati) je spro\u017eila tako silovit odziv javnosti, da jo je \u0161kof po treh dneh umaknil iz prodaje.<\/p>\n<p>\u0160kandal, ki je izbruhnil, pa je bil bolj posledica podivjanih strankarskih razmer, kot vsebine same. Liberalni \u010dasnik Slovenski narod je zapisal, da gre za navaden popopran \u00bbpornografi\u010den spis\u00ab, kakr\u0161nega v slovenskem jeziku \u0161e ni bilo, zato so liberalci izdali svojo, zeleno bro\u0161uro &#8220;Kaj pravi bro\u0161ura \u0161kofa Antona Bonaventura &#8211; kriti\u010dna razprava&#8221;, v kateri so se nor\u010devali in sme\u0161ili ljubljanskega \u0161kofa. Zeleno bro\u0161uro je zaplenilo okrajno glavarstvo.<\/p>\n<p>Vse skupaj je \u0161lo tako dale\u010d, da je liberalni tabor svojo bro\u0161uro prevedel \u0161e v nem\u0161\u010dino, italijan\u0161\u010dino in franco\u0161\u010dino in z njimi zasmehoval Jegli\u010da v tujini. Dr. Anton Nadrah pravi o tistih \u010dasih, da so tercialke, pretirano pobo\u017ene \u017eene, pljuvale v \u0161kofijsko pala\u010do, ko so hodile mimo, ostali ljudje pa so se na vsakem koraku nor\u010devali iz \u0161kofa.Jegli\u010d je bil popolnoma uni\u010den, razmi\u0161ljal je celo o odstopu.<\/p>\n<p>Zvedelo se je, da so liberalci imeli v tiskarni svojega vohuna, ki je vzel bro\u0161urico iz tiskarne, \u0161e preden je ta bila natisnjena. \u0160lo je torej za premi\u0161ljeno gonjo za diskreditacijo \u0161kofa.<\/p>\n<p>Kasneje je katoli\u0161ki tabor za\u010del po celi Kranjski prirejati shode v podporo \u0161kofu na Kranjskem in \u0161ele konec leta se je liberalna gonja proti \u0161kofu postopoma umirila.<\/p>\n<p>&nbsp;<\/p>\n<div>\n<p><em>\u00a0<\/em><\/p>\n<p><strong>Knji\u017eica + bro\u0161ura v treh zvezkih. Vezano v eno knjigo s spremno \u0161tudijo, obseg: 160 strani, A5 format.<\/strong><\/p>\n<\/div>\n","protected":false},"excerpt":{"rendered":"<p>Seks kot oblika kulturnega boja<\/p>\n","protected":false},"featured_media":2966,"template":"","meta":[],"product_cat":[174],"product_tag":[],"class_list":{"0":"post-2965","1":"product","2":"type-product","3":"status-publish","4":"has-post-thumbnail","6":"product_cat-zalozba","8":"first","9":"instock","10":"taxable","11":"shipping-taxable","12":"purchasable","13":"product-type-simple"},"yoast_head":"<!-- This site is optimized with the Yoast SEO plugin v27.1.1 - https:\/\/yoast.com\/product\/yoast-seo-wordpress\/ -->\n<title>Anton Bonaventura Jegli\u010d - \u017deninom in nevestam in Anonymus - Kaj pravi bro\u0161ura \u0161kofa Antona Bonaventura[:] - Max Perfect Gifts<\/title>\n<meta name=\"robots\" content=\"index, follow, max-snippet:-1, max-image-preview:large, max-video-preview:-1\" \/>\n<link rel=\"canonical\" href=\"https:\/\/maxperfect.gifts\/izdelek\/anton-bonaventura-jeglic-zeninom-in-nevestam-in-anonymus-kaj-pravi-brosura-skofa-antona-bonaventura\/\" \/>\n<meta property=\"og:locale\" content=\"en_US\" \/>\n<meta property=\"og:type\" content=\"article\" \/>\n<meta property=\"og:title\" content=\"Anton Bonaventura Jegli\u010d - \u017deninom in nevestam in Anonymus - Kaj pravi bro\u0161ura \u0161kofa Antona Bonaventura\" \/>\n<meta property=\"og:description\" content=\"Seks kot oblika kulturnega boja\" \/>\n<meta property=\"og:url\" content=\"https:\/\/maxperfect.gifts\/en\/izdelek\/anton-bonaventura-jeglic-zeninom-in-nevestam-in-anonymus-kaj-pravi-brosura-skofa-antona-bonaventura\/\" \/>\n<meta property=\"og:site_name\" content=\"Max Perfect Gifts\" \/>\n<meta property=\"article:modified_time\" content=\"2026-03-11T05:56:31+00:00\" \/>\n<meta property=\"og:image\" content=\"https:\/\/maxperfect.gifts\/wp-content\/uploads\/2026\/02\/zeniminnevestam.jpg\" \/>\n\t<meta property=\"og:image:width\" content=\"810\" \/>\n\t<meta property=\"og:image:height\" content=\"934\" \/>\n\t<meta property=\"og:image:type\" content=\"image\/jpeg\" \/>\n<meta name=\"twitter:card\" content=\"summary_large_image\" \/>\n<meta name=\"twitter:label1\" content=\"Est. reading time\" \/>\n\t<meta name=\"twitter:data1\" content=\"3 minutes\" \/>\n<script type=\"application\/ld+json\" class=\"yoast-schema-graph\">{\"@context\":\"https:\/\/schema.org\",\"@graph\":[{\"@type\":\"WebPage\",\"@id\":\"https:\/\/maxperfect.gifts\/izdelek\/anton-bonaventura-jeglic-zeninom-in-nevestam-in-anonymus-kaj-pravi-brosura-skofa-antona-bonaventura\/\",\"url\":\"https:\/\/maxperfect.gifts\/izdelek\/anton-bonaventura-jeglic-zeninom-in-nevestam-in-anonymus-kaj-pravi-brosura-skofa-antona-bonaventura\/\",\"name\":\"[:sl]Anton Bonaventura Jegli\u010d - \u017deninom in nevestam in Anonymus - Kaj pravi bro\u0161ura \u0161kofa Antona Bonaventura[:] - Max Perfect Gifts\",\"isPartOf\":{\"@id\":\"https:\/\/maxperfect.gifts\/#website\"},\"primaryImageOfPage\":{\"@id\":\"https:\/\/maxperfect.gifts\/izdelek\/anton-bonaventura-jeglic-zeninom-in-nevestam-in-anonymus-kaj-pravi-brosura-skofa-antona-bonaventura\/#primaryimage\"},\"image\":{\"@id\":\"https:\/\/maxperfect.gifts\/izdelek\/anton-bonaventura-jeglic-zeninom-in-nevestam-in-anonymus-kaj-pravi-brosura-skofa-antona-bonaventura\/#primaryimage\"},\"thumbnailUrl\":\"https:\/\/maxperfect.gifts\/wp-content\/uploads\/2026\/02\/zeniminnevestam.jpg\",\"datePublished\":\"2026-02-24T08:03:49+00:00\",\"dateModified\":\"2026-03-11T05:56:31+00:00\",\"breadcrumb\":{\"@id\":\"https:\/\/maxperfect.gifts\/izdelek\/anton-bonaventura-jeglic-zeninom-in-nevestam-in-anonymus-kaj-pravi-brosura-skofa-antona-bonaventura\/#breadcrumb\"},\"inLanguage\":\"en-US\",\"potentialAction\":[{\"@type\":\"ReadAction\",\"target\":[\"https:\/\/maxperfect.gifts\/izdelek\/anton-bonaventura-jeglic-zeninom-in-nevestam-in-anonymus-kaj-pravi-brosura-skofa-antona-bonaventura\/\"]}]},{\"@type\":\"ImageObject\",\"inLanguage\":\"en-US\",\"@id\":\"https:\/\/maxperfect.gifts\/izdelek\/anton-bonaventura-jeglic-zeninom-in-nevestam-in-anonymus-kaj-pravi-brosura-skofa-antona-bonaventura\/#primaryimage\",\"url\":\"https:\/\/maxperfect.gifts\/wp-content\/uploads\/2026\/02\/zeniminnevestam.jpg\",\"contentUrl\":\"https:\/\/maxperfect.gifts\/wp-content\/uploads\/2026\/02\/zeniminnevestam.jpg\",\"width\":810,\"height\":934},{\"@type\":\"BreadcrumbList\",\"@id\":\"https:\/\/maxperfect.gifts\/izdelek\/anton-bonaventura-jeglic-zeninom-in-nevestam-in-anonymus-kaj-pravi-brosura-skofa-antona-bonaventura\/#breadcrumb\",\"itemListElement\":[{\"@type\":\"ListItem\",\"position\":1,\"name\":\"Home\",\"item\":\"https:\/\/maxperfect.gifts\/en\/\"},{\"@type\":\"ListItem\",\"position\":2,\"name\":\"Trgovina\",\"item\":\"https:\/\/maxperfect.gifts\/trgovina\/\"},{\"@type\":\"ListItem\",\"position\":3,\"name\":\"Anton Bonaventura Jegli\u010d &#8211; \u017deninom in nevestam in Anonymus &#8211; Kaj pravi bro\u0161ura \u0161kofa Antona Bonaventura\"}]},{\"@type\":\"WebSite\",\"@id\":\"https:\/\/maxperfect.gifts\/#website\",\"url\":\"https:\/\/maxperfect.gifts\/\",\"name\":\"Max Perfect Gifts\",\"description\":\"Darilni program\",\"publisher\":{\"@id\":\"https:\/\/maxperfect.gifts\/#organization\"},\"potentialAction\":[{\"@type\":\"SearchAction\",\"target\":{\"@type\":\"EntryPoint\",\"urlTemplate\":\"https:\/\/maxperfect.gifts\/?s={search_term_string}\"},\"query-input\":{\"@type\":\"PropertyValueSpecification\",\"valueRequired\":true,\"valueName\":\"search_term_string\"}}],\"inLanguage\":\"en-US\"},{\"@type\":\"Organization\",\"@id\":\"https:\/\/maxperfect.gifts\/#organization\",\"name\":\"Max Perfect Gifts\",\"url\":\"https:\/\/maxperfect.gifts\/\",\"logo\":{\"@type\":\"ImageObject\",\"inLanguage\":\"en-US\",\"@id\":\"https:\/\/maxperfect.gifts\/#\/schema\/logo\/image\/\",\"url\":\"https:\/\/maxperfect.gifts\/wp-content\/uploads\/2023\/11\/max-perfect-logotip.png\",\"contentUrl\":\"https:\/\/maxperfect.gifts\/wp-content\/uploads\/2023\/11\/max-perfect-logotip.png\",\"width\":200,\"height\":76,\"caption\":\"Max Perfect Gifts\"},\"image\":{\"@id\":\"https:\/\/maxperfect.gifts\/#\/schema\/logo\/image\/\"}}]}<\/script>\n<!-- \/ Yoast SEO plugin. -->","yoast_head_json":{"title":"Anton Bonaventura Jegli\u010d - \u017deninom in nevestam in Anonymus - Kaj pravi bro\u0161ura \u0161kofa Antona Bonaventura[:] - Max Perfect Gifts","robots":{"index":"index","follow":"follow","max-snippet":"max-snippet:-1","max-image-preview":"max-image-preview:large","max-video-preview":"max-video-preview:-1"},"canonical":"https:\/\/maxperfect.gifts\/izdelek\/anton-bonaventura-jeglic-zeninom-in-nevestam-in-anonymus-kaj-pravi-brosura-skofa-antona-bonaventura\/","og_locale":"en_US","og_type":"article","og_title":"[:sl]Anton Bonaventura Jegli\u010d - \u017deninom in nevestam in Anonymus - Kaj pravi bro\u0161ura \u0161kofa Antona Bonaventura[:] - Max Perfect Gifts","og_description":"[:sl]Seks kot oblika kulturnega boja[:]","og_url":"https:\/\/maxperfect.gifts\/en\/izdelek\/anton-bonaventura-jeglic-zeninom-in-nevestam-in-anonymus-kaj-pravi-brosura-skofa-antona-bonaventura\/","og_site_name":"Max Perfect Gifts","article_modified_time":"2026-03-11T05:56:31+00:00","og_image":[{"width":810,"height":934,"url":"https:\/\/maxperfect.gifts\/wp-content\/uploads\/2026\/02\/zeniminnevestam.jpg","type":"image\/jpeg"}],"twitter_card":"summary_large_image","twitter_misc":{"Est. reading time":"3 minutes"},"schema":{"@context":"https:\/\/schema.org","@graph":[{"@type":"WebPage","@id":"https:\/\/maxperfect.gifts\/izdelek\/anton-bonaventura-jeglic-zeninom-in-nevestam-in-anonymus-kaj-pravi-brosura-skofa-antona-bonaventura\/","url":"https:\/\/maxperfect.gifts\/izdelek\/anton-bonaventura-jeglic-zeninom-in-nevestam-in-anonymus-kaj-pravi-brosura-skofa-antona-bonaventura\/","name":"[:sl]Anton Bonaventura Jegli\u010d - \u017deninom in nevestam in Anonymus - Kaj pravi bro\u0161ura \u0161kofa Antona Bonaventura[:] - Max Perfect Gifts","isPartOf":{"@id":"https:\/\/maxperfect.gifts\/#website"},"primaryImageOfPage":{"@id":"https:\/\/maxperfect.gifts\/izdelek\/anton-bonaventura-jeglic-zeninom-in-nevestam-in-anonymus-kaj-pravi-brosura-skofa-antona-bonaventura\/#primaryimage"},"image":{"@id":"https:\/\/maxperfect.gifts\/izdelek\/anton-bonaventura-jeglic-zeninom-in-nevestam-in-anonymus-kaj-pravi-brosura-skofa-antona-bonaventura\/#primaryimage"},"thumbnailUrl":"https:\/\/maxperfect.gifts\/wp-content\/uploads\/2026\/02\/zeniminnevestam.jpg","datePublished":"2026-02-24T08:03:49+00:00","dateModified":"2026-03-11T05:56:31+00:00","breadcrumb":{"@id":"https:\/\/maxperfect.gifts\/izdelek\/anton-bonaventura-jeglic-zeninom-in-nevestam-in-anonymus-kaj-pravi-brosura-skofa-antona-bonaventura\/#breadcrumb"},"inLanguage":"en-US","potentialAction":[{"@type":"ReadAction","target":["https:\/\/maxperfect.gifts\/izdelek\/anton-bonaventura-jeglic-zeninom-in-nevestam-in-anonymus-kaj-pravi-brosura-skofa-antona-bonaventura\/"]}]},{"@type":"ImageObject","inLanguage":"en-US","@id":"https:\/\/maxperfect.gifts\/izdelek\/anton-bonaventura-jeglic-zeninom-in-nevestam-in-anonymus-kaj-pravi-brosura-skofa-antona-bonaventura\/#primaryimage","url":"https:\/\/maxperfect.gifts\/wp-content\/uploads\/2026\/02\/zeniminnevestam.jpg","contentUrl":"https:\/\/maxperfect.gifts\/wp-content\/uploads\/2026\/02\/zeniminnevestam.jpg","width":810,"height":934},{"@type":"BreadcrumbList","@id":"https:\/\/maxperfect.gifts\/izdelek\/anton-bonaventura-jeglic-zeninom-in-nevestam-in-anonymus-kaj-pravi-brosura-skofa-antona-bonaventura\/#breadcrumb","itemListElement":[{"@type":"ListItem","position":1,"name":"Home","item":"https:\/\/maxperfect.gifts\/en\/"},{"@type":"ListItem","position":2,"name":"Trgovina","item":"https:\/\/maxperfect.gifts\/trgovina\/"},{"@type":"ListItem","position":3,"name":"Anton Bonaventura Jegli\u010d &#8211; \u017deninom in nevestam in Anonymus &#8211; Kaj pravi bro\u0161ura \u0161kofa Antona Bonaventura"}]},{"@type":"WebSite","@id":"https:\/\/maxperfect.gifts\/#website","url":"https:\/\/maxperfect.gifts\/","name":"Max Perfect Gifts","description":"Darilni program","publisher":{"@id":"https:\/\/maxperfect.gifts\/#organization"},"potentialAction":[{"@type":"SearchAction","target":{"@type":"EntryPoint","urlTemplate":"https:\/\/maxperfect.gifts\/?s={search_term_string}"},"query-input":{"@type":"PropertyValueSpecification","valueRequired":true,"valueName":"search_term_string"}}],"inLanguage":"en-US"},{"@type":"Organization","@id":"https:\/\/maxperfect.gifts\/#organization","name":"Max Perfect Gifts","url":"https:\/\/maxperfect.gifts\/","logo":{"@type":"ImageObject","inLanguage":"en-US","@id":"https:\/\/maxperfect.gifts\/#\/schema\/logo\/image\/","url":"https:\/\/maxperfect.gifts\/wp-content\/uploads\/2023\/11\/max-perfect-logotip.png","contentUrl":"https:\/\/maxperfect.gifts\/wp-content\/uploads\/2023\/11\/max-perfect-logotip.png","width":200,"height":76,"caption":"Max Perfect Gifts"},"image":{"@id":"https:\/\/maxperfect.gifts\/#\/schema\/logo\/image\/"}}]}},"_links":{"self":[{"href":"https:\/\/maxperfect.gifts\/en\/wp-json\/wp\/v2\/product\/2965","targetHints":{"allow":["GET"]}}],"collection":[{"href":"https:\/\/maxperfect.gifts\/en\/wp-json\/wp\/v2\/product"}],"about":[{"href":"https:\/\/maxperfect.gifts\/en\/wp-json\/wp\/v2\/types\/product"}],"wp:featuredmedia":[{"embeddable":true,"href":"https:\/\/maxperfect.gifts\/en\/wp-json\/wp\/v2\/media\/2966"}],"wp:attachment":[{"href":"https:\/\/maxperfect.gifts\/en\/wp-json\/wp\/v2\/media?parent=2965"}],"wp:term":[{"taxonomy":"product_cat","embeddable":true,"href":"https:\/\/maxperfect.gifts\/en\/wp-json\/wp\/v2\/product_cat?post=2965"},{"taxonomy":"product_tag","embeddable":true,"href":"https:\/\/maxperfect.gifts\/en\/wp-json\/wp\/v2\/product_tag?post=2965"}],"curies":[{"name":"wp","href":"https:\/\/api.w.org\/{rel}","templated":true}]}}