{"id":2967,"date":"2026-02-24T09:10:07","date_gmt":"2026-02-24T08:10:07","guid":{"rendered":"https:\/\/maxperfect.gifts\/?post_type=product&#038;p=2967"},"modified":"2026-03-11T06:56:31","modified_gmt":"2026-03-11T05:56:31","slug":"dekleta-ki-niso-za-zakon-zablode-ljubavnega-zivljenja-vecni-greh-ljubezni-higijena-prve-porocne-noci","status":"publish","type":"product","link":"https:\/\/maxperfect.gifts\/en\/izdelek\/dekleta-ki-niso-za-zakon-zablode-ljubavnega-zivljenja-vecni-greh-ljubezni-higijena-prve-porocne-noci\/","title":{"rendered":"Dekleta, ki niso za zakon, Zablode ljubavnega \u017eivljenja, Ve\u010dni greh ljubezni, Higijena prve poro\u010dne no\u010di"},"content":{"rendered":"<h3>Dekleta, ki niso za zakon, Zablode ljubavnega \u017eivljenja, Ve\u010dni greh ljubezni, Higijena prve poro\u010dne no\u010di<\/h3>\n<p><strong>Ponatis \u0161tirih priro\u010dnikov (izdanih v dveh knjigah), polnih mizoginije, rasizma in homofobije, obogatenih z evgeniko in psevdopsihologijo, ki \u017ee na prvih straneh spravljo v za\u010dudenje in smeh dana\u0161njega bralca. Prvi\u010d so iz\u0161li v slovenskem jeziku l. 1929 v Zagrebu ter so na\u0161i prvi poljudni priro\u010dniki o izbiri partnerja, ljubezenskem in zakonskem \u017eivljenju.\u00a0V prej\u0161njem stoletju so bili prevedeni v ve\u010d jezikov, prodanih pa je bilo ve\u010d kot 200.000 izvodov &#8230;<\/strong><strong><br \/>\n<\/strong><\/p>\n<p><strong>&#8230; na koncu pa je oblast vsaj prvo knjigo v celoti prepovedala in zaplenila.<\/strong><\/p>\n<p><img loading=\"lazy\" decoding=\"async\" class=\"alignnone size-medium wp-image-2969\" src=\"https:\/\/maxperfect.gifts\/wp-content\/uploads\/2026\/02\/opozorilo-1-300x143.png\" alt=\"\" width=\"300\" height=\"143\" srcset=\"https:\/\/maxperfect.gifts\/wp-content\/uploads\/2026\/02\/opozorilo-1-300x143.png 300w, https:\/\/maxperfect.gifts\/wp-content\/uploads\/2026\/02\/opozorilo-1-768x367.png 768w, https:\/\/maxperfect.gifts\/wp-content\/uploads\/2026\/02\/opozorilo-1-600x287.png 600w, https:\/\/maxperfect.gifts\/wp-content\/uploads\/2026\/02\/opozorilo-1.png 900w\" sizes=\"auto, (max-width: 300px) 100vw, 300px\" \/><\/p>\n<div class=\"jshop_prod_description\">\n<p><strong>Ta dela, v\u00a0vsakem primeru &#8211; neprecenljivo okno v na\u0161o preteklost,\u00a0dajemo po skoraj stotih letih ponovno med bralce z iskrenim upanjem, da jih nih\u010de ne bo vzel resno.<\/strong><\/p>\n<p><strong>\u00a0<\/strong><\/p>\n<p><strong>Avtorji dajejo odgovore na vpra\u0161anja, ki si jih dandanes razumen \u010dlovek sploh ne bi zastavil:\u00a0<\/strong><\/p>\n<p>Je v mnogih slu\u010dajih vzrok strahu pred zakonom homoseksualni ali biseksualni nagon?<\/p>\n<p>So plavolaske v splo\u0161nem bolj plodne kot kostanjeve? Zakaj hitreje podle\u017eejo tuberkulozi kot pa \u010drnolaske?<\/p>\n<p>So rde\u010delaske res po ve\u010dini revmati\u010dne, toda redko pridejo v nori\u0161nico?<\/p>\n<p>Kaj pomeni neprijeten zadah iz ust in jako kr\u010devito drhtenje pri prvem objemu?<\/p>\n<p>Kako je, ko kdo o\u017eeni \u201cmoderno lutko in si kupi polno pest ljubavnih slasti, a to si je mogel kupiti v vsaki trgovini?<\/p>\n<p>Zakaj svetujejo, naj se ne vzame histeri\u010dne \u017eenske?<\/p>\n<p><img loading=\"lazy\" decoding=\"async\" class=\"alignnone size-medium wp-image-2970\" src=\"https:\/\/maxperfect.gifts\/wp-content\/uploads\/2026\/02\/imageedit_4_7339862637-300x171.gif\" alt=\"\" width=\"300\" height=\"171\" srcset=\"https:\/\/maxperfect.gifts\/wp-content\/uploads\/2026\/02\/imageedit_4_7339862637-300x171.gif 300w, https:\/\/maxperfect.gifts\/wp-content\/uploads\/2026\/02\/imageedit_4_7339862637-768x438.gif 768w, https:\/\/maxperfect.gifts\/wp-content\/uploads\/2026\/02\/imageedit_4_7339862637-600x342.gif 600w\" sizes=\"auto, (max-width: 300px) 100vw, 300px\" \/><\/p>\n<p>Je med nenasitno \u017eeno in rojeno prostitutko kak\u0161na razlika?<\/p>\n<p>Ali spoznamo sadisti\u010dne \u017eene samo po vise\u010dih u\u0161esih in raznih izbo\u010denjih na straneh lobanje?<\/p>\n<p>Je lahko hladna \u017eena homoseksualna, ne da bi to sama vedela?<\/p>\n<p>\u017de pred svetovno vojno je bilo \u0161tevilo deklet, ki so bile obsojene, da ostanejo samice, jako veliko. Navkljub temu, da se marsikaj da pri \u017eenah izravnati z mo\u010dno roko, ali je, \u010de upo\u0161tevamo vse, kar se navaja v tej knjigi, mogo\u010de sploh najti mladenko, ki bi bila sposobna za zakon?<\/p>\n<p><strong>Naj se v mo\u017eeh dana\u0161nje dobe vzbude in razvijejo silne energije. Naj krenejo preko krvi, mo\u010dvirja in prepada v vi\u0161ino, k zmagi. \u017dene, dekleta, pomagajte jim v tem, vzpodbujajte in krepite jih s svojo mo\u010djo in \u010disto ljubeznijo, bodite jim zveste spremljevalke tudi na trnjevih potih, s ponosom jim rodite deco &#8230;<\/strong><\/p>\n<p dir=\"ltr\">\n<p><strong>4 knjige vezane v dve, obseg: 27, 16, 20 in 40 strani, A5 format.<\/strong><\/p>\n<p>Oblikovanje: Neuropolitan<\/p>\n<\/div>\n","protected":false},"excerpt":{"rendered":"<p>Prvi slovenski poljudni priro\u010dniki o izbiri partnerja, ljubezenskem in zakonskem \u017eivljenju<\/p>\n","protected":false},"featured_media":2968,"template":"","meta":[],"product_cat":[174],"product_tag":[],"class_list":{"0":"post-2967","1":"product","2":"type-product","3":"status-publish","4":"has-post-thumbnail","6":"product_cat-zalozba","8":"first","9":"instock","10":"taxable","11":"shipping-taxable","12":"purchasable","13":"product-type-simple"},"yoast_head":"<!-- This site is optimized with the Yoast SEO plugin v27.1.1 - https:\/\/yoast.com\/product\/yoast-seo-wordpress\/ -->\n<title>Dekleta, ki niso za zakon, Zablode ljubavnega \u017eivljenja, Ve\u010dni greh ljubezni, Higijena prve poro\u010dne no\u010di - Max Perfect Gifts<\/title>\n<meta name=\"robots\" content=\"index, follow, max-snippet:-1, max-image-preview:large, max-video-preview:-1\" \/>\n<link rel=\"canonical\" href=\"https:\/\/maxperfect.gifts\/izdelek\/dekleta-ki-niso-za-zakon-zablode-ljubavnega-zivljenja-vecni-greh-ljubezni-higijena-prve-porocne-noci\/\" \/>\n<meta property=\"og:locale\" content=\"en_US\" \/>\n<meta property=\"og:type\" content=\"article\" \/>\n<meta property=\"og:title\" content=\"Dekleta, ki niso za zakon, Zablode ljubavnega \u017eivljenja, Ve\u010dni greh ljubezni, Higijena prve poro\u010dne no\u010di\" \/>\n<meta property=\"og:description\" content=\"Prvi slovenski poljudni priro\u010dniki o izbiri partnerja, ljubezenskem in zakonskem \u017eivljenju\" \/>\n<meta property=\"og:url\" content=\"https:\/\/maxperfect.gifts\/en\/izdelek\/dekleta-ki-niso-za-zakon-zablode-ljubavnega-zivljenja-vecni-greh-ljubezni-higijena-prve-porocne-noci\/\" \/>\n<meta property=\"og:site_name\" content=\"Max Perfect Gifts\" \/>\n<meta property=\"article:modified_time\" content=\"2026-03-11T05:56:31+00:00\" \/>\n<meta property=\"og:image\" content=\"https:\/\/maxperfect.gifts\/wp-content\/uploads\/2026\/02\/6899.png\" \/>\n\t<meta property=\"og:image:width\" content=\"900\" \/>\n\t<meta property=\"og:image:height\" content=\"701\" \/>\n\t<meta property=\"og:image:type\" content=\"image\/png\" \/>\n<meta name=\"twitter:card\" content=\"summary_large_image\" \/>\n<meta name=\"twitter:label1\" content=\"Est. reading time\" \/>\n\t<meta name=\"twitter:data1\" content=\"3 minutes\" \/>\n<script type=\"application\/ld+json\" class=\"yoast-schema-graph\">{\"@context\":\"https:\/\/schema.org\",\"@graph\":[{\"@type\":\"WebPage\",\"@id\":\"https:\/\/maxperfect.gifts\/izdelek\/dekleta-ki-niso-za-zakon-zablode-ljubavnega-zivljenja-vecni-greh-ljubezni-higijena-prve-porocne-noci\/\",\"url\":\"https:\/\/maxperfect.gifts\/izdelek\/dekleta-ki-niso-za-zakon-zablode-ljubavnega-zivljenja-vecni-greh-ljubezni-higijena-prve-porocne-noci\/\",\"name\":\"[:sl]Dekleta, ki niso za zakon, Zablode ljubavnega \u017eivljenja, Ve\u010dni greh ljubezni, Higijena prve poro\u010dne no\u010di[:] - Max Perfect Gifts\",\"isPartOf\":{\"@id\":\"https:\/\/maxperfect.gifts\/#website\"},\"primaryImageOfPage\":{\"@id\":\"https:\/\/maxperfect.gifts\/izdelek\/dekleta-ki-niso-za-zakon-zablode-ljubavnega-zivljenja-vecni-greh-ljubezni-higijena-prve-porocne-noci\/#primaryimage\"},\"image\":{\"@id\":\"https:\/\/maxperfect.gifts\/izdelek\/dekleta-ki-niso-za-zakon-zablode-ljubavnega-zivljenja-vecni-greh-ljubezni-higijena-prve-porocne-noci\/#primaryimage\"},\"thumbnailUrl\":\"https:\/\/maxperfect.gifts\/wp-content\/uploads\/2026\/02\/6899.png\",\"datePublished\":\"2026-02-24T08:10:07+00:00\",\"dateModified\":\"2026-03-11T05:56:31+00:00\",\"breadcrumb\":{\"@id\":\"https:\/\/maxperfect.gifts\/izdelek\/dekleta-ki-niso-za-zakon-zablode-ljubavnega-zivljenja-vecni-greh-ljubezni-higijena-prve-porocne-noci\/#breadcrumb\"},\"inLanguage\":\"en-US\",\"potentialAction\":[{\"@type\":\"ReadAction\",\"target\":[\"https:\/\/maxperfect.gifts\/izdelek\/dekleta-ki-niso-za-zakon-zablode-ljubavnega-zivljenja-vecni-greh-ljubezni-higijena-prve-porocne-noci\/\"]}]},{\"@type\":\"ImageObject\",\"inLanguage\":\"en-US\",\"@id\":\"https:\/\/maxperfect.gifts\/izdelek\/dekleta-ki-niso-za-zakon-zablode-ljubavnega-zivljenja-vecni-greh-ljubezni-higijena-prve-porocne-noci\/#primaryimage\",\"url\":\"https:\/\/maxperfect.gifts\/wp-content\/uploads\/2026\/02\/6899.png\",\"contentUrl\":\"https:\/\/maxperfect.gifts\/wp-content\/uploads\/2026\/02\/6899.png\",\"width\":900,\"height\":701},{\"@type\":\"BreadcrumbList\",\"@id\":\"https:\/\/maxperfect.gifts\/izdelek\/dekleta-ki-niso-za-zakon-zablode-ljubavnega-zivljenja-vecni-greh-ljubezni-higijena-prve-porocne-noci\/#breadcrumb\",\"itemListElement\":[{\"@type\":\"ListItem\",\"position\":1,\"name\":\"Home\",\"item\":\"https:\/\/maxperfect.gifts\/en\/\"},{\"@type\":\"ListItem\",\"position\":2,\"name\":\"Trgovina\",\"item\":\"https:\/\/maxperfect.gifts\/trgovina\/\"},{\"@type\":\"ListItem\",\"position\":3,\"name\":\"Dekleta, ki niso za zakon, Zablode ljubavnega \u017eivljenja, Ve\u010dni greh ljubezni, Higijena prve poro\u010dne no\u010di\"}]},{\"@type\":\"WebSite\",\"@id\":\"https:\/\/maxperfect.gifts\/#website\",\"url\":\"https:\/\/maxperfect.gifts\/\",\"name\":\"Max Perfect Gifts\",\"description\":\"Darilni program\",\"publisher\":{\"@id\":\"https:\/\/maxperfect.gifts\/#organization\"},\"potentialAction\":[{\"@type\":\"SearchAction\",\"target\":{\"@type\":\"EntryPoint\",\"urlTemplate\":\"https:\/\/maxperfect.gifts\/?s={search_term_string}\"},\"query-input\":{\"@type\":\"PropertyValueSpecification\",\"valueRequired\":true,\"valueName\":\"search_term_string\"}}],\"inLanguage\":\"en-US\"},{\"@type\":\"Organization\",\"@id\":\"https:\/\/maxperfect.gifts\/#organization\",\"name\":\"Max Perfect Gifts\",\"url\":\"https:\/\/maxperfect.gifts\/\",\"logo\":{\"@type\":\"ImageObject\",\"inLanguage\":\"en-US\",\"@id\":\"https:\/\/maxperfect.gifts\/#\/schema\/logo\/image\/\",\"url\":\"https:\/\/maxperfect.gifts\/wp-content\/uploads\/2023\/11\/max-perfect-logotip.png\",\"contentUrl\":\"https:\/\/maxperfect.gifts\/wp-content\/uploads\/2023\/11\/max-perfect-logotip.png\",\"width\":200,\"height\":76,\"caption\":\"Max Perfect Gifts\"},\"image\":{\"@id\":\"https:\/\/maxperfect.gifts\/#\/schema\/logo\/image\/\"}}]}<\/script>\n<!-- \/ Yoast SEO plugin. -->","yoast_head_json":{"title":"Dekleta, ki niso za zakon, Zablode ljubavnega \u017eivljenja, Ve\u010dni greh ljubezni, Higijena prve poro\u010dne no\u010di - Max Perfect Gifts","robots":{"index":"index","follow":"follow","max-snippet":"max-snippet:-1","max-image-preview":"max-image-preview:large","max-video-preview":"max-video-preview:-1"},"canonical":"https:\/\/maxperfect.gifts\/izdelek\/dekleta-ki-niso-za-zakon-zablode-ljubavnega-zivljenja-vecni-greh-ljubezni-higijena-prve-porocne-noci\/","og_locale":"en_US","og_type":"article","og_title":"[:sl]Dekleta, ki niso za zakon, Zablode ljubavnega \u017eivljenja, Ve\u010dni greh ljubezni, Higijena prve poro\u010dne no\u010di[:] - Max Perfect Gifts","og_description":"[:sl]Prvi slovenski poljudni priro\u010dniki o izbiri partnerja, ljubezenskem in zakonskem \u017eivljenju[:]","og_url":"https:\/\/maxperfect.gifts\/en\/izdelek\/dekleta-ki-niso-za-zakon-zablode-ljubavnega-zivljenja-vecni-greh-ljubezni-higijena-prve-porocne-noci\/","og_site_name":"Max Perfect Gifts","article_modified_time":"2026-03-11T05:56:31+00:00","og_image":[{"width":900,"height":701,"url":"https:\/\/maxperfect.gifts\/wp-content\/uploads\/2026\/02\/6899.png","type":"image\/png"}],"twitter_card":"summary_large_image","twitter_misc":{"Est. reading time":"3 minutes"},"schema":{"@context":"https:\/\/schema.org","@graph":[{"@type":"WebPage","@id":"https:\/\/maxperfect.gifts\/izdelek\/dekleta-ki-niso-za-zakon-zablode-ljubavnega-zivljenja-vecni-greh-ljubezni-higijena-prve-porocne-noci\/","url":"https:\/\/maxperfect.gifts\/izdelek\/dekleta-ki-niso-za-zakon-zablode-ljubavnega-zivljenja-vecni-greh-ljubezni-higijena-prve-porocne-noci\/","name":"[:sl]Dekleta, ki niso za zakon, Zablode ljubavnega \u017eivljenja, Ve\u010dni greh ljubezni, Higijena prve poro\u010dne no\u010di[:] - Max Perfect Gifts","isPartOf":{"@id":"https:\/\/maxperfect.gifts\/#website"},"primaryImageOfPage":{"@id":"https:\/\/maxperfect.gifts\/izdelek\/dekleta-ki-niso-za-zakon-zablode-ljubavnega-zivljenja-vecni-greh-ljubezni-higijena-prve-porocne-noci\/#primaryimage"},"image":{"@id":"https:\/\/maxperfect.gifts\/izdelek\/dekleta-ki-niso-za-zakon-zablode-ljubavnega-zivljenja-vecni-greh-ljubezni-higijena-prve-porocne-noci\/#primaryimage"},"thumbnailUrl":"https:\/\/maxperfect.gifts\/wp-content\/uploads\/2026\/02\/6899.png","datePublished":"2026-02-24T08:10:07+00:00","dateModified":"2026-03-11T05:56:31+00:00","breadcrumb":{"@id":"https:\/\/maxperfect.gifts\/izdelek\/dekleta-ki-niso-za-zakon-zablode-ljubavnega-zivljenja-vecni-greh-ljubezni-higijena-prve-porocne-noci\/#breadcrumb"},"inLanguage":"en-US","potentialAction":[{"@type":"ReadAction","target":["https:\/\/maxperfect.gifts\/izdelek\/dekleta-ki-niso-za-zakon-zablode-ljubavnega-zivljenja-vecni-greh-ljubezni-higijena-prve-porocne-noci\/"]}]},{"@type":"ImageObject","inLanguage":"en-US","@id":"https:\/\/maxperfect.gifts\/izdelek\/dekleta-ki-niso-za-zakon-zablode-ljubavnega-zivljenja-vecni-greh-ljubezni-higijena-prve-porocne-noci\/#primaryimage","url":"https:\/\/maxperfect.gifts\/wp-content\/uploads\/2026\/02\/6899.png","contentUrl":"https:\/\/maxperfect.gifts\/wp-content\/uploads\/2026\/02\/6899.png","width":900,"height":701},{"@type":"BreadcrumbList","@id":"https:\/\/maxperfect.gifts\/izdelek\/dekleta-ki-niso-za-zakon-zablode-ljubavnega-zivljenja-vecni-greh-ljubezni-higijena-prve-porocne-noci\/#breadcrumb","itemListElement":[{"@type":"ListItem","position":1,"name":"Home","item":"https:\/\/maxperfect.gifts\/en\/"},{"@type":"ListItem","position":2,"name":"Trgovina","item":"https:\/\/maxperfect.gifts\/trgovina\/"},{"@type":"ListItem","position":3,"name":"Dekleta, ki niso za zakon, Zablode ljubavnega \u017eivljenja, Ve\u010dni greh ljubezni, Higijena prve poro\u010dne no\u010di"}]},{"@type":"WebSite","@id":"https:\/\/maxperfect.gifts\/#website","url":"https:\/\/maxperfect.gifts\/","name":"Max Perfect Gifts","description":"Darilni program","publisher":{"@id":"https:\/\/maxperfect.gifts\/#organization"},"potentialAction":[{"@type":"SearchAction","target":{"@type":"EntryPoint","urlTemplate":"https:\/\/maxperfect.gifts\/?s={search_term_string}"},"query-input":{"@type":"PropertyValueSpecification","valueRequired":true,"valueName":"search_term_string"}}],"inLanguage":"en-US"},{"@type":"Organization","@id":"https:\/\/maxperfect.gifts\/#organization","name":"Max Perfect Gifts","url":"https:\/\/maxperfect.gifts\/","logo":{"@type":"ImageObject","inLanguage":"en-US","@id":"https:\/\/maxperfect.gifts\/#\/schema\/logo\/image\/","url":"https:\/\/maxperfect.gifts\/wp-content\/uploads\/2023\/11\/max-perfect-logotip.png","contentUrl":"https:\/\/maxperfect.gifts\/wp-content\/uploads\/2023\/11\/max-perfect-logotip.png","width":200,"height":76,"caption":"Max Perfect Gifts"},"image":{"@id":"https:\/\/maxperfect.gifts\/#\/schema\/logo\/image\/"}}]}},"_links":{"self":[{"href":"https:\/\/maxperfect.gifts\/en\/wp-json\/wp\/v2\/product\/2967","targetHints":{"allow":["GET"]}}],"collection":[{"href":"https:\/\/maxperfect.gifts\/en\/wp-json\/wp\/v2\/product"}],"about":[{"href":"https:\/\/maxperfect.gifts\/en\/wp-json\/wp\/v2\/types\/product"}],"wp:featuredmedia":[{"embeddable":true,"href":"https:\/\/maxperfect.gifts\/en\/wp-json\/wp\/v2\/media\/2968"}],"wp:attachment":[{"href":"https:\/\/maxperfect.gifts\/en\/wp-json\/wp\/v2\/media?parent=2967"}],"wp:term":[{"taxonomy":"product_cat","embeddable":true,"href":"https:\/\/maxperfect.gifts\/en\/wp-json\/wp\/v2\/product_cat?post=2967"},{"taxonomy":"product_tag","embeddable":true,"href":"https:\/\/maxperfect.gifts\/en\/wp-json\/wp\/v2\/product_tag?post=2967"}],"curies":[{"name":"wp","href":"https:\/\/api.w.org\/{rel}","templated":true}]}}