{"id":2971,"date":"2026-02-24T09:12:02","date_gmt":"2026-02-24T08:12:02","guid":{"rendered":"https:\/\/maxperfect.gifts\/?post_type=product&#038;p=2971"},"modified":"2026-03-11T06:56:31","modified_gmt":"2026-03-11T05:56:31","slug":"crt-kanoni-od-blaznice-do-klinike-140-let-slovenske-psihiatrije","status":"publish","type":"product","link":"https:\/\/maxperfect.gifts\/en\/izdelek\/crt-kanoni-od-blaznice-do-klinike-140-let-slovenske-psihiatrije\/","title":{"rendered":"\u010crt Kanoni &#8211; Od blaznice do klinike &#8211; 140 let slovenske psihiatrije"},"content":{"rendered":"<h3>\u010crt Kanoni &#8211; Od blaznice do klinike &#8211; 140 let slovenske psihiatrije<\/h3>\n<p>Kadar govorimo o slovenski psihiatriji, pomislimo na Studenec pri Ljubljani, Primorci in Notranjci na Idrijo, Gorenjci na Begunje, \u0160tajerci na Maribor in Ormo\u017e, tisti iz Celjskega pa na Vojnik. \u010ceprav danes psihiatri\u010dne bolni\u0161nice regijsko pokrivajo skorajda vso Slovenijo, ob 140 letnici slovenske psihiatrije v monografiji govorimo le o \u2013 Studencu, Je \u017ee tako, da je mati\u010dna ustanova tista, okoli katere se \u00bbsvet vrti! Tako je v Avstriji, ki je dala zgodovini psihiatrije vodilna imena stroke in kjer vsakdo pomisli na Steinhof na Dunaju, \u010de govorimo o \u2013 psihiatriji. La Sapienza v Italiji je sinonim za njihovo psihiatrijo.\u00a0<em>Burgh\u00f6lzli pri Z\u00fcrich<\/em>u za \u0160vico, La piti\u00e9 Salp\u00e9tri\u00e8re za francosko, in Bethlem Royal Hospital za Britansko. Enako je z na\u0161o, slovensko psihiatrijo.<\/p>\n<p>Vsebina monografije se v besedi in sliki sprehodi od ustanovitve prve blaznice v \u010dasu Avstro-Ogrske &#8211; pa vse do dana\u0161njih dni. Pri\u010dujo\u010di zgodovinski pregled zapolnjuje pomembno vrzel v poznavanju razvoja slovenske psihiatrije in s tem odpira mo\u017enosti nadaljnje destigmatizacije oseb z du\u0161evnimi motnjami in njihovo sprejetost v dru\u017ebo ter s tem med vse nas. Knjigo priporo\u010damo v branje ne le strokovnjakom psihiatri\u010dnih ved, temve\u010d tudi vsem humanisti\u010dno naravnanim in drugim posameznikom, ki jim je mar.<\/p>\n<p>&nbsp;<\/p>\n<p>Uvodna beseda: Zoran Jankovi\u0107<\/p>\n<p>Spremna beseda: dr. Gorazd V. Mrevlje<\/p>\n<p>&nbsp;<\/p>\n<p>Knjiga je iz\u0161la s pomo\u010djo Mestne ob\u010dine Ljubljana in Ministrstva za zdravje Republike Slovenije.<\/p>\n<p>&nbsp;<\/p>\n<p><strong>A4, mehka vezava, 72 strani<\/strong><\/p>\n","protected":false},"excerpt":{"rendered":"<p>Monografija ob obletnici slovenske psihiatrije<\/p>\n","protected":false},"featured_media":2972,"template":"","meta":[],"product_cat":[174],"product_tag":[],"class_list":{"0":"post-2971","1":"product","2":"type-product","3":"status-publish","4":"has-post-thumbnail","6":"product_cat-zalozba","8":"first","9":"instock","10":"taxable","11":"shipping-taxable","12":"purchasable","13":"product-type-simple"},"yoast_head":"<!-- This site is optimized with the Yoast SEO plugin v27.1.1 - https:\/\/yoast.com\/product\/yoast-seo-wordpress\/ -->\n<title>\u010crt Kanoni - Od blaznice do klinike - 140 let slovenske psihiatrije[:] - Max Perfect Gifts<\/title>\n<meta name=\"robots\" content=\"index, follow, max-snippet:-1, max-image-preview:large, max-video-preview:-1\" \/>\n<link rel=\"canonical\" href=\"https:\/\/maxperfect.gifts\/izdelek\/crt-kanoni-od-blaznice-do-klinike-140-let-slovenske-psihiatrije\/\" \/>\n<meta property=\"og:locale\" content=\"en_US\" \/>\n<meta property=\"og:type\" content=\"article\" \/>\n<meta property=\"og:title\" content=\"\u010crt Kanoni - Od blaznice do klinike - 140 let slovenske psihiatrije\" \/>\n<meta property=\"og:description\" content=\"Monografija ob obletnici slovenske psihiatrije\" \/>\n<meta property=\"og:url\" content=\"https:\/\/maxperfect.gifts\/en\/izdelek\/crt-kanoni-od-blaznice-do-klinike-140-let-slovenske-psihiatrije\/\" \/>\n<meta property=\"og:site_name\" content=\"Max Perfect Gifts\" \/>\n<meta property=\"article:modified_time\" content=\"2026-03-11T05:56:31+00:00\" \/>\n<meta property=\"og:image\" content=\"https:\/\/maxperfect.gifts\/wp-content\/uploads\/2026\/02\/full_c99115924488e119e08af6f4ed01f260.png\" \/>\n\t<meta property=\"og:image:width\" content=\"1006\" \/>\n\t<meta property=\"og:image:height\" content=\"785\" \/>\n\t<meta property=\"og:image:type\" content=\"image\/png\" \/>\n<meta name=\"twitter:card\" content=\"summary_large_image\" \/>\n<meta name=\"twitter:label1\" content=\"Est. reading time\" \/>\n\t<meta name=\"twitter:data1\" content=\"2 minutes\" \/>\n<script type=\"application\/ld+json\" class=\"yoast-schema-graph\">{\"@context\":\"https:\/\/schema.org\",\"@graph\":[{\"@type\":\"WebPage\",\"@id\":\"https:\/\/maxperfect.gifts\/izdelek\/crt-kanoni-od-blaznice-do-klinike-140-let-slovenske-psihiatrije\/\",\"url\":\"https:\/\/maxperfect.gifts\/izdelek\/crt-kanoni-od-blaznice-do-klinike-140-let-slovenske-psihiatrije\/\",\"name\":\"[:sl]\u010crt Kanoni - Od blaznice do klinike - 140 let slovenske psihiatrije[:] - Max Perfect Gifts\",\"isPartOf\":{\"@id\":\"https:\/\/maxperfect.gifts\/#website\"},\"primaryImageOfPage\":{\"@id\":\"https:\/\/maxperfect.gifts\/izdelek\/crt-kanoni-od-blaznice-do-klinike-140-let-slovenske-psihiatrije\/#primaryimage\"},\"image\":{\"@id\":\"https:\/\/maxperfect.gifts\/izdelek\/crt-kanoni-od-blaznice-do-klinike-140-let-slovenske-psihiatrije\/#primaryimage\"},\"thumbnailUrl\":\"https:\/\/maxperfect.gifts\/wp-content\/uploads\/2026\/02\/full_c99115924488e119e08af6f4ed01f260.png\",\"datePublished\":\"2026-02-24T08:12:02+00:00\",\"dateModified\":\"2026-03-11T05:56:31+00:00\",\"breadcrumb\":{\"@id\":\"https:\/\/maxperfect.gifts\/izdelek\/crt-kanoni-od-blaznice-do-klinike-140-let-slovenske-psihiatrije\/#breadcrumb\"},\"inLanguage\":\"en-US\",\"potentialAction\":[{\"@type\":\"ReadAction\",\"target\":[\"https:\/\/maxperfect.gifts\/izdelek\/crt-kanoni-od-blaznice-do-klinike-140-let-slovenske-psihiatrije\/\"]}]},{\"@type\":\"ImageObject\",\"inLanguage\":\"en-US\",\"@id\":\"https:\/\/maxperfect.gifts\/izdelek\/crt-kanoni-od-blaznice-do-klinike-140-let-slovenske-psihiatrije\/#primaryimage\",\"url\":\"https:\/\/maxperfect.gifts\/wp-content\/uploads\/2026\/02\/full_c99115924488e119e08af6f4ed01f260.png\",\"contentUrl\":\"https:\/\/maxperfect.gifts\/wp-content\/uploads\/2026\/02\/full_c99115924488e119e08af6f4ed01f260.png\",\"width\":1006,\"height\":785},{\"@type\":\"BreadcrumbList\",\"@id\":\"https:\/\/maxperfect.gifts\/izdelek\/crt-kanoni-od-blaznice-do-klinike-140-let-slovenske-psihiatrije\/#breadcrumb\",\"itemListElement\":[{\"@type\":\"ListItem\",\"position\":1,\"name\":\"Home\",\"item\":\"https:\/\/maxperfect.gifts\/en\/\"},{\"@type\":\"ListItem\",\"position\":2,\"name\":\"Trgovina\",\"item\":\"https:\/\/maxperfect.gifts\/trgovina\/\"},{\"@type\":\"ListItem\",\"position\":3,\"name\":\"\u010crt Kanoni &#8211; Od blaznice do klinike &#8211; 140 let slovenske psihiatrije\"}]},{\"@type\":\"WebSite\",\"@id\":\"https:\/\/maxperfect.gifts\/#website\",\"url\":\"https:\/\/maxperfect.gifts\/\",\"name\":\"Max Perfect Gifts\",\"description\":\"Darilni program\",\"publisher\":{\"@id\":\"https:\/\/maxperfect.gifts\/#organization\"},\"potentialAction\":[{\"@type\":\"SearchAction\",\"target\":{\"@type\":\"EntryPoint\",\"urlTemplate\":\"https:\/\/maxperfect.gifts\/?s={search_term_string}\"},\"query-input\":{\"@type\":\"PropertyValueSpecification\",\"valueRequired\":true,\"valueName\":\"search_term_string\"}}],\"inLanguage\":\"en-US\"},{\"@type\":\"Organization\",\"@id\":\"https:\/\/maxperfect.gifts\/#organization\",\"name\":\"Max Perfect Gifts\",\"url\":\"https:\/\/maxperfect.gifts\/\",\"logo\":{\"@type\":\"ImageObject\",\"inLanguage\":\"en-US\",\"@id\":\"https:\/\/maxperfect.gifts\/#\/schema\/logo\/image\/\",\"url\":\"https:\/\/maxperfect.gifts\/wp-content\/uploads\/2023\/11\/max-perfect-logotip.png\",\"contentUrl\":\"https:\/\/maxperfect.gifts\/wp-content\/uploads\/2023\/11\/max-perfect-logotip.png\",\"width\":200,\"height\":76,\"caption\":\"Max Perfect Gifts\"},\"image\":{\"@id\":\"https:\/\/maxperfect.gifts\/#\/schema\/logo\/image\/\"}}]}<\/script>\n<!-- \/ Yoast SEO plugin. -->","yoast_head_json":{"title":"\u010crt Kanoni - Od blaznice do klinike - 140 let slovenske psihiatrije[:] - Max Perfect Gifts","robots":{"index":"index","follow":"follow","max-snippet":"max-snippet:-1","max-image-preview":"max-image-preview:large","max-video-preview":"max-video-preview:-1"},"canonical":"https:\/\/maxperfect.gifts\/izdelek\/crt-kanoni-od-blaznice-do-klinike-140-let-slovenske-psihiatrije\/","og_locale":"en_US","og_type":"article","og_title":"[:sl]\u010crt Kanoni - Od blaznice do klinike - 140 let slovenske psihiatrije[:] - Max Perfect Gifts","og_description":"[:sl]Monografija ob obletnici slovenske psihiatrije[:]","og_url":"https:\/\/maxperfect.gifts\/en\/izdelek\/crt-kanoni-od-blaznice-do-klinike-140-let-slovenske-psihiatrije\/","og_site_name":"Max Perfect Gifts","article_modified_time":"2026-03-11T05:56:31+00:00","og_image":[{"width":1006,"height":785,"url":"https:\/\/maxperfect.gifts\/wp-content\/uploads\/2026\/02\/full_c99115924488e119e08af6f4ed01f260.png","type":"image\/png"}],"twitter_card":"summary_large_image","twitter_misc":{"Est. reading time":"2 minutes"},"schema":{"@context":"https:\/\/schema.org","@graph":[{"@type":"WebPage","@id":"https:\/\/maxperfect.gifts\/izdelek\/crt-kanoni-od-blaznice-do-klinike-140-let-slovenske-psihiatrije\/","url":"https:\/\/maxperfect.gifts\/izdelek\/crt-kanoni-od-blaznice-do-klinike-140-let-slovenske-psihiatrije\/","name":"[:sl]\u010crt Kanoni - Od blaznice do klinike - 140 let slovenske psihiatrije[:] - Max Perfect Gifts","isPartOf":{"@id":"https:\/\/maxperfect.gifts\/#website"},"primaryImageOfPage":{"@id":"https:\/\/maxperfect.gifts\/izdelek\/crt-kanoni-od-blaznice-do-klinike-140-let-slovenske-psihiatrije\/#primaryimage"},"image":{"@id":"https:\/\/maxperfect.gifts\/izdelek\/crt-kanoni-od-blaznice-do-klinike-140-let-slovenske-psihiatrije\/#primaryimage"},"thumbnailUrl":"https:\/\/maxperfect.gifts\/wp-content\/uploads\/2026\/02\/full_c99115924488e119e08af6f4ed01f260.png","datePublished":"2026-02-24T08:12:02+00:00","dateModified":"2026-03-11T05:56:31+00:00","breadcrumb":{"@id":"https:\/\/maxperfect.gifts\/izdelek\/crt-kanoni-od-blaznice-do-klinike-140-let-slovenske-psihiatrije\/#breadcrumb"},"inLanguage":"en-US","potentialAction":[{"@type":"ReadAction","target":["https:\/\/maxperfect.gifts\/izdelek\/crt-kanoni-od-blaznice-do-klinike-140-let-slovenske-psihiatrije\/"]}]},{"@type":"ImageObject","inLanguage":"en-US","@id":"https:\/\/maxperfect.gifts\/izdelek\/crt-kanoni-od-blaznice-do-klinike-140-let-slovenske-psihiatrije\/#primaryimage","url":"https:\/\/maxperfect.gifts\/wp-content\/uploads\/2026\/02\/full_c99115924488e119e08af6f4ed01f260.png","contentUrl":"https:\/\/maxperfect.gifts\/wp-content\/uploads\/2026\/02\/full_c99115924488e119e08af6f4ed01f260.png","width":1006,"height":785},{"@type":"BreadcrumbList","@id":"https:\/\/maxperfect.gifts\/izdelek\/crt-kanoni-od-blaznice-do-klinike-140-let-slovenske-psihiatrije\/#breadcrumb","itemListElement":[{"@type":"ListItem","position":1,"name":"Home","item":"https:\/\/maxperfect.gifts\/en\/"},{"@type":"ListItem","position":2,"name":"Trgovina","item":"https:\/\/maxperfect.gifts\/trgovina\/"},{"@type":"ListItem","position":3,"name":"\u010crt Kanoni &#8211; Od blaznice do klinike &#8211; 140 let slovenske psihiatrije"}]},{"@type":"WebSite","@id":"https:\/\/maxperfect.gifts\/#website","url":"https:\/\/maxperfect.gifts\/","name":"Max Perfect Gifts","description":"Darilni program","publisher":{"@id":"https:\/\/maxperfect.gifts\/#organization"},"potentialAction":[{"@type":"SearchAction","target":{"@type":"EntryPoint","urlTemplate":"https:\/\/maxperfect.gifts\/?s={search_term_string}"},"query-input":{"@type":"PropertyValueSpecification","valueRequired":true,"valueName":"search_term_string"}}],"inLanguage":"en-US"},{"@type":"Organization","@id":"https:\/\/maxperfect.gifts\/#organization","name":"Max Perfect Gifts","url":"https:\/\/maxperfect.gifts\/","logo":{"@type":"ImageObject","inLanguage":"en-US","@id":"https:\/\/maxperfect.gifts\/#\/schema\/logo\/image\/","url":"https:\/\/maxperfect.gifts\/wp-content\/uploads\/2023\/11\/max-perfect-logotip.png","contentUrl":"https:\/\/maxperfect.gifts\/wp-content\/uploads\/2023\/11\/max-perfect-logotip.png","width":200,"height":76,"caption":"Max Perfect Gifts"},"image":{"@id":"https:\/\/maxperfect.gifts\/#\/schema\/logo\/image\/"}}]}},"_links":{"self":[{"href":"https:\/\/maxperfect.gifts\/en\/wp-json\/wp\/v2\/product\/2971","targetHints":{"allow":["GET"]}}],"collection":[{"href":"https:\/\/maxperfect.gifts\/en\/wp-json\/wp\/v2\/product"}],"about":[{"href":"https:\/\/maxperfect.gifts\/en\/wp-json\/wp\/v2\/types\/product"}],"wp:featuredmedia":[{"embeddable":true,"href":"https:\/\/maxperfect.gifts\/en\/wp-json\/wp\/v2\/media\/2972"}],"wp:attachment":[{"href":"https:\/\/maxperfect.gifts\/en\/wp-json\/wp\/v2\/media?parent=2971"}],"wp:term":[{"taxonomy":"product_cat","embeddable":true,"href":"https:\/\/maxperfect.gifts\/en\/wp-json\/wp\/v2\/product_cat?post=2971"},{"taxonomy":"product_tag","embeddable":true,"href":"https:\/\/maxperfect.gifts\/en\/wp-json\/wp\/v2\/product_tag?post=2971"}],"curies":[{"name":"wp","href":"https:\/\/api.w.org\/{rel}","templated":true}]}}