{"id":2973,"date":"2026-02-24T09:13:35","date_gmt":"2026-02-24T08:13:35","guid":{"rendered":"https:\/\/maxperfect.gifts\/?post_type=product&#038;p=2973"},"modified":"2026-03-11T06:56:31","modified_gmt":"2026-03-11T05:56:31","slug":"roman-kukovic-tartinijev-kljuc","status":"publish","type":"product","link":"https:\/\/maxperfect.gifts\/en\/izdelek\/roman-kukovic-tartinijev-kljuc\/","title":{"rendered":"Roman Kukovi\u010d &#8211; Tartinijev klju\u010d"},"content":{"rendered":"<h3>Roman Kukovi\u010d &#8211; Tartinijev klju\u010d<\/h3>\n<p>\u010ce bi slavni Mark Twain poznal Slovenijo in z njo Piran, bi se poleg tega, da je napisal Toma Sawyerja, nemara odlo\u010dil \u0161e za podobno zgodbo, kot nam jo je v Tartinijevem klju\u010du nanizal avtor Roman Kukovi\u010d. A roman Tartinijev klju\u010d ni le neke vrste mladinska kriminalka, po kateri lahko mirne du\u0161e se\u017eejo tudi odrasli. Je nekak\u0161na mehka kriminalka, v kateri trojica mladih ves \u010das odkriva skrite in nepoznane detajle tega severno-jadranskega bisera, ki se v svetlobi odhajajo\u010dega poletja spogledujejo z nami skozi prizmo ugank, rebusov, anagramov in drugih miselnih nalog, ki trojico nadobudne\u017eev \u010dakajo na poti do kon\u010dne re\u0161itve. Roman je tako neke vrste mozaik lepot starega mesta, rado\u017eivih dogodkov, \u010dudnih zapletov in razpletov, preobratov, v katerih se na izvirne na\u010dine sre\u010dujeta tako dobro in zlo, kot tudi danes vse bolj prezrta socialna neenakost, ki jo zaznamo \u017ee med samimi glavnimi junaki. Lepo dodelani liki in karakterji, bogati in teko\u010di dialogi in zgodba, ki o\u010dara s svojo preprosto mladostni\u0161ko igrivostjo. Igrivostjo, ki ji pravo kuliso daje prav ve\u010dni Piran. Mesto ozkih uli\u010dic, kjer, kot pravi junakinja zgodbe Barbara, \u0161e sence stojijo pokonci. Ne se\u010di po romanu Tartinijev klju\u010d pomeni odre\u010di se del\u010dku pravega poletja z okusom soli, sonca in razbeljenega kamna. In spominom \u2026<\/p>\n<p>Predrag Crnkovi\u010d, pisatelj in prevajalec<\/p>\n<p>&nbsp;<\/p>\n<p><strong>Oblikovanje naslovnice: Pia Mileti\u0107<\/strong><\/p>\n<p>Zahvala prof. Mateju<span class=\"qu\"><span class=\"gD\" data-hovercard-id=\"matej.notersberg@stps-trbovlje.si\" data-hovercard-owner-id=\"136\">\u00a0Notersbergu in prof. Marjetki Bizjak iz Srednje tehni\u0161ke in poklicne \u0161ole Trbovlje.<\/span><\/span><\/p>\n<p>&nbsp;<\/p>\n<p><strong>A5 format, bro\u0161irano, 208 strani<\/strong><\/p>\n","protected":false},"excerpt":{"rendered":"<p>Mladinski roman<\/p>\n","protected":false},"featured_media":2974,"template":"","meta":[],"product_cat":[174],"product_tag":[],"class_list":{"0":"post-2973","1":"product","2":"type-product","3":"status-publish","4":"has-post-thumbnail","6":"product_cat-zalozba","8":"first","9":"instock","10":"taxable","11":"shipping-taxable","12":"purchasable","13":"product-type-simple"},"yoast_head":"<!-- This site is optimized with the Yoast SEO plugin v27.1.1 - https:\/\/yoast.com\/product\/yoast-seo-wordpress\/ -->\n<title>Roman Kukovi\u010d - Tartinijev klju\u010d[:] - Max Perfect Gifts<\/title>\n<meta name=\"robots\" content=\"index, follow, max-snippet:-1, max-image-preview:large, max-video-preview:-1\" \/>\n<link rel=\"canonical\" href=\"https:\/\/maxperfect.gifts\/izdelek\/roman-kukovic-tartinijev-kljuc\/\" \/>\n<meta property=\"og:locale\" content=\"en_US\" \/>\n<meta property=\"og:type\" content=\"article\" \/>\n<meta property=\"og:title\" content=\"Roman Kukovi\u010d - Tartinijev klju\u010d\" \/>\n<meta property=\"og:description\" content=\"Mladinski roman\" \/>\n<meta property=\"og:url\" content=\"https:\/\/maxperfect.gifts\/en\/izdelek\/roman-kukovic-tartinijev-kljuc\/\" \/>\n<meta property=\"og:site_name\" content=\"Max Perfect Gifts\" \/>\n<meta property=\"article:modified_time\" content=\"2026-03-11T05:56:31+00:00\" \/>\n<meta property=\"og:image\" content=\"https:\/\/maxperfect.gifts\/wp-content\/uploads\/2026\/02\/full_f3b8bef0a0e84e772a469148543e45a0.jpg\" \/>\n\t<meta property=\"og:image:width\" content=\"860\" \/>\n\t<meta property=\"og:image:height\" content=\"1150\" \/>\n\t<meta property=\"og:image:type\" content=\"image\/jpeg\" \/>\n<meta name=\"twitter:card\" content=\"summary_large_image\" \/>\n<meta name=\"twitter:label1\" content=\"Est. reading time\" \/>\n\t<meta name=\"twitter:data1\" content=\"2 minutes\" \/>\n<script type=\"application\/ld+json\" class=\"yoast-schema-graph\">{\"@context\":\"https:\/\/schema.org\",\"@graph\":[{\"@type\":\"WebPage\",\"@id\":\"https:\/\/maxperfect.gifts\/izdelek\/roman-kukovic-tartinijev-kljuc\/\",\"url\":\"https:\/\/maxperfect.gifts\/izdelek\/roman-kukovic-tartinijev-kljuc\/\",\"name\":\"[:sl]Roman Kukovi\u010d - Tartinijev klju\u010d[:] - Max Perfect Gifts\",\"isPartOf\":{\"@id\":\"https:\/\/maxperfect.gifts\/#website\"},\"primaryImageOfPage\":{\"@id\":\"https:\/\/maxperfect.gifts\/izdelek\/roman-kukovic-tartinijev-kljuc\/#primaryimage\"},\"image\":{\"@id\":\"https:\/\/maxperfect.gifts\/izdelek\/roman-kukovic-tartinijev-kljuc\/#primaryimage\"},\"thumbnailUrl\":\"https:\/\/maxperfect.gifts\/wp-content\/uploads\/2026\/02\/full_f3b8bef0a0e84e772a469148543e45a0.jpg\",\"datePublished\":\"2026-02-24T08:13:35+00:00\",\"dateModified\":\"2026-03-11T05:56:31+00:00\",\"breadcrumb\":{\"@id\":\"https:\/\/maxperfect.gifts\/izdelek\/roman-kukovic-tartinijev-kljuc\/#breadcrumb\"},\"inLanguage\":\"en-US\",\"potentialAction\":[{\"@type\":\"ReadAction\",\"target\":[\"https:\/\/maxperfect.gifts\/izdelek\/roman-kukovic-tartinijev-kljuc\/\"]}]},{\"@type\":\"ImageObject\",\"inLanguage\":\"en-US\",\"@id\":\"https:\/\/maxperfect.gifts\/izdelek\/roman-kukovic-tartinijev-kljuc\/#primaryimage\",\"url\":\"https:\/\/maxperfect.gifts\/wp-content\/uploads\/2026\/02\/full_f3b8bef0a0e84e772a469148543e45a0.jpg\",\"contentUrl\":\"https:\/\/maxperfect.gifts\/wp-content\/uploads\/2026\/02\/full_f3b8bef0a0e84e772a469148543e45a0.jpg\",\"width\":860,\"height\":1150},{\"@type\":\"BreadcrumbList\",\"@id\":\"https:\/\/maxperfect.gifts\/izdelek\/roman-kukovic-tartinijev-kljuc\/#breadcrumb\",\"itemListElement\":[{\"@type\":\"ListItem\",\"position\":1,\"name\":\"Home\",\"item\":\"https:\/\/maxperfect.gifts\/en\/\"},{\"@type\":\"ListItem\",\"position\":2,\"name\":\"Trgovina\",\"item\":\"https:\/\/maxperfect.gifts\/trgovina\/\"},{\"@type\":\"ListItem\",\"position\":3,\"name\":\"Roman Kukovi\u010d &#8211; Tartinijev klju\u010d\"}]},{\"@type\":\"WebSite\",\"@id\":\"https:\/\/maxperfect.gifts\/#website\",\"url\":\"https:\/\/maxperfect.gifts\/\",\"name\":\"Max Perfect Gifts\",\"description\":\"Darilni program\",\"publisher\":{\"@id\":\"https:\/\/maxperfect.gifts\/#organization\"},\"potentialAction\":[{\"@type\":\"SearchAction\",\"target\":{\"@type\":\"EntryPoint\",\"urlTemplate\":\"https:\/\/maxperfect.gifts\/?s={search_term_string}\"},\"query-input\":{\"@type\":\"PropertyValueSpecification\",\"valueRequired\":true,\"valueName\":\"search_term_string\"}}],\"inLanguage\":\"en-US\"},{\"@type\":\"Organization\",\"@id\":\"https:\/\/maxperfect.gifts\/#organization\",\"name\":\"Max Perfect Gifts\",\"url\":\"https:\/\/maxperfect.gifts\/\",\"logo\":{\"@type\":\"ImageObject\",\"inLanguage\":\"en-US\",\"@id\":\"https:\/\/maxperfect.gifts\/#\/schema\/logo\/image\/\",\"url\":\"https:\/\/maxperfect.gifts\/wp-content\/uploads\/2023\/11\/max-perfect-logotip.png\",\"contentUrl\":\"https:\/\/maxperfect.gifts\/wp-content\/uploads\/2023\/11\/max-perfect-logotip.png\",\"width\":200,\"height\":76,\"caption\":\"Max Perfect Gifts\"},\"image\":{\"@id\":\"https:\/\/maxperfect.gifts\/#\/schema\/logo\/image\/\"}}]}<\/script>\n<!-- \/ Yoast SEO plugin. -->","yoast_head_json":{"title":"Roman Kukovi\u010d - Tartinijev klju\u010d[:] - Max Perfect Gifts","robots":{"index":"index","follow":"follow","max-snippet":"max-snippet:-1","max-image-preview":"max-image-preview:large","max-video-preview":"max-video-preview:-1"},"canonical":"https:\/\/maxperfect.gifts\/izdelek\/roman-kukovic-tartinijev-kljuc\/","og_locale":"en_US","og_type":"article","og_title":"[:sl]Roman Kukovi\u010d - Tartinijev klju\u010d[:] - Max Perfect Gifts","og_description":"[:sl]Mladinski roman[:]","og_url":"https:\/\/maxperfect.gifts\/en\/izdelek\/roman-kukovic-tartinijev-kljuc\/","og_site_name":"Max Perfect Gifts","article_modified_time":"2026-03-11T05:56:31+00:00","og_image":[{"width":860,"height":1150,"url":"https:\/\/maxperfect.gifts\/wp-content\/uploads\/2026\/02\/full_f3b8bef0a0e84e772a469148543e45a0.jpg","type":"image\/jpeg"}],"twitter_card":"summary_large_image","twitter_misc":{"Est. reading time":"2 minutes"},"schema":{"@context":"https:\/\/schema.org","@graph":[{"@type":"WebPage","@id":"https:\/\/maxperfect.gifts\/izdelek\/roman-kukovic-tartinijev-kljuc\/","url":"https:\/\/maxperfect.gifts\/izdelek\/roman-kukovic-tartinijev-kljuc\/","name":"[:sl]Roman Kukovi\u010d - Tartinijev klju\u010d[:] - Max Perfect Gifts","isPartOf":{"@id":"https:\/\/maxperfect.gifts\/#website"},"primaryImageOfPage":{"@id":"https:\/\/maxperfect.gifts\/izdelek\/roman-kukovic-tartinijev-kljuc\/#primaryimage"},"image":{"@id":"https:\/\/maxperfect.gifts\/izdelek\/roman-kukovic-tartinijev-kljuc\/#primaryimage"},"thumbnailUrl":"https:\/\/maxperfect.gifts\/wp-content\/uploads\/2026\/02\/full_f3b8bef0a0e84e772a469148543e45a0.jpg","datePublished":"2026-02-24T08:13:35+00:00","dateModified":"2026-03-11T05:56:31+00:00","breadcrumb":{"@id":"https:\/\/maxperfect.gifts\/izdelek\/roman-kukovic-tartinijev-kljuc\/#breadcrumb"},"inLanguage":"en-US","potentialAction":[{"@type":"ReadAction","target":["https:\/\/maxperfect.gifts\/izdelek\/roman-kukovic-tartinijev-kljuc\/"]}]},{"@type":"ImageObject","inLanguage":"en-US","@id":"https:\/\/maxperfect.gifts\/izdelek\/roman-kukovic-tartinijev-kljuc\/#primaryimage","url":"https:\/\/maxperfect.gifts\/wp-content\/uploads\/2026\/02\/full_f3b8bef0a0e84e772a469148543e45a0.jpg","contentUrl":"https:\/\/maxperfect.gifts\/wp-content\/uploads\/2026\/02\/full_f3b8bef0a0e84e772a469148543e45a0.jpg","width":860,"height":1150},{"@type":"BreadcrumbList","@id":"https:\/\/maxperfect.gifts\/izdelek\/roman-kukovic-tartinijev-kljuc\/#breadcrumb","itemListElement":[{"@type":"ListItem","position":1,"name":"Home","item":"https:\/\/maxperfect.gifts\/en\/"},{"@type":"ListItem","position":2,"name":"Trgovina","item":"https:\/\/maxperfect.gifts\/trgovina\/"},{"@type":"ListItem","position":3,"name":"Roman Kukovi\u010d &#8211; Tartinijev klju\u010d"}]},{"@type":"WebSite","@id":"https:\/\/maxperfect.gifts\/#website","url":"https:\/\/maxperfect.gifts\/","name":"Max Perfect Gifts","description":"Darilni program","publisher":{"@id":"https:\/\/maxperfect.gifts\/#organization"},"potentialAction":[{"@type":"SearchAction","target":{"@type":"EntryPoint","urlTemplate":"https:\/\/maxperfect.gifts\/?s={search_term_string}"},"query-input":{"@type":"PropertyValueSpecification","valueRequired":true,"valueName":"search_term_string"}}],"inLanguage":"en-US"},{"@type":"Organization","@id":"https:\/\/maxperfect.gifts\/#organization","name":"Max Perfect Gifts","url":"https:\/\/maxperfect.gifts\/","logo":{"@type":"ImageObject","inLanguage":"en-US","@id":"https:\/\/maxperfect.gifts\/#\/schema\/logo\/image\/","url":"https:\/\/maxperfect.gifts\/wp-content\/uploads\/2023\/11\/max-perfect-logotip.png","contentUrl":"https:\/\/maxperfect.gifts\/wp-content\/uploads\/2023\/11\/max-perfect-logotip.png","width":200,"height":76,"caption":"Max Perfect Gifts"},"image":{"@id":"https:\/\/maxperfect.gifts\/#\/schema\/logo\/image\/"}}]}},"_links":{"self":[{"href":"https:\/\/maxperfect.gifts\/en\/wp-json\/wp\/v2\/product\/2973","targetHints":{"allow":["GET"]}}],"collection":[{"href":"https:\/\/maxperfect.gifts\/en\/wp-json\/wp\/v2\/product"}],"about":[{"href":"https:\/\/maxperfect.gifts\/en\/wp-json\/wp\/v2\/types\/product"}],"wp:featuredmedia":[{"embeddable":true,"href":"https:\/\/maxperfect.gifts\/en\/wp-json\/wp\/v2\/media\/2974"}],"wp:attachment":[{"href":"https:\/\/maxperfect.gifts\/en\/wp-json\/wp\/v2\/media?parent=2973"}],"wp:term":[{"taxonomy":"product_cat","embeddable":true,"href":"https:\/\/maxperfect.gifts\/en\/wp-json\/wp\/v2\/product_cat?post=2973"},{"taxonomy":"product_tag","embeddable":true,"href":"https:\/\/maxperfect.gifts\/en\/wp-json\/wp\/v2\/product_tag?post=2973"}],"curies":[{"name":"wp","href":"https:\/\/api.w.org\/{rel}","templated":true}]}}