{"id":2975,"date":"2026-02-24T09:15:20","date_gmt":"2026-02-24T08:15:20","guid":{"rendered":"https:\/\/maxperfect.gifts\/?post_type=product&#038;p=2975"},"modified":"2026-03-11T07:40:59","modified_gmt":"2026-03-11T06:40:59","slug":"roman-kukovic-gospodar-pekla","status":"publish","type":"product","link":"https:\/\/maxperfect.gifts\/en\/izdelek\/roman-kukovic-gospodar-pekla\/","title":{"rendered":"Roman Kukovi\u010d &#8211; Gospodar pekla"},"content":{"rendered":"<h3>Roman Kukovi\u010d &#8211; Gospodar pekla<\/h3>\n<p>Srhljiva kriminalna zgodba, postavljena v predbo\u017ei\u010dni \u010das v na\u0161o bli\u017eino, morda celo sosesko.<\/p>\n<p>Serijo umorov v centru Ljubljane razre\u0161uje detektiv Kovi\u010d s svojo ekipo, pri tem pa naleti na zdru\u017ebo prista\u0161ev neonacizma. To pa je \u0161ele za\u010detek groze, ki si je ni predstavljal niti v najhuj\u0161ih morah. Ve\u0161\u010da pisateljeva roka razkriva zakulisje temne strani na\u0161e dru\u017ebe, prepletanje ljubezenskih in prijateljskih vezi ter slu\u017ebenih dol\u017enosti.\u00a0Napeta akcija, ki vas\u00a0zgrabi in ne spusti\u00a0do zadnje strani tako ni namenjena samo ljubiteljem detektivskega \u017eanra, temve\u010d tudi vsem ostalim.<\/p>\n<p>&nbsp;<\/p>\n<p><strong>A5 format, mehka vezava, 200 stran<\/strong><\/p>\n","protected":false},"excerpt":{"rendered":"<p>Detektivski roman<\/p>\n","protected":false},"featured_media":2976,"template":"","meta":[],"product_cat":[174],"product_tag":[],"class_list":{"0":"post-2975","1":"product","2":"type-product","3":"status-publish","4":"has-post-thumbnail","6":"product_cat-zalozba","8":"first","9":"outofstock","10":"taxable","11":"shipping-taxable","12":"purchasable","13":"product-type-simple"},"yoast_head":"<!-- This site is optimized with the Yoast SEO plugin v27.1.1 - https:\/\/yoast.com\/product\/yoast-seo-wordpress\/ -->\n<title>Roman Kukovi\u010d - Gospodar pekla[:] - Max Perfect Gifts<\/title>\n<meta name=\"robots\" content=\"index, follow, max-snippet:-1, max-image-preview:large, max-video-preview:-1\" \/>\n<link rel=\"canonical\" href=\"https:\/\/maxperfect.gifts\/izdelek\/roman-kukovic-gospodar-pekla\/\" \/>\n<meta property=\"og:locale\" content=\"en_US\" \/>\n<meta property=\"og:type\" content=\"article\" \/>\n<meta property=\"og:title\" content=\"Roman Kukovi\u010d - Gospodar pekla\" \/>\n<meta property=\"og:description\" content=\"Detektivski roman\" \/>\n<meta property=\"og:url\" content=\"https:\/\/maxperfect.gifts\/en\/izdelek\/roman-kukovic-gospodar-pekla\/\" \/>\n<meta property=\"og:site_name\" content=\"Max Perfect Gifts\" \/>\n<meta property=\"article:modified_time\" content=\"2026-03-11T06:40:59+00:00\" \/>\n<meta property=\"og:image\" content=\"https:\/\/maxperfect.gifts\/wp-content\/uploads\/2026\/02\/full_5b80bd37a4c289c0624965d0f7b34cb9.jpg\" \/>\n\t<meta property=\"og:image:width\" content=\"841\" \/>\n\t<meta property=\"og:image:height\" content=\"1189\" \/>\n\t<meta property=\"og:image:type\" content=\"image\/jpeg\" \/>\n<meta name=\"twitter:card\" content=\"summary_large_image\" \/>\n<meta name=\"twitter:label1\" content=\"Est. reading time\" \/>\n\t<meta name=\"twitter:data1\" content=\"1 minute\" \/>\n<script type=\"application\/ld+json\" class=\"yoast-schema-graph\">{\"@context\":\"https:\/\/schema.org\",\"@graph\":[{\"@type\":\"WebPage\",\"@id\":\"https:\/\/maxperfect.gifts\/izdelek\/roman-kukovic-gospodar-pekla\/\",\"url\":\"https:\/\/maxperfect.gifts\/izdelek\/roman-kukovic-gospodar-pekla\/\",\"name\":\"[:sl]Roman Kukovi\u010d - Gospodar pekla[:] - Max Perfect Gifts\",\"isPartOf\":{\"@id\":\"https:\/\/maxperfect.gifts\/#website\"},\"primaryImageOfPage\":{\"@id\":\"https:\/\/maxperfect.gifts\/izdelek\/roman-kukovic-gospodar-pekla\/#primaryimage\"},\"image\":{\"@id\":\"https:\/\/maxperfect.gifts\/izdelek\/roman-kukovic-gospodar-pekla\/#primaryimage\"},\"thumbnailUrl\":\"https:\/\/maxperfect.gifts\/wp-content\/uploads\/2026\/02\/full_5b80bd37a4c289c0624965d0f7b34cb9.jpg\",\"datePublished\":\"2026-02-24T08:15:20+00:00\",\"dateModified\":\"2026-03-11T06:40:59+00:00\",\"breadcrumb\":{\"@id\":\"https:\/\/maxperfect.gifts\/izdelek\/roman-kukovic-gospodar-pekla\/#breadcrumb\"},\"inLanguage\":\"en-US\",\"potentialAction\":[{\"@type\":\"ReadAction\",\"target\":[\"https:\/\/maxperfect.gifts\/izdelek\/roman-kukovic-gospodar-pekla\/\"]}]},{\"@type\":\"ImageObject\",\"inLanguage\":\"en-US\",\"@id\":\"https:\/\/maxperfect.gifts\/izdelek\/roman-kukovic-gospodar-pekla\/#primaryimage\",\"url\":\"https:\/\/maxperfect.gifts\/wp-content\/uploads\/2026\/02\/full_5b80bd37a4c289c0624965d0f7b34cb9.jpg\",\"contentUrl\":\"https:\/\/maxperfect.gifts\/wp-content\/uploads\/2026\/02\/full_5b80bd37a4c289c0624965d0f7b34cb9.jpg\",\"width\":841,\"height\":1189},{\"@type\":\"BreadcrumbList\",\"@id\":\"https:\/\/maxperfect.gifts\/izdelek\/roman-kukovic-gospodar-pekla\/#breadcrumb\",\"itemListElement\":[{\"@type\":\"ListItem\",\"position\":1,\"name\":\"Home\",\"item\":\"https:\/\/maxperfect.gifts\/en\/\"},{\"@type\":\"ListItem\",\"position\":2,\"name\":\"Trgovina\",\"item\":\"https:\/\/maxperfect.gifts\/trgovina\/\"},{\"@type\":\"ListItem\",\"position\":3,\"name\":\"Roman Kukovi\u010d &#8211; Gospodar pekla\"}]},{\"@type\":\"WebSite\",\"@id\":\"https:\/\/maxperfect.gifts\/#website\",\"url\":\"https:\/\/maxperfect.gifts\/\",\"name\":\"Max Perfect Gifts\",\"description\":\"Darilni program\",\"publisher\":{\"@id\":\"https:\/\/maxperfect.gifts\/#organization\"},\"potentialAction\":[{\"@type\":\"SearchAction\",\"target\":{\"@type\":\"EntryPoint\",\"urlTemplate\":\"https:\/\/maxperfect.gifts\/?s={search_term_string}\"},\"query-input\":{\"@type\":\"PropertyValueSpecification\",\"valueRequired\":true,\"valueName\":\"search_term_string\"}}],\"inLanguage\":\"en-US\"},{\"@type\":\"Organization\",\"@id\":\"https:\/\/maxperfect.gifts\/#organization\",\"name\":\"Max Perfect Gifts\",\"url\":\"https:\/\/maxperfect.gifts\/\",\"logo\":{\"@type\":\"ImageObject\",\"inLanguage\":\"en-US\",\"@id\":\"https:\/\/maxperfect.gifts\/#\/schema\/logo\/image\/\",\"url\":\"https:\/\/maxperfect.gifts\/wp-content\/uploads\/2023\/11\/max-perfect-logotip.png\",\"contentUrl\":\"https:\/\/maxperfect.gifts\/wp-content\/uploads\/2023\/11\/max-perfect-logotip.png\",\"width\":200,\"height\":76,\"caption\":\"Max Perfect Gifts\"},\"image\":{\"@id\":\"https:\/\/maxperfect.gifts\/#\/schema\/logo\/image\/\"}}]}<\/script>\n<!-- \/ Yoast SEO plugin. -->","yoast_head_json":{"title":"Roman Kukovi\u010d - Gospodar pekla[:] - Max Perfect Gifts","robots":{"index":"index","follow":"follow","max-snippet":"max-snippet:-1","max-image-preview":"max-image-preview:large","max-video-preview":"max-video-preview:-1"},"canonical":"https:\/\/maxperfect.gifts\/izdelek\/roman-kukovic-gospodar-pekla\/","og_locale":"en_US","og_type":"article","og_title":"[:sl]Roman Kukovi\u010d - Gospodar pekla[:] - Max Perfect Gifts","og_description":"[:sl]Detektivski roman[:]","og_url":"https:\/\/maxperfect.gifts\/en\/izdelek\/roman-kukovic-gospodar-pekla\/","og_site_name":"Max Perfect Gifts","article_modified_time":"2026-03-11T06:40:59+00:00","og_image":[{"width":841,"height":1189,"url":"https:\/\/maxperfect.gifts\/wp-content\/uploads\/2026\/02\/full_5b80bd37a4c289c0624965d0f7b34cb9.jpg","type":"image\/jpeg"}],"twitter_card":"summary_large_image","twitter_misc":{"Est. reading time":"1 minute"},"schema":{"@context":"https:\/\/schema.org","@graph":[{"@type":"WebPage","@id":"https:\/\/maxperfect.gifts\/izdelek\/roman-kukovic-gospodar-pekla\/","url":"https:\/\/maxperfect.gifts\/izdelek\/roman-kukovic-gospodar-pekla\/","name":"[:sl]Roman Kukovi\u010d - Gospodar pekla[:] - Max Perfect Gifts","isPartOf":{"@id":"https:\/\/maxperfect.gifts\/#website"},"primaryImageOfPage":{"@id":"https:\/\/maxperfect.gifts\/izdelek\/roman-kukovic-gospodar-pekla\/#primaryimage"},"image":{"@id":"https:\/\/maxperfect.gifts\/izdelek\/roman-kukovic-gospodar-pekla\/#primaryimage"},"thumbnailUrl":"https:\/\/maxperfect.gifts\/wp-content\/uploads\/2026\/02\/full_5b80bd37a4c289c0624965d0f7b34cb9.jpg","datePublished":"2026-02-24T08:15:20+00:00","dateModified":"2026-03-11T06:40:59+00:00","breadcrumb":{"@id":"https:\/\/maxperfect.gifts\/izdelek\/roman-kukovic-gospodar-pekla\/#breadcrumb"},"inLanguage":"en-US","potentialAction":[{"@type":"ReadAction","target":["https:\/\/maxperfect.gifts\/izdelek\/roman-kukovic-gospodar-pekla\/"]}]},{"@type":"ImageObject","inLanguage":"en-US","@id":"https:\/\/maxperfect.gifts\/izdelek\/roman-kukovic-gospodar-pekla\/#primaryimage","url":"https:\/\/maxperfect.gifts\/wp-content\/uploads\/2026\/02\/full_5b80bd37a4c289c0624965d0f7b34cb9.jpg","contentUrl":"https:\/\/maxperfect.gifts\/wp-content\/uploads\/2026\/02\/full_5b80bd37a4c289c0624965d0f7b34cb9.jpg","width":841,"height":1189},{"@type":"BreadcrumbList","@id":"https:\/\/maxperfect.gifts\/izdelek\/roman-kukovic-gospodar-pekla\/#breadcrumb","itemListElement":[{"@type":"ListItem","position":1,"name":"Home","item":"https:\/\/maxperfect.gifts\/en\/"},{"@type":"ListItem","position":2,"name":"Trgovina","item":"https:\/\/maxperfect.gifts\/trgovina\/"},{"@type":"ListItem","position":3,"name":"Roman Kukovi\u010d &#8211; Gospodar pekla"}]},{"@type":"WebSite","@id":"https:\/\/maxperfect.gifts\/#website","url":"https:\/\/maxperfect.gifts\/","name":"Max Perfect Gifts","description":"Darilni program","publisher":{"@id":"https:\/\/maxperfect.gifts\/#organization"},"potentialAction":[{"@type":"SearchAction","target":{"@type":"EntryPoint","urlTemplate":"https:\/\/maxperfect.gifts\/?s={search_term_string}"},"query-input":{"@type":"PropertyValueSpecification","valueRequired":true,"valueName":"search_term_string"}}],"inLanguage":"en-US"},{"@type":"Organization","@id":"https:\/\/maxperfect.gifts\/#organization","name":"Max Perfect Gifts","url":"https:\/\/maxperfect.gifts\/","logo":{"@type":"ImageObject","inLanguage":"en-US","@id":"https:\/\/maxperfect.gifts\/#\/schema\/logo\/image\/","url":"https:\/\/maxperfect.gifts\/wp-content\/uploads\/2023\/11\/max-perfect-logotip.png","contentUrl":"https:\/\/maxperfect.gifts\/wp-content\/uploads\/2023\/11\/max-perfect-logotip.png","width":200,"height":76,"caption":"Max Perfect Gifts"},"image":{"@id":"https:\/\/maxperfect.gifts\/#\/schema\/logo\/image\/"}}]}},"_links":{"self":[{"href":"https:\/\/maxperfect.gifts\/en\/wp-json\/wp\/v2\/product\/2975","targetHints":{"allow":["GET"]}}],"collection":[{"href":"https:\/\/maxperfect.gifts\/en\/wp-json\/wp\/v2\/product"}],"about":[{"href":"https:\/\/maxperfect.gifts\/en\/wp-json\/wp\/v2\/types\/product"}],"wp:featuredmedia":[{"embeddable":true,"href":"https:\/\/maxperfect.gifts\/en\/wp-json\/wp\/v2\/media\/2976"}],"wp:attachment":[{"href":"https:\/\/maxperfect.gifts\/en\/wp-json\/wp\/v2\/media?parent=2975"}],"wp:term":[{"taxonomy":"product_cat","embeddable":true,"href":"https:\/\/maxperfect.gifts\/en\/wp-json\/wp\/v2\/product_cat?post=2975"},{"taxonomy":"product_tag","embeddable":true,"href":"https:\/\/maxperfect.gifts\/en\/wp-json\/wp\/v2\/product_tag?post=2975"}],"curies":[{"name":"wp","href":"https:\/\/api.w.org\/{rel}","templated":true}]}}