{"id":2977,"date":"2026-02-24T09:18:06","date_gmt":"2026-02-24T08:18:06","guid":{"rendered":"https:\/\/maxperfect.gifts\/?post_type=product&#038;p=2977"},"modified":"2026-03-11T06:56:30","modified_gmt":"2026-03-11T05:56:30","slug":"isaac-newton-principia","status":"publish","type":"product","link":"https:\/\/maxperfect.gifts\/en\/izdelek\/isaac-newton-principia\/","title":{"rendered":"Isaac Newton &#8211; Principia"},"content":{"rendered":"<h3>Isaac Newton &#8211; Principia<\/h3>\n<p><strong>IZID: 2021<\/strong><\/p>\n<p><strong>Philosophiae naturalis principia mathematica<\/strong>\u00a0(latinsko Matemati\u010dna na\u010dela naravoslovja) je delo v treh zvezkih, ki ga je Isaac Newton kon\u010dal in poslal rokopis Kraljevi dru\u017ebi leta 1686 ter objavil leto dni kasneje: 5. julija leta 1687. \u00bbNa\u010dela\u00ab so zagotovo najvplivnej\u0161e znanstveno delo vseh \u010dasov. V njem je Newton obdelal zakone gibanja, ki predstavljajo temelj klasi\u010dne mehanike, ob njih obdelal tudi splo\u0161ni gravitacijski zakon in iz njega izpeljal Keplerjeve zakone o gibanju planetov.<\/p>\n<p>Po mnenju zgodovinarja znanosti Pierra Rousseauja ni \u010dlove\u0161kega dela, ki bi \u00bbdoseglo vi\u0161ino Na\u010del. Dejstvo, da je to mojstrsko delo prvi\u010d omogo\u010dilo ljudem prodreti v globine narave in, da je z ble\u0161\u010de\u010do lu\u010djo osvetlilo mehanizem, ki giblje nebesna telesa, nam pojasnjuje, zakaj so na avtorja te knjige gledali kot na \u010dloveka, ki je prekosil \u010dlove\u0161ki rod.\u00ab Nadaljevalec Newtonovega izro\u010dila Laplace je dejal, da se \u00bbbo ta knjiga ohranila kot spomenik globine veleuma, ki nam je odkril najve\u010dji zakon Vesolja\u00ab.<\/p>\n<p>Prevod: Mojca Savski<\/p>\n","protected":false},"excerpt":{"rendered":"<p>Matemati\u010dna na\u010dela filozofije narave<\/p>\n","protected":false},"featured_media":2978,"template":"","meta":[],"product_cat":[174,16],"product_tag":[],"class_list":{"0":"post-2977","1":"product","2":"type-product","3":"status-publish","4":"has-post-thumbnail","6":"product_cat-zalozba","7":"product_cat-nekategorizirano","9":"first","10":"instock","11":"taxable","12":"shipping-taxable","13":"purchasable","14":"product-type-simple"},"yoast_head":"<!-- This site is optimized with the Yoast SEO plugin v27.1.1 - https:\/\/yoast.com\/product\/yoast-seo-wordpress\/ -->\n<title>Isaac Newton - Principia[:] - Max Perfect Gifts<\/title>\n<meta name=\"robots\" content=\"index, follow, max-snippet:-1, max-image-preview:large, max-video-preview:-1\" \/>\n<link rel=\"canonical\" href=\"https:\/\/maxperfect.gifts\/izdelek\/isaac-newton-principia\/\" \/>\n<meta property=\"og:locale\" content=\"en_US\" \/>\n<meta property=\"og:type\" content=\"article\" \/>\n<meta property=\"og:title\" content=\"Isaac Newton - Principia\" \/>\n<meta property=\"og:description\" content=\"Matemati\u010dna na\u010dela filozofije narave\" \/>\n<meta property=\"og:url\" content=\"https:\/\/maxperfect.gifts\/en\/izdelek\/isaac-newton-principia\/\" \/>\n<meta property=\"og:site_name\" content=\"Max Perfect Gifts\" \/>\n<meta property=\"article:modified_time\" content=\"2026-03-11T05:56:30+00:00\" \/>\n<meta property=\"og:image\" content=\"https:\/\/maxperfect.gifts\/wp-content\/uploads\/2026\/02\/full_b611e5a75b47b50d33a3bab9016c8395.png\" \/>\n\t<meta property=\"og:image:width\" content=\"900\" \/>\n\t<meta property=\"og:image:height\" content=\"1167\" \/>\n\t<meta property=\"og:image:type\" content=\"image\/png\" \/>\n<meta name=\"twitter:card\" content=\"summary_large_image\" \/>\n<meta name=\"twitter:label1\" content=\"Est. reading time\" \/>\n\t<meta name=\"twitter:data1\" content=\"2 minutes\" \/>\n<script type=\"application\/ld+json\" class=\"yoast-schema-graph\">{\"@context\":\"https:\/\/schema.org\",\"@graph\":[{\"@type\":\"WebPage\",\"@id\":\"https:\/\/maxperfect.gifts\/izdelek\/isaac-newton-principia\/\",\"url\":\"https:\/\/maxperfect.gifts\/izdelek\/isaac-newton-principia\/\",\"name\":\"[:sl]Isaac Newton - Principia[:] - Max Perfect Gifts\",\"isPartOf\":{\"@id\":\"https:\/\/maxperfect.gifts\/#website\"},\"primaryImageOfPage\":{\"@id\":\"https:\/\/maxperfect.gifts\/izdelek\/isaac-newton-principia\/#primaryimage\"},\"image\":{\"@id\":\"https:\/\/maxperfect.gifts\/izdelek\/isaac-newton-principia\/#primaryimage\"},\"thumbnailUrl\":\"https:\/\/maxperfect.gifts\/wp-content\/uploads\/2026\/02\/full_b611e5a75b47b50d33a3bab9016c8395.png\",\"datePublished\":\"2026-02-24T08:18:06+00:00\",\"dateModified\":\"2026-03-11T05:56:30+00:00\",\"breadcrumb\":{\"@id\":\"https:\/\/maxperfect.gifts\/izdelek\/isaac-newton-principia\/#breadcrumb\"},\"inLanguage\":\"en-US\",\"potentialAction\":[{\"@type\":\"ReadAction\",\"target\":[\"https:\/\/maxperfect.gifts\/izdelek\/isaac-newton-principia\/\"]}]},{\"@type\":\"ImageObject\",\"inLanguage\":\"en-US\",\"@id\":\"https:\/\/maxperfect.gifts\/izdelek\/isaac-newton-principia\/#primaryimage\",\"url\":\"https:\/\/maxperfect.gifts\/wp-content\/uploads\/2026\/02\/full_b611e5a75b47b50d33a3bab9016c8395.png\",\"contentUrl\":\"https:\/\/maxperfect.gifts\/wp-content\/uploads\/2026\/02\/full_b611e5a75b47b50d33a3bab9016c8395.png\",\"width\":900,\"height\":1167},{\"@type\":\"BreadcrumbList\",\"@id\":\"https:\/\/maxperfect.gifts\/izdelek\/isaac-newton-principia\/#breadcrumb\",\"itemListElement\":[{\"@type\":\"ListItem\",\"position\":1,\"name\":\"Home\",\"item\":\"https:\/\/maxperfect.gifts\/en\/\"},{\"@type\":\"ListItem\",\"position\":2,\"name\":\"Trgovina\",\"item\":\"https:\/\/maxperfect.gifts\/trgovina\/\"},{\"@type\":\"ListItem\",\"position\":3,\"name\":\"Isaac Newton &#8211; Principia\"}]},{\"@type\":\"WebSite\",\"@id\":\"https:\/\/maxperfect.gifts\/#website\",\"url\":\"https:\/\/maxperfect.gifts\/\",\"name\":\"Max Perfect Gifts\",\"description\":\"Darilni program\",\"publisher\":{\"@id\":\"https:\/\/maxperfect.gifts\/#organization\"},\"potentialAction\":[{\"@type\":\"SearchAction\",\"target\":{\"@type\":\"EntryPoint\",\"urlTemplate\":\"https:\/\/maxperfect.gifts\/?s={search_term_string}\"},\"query-input\":{\"@type\":\"PropertyValueSpecification\",\"valueRequired\":true,\"valueName\":\"search_term_string\"}}],\"inLanguage\":\"en-US\"},{\"@type\":\"Organization\",\"@id\":\"https:\/\/maxperfect.gifts\/#organization\",\"name\":\"Max Perfect Gifts\",\"url\":\"https:\/\/maxperfect.gifts\/\",\"logo\":{\"@type\":\"ImageObject\",\"inLanguage\":\"en-US\",\"@id\":\"https:\/\/maxperfect.gifts\/#\/schema\/logo\/image\/\",\"url\":\"https:\/\/maxperfect.gifts\/wp-content\/uploads\/2023\/11\/max-perfect-logotip.png\",\"contentUrl\":\"https:\/\/maxperfect.gifts\/wp-content\/uploads\/2023\/11\/max-perfect-logotip.png\",\"width\":200,\"height\":76,\"caption\":\"Max Perfect Gifts\"},\"image\":{\"@id\":\"https:\/\/maxperfect.gifts\/#\/schema\/logo\/image\/\"}}]}<\/script>\n<!-- \/ Yoast SEO plugin. -->","yoast_head_json":{"title":"Isaac Newton - Principia[:] - Max Perfect Gifts","robots":{"index":"index","follow":"follow","max-snippet":"max-snippet:-1","max-image-preview":"max-image-preview:large","max-video-preview":"max-video-preview:-1"},"canonical":"https:\/\/maxperfect.gifts\/izdelek\/isaac-newton-principia\/","og_locale":"en_US","og_type":"article","og_title":"[:sl]Isaac Newton - Principia[:] - Max Perfect Gifts","og_description":"[:sl]Matemati\u010dna na\u010dela filozofije narave[:]","og_url":"https:\/\/maxperfect.gifts\/en\/izdelek\/isaac-newton-principia\/","og_site_name":"Max Perfect Gifts","article_modified_time":"2026-03-11T05:56:30+00:00","og_image":[{"width":900,"height":1167,"url":"https:\/\/maxperfect.gifts\/wp-content\/uploads\/2026\/02\/full_b611e5a75b47b50d33a3bab9016c8395.png","type":"image\/png"}],"twitter_card":"summary_large_image","twitter_misc":{"Est. reading time":"2 minutes"},"schema":{"@context":"https:\/\/schema.org","@graph":[{"@type":"WebPage","@id":"https:\/\/maxperfect.gifts\/izdelek\/isaac-newton-principia\/","url":"https:\/\/maxperfect.gifts\/izdelek\/isaac-newton-principia\/","name":"[:sl]Isaac Newton - Principia[:] - Max Perfect Gifts","isPartOf":{"@id":"https:\/\/maxperfect.gifts\/#website"},"primaryImageOfPage":{"@id":"https:\/\/maxperfect.gifts\/izdelek\/isaac-newton-principia\/#primaryimage"},"image":{"@id":"https:\/\/maxperfect.gifts\/izdelek\/isaac-newton-principia\/#primaryimage"},"thumbnailUrl":"https:\/\/maxperfect.gifts\/wp-content\/uploads\/2026\/02\/full_b611e5a75b47b50d33a3bab9016c8395.png","datePublished":"2026-02-24T08:18:06+00:00","dateModified":"2026-03-11T05:56:30+00:00","breadcrumb":{"@id":"https:\/\/maxperfect.gifts\/izdelek\/isaac-newton-principia\/#breadcrumb"},"inLanguage":"en-US","potentialAction":[{"@type":"ReadAction","target":["https:\/\/maxperfect.gifts\/izdelek\/isaac-newton-principia\/"]}]},{"@type":"ImageObject","inLanguage":"en-US","@id":"https:\/\/maxperfect.gifts\/izdelek\/isaac-newton-principia\/#primaryimage","url":"https:\/\/maxperfect.gifts\/wp-content\/uploads\/2026\/02\/full_b611e5a75b47b50d33a3bab9016c8395.png","contentUrl":"https:\/\/maxperfect.gifts\/wp-content\/uploads\/2026\/02\/full_b611e5a75b47b50d33a3bab9016c8395.png","width":900,"height":1167},{"@type":"BreadcrumbList","@id":"https:\/\/maxperfect.gifts\/izdelek\/isaac-newton-principia\/#breadcrumb","itemListElement":[{"@type":"ListItem","position":1,"name":"Home","item":"https:\/\/maxperfect.gifts\/en\/"},{"@type":"ListItem","position":2,"name":"Trgovina","item":"https:\/\/maxperfect.gifts\/trgovina\/"},{"@type":"ListItem","position":3,"name":"Isaac Newton &#8211; Principia"}]},{"@type":"WebSite","@id":"https:\/\/maxperfect.gifts\/#website","url":"https:\/\/maxperfect.gifts\/","name":"Max Perfect Gifts","description":"Darilni program","publisher":{"@id":"https:\/\/maxperfect.gifts\/#organization"},"potentialAction":[{"@type":"SearchAction","target":{"@type":"EntryPoint","urlTemplate":"https:\/\/maxperfect.gifts\/?s={search_term_string}"},"query-input":{"@type":"PropertyValueSpecification","valueRequired":true,"valueName":"search_term_string"}}],"inLanguage":"en-US"},{"@type":"Organization","@id":"https:\/\/maxperfect.gifts\/#organization","name":"Max Perfect Gifts","url":"https:\/\/maxperfect.gifts\/","logo":{"@type":"ImageObject","inLanguage":"en-US","@id":"https:\/\/maxperfect.gifts\/#\/schema\/logo\/image\/","url":"https:\/\/maxperfect.gifts\/wp-content\/uploads\/2023\/11\/max-perfect-logotip.png","contentUrl":"https:\/\/maxperfect.gifts\/wp-content\/uploads\/2023\/11\/max-perfect-logotip.png","width":200,"height":76,"caption":"Max Perfect Gifts"},"image":{"@id":"https:\/\/maxperfect.gifts\/#\/schema\/logo\/image\/"}}]}},"_links":{"self":[{"href":"https:\/\/maxperfect.gifts\/en\/wp-json\/wp\/v2\/product\/2977","targetHints":{"allow":["GET"]}}],"collection":[{"href":"https:\/\/maxperfect.gifts\/en\/wp-json\/wp\/v2\/product"}],"about":[{"href":"https:\/\/maxperfect.gifts\/en\/wp-json\/wp\/v2\/types\/product"}],"wp:featuredmedia":[{"embeddable":true,"href":"https:\/\/maxperfect.gifts\/en\/wp-json\/wp\/v2\/media\/2978"}],"wp:attachment":[{"href":"https:\/\/maxperfect.gifts\/en\/wp-json\/wp\/v2\/media?parent=2977"}],"wp:term":[{"taxonomy":"product_cat","embeddable":true,"href":"https:\/\/maxperfect.gifts\/en\/wp-json\/wp\/v2\/product_cat?post=2977"},{"taxonomy":"product_tag","embeddable":true,"href":"https:\/\/maxperfect.gifts\/en\/wp-json\/wp\/v2\/product_tag?post=2977"}],"curies":[{"name":"wp","href":"https:\/\/api.w.org\/{rel}","templated":true}]}}