{"id":2989,"date":"2026-02-24T09:32:39","date_gmt":"2026-02-24T08:32:39","guid":{"rendered":"https:\/\/maxperfect.gifts\/?post_type=product&#038;p=2989"},"modified":"2026-03-11T06:56:30","modified_gmt":"2026-03-11T05:56:30","slug":"ahmed-pasic-se-vedno-verjamem-popotovanja-od-jesenic-do-singapurja","status":"publish","type":"product","link":"https:\/\/maxperfect.gifts\/en\/izdelek\/ahmed-pasic-se-vedno-verjamem-popotovanja-od-jesenic-do-singapurja\/","title":{"rendered":"Ahmed Pa\u0161i\u0107 &#8211; \u0160e vedno verjamem (Popotovanja od Jesenic do Singapurja)"},"content":{"rendered":"<h3>Ahmed Pa\u0161i\u0107 &#8211; \u0160e vedno verjamem (Popotovanja od Jesenic do Singapurja)<\/h3>\n<p dir=\"ltr\"><strong>Kolumne aktivista, antropologa, politologa, pisca in predvsem \u010cloveka &#8211; Ahmeda Pa\u0161i\u0107a &#8211; zbrane v dobrodelni knjigi.<\/strong><\/p>\n<p dir=\"ltr\"><em>&#8220;Pred vami je knjiga, ki je zbirka mojih kolumn v Dnevniku in Delu, nekaj pa je tudi mojih objav v dru\u017eabnih omre\u017eij. Rde\u010da nit teh besedil je dokaj enostavna: spodbujati pozitivno energijo. Knjiga je namenjena vsem nam, saj moramo spodbujati solidarnost med ljudmi in spo\u0161tovanje na vseh nivojih. Edino, tako nam lahko uspe kot dru\u017ebi. Solidarnost in spo\u0161tovanje se ne sme kon\u010dati pri ljudeh. Spo\u0161tovati je treba tudi okolje in vsa \u017eiva bitja v njem. Menim, da se vse preve\u010d ukvarjamo z drugimi ljudmi in nepomembnimi stvarmi, pri tem pa na \u017ealost (zavestno) pozabljamo na sebe in mnogi se zbudijo \u0161ele, ko je \u017ee prepozno. Med nami je ve\u010d je dobrih, kakor slabih ljudi, samo da njihovih zgodb ne izpostavljamo dovolj dobro. \u0160e vedno verjamem, da na ta na\u010din lahko ustvarimo bolj\u0161o skupnost.<\/em><\/p>\n<p dir=\"ltr\"><em>Verjetnost, da se rodimo, je 1:400 trilijonov. Zato bodimo hvale\u017eni in Izkoristimo ta \u010dude\u017e \u017eivljenja in ga obogatimo s smehom in dobrimi dejanji.&#8221;<\/em><\/p>\n<p dir=\"ltr\">Dr. Ahmed Pa\u0161i\u0107<\/p>\n<p dir=\"ltr\"><img loading=\"lazy\" decoding=\"async\" class=\"wp-image-2991 alignleft\" src=\"https:\/\/maxperfect.gifts\/wp-content\/uploads\/2026\/02\/ahmed-pasic-300x114.jpg\" alt=\"\" width=\"347\" height=\"132\" srcset=\"https:\/\/maxperfect.gifts\/wp-content\/uploads\/2026\/02\/ahmed-pasic-300x114.jpg 300w, https:\/\/maxperfect.gifts\/wp-content\/uploads\/2026\/02\/ahmed-pasic-768x292.jpg 768w, https:\/\/maxperfect.gifts\/wp-content\/uploads\/2026\/02\/ahmed-pasic-600x228.jpg 600w, https:\/\/maxperfect.gifts\/wp-content\/uploads\/2026\/02\/ahmed-pasic.jpg 828w\" sizes=\"auto, (max-width: 347px) 100vw, 347px\" \/><\/p>\n<p dir=\"ltr\">\n<p dir=\"ltr\">\n<p dir=\"ltr\">\n<p dir=\"ltr\">\n<p dir=\"ltr\">\n<p dir=\"ltr\">Dr. Ahmed Pa\u0161i\u0107, diplomiran komunikolog, magister politologije in doktor socialne antropologije je \u0161ir\u0161i javnosti postal znan s pobudo &#8220;Ejga &#8211; za lep\u0161e Jesenice&#8221;, s katero je skupaj s prijatelji organiziral preko 60 prostovoljskih akcij ter ve\u010d humanitarnih akcij. S svojim delom je pritegnil ve\u010d tiso\u010d podpornikov in ve\u010d kot 100 neposrednih udele\u017eencev akcij ter drugih podpornikov. Z aktivnim dr\u017eavljanstvom si je prislu\u017eil nominacijo za osebnost leta, izjemno osebnost leta in posebno priznanje v akciji Naj prostovoljec leta 2013.<\/p>\n<p dir=\"ltr\">Trenutno \u017eivi in dela v Singapurju.<\/p>\n<p dir=\"ltr\">\n<p dir=\"ltr\"><strong>Zahvala za<\/strong><strong>\u00a0fotomateriale:<\/strong>\u00a0Slovenski etnografski muzej, Neboj\u0161a Teji\u0107, Jan Pirnat (Trgovina Kraj\u010dek), Jaka Birsa (Odprta kuhna), STA, An\u017ee Petkov\u0161ek.<\/p>\n<p><strong>Izid knjige so podprli:<\/strong>\u00a0<a href=\"http:\/\/www.the-events.si\/\" target=\"_blank\" rel=\"noopener noreferrer\" data-saferedirecturl=\"https:\/\/www.google.com\/url?hl=sl&#038;q=http:\/\/www.the-events.si\/&#038;source=gmail&#038;ust=1507284786400000&#038;usg=AFQjCNE-rp3CkWIBym2J9WXEH6QnOsFaHg\">www.the-events.si<\/a>,\u00a0KOV d.o.o., Ejga hi\u0161a kulinarike, Zavod Psihofiza, Art dom, d.o.o., Inscribio d.o.o., Maks Viktor d.o.o., Tiskarna Demat d.o.o.,\u00a0Ahmed Pa\u0161i\u0107, Hieronimo Morfejev, Lothar Orel,\u00a0Teja \u010celhar, Ida Guzjan, David Mirc, Sandra Zahi\u0107, Sija Chrysanthi,\u00a0Mehmed Mid\u017ean, Anita Mujezinovi\u010d, Edita Hodzic, Polonca Jan, Robert Su\u0161anj, Mateja Kordi\u0161, Nives Regeis.<\/p>\n<p><strong>Izid druge izdaje so podprli:<\/strong>\u00a0Harun Huji\u0107, Samir Alagi\u0107 in APN d.o.o.<\/p>\n<p>Oblikovanje: Neuropolitan<\/p>\n<p>Knjiga: A5 format, mehka vezava, 244 strani<\/p>\n<p>&nbsp;<\/p>\n<p><strong>Vsa sredstva zbrana s prodajo knjige gredo v dobrodelne namene!\u00a0<\/strong><\/p>\n","protected":false},"excerpt":{"rendered":"<p>Kolumne aktivista, antropologa, politologa, pisca in predvsem \u010cloveka &#8211; Ahmeda Pa\u0161i\u0107a &#8211; zbrane v dobrodelni knjigi.<\/p>\n","protected":false},"featured_media":2990,"template":"","meta":[],"product_cat":[174],"product_tag":[],"class_list":{"0":"post-2989","1":"product","2":"type-product","3":"status-publish","4":"has-post-thumbnail","6":"product_cat-zalozba","8":"first","9":"instock","10":"taxable","11":"shipping-taxable","12":"purchasable","13":"product-type-simple"},"yoast_head":"<!-- This site is optimized with the Yoast SEO plugin v27.1.1 - https:\/\/yoast.com\/product\/yoast-seo-wordpress\/ -->\n<title>Ahmed Pa\u0161i\u0107 - \u0160e vedno verjamem (Popotovanja od Jesenic do Singapurja)[:] - Max Perfect Gifts<\/title>\n<meta name=\"robots\" content=\"index, follow, max-snippet:-1, max-image-preview:large, max-video-preview:-1\" \/>\n<link rel=\"canonical\" href=\"https:\/\/maxperfect.gifts\/izdelek\/ahmed-pasic-se-vedno-verjamem-popotovanja-od-jesenic-do-singapurja\/\" \/>\n<meta property=\"og:locale\" content=\"en_US\" \/>\n<meta property=\"og:type\" content=\"article\" \/>\n<meta property=\"og:title\" content=\"Ahmed Pa\u0161i\u0107 - \u0160e vedno verjamem (Popotovanja od Jesenic do Singapurja)\" \/>\n<meta property=\"og:description\" content=\"Kolumne aktivista, antropologa, politologa, pisca in predvsem \u010cloveka - Ahmeda Pa\u0161i\u0107a - zbrane v dobrodelni knjigi.\" \/>\n<meta property=\"og:url\" content=\"https:\/\/maxperfect.gifts\/en\/izdelek\/ahmed-pasic-se-vedno-verjamem-popotovanja-od-jesenic-do-singapurja\/\" \/>\n<meta property=\"og:site_name\" content=\"Max Perfect Gifts\" \/>\n<meta property=\"article:modified_time\" content=\"2026-03-11T05:56:30+00:00\" \/>\n<meta property=\"og:image\" content=\"https:\/\/maxperfect.gifts\/wp-content\/uploads\/2026\/02\/full_06dd9727575dc7982f25867b3502a7c7.jpg\" \/>\n\t<meta property=\"og:image:width\" content=\"801\" \/>\n\t<meta property=\"og:image:height\" content=\"934\" \/>\n\t<meta property=\"og:image:type\" content=\"image\/jpeg\" \/>\n<meta name=\"twitter:card\" content=\"summary_large_image\" \/>\n<meta name=\"twitter:label1\" content=\"Est. reading time\" \/>\n\t<meta name=\"twitter:data1\" content=\"3 minutes\" \/>\n<script type=\"application\/ld+json\" class=\"yoast-schema-graph\">{\"@context\":\"https:\/\/schema.org\",\"@graph\":[{\"@type\":\"WebPage\",\"@id\":\"https:\/\/maxperfect.gifts\/izdelek\/ahmed-pasic-se-vedno-verjamem-popotovanja-od-jesenic-do-singapurja\/\",\"url\":\"https:\/\/maxperfect.gifts\/izdelek\/ahmed-pasic-se-vedno-verjamem-popotovanja-od-jesenic-do-singapurja\/\",\"name\":\"[:sl]Ahmed Pa\u0161i\u0107 - \u0160e vedno verjamem (Popotovanja od Jesenic do Singapurja)[:] - Max Perfect Gifts\",\"isPartOf\":{\"@id\":\"https:\/\/maxperfect.gifts\/#website\"},\"primaryImageOfPage\":{\"@id\":\"https:\/\/maxperfect.gifts\/izdelek\/ahmed-pasic-se-vedno-verjamem-popotovanja-od-jesenic-do-singapurja\/#primaryimage\"},\"image\":{\"@id\":\"https:\/\/maxperfect.gifts\/izdelek\/ahmed-pasic-se-vedno-verjamem-popotovanja-od-jesenic-do-singapurja\/#primaryimage\"},\"thumbnailUrl\":\"https:\/\/maxperfect.gifts\/wp-content\/uploads\/2026\/02\/full_06dd9727575dc7982f25867b3502a7c7.jpg\",\"datePublished\":\"2026-02-24T08:32:39+00:00\",\"dateModified\":\"2026-03-11T05:56:30+00:00\",\"breadcrumb\":{\"@id\":\"https:\/\/maxperfect.gifts\/izdelek\/ahmed-pasic-se-vedno-verjamem-popotovanja-od-jesenic-do-singapurja\/#breadcrumb\"},\"inLanguage\":\"en-US\",\"potentialAction\":[{\"@type\":\"ReadAction\",\"target\":[\"https:\/\/maxperfect.gifts\/izdelek\/ahmed-pasic-se-vedno-verjamem-popotovanja-od-jesenic-do-singapurja\/\"]}]},{\"@type\":\"ImageObject\",\"inLanguage\":\"en-US\",\"@id\":\"https:\/\/maxperfect.gifts\/izdelek\/ahmed-pasic-se-vedno-verjamem-popotovanja-od-jesenic-do-singapurja\/#primaryimage\",\"url\":\"https:\/\/maxperfect.gifts\/wp-content\/uploads\/2026\/02\/full_06dd9727575dc7982f25867b3502a7c7.jpg\",\"contentUrl\":\"https:\/\/maxperfect.gifts\/wp-content\/uploads\/2026\/02\/full_06dd9727575dc7982f25867b3502a7c7.jpg\",\"width\":801,\"height\":934},{\"@type\":\"BreadcrumbList\",\"@id\":\"https:\/\/maxperfect.gifts\/izdelek\/ahmed-pasic-se-vedno-verjamem-popotovanja-od-jesenic-do-singapurja\/#breadcrumb\",\"itemListElement\":[{\"@type\":\"ListItem\",\"position\":1,\"name\":\"Home\",\"item\":\"https:\/\/maxperfect.gifts\/en\/\"},{\"@type\":\"ListItem\",\"position\":2,\"name\":\"Trgovina\",\"item\":\"https:\/\/maxperfect.gifts\/trgovina\/\"},{\"@type\":\"ListItem\",\"position\":3,\"name\":\"Ahmed Pa\u0161i\u0107 &#8211; \u0160e vedno verjamem (Popotovanja od Jesenic do Singapurja)\"}]},{\"@type\":\"WebSite\",\"@id\":\"https:\/\/maxperfect.gifts\/#website\",\"url\":\"https:\/\/maxperfect.gifts\/\",\"name\":\"Max Perfect Gifts\",\"description\":\"Darilni program\",\"publisher\":{\"@id\":\"https:\/\/maxperfect.gifts\/#organization\"},\"potentialAction\":[{\"@type\":\"SearchAction\",\"target\":{\"@type\":\"EntryPoint\",\"urlTemplate\":\"https:\/\/maxperfect.gifts\/?s={search_term_string}\"},\"query-input\":{\"@type\":\"PropertyValueSpecification\",\"valueRequired\":true,\"valueName\":\"search_term_string\"}}],\"inLanguage\":\"en-US\"},{\"@type\":\"Organization\",\"@id\":\"https:\/\/maxperfect.gifts\/#organization\",\"name\":\"Max Perfect Gifts\",\"url\":\"https:\/\/maxperfect.gifts\/\",\"logo\":{\"@type\":\"ImageObject\",\"inLanguage\":\"en-US\",\"@id\":\"https:\/\/maxperfect.gifts\/#\/schema\/logo\/image\/\",\"url\":\"https:\/\/maxperfect.gifts\/wp-content\/uploads\/2023\/11\/max-perfect-logotip.png\",\"contentUrl\":\"https:\/\/maxperfect.gifts\/wp-content\/uploads\/2023\/11\/max-perfect-logotip.png\",\"width\":200,\"height\":76,\"caption\":\"Max Perfect Gifts\"},\"image\":{\"@id\":\"https:\/\/maxperfect.gifts\/#\/schema\/logo\/image\/\"}}]}<\/script>\n<!-- \/ Yoast SEO plugin. -->","yoast_head_json":{"title":"Ahmed Pa\u0161i\u0107 - \u0160e vedno verjamem (Popotovanja od Jesenic do Singapurja)[:] - Max Perfect Gifts","robots":{"index":"index","follow":"follow","max-snippet":"max-snippet:-1","max-image-preview":"max-image-preview:large","max-video-preview":"max-video-preview:-1"},"canonical":"https:\/\/maxperfect.gifts\/izdelek\/ahmed-pasic-se-vedno-verjamem-popotovanja-od-jesenic-do-singapurja\/","og_locale":"en_US","og_type":"article","og_title":"[:sl]Ahmed Pa\u0161i\u0107 - \u0160e vedno verjamem (Popotovanja od Jesenic do Singapurja)[:] - Max Perfect Gifts","og_description":"[:sl]Kolumne aktivista, antropologa, politologa, pisca in predvsem \u010cloveka - Ahmeda Pa\u0161i\u0107a - zbrane v dobrodelni knjigi.[:]","og_url":"https:\/\/maxperfect.gifts\/en\/izdelek\/ahmed-pasic-se-vedno-verjamem-popotovanja-od-jesenic-do-singapurja\/","og_site_name":"Max Perfect Gifts","article_modified_time":"2026-03-11T05:56:30+00:00","og_image":[{"width":801,"height":934,"url":"https:\/\/maxperfect.gifts\/wp-content\/uploads\/2026\/02\/full_06dd9727575dc7982f25867b3502a7c7.jpg","type":"image\/jpeg"}],"twitter_card":"summary_large_image","twitter_misc":{"Est. reading time":"3 minutes"},"schema":{"@context":"https:\/\/schema.org","@graph":[{"@type":"WebPage","@id":"https:\/\/maxperfect.gifts\/izdelek\/ahmed-pasic-se-vedno-verjamem-popotovanja-od-jesenic-do-singapurja\/","url":"https:\/\/maxperfect.gifts\/izdelek\/ahmed-pasic-se-vedno-verjamem-popotovanja-od-jesenic-do-singapurja\/","name":"[:sl]Ahmed Pa\u0161i\u0107 - \u0160e vedno verjamem (Popotovanja od Jesenic do Singapurja)[:] - Max Perfect Gifts","isPartOf":{"@id":"https:\/\/maxperfect.gifts\/#website"},"primaryImageOfPage":{"@id":"https:\/\/maxperfect.gifts\/izdelek\/ahmed-pasic-se-vedno-verjamem-popotovanja-od-jesenic-do-singapurja\/#primaryimage"},"image":{"@id":"https:\/\/maxperfect.gifts\/izdelek\/ahmed-pasic-se-vedno-verjamem-popotovanja-od-jesenic-do-singapurja\/#primaryimage"},"thumbnailUrl":"https:\/\/maxperfect.gifts\/wp-content\/uploads\/2026\/02\/full_06dd9727575dc7982f25867b3502a7c7.jpg","datePublished":"2026-02-24T08:32:39+00:00","dateModified":"2026-03-11T05:56:30+00:00","breadcrumb":{"@id":"https:\/\/maxperfect.gifts\/izdelek\/ahmed-pasic-se-vedno-verjamem-popotovanja-od-jesenic-do-singapurja\/#breadcrumb"},"inLanguage":"en-US","potentialAction":[{"@type":"ReadAction","target":["https:\/\/maxperfect.gifts\/izdelek\/ahmed-pasic-se-vedno-verjamem-popotovanja-od-jesenic-do-singapurja\/"]}]},{"@type":"ImageObject","inLanguage":"en-US","@id":"https:\/\/maxperfect.gifts\/izdelek\/ahmed-pasic-se-vedno-verjamem-popotovanja-od-jesenic-do-singapurja\/#primaryimage","url":"https:\/\/maxperfect.gifts\/wp-content\/uploads\/2026\/02\/full_06dd9727575dc7982f25867b3502a7c7.jpg","contentUrl":"https:\/\/maxperfect.gifts\/wp-content\/uploads\/2026\/02\/full_06dd9727575dc7982f25867b3502a7c7.jpg","width":801,"height":934},{"@type":"BreadcrumbList","@id":"https:\/\/maxperfect.gifts\/izdelek\/ahmed-pasic-se-vedno-verjamem-popotovanja-od-jesenic-do-singapurja\/#breadcrumb","itemListElement":[{"@type":"ListItem","position":1,"name":"Home","item":"https:\/\/maxperfect.gifts\/en\/"},{"@type":"ListItem","position":2,"name":"Trgovina","item":"https:\/\/maxperfect.gifts\/trgovina\/"},{"@type":"ListItem","position":3,"name":"Ahmed Pa\u0161i\u0107 &#8211; \u0160e vedno verjamem (Popotovanja od Jesenic do Singapurja)"}]},{"@type":"WebSite","@id":"https:\/\/maxperfect.gifts\/#website","url":"https:\/\/maxperfect.gifts\/","name":"Max Perfect Gifts","description":"Darilni program","publisher":{"@id":"https:\/\/maxperfect.gifts\/#organization"},"potentialAction":[{"@type":"SearchAction","target":{"@type":"EntryPoint","urlTemplate":"https:\/\/maxperfect.gifts\/?s={search_term_string}"},"query-input":{"@type":"PropertyValueSpecification","valueRequired":true,"valueName":"search_term_string"}}],"inLanguage":"en-US"},{"@type":"Organization","@id":"https:\/\/maxperfect.gifts\/#organization","name":"Max Perfect Gifts","url":"https:\/\/maxperfect.gifts\/","logo":{"@type":"ImageObject","inLanguage":"en-US","@id":"https:\/\/maxperfect.gifts\/#\/schema\/logo\/image\/","url":"https:\/\/maxperfect.gifts\/wp-content\/uploads\/2023\/11\/max-perfect-logotip.png","contentUrl":"https:\/\/maxperfect.gifts\/wp-content\/uploads\/2023\/11\/max-perfect-logotip.png","width":200,"height":76,"caption":"Max Perfect Gifts"},"image":{"@id":"https:\/\/maxperfect.gifts\/#\/schema\/logo\/image\/"}}]}},"_links":{"self":[{"href":"https:\/\/maxperfect.gifts\/en\/wp-json\/wp\/v2\/product\/2989","targetHints":{"allow":["GET"]}}],"collection":[{"href":"https:\/\/maxperfect.gifts\/en\/wp-json\/wp\/v2\/product"}],"about":[{"href":"https:\/\/maxperfect.gifts\/en\/wp-json\/wp\/v2\/types\/product"}],"wp:featuredmedia":[{"embeddable":true,"href":"https:\/\/maxperfect.gifts\/en\/wp-json\/wp\/v2\/media\/2990"}],"wp:attachment":[{"href":"https:\/\/maxperfect.gifts\/en\/wp-json\/wp\/v2\/media?parent=2989"}],"wp:term":[{"taxonomy":"product_cat","embeddable":true,"href":"https:\/\/maxperfect.gifts\/en\/wp-json\/wp\/v2\/product_cat?post=2989"},{"taxonomy":"product_tag","embeddable":true,"href":"https:\/\/maxperfect.gifts\/en\/wp-json\/wp\/v2\/product_tag?post=2989"}],"curies":[{"name":"wp","href":"https:\/\/api.w.org\/{rel}","templated":true}]}}