{"id":2992,"date":"2026-02-24T09:36:23","date_gmt":"2026-02-24T08:36:23","guid":{"rendered":"https:\/\/maxperfect.gifts\/?post_type=product&#038;p=2992"},"modified":"2026-03-11T06:56:30","modified_gmt":"2026-03-11T05:56:30","slug":"crt-kanoni-osma-zrtev-ali-rekviem-za-likvidatorja","status":"publish","type":"product","link":"https:\/\/maxperfect.gifts\/en\/izdelek\/crt-kanoni-osma-zrtev-ali-rekviem-za-likvidatorja\/","title":{"rendered":"\u010crt Kanoni &#8211; Osma \u017ertev ali rekviem za likvidatorja"},"content":{"rendered":"<h3>\u010crt Kanoni &#8211; Osma \u017ertev ali rekviem za likvidatorja<\/h3>\n<p>Spremna beseda:\u00a0prof. dr. Bojan Zalar, generalni direktor Univerzitetne psihiatri\u010dne\u00a0klinike Ljubljana<\/p>\n<p>Avtor \u010crt Kanoni, sin prof. dr. Janeza Kanonija, pionirja slovenske prihiatrije in nekdanjega\u00a0direktorja Univerzitetne psihiatri\u010dne klinike v Ljubljani, ki je \u017ee kot otrok \u017eivel in odra\u0161\u010dal na\u00a0Studencu, za zidovi ljubljanske psihiatri\u010dne bolni\u0161nice, danes pa je tam zaposlen, je spisal\u00a0roman, psihiatri\u010dni triler, napeto branje, ki vzdr\u017ei vsa merila tako leposlovnega, kot tudi resnega znanstvenega dela. Lahko bi ga\u00a0klasificirali na ve\u010d na\u010dinov; kot:<\/p>\n<p>&#8211; strokovno literaturo, saj je knjiga po kriterijih stroke, diagnosti\u010dnih klasifikacij in\u00a0razumevanja psihopatolo\u0161kih posebnosti napisana brez napak, kar ji zagotavlja lai\u010dno\u00a0in strokovno branje skozi dalj\u0161e obdobje,<br \/>\n&#8211; zgodovinsko-domoznanski roman, saj avtor odli\u010dno obvladuje, prepleta in povzema\u00a0\u010das, misli in jezik, pred, med in po drugi svetovni vojni, pozna razmere, ki jih zna tako\u00a0nevsiljivo prenesti v na\u0161e misli, da vstopimo v tedanja obdobja in za\u017eivimo z zgodbo\u00a0tako, da skorajda zaznamo svetlobo in barve,<br \/>\n&#8211; politi\u010dni triler, v katerem opisi glavnih oseb &#8211; pacientov &#8211; temeljijo na resni\u010dnih osebah, ki jim je\u00a0avtor samo spremenil imena in priimke, vse druge osebe pa so resni\u010dne, tako kot\u00a0polo\u017eaji ki so jih zasedale, kar ni nepomembno, zlasti z vidika na\u0161e polpretekle\u00a0zgodovine in konspirativne mre\u017ee znotraj OF med organiziranim uporom v Ljubljani\u00a0med \u010dasom 2. svetovne vojne in obdobjem graditve nove oblasti do leta 1955.<\/p>\n<p>Delo osvetljuje del na\u0161e\u00a0zgodovine, na\u010din \u017eivljenja, razmi\u0161ljanja, znanstvenega vedenja in psihiatri\u010dne stroke v sredini\u00a0prej\u0161njega stoletja in je pomemben prispevek dru\u017ebi, znanosti in kulturi na na\u0161ih tleh.<\/p>\n<p><img loading=\"lazy\" decoding=\"async\" class=\"wp-image-2994 aligncenter\" src=\"https:\/\/maxperfect.gifts\/wp-content\/uploads\/2026\/02\/v-mrenici-1-300x230.jpg\" alt=\"\" width=\"557\" height=\"427\" srcset=\"https:\/\/maxperfect.gifts\/wp-content\/uploads\/2026\/02\/v-mrenici-1-300x230.jpg 300w, https:\/\/maxperfect.gifts\/wp-content\/uploads\/2026\/02\/v-mrenici-1-768x588.jpg 768w, https:\/\/maxperfect.gifts\/wp-content\/uploads\/2026\/02\/v-mrenici-1-600x459.jpg 600w, https:\/\/maxperfect.gifts\/wp-content\/uploads\/2026\/02\/v-mrenici-1.jpg 900w\" sizes=\"auto, (max-width: 557px) 100vw, 557px\" \/><\/p>\n<p>Osrednji lik romana, ki se dogaja v letih od 1940 do 1955, je Peter Tekavec. Benevolenten boem in pijanec, ki so ga rojenice obdarovale z neizmernim slikarskim talentom. Osebnostno krhek, za katerega se zdi, da ga vsaka dru\u017ebena anomalija v njegovi okolici vr\u017ee iz \u017eivljenjskih tirnic, se tako kmalu znajde v Dr\u017eavni umobolnici na Studencu, kot se je takrat imenovala ta ustanova.<\/p>\n<p>Drugi lik je Andrej Perpar, profesor matematike in fizike, ki zaradi \u017ee rahlo manifestirane du\u0161evne bolezni raje pijan\u010duje po ljubljanskih lokalih in z u\u017eivanjem alkohola opija svojega najhuj\u0161ega sovra\u017enika, svoj alter ego. \u010cas, da bi \u017eivljenje in svojo profesorsko kariero prijel za vrat in prevzel odgovornost do nesojene profesure, je pri njem \u017ee davno minil.<\/p>\n<p>Vse dogodke in usode osrednjih likov pa dr\u017ei v rokah Pino Novak. Postaven mladeni\u010d, ljubljanski bonvivan, ki ni le odli\u010den \u0161portnik in jurist, pa\u010d pa tudi razgledan sogovornik na vseh podro\u010djih dru\u017ebenega, kulturnega in politi\u010dnega \u017eivljenja. \u010cas druge svetovne vojne ga usodno zaznamuje kot enega najbolj pretkanih agentov varnostno obve\u0161\u010devalne slu\u017ebe Osvobodilne fronte. Zaradi \u0161tevilnih likvidacij nasprotnikov OF in KPS, Visoki komisariat za Ljubljansko pokrajino nanj razpi\u0161e tiralico z visoko denarno nagrado, vodstvo OF pa Pinu spremeni identiteto in tako postane in\u017eenir Peter Babnik, zaposlen na mestni \u017eeleznici. Do poletja 1943 je Pino sam likvidiral \u0161est sovra\u017enikov revolucionarnega re\u017eima, ki je za\u010del pod okriljem KPS in po Dolomitski izjavi dobivati vse bolj jasne dru\u017ebene konture, ki bodo zaznamovale povojni \u010das.<\/p>\n<p>Leto 1945, \u010das osvoboditve v takratni Bolni\u0161nici za du\u0161evne in \u017eiv\u010dne bolezni na Studencu pri Ljubljani, usodno zdru\u017ei \u017eivljenjske poti vseh treh glavnih likov.<\/p>\n<p>&nbsp;<\/p>\n<p><strong>Izid knjige so podprli:<\/strong>\u00a0JZ Lekarna Ljubljana, Sanofi-Aventis d.o.o., So\u010da oprema d.o.o., Apollonia d.o.o., Agenda d.o.o., Lero Le\u0161njak d.o.o.,\u00a0ATM\u00a0Miha Svetek s.p.\u00a0in DETEKTIV Janko TRIVUNOVI\u0106.<\/p>\n<p>Oblikovanje: Neuropolitan<\/p>\n<p>A5 format, mehka vezava, 232 strani<\/p>\n","protected":false},"excerpt":{"rendered":"<p>Zgodovinski roman in politi\u010dni triler po resni\u010dnih dogodkih izza zidov Psihiatri\u010dne klinike v Ljubljani pred in po 2. svetovni vojni.<\/p>\n","protected":false},"featured_media":2993,"template":"","meta":[],"product_cat":[174],"product_tag":[],"class_list":{"0":"post-2992","1":"product","2":"type-product","3":"status-publish","4":"has-post-thumbnail","6":"product_cat-zalozba","8":"first","9":"instock","10":"taxable","11":"shipping-taxable","12":"purchasable","13":"product-type-simple"},"yoast_head":"<!-- This site is optimized with the Yoast SEO plugin v27.1.1 - https:\/\/yoast.com\/product\/yoast-seo-wordpress\/ -->\n<title>\u010crt Kanoni - Osma \u017ertev ali rekviem za likvidatorja[:] - Max Perfect Gifts<\/title>\n<meta name=\"robots\" content=\"index, follow, max-snippet:-1, max-image-preview:large, max-video-preview:-1\" \/>\n<link rel=\"canonical\" href=\"https:\/\/maxperfect.gifts\/izdelek\/crt-kanoni-osma-zrtev-ali-rekviem-za-likvidatorja\/\" \/>\n<meta property=\"og:locale\" content=\"en_US\" \/>\n<meta property=\"og:type\" content=\"article\" \/>\n<meta property=\"og:title\" content=\"\u010crt Kanoni - Osma \u017ertev ali rekviem za likvidatorja\" \/>\n<meta property=\"og:description\" content=\"Zgodovinski roman in politi\u010dni triler po resni\u010dnih dogodkih izza zidov Psihiatri\u010dne klinike v Ljubljani pred in po 2. svetovni vojni.\" \/>\n<meta property=\"og:url\" content=\"https:\/\/maxperfect.gifts\/en\/izdelek\/crt-kanoni-osma-zrtev-ali-rekviem-za-likvidatorja\/\" \/>\n<meta property=\"og:site_name\" content=\"Max Perfect Gifts\" \/>\n<meta property=\"article:modified_time\" content=\"2026-03-11T05:56:30+00:00\" \/>\n<meta property=\"og:image\" content=\"https:\/\/maxperfect.gifts\/wp-content\/uploads\/2026\/02\/full_fa7bdcd9c17aa5e10cd3f36b5371dfb8.jpg\" \/>\n\t<meta property=\"og:image:width\" content=\"780\" \/>\n\t<meta property=\"og:image:height\" content=\"925\" \/>\n\t<meta property=\"og:image:type\" content=\"image\/jpeg\" \/>\n<meta name=\"twitter:card\" content=\"summary_large_image\" \/>\n<meta name=\"twitter:label1\" content=\"Est. reading time\" \/>\n\t<meta name=\"twitter:data1\" content=\"4 minutes\" \/>\n<script type=\"application\/ld+json\" class=\"yoast-schema-graph\">{\"@context\":\"https:\/\/schema.org\",\"@graph\":[{\"@type\":\"WebPage\",\"@id\":\"https:\/\/maxperfect.gifts\/izdelek\/crt-kanoni-osma-zrtev-ali-rekviem-za-likvidatorja\/\",\"url\":\"https:\/\/maxperfect.gifts\/izdelek\/crt-kanoni-osma-zrtev-ali-rekviem-za-likvidatorja\/\",\"name\":\"[:sl]\u010crt Kanoni - Osma \u017ertev ali rekviem za likvidatorja[:] - Max Perfect Gifts\",\"isPartOf\":{\"@id\":\"https:\/\/maxperfect.gifts\/#website\"},\"primaryImageOfPage\":{\"@id\":\"https:\/\/maxperfect.gifts\/izdelek\/crt-kanoni-osma-zrtev-ali-rekviem-za-likvidatorja\/#primaryimage\"},\"image\":{\"@id\":\"https:\/\/maxperfect.gifts\/izdelek\/crt-kanoni-osma-zrtev-ali-rekviem-za-likvidatorja\/#primaryimage\"},\"thumbnailUrl\":\"https:\/\/maxperfect.gifts\/wp-content\/uploads\/2026\/02\/full_fa7bdcd9c17aa5e10cd3f36b5371dfb8.jpg\",\"datePublished\":\"2026-02-24T08:36:23+00:00\",\"dateModified\":\"2026-03-11T05:56:30+00:00\",\"breadcrumb\":{\"@id\":\"https:\/\/maxperfect.gifts\/izdelek\/crt-kanoni-osma-zrtev-ali-rekviem-za-likvidatorja\/#breadcrumb\"},\"inLanguage\":\"en-US\",\"potentialAction\":[{\"@type\":\"ReadAction\",\"target\":[\"https:\/\/maxperfect.gifts\/izdelek\/crt-kanoni-osma-zrtev-ali-rekviem-za-likvidatorja\/\"]}]},{\"@type\":\"ImageObject\",\"inLanguage\":\"en-US\",\"@id\":\"https:\/\/maxperfect.gifts\/izdelek\/crt-kanoni-osma-zrtev-ali-rekviem-za-likvidatorja\/#primaryimage\",\"url\":\"https:\/\/maxperfect.gifts\/wp-content\/uploads\/2026\/02\/full_fa7bdcd9c17aa5e10cd3f36b5371dfb8.jpg\",\"contentUrl\":\"https:\/\/maxperfect.gifts\/wp-content\/uploads\/2026\/02\/full_fa7bdcd9c17aa5e10cd3f36b5371dfb8.jpg\",\"width\":780,\"height\":925},{\"@type\":\"BreadcrumbList\",\"@id\":\"https:\/\/maxperfect.gifts\/izdelek\/crt-kanoni-osma-zrtev-ali-rekviem-za-likvidatorja\/#breadcrumb\",\"itemListElement\":[{\"@type\":\"ListItem\",\"position\":1,\"name\":\"Home\",\"item\":\"https:\/\/maxperfect.gifts\/en\/\"},{\"@type\":\"ListItem\",\"position\":2,\"name\":\"Trgovina\",\"item\":\"https:\/\/maxperfect.gifts\/trgovina\/\"},{\"@type\":\"ListItem\",\"position\":3,\"name\":\"\u010crt Kanoni &#8211; Osma \u017ertev ali rekviem za likvidatorja\"}]},{\"@type\":\"WebSite\",\"@id\":\"https:\/\/maxperfect.gifts\/#website\",\"url\":\"https:\/\/maxperfect.gifts\/\",\"name\":\"Max Perfect Gifts\",\"description\":\"Darilni program\",\"publisher\":{\"@id\":\"https:\/\/maxperfect.gifts\/#organization\"},\"potentialAction\":[{\"@type\":\"SearchAction\",\"target\":{\"@type\":\"EntryPoint\",\"urlTemplate\":\"https:\/\/maxperfect.gifts\/?s={search_term_string}\"},\"query-input\":{\"@type\":\"PropertyValueSpecification\",\"valueRequired\":true,\"valueName\":\"search_term_string\"}}],\"inLanguage\":\"en-US\"},{\"@type\":\"Organization\",\"@id\":\"https:\/\/maxperfect.gifts\/#organization\",\"name\":\"Max Perfect Gifts\",\"url\":\"https:\/\/maxperfect.gifts\/\",\"logo\":{\"@type\":\"ImageObject\",\"inLanguage\":\"en-US\",\"@id\":\"https:\/\/maxperfect.gifts\/#\/schema\/logo\/image\/\",\"url\":\"https:\/\/maxperfect.gifts\/wp-content\/uploads\/2023\/11\/max-perfect-logotip.png\",\"contentUrl\":\"https:\/\/maxperfect.gifts\/wp-content\/uploads\/2023\/11\/max-perfect-logotip.png\",\"width\":200,\"height\":76,\"caption\":\"Max Perfect Gifts\"},\"image\":{\"@id\":\"https:\/\/maxperfect.gifts\/#\/schema\/logo\/image\/\"}}]}<\/script>\n<!-- \/ Yoast SEO plugin. -->","yoast_head_json":{"title":"\u010crt Kanoni - Osma \u017ertev ali rekviem za likvidatorja[:] - Max Perfect Gifts","robots":{"index":"index","follow":"follow","max-snippet":"max-snippet:-1","max-image-preview":"max-image-preview:large","max-video-preview":"max-video-preview:-1"},"canonical":"https:\/\/maxperfect.gifts\/izdelek\/crt-kanoni-osma-zrtev-ali-rekviem-za-likvidatorja\/","og_locale":"en_US","og_type":"article","og_title":"[:sl]\u010crt Kanoni - Osma \u017ertev ali rekviem za likvidatorja[:] - Max Perfect Gifts","og_description":"[:sl]Zgodovinski roman in politi\u010dni triler po resni\u010dnih dogodkih izza zidov Psihiatri\u010dne klinike v Ljubljani pred in po 2. svetovni vojni.[:]","og_url":"https:\/\/maxperfect.gifts\/en\/izdelek\/crt-kanoni-osma-zrtev-ali-rekviem-za-likvidatorja\/","og_site_name":"Max Perfect Gifts","article_modified_time":"2026-03-11T05:56:30+00:00","og_image":[{"width":780,"height":925,"url":"https:\/\/maxperfect.gifts\/wp-content\/uploads\/2026\/02\/full_fa7bdcd9c17aa5e10cd3f36b5371dfb8.jpg","type":"image\/jpeg"}],"twitter_card":"summary_large_image","twitter_misc":{"Est. reading time":"4 minutes"},"schema":{"@context":"https:\/\/schema.org","@graph":[{"@type":"WebPage","@id":"https:\/\/maxperfect.gifts\/izdelek\/crt-kanoni-osma-zrtev-ali-rekviem-za-likvidatorja\/","url":"https:\/\/maxperfect.gifts\/izdelek\/crt-kanoni-osma-zrtev-ali-rekviem-za-likvidatorja\/","name":"[:sl]\u010crt Kanoni - Osma \u017ertev ali rekviem za likvidatorja[:] - Max Perfect Gifts","isPartOf":{"@id":"https:\/\/maxperfect.gifts\/#website"},"primaryImageOfPage":{"@id":"https:\/\/maxperfect.gifts\/izdelek\/crt-kanoni-osma-zrtev-ali-rekviem-za-likvidatorja\/#primaryimage"},"image":{"@id":"https:\/\/maxperfect.gifts\/izdelek\/crt-kanoni-osma-zrtev-ali-rekviem-za-likvidatorja\/#primaryimage"},"thumbnailUrl":"https:\/\/maxperfect.gifts\/wp-content\/uploads\/2026\/02\/full_fa7bdcd9c17aa5e10cd3f36b5371dfb8.jpg","datePublished":"2026-02-24T08:36:23+00:00","dateModified":"2026-03-11T05:56:30+00:00","breadcrumb":{"@id":"https:\/\/maxperfect.gifts\/izdelek\/crt-kanoni-osma-zrtev-ali-rekviem-za-likvidatorja\/#breadcrumb"},"inLanguage":"en-US","potentialAction":[{"@type":"ReadAction","target":["https:\/\/maxperfect.gifts\/izdelek\/crt-kanoni-osma-zrtev-ali-rekviem-za-likvidatorja\/"]}]},{"@type":"ImageObject","inLanguage":"en-US","@id":"https:\/\/maxperfect.gifts\/izdelek\/crt-kanoni-osma-zrtev-ali-rekviem-za-likvidatorja\/#primaryimage","url":"https:\/\/maxperfect.gifts\/wp-content\/uploads\/2026\/02\/full_fa7bdcd9c17aa5e10cd3f36b5371dfb8.jpg","contentUrl":"https:\/\/maxperfect.gifts\/wp-content\/uploads\/2026\/02\/full_fa7bdcd9c17aa5e10cd3f36b5371dfb8.jpg","width":780,"height":925},{"@type":"BreadcrumbList","@id":"https:\/\/maxperfect.gifts\/izdelek\/crt-kanoni-osma-zrtev-ali-rekviem-za-likvidatorja\/#breadcrumb","itemListElement":[{"@type":"ListItem","position":1,"name":"Home","item":"https:\/\/maxperfect.gifts\/en\/"},{"@type":"ListItem","position":2,"name":"Trgovina","item":"https:\/\/maxperfect.gifts\/trgovina\/"},{"@type":"ListItem","position":3,"name":"\u010crt Kanoni &#8211; Osma \u017ertev ali rekviem za likvidatorja"}]},{"@type":"WebSite","@id":"https:\/\/maxperfect.gifts\/#website","url":"https:\/\/maxperfect.gifts\/","name":"Max Perfect Gifts","description":"Darilni program","publisher":{"@id":"https:\/\/maxperfect.gifts\/#organization"},"potentialAction":[{"@type":"SearchAction","target":{"@type":"EntryPoint","urlTemplate":"https:\/\/maxperfect.gifts\/?s={search_term_string}"},"query-input":{"@type":"PropertyValueSpecification","valueRequired":true,"valueName":"search_term_string"}}],"inLanguage":"en-US"},{"@type":"Organization","@id":"https:\/\/maxperfect.gifts\/#organization","name":"Max Perfect Gifts","url":"https:\/\/maxperfect.gifts\/","logo":{"@type":"ImageObject","inLanguage":"en-US","@id":"https:\/\/maxperfect.gifts\/#\/schema\/logo\/image\/","url":"https:\/\/maxperfect.gifts\/wp-content\/uploads\/2023\/11\/max-perfect-logotip.png","contentUrl":"https:\/\/maxperfect.gifts\/wp-content\/uploads\/2023\/11\/max-perfect-logotip.png","width":200,"height":76,"caption":"Max Perfect Gifts"},"image":{"@id":"https:\/\/maxperfect.gifts\/#\/schema\/logo\/image\/"}}]}},"_links":{"self":[{"href":"https:\/\/maxperfect.gifts\/en\/wp-json\/wp\/v2\/product\/2992","targetHints":{"allow":["GET"]}}],"collection":[{"href":"https:\/\/maxperfect.gifts\/en\/wp-json\/wp\/v2\/product"}],"about":[{"href":"https:\/\/maxperfect.gifts\/en\/wp-json\/wp\/v2\/types\/product"}],"wp:featuredmedia":[{"embeddable":true,"href":"https:\/\/maxperfect.gifts\/en\/wp-json\/wp\/v2\/media\/2993"}],"wp:attachment":[{"href":"https:\/\/maxperfect.gifts\/en\/wp-json\/wp\/v2\/media?parent=2992"}],"wp:term":[{"taxonomy":"product_cat","embeddable":true,"href":"https:\/\/maxperfect.gifts\/en\/wp-json\/wp\/v2\/product_cat?post=2992"},{"taxonomy":"product_tag","embeddable":true,"href":"https:\/\/maxperfect.gifts\/en\/wp-json\/wp\/v2\/product_tag?post=2992"}],"curies":[{"name":"wp","href":"https:\/\/api.w.org\/{rel}","templated":true}]}}