{"id":2995,"date":"2026-02-24T09:38:26","date_gmt":"2026-02-24T08:38:26","guid":{"rendered":"https:\/\/maxperfect.gifts\/?post_type=product&#038;p=2995"},"modified":"2026-03-11T06:56:29","modified_gmt":"2026-03-11T05:56:29","slug":"prakticni-vodnik-za-upokojence-pravice-moznosti-priloznosti","status":"publish","type":"product","link":"https:\/\/maxperfect.gifts\/en\/izdelek\/prakticni-vodnik-za-upokojence-pravice-moznosti-priloznosti\/","title":{"rendered":"PRAKTI\u010cNI VODNIK ZA UPOKOJENCE &#8211; pravice, mo\u017enosti, prilo\u017enosti"},"content":{"rendered":"<h3>PRAKTI\u010cNI VODNIK ZA UPOKOJENCE &#8211; pravice, mo\u017enosti, prilo\u017enosti<\/h3>\n<p style=\"text-align: left;\" align=\"center\">Namen priro\u010dnika je prijazno, na poljuden in razumljiv na\u010din informirati na enem mestu vse, predvsem pa upokojensko populacijo, katere so njihove pravice, mo\u017enosti in prilo\u017enosti na podro\u010dju zakonodaje, sociale, zdravstva, izobra\u017eevanja, prostega \u010dasa, odnosov, &#8230; skratka vsega, kar je zanimivo in koristno vedeti v tretjem \u017eivljenjskem obdobju. Upokojenci so izku\u0161enej\u0161i in modrej\u0161i kot kdajkoli prej, \u0161e vedno polni mo\u010di ter idej, na za\u010detku nove svobode, novega \u017eivljenja. Manjkajo pa jim bistvene informacije o njih samih in njihovem statusu v dru\u017ebi.<\/p>\n<p style=\"text-align: left;\" align=\"center\">\n<p style=\"text-align: left;\" align=\"center\">KAZALO<\/p>\n<p>Uvodnik<br \/>\n<strong>Upokojenci v Sloveniji in EU<\/strong><br \/>\nOrganiziranost upokojencev: ZDUS in dru\u0161tva upokojencev<br \/>\nUpokojenci morajo biti sindikalno organizirani (Vanda Re\u0161eta, sekretarka Sindikata upokojencev Slovenije)<br \/>\nStatisti\u010dni podatki in primerjave za Slovenijo (Maks Viktor)<br \/>\nUpokojenci in Evropska Unija<br \/>\nUpokojenci in politika<br \/>\nNi\u010d o nas brez nas (Pavel Brglez, generalni sekretar DeSUS)<br \/>\nZveza upokojencev pri SLS (Bogdan Brada\u010d, predsednik Zveze upokojencev pri SLS)<br \/>\nLDS in upokojenci (Jo\u017ee Kastelic, predsednik Sivih panterjev LDS)<br \/>\nZveza upokojencev Socialnih demokratov za socialno Slovenijo in Evropo (Nu\u0161a Ker\u0161evan)<br \/>\nPre\u017eiveti s pokojnino (Maks Viktor)<br \/>\nKako \u0161e kaj do\u017eiveti s svojo pokojnino (Magda \u0160mon)<br \/>\nKaj lahko pri\u010dakujejo slovenski upokojenci v prihodnje<\/p>\n<p><strong>Pokojnine<\/strong><br \/>\nPokojninsko in invalidsko zavarovanje v Republiki Sloveniji<br \/>\nDokup dobe<br \/>\nStarostna pokojnina<br \/>\nInvalidska pokojnina<br \/>\nVdovska pokojnina<br \/>\nDru\u017einska pokojnina<br \/>\nDelna pokojnina<br \/>\nDr\u017eavna pokojnina<br \/>\nUveljavljanje pravic na podlagi evropskih predpisov oz. mednarodnih sporazumov<br \/>\nVoja\u0161ka pokojnina<br \/>\nKme\u010dka pokojnina in pre\u017eivnina<br \/>\nPokojnine po posebnih predpisih<br \/>\nDodatek za pomo\u010d in postre\u017ebo<br \/>\nInvalidnina<br \/>\nVarstveni dodatek<br \/>\nOdpravnina in oskrbnina<br \/>\nLetni dodatek<br \/>\nAkontacije pokojnin, ki so obveznost drugih dr\u017eav, nastalih na obmo\u010dju nekdanje SFRJ<br \/>\nDodatek k pokojnini<\/p>\n<p><strong>Socialna pomo\u010d<\/strong><br \/>\nKakovostno staranje in poti do njega (prof. dr. Jo\u017ee Ramov\u0161, In\u0161titut Antona Trstenjaka za gerontologijo in medgeneracijsko so\u017eitje)<br \/>\nCentri za socialno delo za starej\u0161e (Mag. Radmila Pavlovi\u010d, dipl. psih.)<br \/>\nProgrami in aktivnosti za starej\u0161e v okviru Karitas (Helena Zevnik, univ. prof. zdr. vzg., Slovenska karitas)<br \/>\nwww.dohtarji (Andreja Verov\u0161ek, univ. dipl. soc. del., Med.over.net)<br \/>\nPomo\u010d na domu (Maks Viktor)<br \/>\nDnevno varstvo (Maks Viktor)<br \/>\nOskrbovana stanovanja (Maks Viktor)<br \/>\nDomovi za starej\u0161e (Marija Miladinovi\u010d, univ. dipl. soc.)<br \/>\nOdlo\u010den \u00bbNE\u00ab nasilju in zlorabam (Barbara Ora\u017eem in mag. Ksenija Ramov\u0161, In\u0161titut Antona Trstenjaka za gerontologijo in medgeneracijsko so\u017eitje)<br \/>\nUpravi\u010denost do brezpla\u010dne pravne pomo\u010di (Nata\u0161a \u010ce\u010d Gruden, univ. dipl. prav.)<br \/>\nDedovanje (Senka \u0160. Vrbica, univ. dipl. prav. PIC Ljubljana)<\/p>\n<p><strong>Zdravstvena varnost upokojencev<\/strong><br \/>\nZdravstvena varnost upokojencev (Zavod za zdravstveno zavarovanje Slovenije)<br \/>\nKako ohranjati zdravo starost (Grmek \u0160trukelj Darina, upokojena dr. med., spec. spl. med.)<br \/>\nNega in oskrba v doma\u010dem okolju (Marina Kokolj, mag. farm., Hospitalia, d.o.o.)<br \/>\nVarna in pravilna raba zdravil (Mihaela Tr\u0161inar, mag. farm. spec.)<br \/>\nBolezni \u017eivljenjskega stila (Grmek \u0160trukelj Darina, upokojena dr. med., spec. spl. med.)<br \/>\nUstavimo osteoporozo, preden ona ustavi nas (prim. as. Miro \u010cokoli\u010d, dr. med.)<br \/>\nZakaj potrebujemo kalcij (Mojca Lunder, mag. farm.)<br \/>\nPaliativna medicina \u2013 oskrba ob koncu \u017eivljenja (Asist. Ur\u0161ka Lunder, dr. med., Zavod za razvoj paliativne oskrbe, Ljubljana)<\/p>\n<p><strong>Izobra\u017eevanje<\/strong><br \/>\nIzobra\u017eevanje v tretjem \u017eivljenjskem obdobju (Eva Klemen\u010di\u010d, prof. soc., univ. dipl. politolog, Pedago\u0161ki in\u0161titut Ljubljana)<br \/>\nRa\u010dunalni\u0161ko izobra\u017eevanje starej\u0161ih (Maja Kastelic, ISA.IT, d.o.o.)<\/p>\n<p><strong>Prosti \u010das in hobiji<\/strong><br \/>\nPoraba \u010dasa pri upokojencih (Maks Viktor)<br \/>\nKultura, prireditve in sre\u010danja (Zoran Kne\u017eevi\u0107, kulturolog)<br \/>\nJesen v potovanjih in novih iskanjih ( Vesna Savi\u010d, prof. soc. in zgod.)<br \/>\nSlovenska naravna zdravili\u0161\u010da (mag. Rudi Rumbak, sekretar Skupnosti slovenskih naravnih zdravili\u0161\u010d, g.i.z.)<br \/>\nPohodni\u0161tvo pri upokojencih<br \/>\n(Viktor Uhan, gorski vodnik in re\u0161evalec)<br \/>\nOdprimo se svetu, razgibajmo vsakdanjik<br \/>\n(Tina Se\u0161ek, vaditeljica in terapevtka, Zavod za razvijanje ustvarjalnosti)<br \/>\nVadba v vodi za seniorje<br \/>\n(Asist. dr. Boro \u0160trumbelj, prof. \u0161. v.)<br \/>\nBalinanje je za upokojence zelo primeren \u0161port<br \/>\n(Zdenko Fajdiga, \u0161portni novinar)<br \/>\nVrti\u010dkarji imajo vse leto delo<br \/>\n(Jo\u017eica Golob-Klan\u010di\u010d, univ. dipl. ing. hort.)<br \/>\nMoj vrt, moje veselje<br \/>\n(Mirjam Pavli\u010d)<\/p>\n<p><strong>Najve\u010dja radost: Vnuki<\/strong><br \/>\nBabica o svojih vnukih<br \/>\n(Pavla Kline)<br \/>\nVnuk o dedku in babici<br \/>\n(Dren Gruden)<br \/>\nVnukinja o babici in dedku<br \/>\n(Brina Gruden)<\/p>\n<p><strong>Partnerstvo, novi odnosi<\/strong><br \/>\nOdhod v pokoj \u2013 te\u017eka prelomnica za vsakogar<br \/>\n(Imre Jerebic)<br \/>\nSade\u017ei dru\u017ebe<br \/>\n(Tereza Novak, Slovenska filantropija)<br \/>\nNikoli ni prepozno za nov za\u010detek<br \/>\n(Leopold Ore\u0161nik, \u017denitna posredovalnica Zaupanje)<br \/>\nSre\u010dni ljudje<br \/>\n(Danijel Arti\u010dek, univ.dipl. oec., v pokoju)<\/p>\n<p><strong>Vsak dan je novo do\u017eivetje:<\/strong><\/p>\n<p style=\"text-align: left;\" align=\"center\"><strong>TURISTI\u010cNI VODNIK ZA SENIORJE PO SLOVENSKIH OB\u010cINAH<\/strong><br \/>\nGorenjska regija<br \/>\nGori\u0161ka regija<br \/>\nJV Slovenija<br \/>\nKoro\u0161ka regija<br \/>\nNotranjsko kra\u0161ka regija<br \/>\nObalno kra\u0161ka regija<br \/>\nOsrednjeslovenska regija<br \/>\nDravska regija<br \/>\nSavinjska regija<br \/>\nPomurska regija<br \/>\nZasavska regija<br \/>\nSpodnje-posavska regija<\/p>\n<p style=\"text-align: left;\" align=\"center\"><strong>Nekateri sponzorji in ogla\u0161evalci:<\/strong><br \/>\n&#8211; EU komisija<br \/>\n&#8211; Urad vlade za informiranje<br \/>\n&#8211; Med.over.net<br \/>\n&#8211; Zavod Vzajemnost d.d.<br \/>\n&#8211; Zora plus d.o.o.<br \/>\n&#8211; CDE nove tehnologije d.o.o.<br \/>\n&#8211; Hospitalia d.o.o.<br \/>\n&#8211; Sanolabor d.d.<br \/>\n&#8211; Zavod za varstvo pri delu d.d.<\/p>\n","protected":false},"excerpt":{"rendered":"<p>Namen priro\u010dnika je prijazno, na poljuden in razumljiv na\u010din informirati na enem mestu vse, predvsem pa upokojensko populacijo, katere so njihove pravice, mo\u017enosti in prilo\u017enosti na podro\u010dju zakonodaje, sociale, zdravstva, izobra\u017eevanja, prostega \u010dasa, odnosov &#8230;<\/p>\n","protected":false},"featured_media":2996,"template":"","meta":[],"product_cat":[174],"product_tag":[],"class_list":{"0":"post-2995","1":"product","2":"type-product","3":"status-publish","4":"has-post-thumbnail","6":"product_cat-zalozba","8":"first","9":"instock","10":"taxable","11":"shipping-taxable","12":"purchasable","13":"product-type-simple"},"yoast_head":"<!-- This site is optimized with the Yoast SEO plugin v27.1.1 - https:\/\/yoast.com\/product\/yoast-seo-wordpress\/ -->\n<title>PRAKTI\u010cNI VODNIK ZA UPOKOJENCE - pravice, mo\u017enosti, prilo\u017enosti[:] - Max Perfect Gifts<\/title>\n<meta name=\"robots\" content=\"index, follow, max-snippet:-1, max-image-preview:large, max-video-preview:-1\" \/>\n<link rel=\"canonical\" href=\"https:\/\/maxperfect.gifts\/izdelek\/prakticni-vodnik-za-upokojence-pravice-moznosti-priloznosti\/\" \/>\n<meta property=\"og:locale\" content=\"en_US\" \/>\n<meta property=\"og:type\" content=\"article\" \/>\n<meta property=\"og:title\" content=\"PRAKTI\u010cNI VODNIK ZA UPOKOJENCE - pravice, mo\u017enosti, prilo\u017enosti\" \/>\n<meta property=\"og:description\" content=\"Namen priro\u010dnika je prijazno, na poljuden in razumljiv na\u010din informirati na enem mestu vse, predvsem pa upokojensko populacijo, katere so njihove pravice, mo\u017enosti in prilo\u017enosti na podro\u010dju zakonodaje, sociale, zdravstva, izobra\u017eevanja, prostega \u010dasa, odnosov ...\" \/>\n<meta property=\"og:url\" content=\"https:\/\/maxperfect.gifts\/en\/izdelek\/prakticni-vodnik-za-upokojence-pravice-moznosti-priloznosti\/\" \/>\n<meta property=\"og:site_name\" content=\"Max Perfect Gifts\" \/>\n<meta property=\"article:modified_time\" content=\"2026-03-11T05:56:29+00:00\" \/>\n<meta property=\"og:image\" content=\"https:\/\/maxperfect.gifts\/wp-content\/uploads\/2026\/02\/full_a31823737f77cfe66471abe592e8406e.jpg\" \/>\n\t<meta property=\"og:image:width\" content=\"316\" \/>\n\t<meta property=\"og:image:height\" content=\"450\" \/>\n\t<meta property=\"og:image:type\" content=\"image\/jpeg\" \/>\n<meta name=\"twitter:card\" content=\"summary_large_image\" \/>\n<meta name=\"twitter:label1\" content=\"Est. reading time\" \/>\n\t<meta name=\"twitter:data1\" content=\"5 minutes\" \/>\n<script type=\"application\/ld+json\" class=\"yoast-schema-graph\">{\"@context\":\"https:\/\/schema.org\",\"@graph\":[{\"@type\":\"WebPage\",\"@id\":\"https:\/\/maxperfect.gifts\/izdelek\/prakticni-vodnik-za-upokojence-pravice-moznosti-priloznosti\/\",\"url\":\"https:\/\/maxperfect.gifts\/izdelek\/prakticni-vodnik-za-upokojence-pravice-moznosti-priloznosti\/\",\"name\":\"[:sl]PRAKTI\u010cNI VODNIK ZA UPOKOJENCE - pravice, mo\u017enosti, prilo\u017enosti[:] - Max Perfect Gifts\",\"isPartOf\":{\"@id\":\"https:\/\/maxperfect.gifts\/#website\"},\"primaryImageOfPage\":{\"@id\":\"https:\/\/maxperfect.gifts\/izdelek\/prakticni-vodnik-za-upokojence-pravice-moznosti-priloznosti\/#primaryimage\"},\"image\":{\"@id\":\"https:\/\/maxperfect.gifts\/izdelek\/prakticni-vodnik-za-upokojence-pravice-moznosti-priloznosti\/#primaryimage\"},\"thumbnailUrl\":\"https:\/\/maxperfect.gifts\/wp-content\/uploads\/2026\/02\/full_a31823737f77cfe66471abe592e8406e.jpg\",\"datePublished\":\"2026-02-24T08:38:26+00:00\",\"dateModified\":\"2026-03-11T05:56:29+00:00\",\"breadcrumb\":{\"@id\":\"https:\/\/maxperfect.gifts\/izdelek\/prakticni-vodnik-za-upokojence-pravice-moznosti-priloznosti\/#breadcrumb\"},\"inLanguage\":\"en-US\",\"potentialAction\":[{\"@type\":\"ReadAction\",\"target\":[\"https:\/\/maxperfect.gifts\/izdelek\/prakticni-vodnik-za-upokojence-pravice-moznosti-priloznosti\/\"]}]},{\"@type\":\"ImageObject\",\"inLanguage\":\"en-US\",\"@id\":\"https:\/\/maxperfect.gifts\/izdelek\/prakticni-vodnik-za-upokojence-pravice-moznosti-priloznosti\/#primaryimage\",\"url\":\"https:\/\/maxperfect.gifts\/wp-content\/uploads\/2026\/02\/full_a31823737f77cfe66471abe592e8406e.jpg\",\"contentUrl\":\"https:\/\/maxperfect.gifts\/wp-content\/uploads\/2026\/02\/full_a31823737f77cfe66471abe592e8406e.jpg\",\"width\":316,\"height\":450},{\"@type\":\"BreadcrumbList\",\"@id\":\"https:\/\/maxperfect.gifts\/izdelek\/prakticni-vodnik-za-upokojence-pravice-moznosti-priloznosti\/#breadcrumb\",\"itemListElement\":[{\"@type\":\"ListItem\",\"position\":1,\"name\":\"Home\",\"item\":\"https:\/\/maxperfect.gifts\/en\/\"},{\"@type\":\"ListItem\",\"position\":2,\"name\":\"Trgovina\",\"item\":\"https:\/\/maxperfect.gifts\/trgovina\/\"},{\"@type\":\"ListItem\",\"position\":3,\"name\":\"PRAKTI\u010cNI VODNIK ZA UPOKOJENCE &#8211; pravice, mo\u017enosti, prilo\u017enosti\"}]},{\"@type\":\"WebSite\",\"@id\":\"https:\/\/maxperfect.gifts\/#website\",\"url\":\"https:\/\/maxperfect.gifts\/\",\"name\":\"Max Perfect Gifts\",\"description\":\"Darilni program\",\"publisher\":{\"@id\":\"https:\/\/maxperfect.gifts\/#organization\"},\"potentialAction\":[{\"@type\":\"SearchAction\",\"target\":{\"@type\":\"EntryPoint\",\"urlTemplate\":\"https:\/\/maxperfect.gifts\/?s={search_term_string}\"},\"query-input\":{\"@type\":\"PropertyValueSpecification\",\"valueRequired\":true,\"valueName\":\"search_term_string\"}}],\"inLanguage\":\"en-US\"},{\"@type\":\"Organization\",\"@id\":\"https:\/\/maxperfect.gifts\/#organization\",\"name\":\"Max Perfect Gifts\",\"url\":\"https:\/\/maxperfect.gifts\/\",\"logo\":{\"@type\":\"ImageObject\",\"inLanguage\":\"en-US\",\"@id\":\"https:\/\/maxperfect.gifts\/#\/schema\/logo\/image\/\",\"url\":\"https:\/\/maxperfect.gifts\/wp-content\/uploads\/2023\/11\/max-perfect-logotip.png\",\"contentUrl\":\"https:\/\/maxperfect.gifts\/wp-content\/uploads\/2023\/11\/max-perfect-logotip.png\",\"width\":200,\"height\":76,\"caption\":\"Max Perfect Gifts\"},\"image\":{\"@id\":\"https:\/\/maxperfect.gifts\/#\/schema\/logo\/image\/\"}}]}<\/script>\n<!-- \/ Yoast SEO plugin. -->","yoast_head_json":{"title":"PRAKTI\u010cNI VODNIK ZA UPOKOJENCE - pravice, mo\u017enosti, prilo\u017enosti[:] - Max Perfect Gifts","robots":{"index":"index","follow":"follow","max-snippet":"max-snippet:-1","max-image-preview":"max-image-preview:large","max-video-preview":"max-video-preview:-1"},"canonical":"https:\/\/maxperfect.gifts\/izdelek\/prakticni-vodnik-za-upokojence-pravice-moznosti-priloznosti\/","og_locale":"en_US","og_type":"article","og_title":"[:sl]PRAKTI\u010cNI VODNIK ZA UPOKOJENCE - pravice, mo\u017enosti, prilo\u017enosti[:] - Max Perfect Gifts","og_description":"[:sl]Namen priro\u010dnika je prijazno, na poljuden in razumljiv na\u010din informirati na enem mestu vse, predvsem pa upokojensko populacijo, katere so njihove pravice, mo\u017enosti in prilo\u017enosti na podro\u010dju zakonodaje, sociale, zdravstva, izobra\u017eevanja, prostega \u010dasa, odnosov ...[:]","og_url":"https:\/\/maxperfect.gifts\/en\/izdelek\/prakticni-vodnik-za-upokojence-pravice-moznosti-priloznosti\/","og_site_name":"Max Perfect Gifts","article_modified_time":"2026-03-11T05:56:29+00:00","og_image":[{"width":316,"height":450,"url":"https:\/\/maxperfect.gifts\/wp-content\/uploads\/2026\/02\/full_a31823737f77cfe66471abe592e8406e.jpg","type":"image\/jpeg"}],"twitter_card":"summary_large_image","twitter_misc":{"Est. reading time":"5 minutes"},"schema":{"@context":"https:\/\/schema.org","@graph":[{"@type":"WebPage","@id":"https:\/\/maxperfect.gifts\/izdelek\/prakticni-vodnik-za-upokojence-pravice-moznosti-priloznosti\/","url":"https:\/\/maxperfect.gifts\/izdelek\/prakticni-vodnik-za-upokojence-pravice-moznosti-priloznosti\/","name":"[:sl]PRAKTI\u010cNI VODNIK ZA UPOKOJENCE - pravice, mo\u017enosti, prilo\u017enosti[:] - Max Perfect Gifts","isPartOf":{"@id":"https:\/\/maxperfect.gifts\/#website"},"primaryImageOfPage":{"@id":"https:\/\/maxperfect.gifts\/izdelek\/prakticni-vodnik-za-upokojence-pravice-moznosti-priloznosti\/#primaryimage"},"image":{"@id":"https:\/\/maxperfect.gifts\/izdelek\/prakticni-vodnik-za-upokojence-pravice-moznosti-priloznosti\/#primaryimage"},"thumbnailUrl":"https:\/\/maxperfect.gifts\/wp-content\/uploads\/2026\/02\/full_a31823737f77cfe66471abe592e8406e.jpg","datePublished":"2026-02-24T08:38:26+00:00","dateModified":"2026-03-11T05:56:29+00:00","breadcrumb":{"@id":"https:\/\/maxperfect.gifts\/izdelek\/prakticni-vodnik-za-upokojence-pravice-moznosti-priloznosti\/#breadcrumb"},"inLanguage":"en-US","potentialAction":[{"@type":"ReadAction","target":["https:\/\/maxperfect.gifts\/izdelek\/prakticni-vodnik-za-upokojence-pravice-moznosti-priloznosti\/"]}]},{"@type":"ImageObject","inLanguage":"en-US","@id":"https:\/\/maxperfect.gifts\/izdelek\/prakticni-vodnik-za-upokojence-pravice-moznosti-priloznosti\/#primaryimage","url":"https:\/\/maxperfect.gifts\/wp-content\/uploads\/2026\/02\/full_a31823737f77cfe66471abe592e8406e.jpg","contentUrl":"https:\/\/maxperfect.gifts\/wp-content\/uploads\/2026\/02\/full_a31823737f77cfe66471abe592e8406e.jpg","width":316,"height":450},{"@type":"BreadcrumbList","@id":"https:\/\/maxperfect.gifts\/izdelek\/prakticni-vodnik-za-upokojence-pravice-moznosti-priloznosti\/#breadcrumb","itemListElement":[{"@type":"ListItem","position":1,"name":"Home","item":"https:\/\/maxperfect.gifts\/en\/"},{"@type":"ListItem","position":2,"name":"Trgovina","item":"https:\/\/maxperfect.gifts\/trgovina\/"},{"@type":"ListItem","position":3,"name":"PRAKTI\u010cNI VODNIK ZA UPOKOJENCE &#8211; pravice, mo\u017enosti, prilo\u017enosti"}]},{"@type":"WebSite","@id":"https:\/\/maxperfect.gifts\/#website","url":"https:\/\/maxperfect.gifts\/","name":"Max Perfect Gifts","description":"Darilni program","publisher":{"@id":"https:\/\/maxperfect.gifts\/#organization"},"potentialAction":[{"@type":"SearchAction","target":{"@type":"EntryPoint","urlTemplate":"https:\/\/maxperfect.gifts\/?s={search_term_string}"},"query-input":{"@type":"PropertyValueSpecification","valueRequired":true,"valueName":"search_term_string"}}],"inLanguage":"en-US"},{"@type":"Organization","@id":"https:\/\/maxperfect.gifts\/#organization","name":"Max Perfect Gifts","url":"https:\/\/maxperfect.gifts\/","logo":{"@type":"ImageObject","inLanguage":"en-US","@id":"https:\/\/maxperfect.gifts\/#\/schema\/logo\/image\/","url":"https:\/\/maxperfect.gifts\/wp-content\/uploads\/2023\/11\/max-perfect-logotip.png","contentUrl":"https:\/\/maxperfect.gifts\/wp-content\/uploads\/2023\/11\/max-perfect-logotip.png","width":200,"height":76,"caption":"Max Perfect Gifts"},"image":{"@id":"https:\/\/maxperfect.gifts\/#\/schema\/logo\/image\/"}}]}},"_links":{"self":[{"href":"https:\/\/maxperfect.gifts\/en\/wp-json\/wp\/v2\/product\/2995","targetHints":{"allow":["GET"]}}],"collection":[{"href":"https:\/\/maxperfect.gifts\/en\/wp-json\/wp\/v2\/product"}],"about":[{"href":"https:\/\/maxperfect.gifts\/en\/wp-json\/wp\/v2\/types\/product"}],"wp:featuredmedia":[{"embeddable":true,"href":"https:\/\/maxperfect.gifts\/en\/wp-json\/wp\/v2\/media\/2996"}],"wp:attachment":[{"href":"https:\/\/maxperfect.gifts\/en\/wp-json\/wp\/v2\/media?parent=2995"}],"wp:term":[{"taxonomy":"product_cat","embeddable":true,"href":"https:\/\/maxperfect.gifts\/en\/wp-json\/wp\/v2\/product_cat?post=2995"},{"taxonomy":"product_tag","embeddable":true,"href":"https:\/\/maxperfect.gifts\/en\/wp-json\/wp\/v2\/product_tag?post=2995"}],"curies":[{"name":"wp","href":"https:\/\/api.w.org\/{rel}","templated":true}]}}