{"id":2997,"date":"2026-02-24T09:39:38","date_gmt":"2026-02-24T08:39:38","guid":{"rendered":"https:\/\/maxperfect.gifts\/?post_type=product&#038;p=2997"},"modified":"2026-03-11T06:56:29","modified_gmt":"2026-03-11T05:56:29","slug":"komunisticni-manifest-karl-marx-friedrich-engels","status":"publish","type":"product","link":"https:\/\/maxperfect.gifts\/en\/izdelek\/komunisticni-manifest-karl-marx-friedrich-engels\/","title":{"rendered":"KOMUNISTI\u010cNI MANIFEST &#8211; Karl Marx, Friedrich Engels"},"content":{"rendered":"<div class=\"jshop_prod_description\">\n<p>Eno izmed najbolj vplivnih politi\u010dnih besedil vseh \u010dasov.<\/p>\n<p>Zgodovina vsake dosedanje dru\u017ebe je zgodovina razrednih bojev. Svobodni in su\u017eenj, patricij in plebejec, baron in tla\u010dan, cehovski mojster in pomo\u010dnik, skratka, zatiralec in zatiranec sta si bila v ve\u010dnem nasprotju drug proti drugemu, bojevala sta nepretrgan, zdaj prikrit, zdaj odkrit boj, boj, ki se je vselej kon\u010dal z revolucionarno preobrazbo vse dru\u017ebe ali pa s skupnim propadom bojujo\u010dih se razredov.<\/p>\n<p>Prevod: Maks Viktor<\/p>\n<p>Obseg: 29 strani, A4 format.<\/p>\n<\/div>\n","protected":false},"excerpt":{"rendered":"<p>Eno izmed najbolj vplivnih politi\u010dnih besedil vseh \u010dasov.<\/p>\n","protected":false},"featured_media":2998,"template":"","meta":[],"product_cat":[174],"product_tag":[],"class_list":{"0":"post-2997","1":"product","2":"type-product","3":"status-publish","4":"has-post-thumbnail","6":"product_cat-zalozba","8":"first","9":"outofstock","10":"taxable","11":"shipping-taxable","12":"purchasable","13":"product-type-simple"},"yoast_head":"<!-- This site is optimized with the Yoast SEO plugin v27.1.1 - https:\/\/yoast.com\/product\/yoast-seo-wordpress\/ -->\n<title>KOMUNISTI\u010cNI MANIFEST - Karl Marx, Friedrich Engels[:] - Max Perfect Gifts<\/title>\n<meta name=\"robots\" content=\"index, follow, max-snippet:-1, max-image-preview:large, max-video-preview:-1\" \/>\n<link rel=\"canonical\" href=\"https:\/\/maxperfect.gifts\/izdelek\/komunisticni-manifest-karl-marx-friedrich-engels\/\" \/>\n<meta property=\"og:locale\" content=\"en_US\" \/>\n<meta property=\"og:type\" content=\"article\" \/>\n<meta property=\"og:title\" content=\"KOMUNISTI\u010cNI MANIFEST - Karl Marx, Friedrich Engels\" \/>\n<meta property=\"og:description\" content=\"Eno izmed najbolj vplivnih politi\u010dnih besedil vseh \u010dasov.\" \/>\n<meta property=\"og:url\" content=\"https:\/\/maxperfect.gifts\/en\/izdelek\/komunisticni-manifest-karl-marx-friedrich-engels\/\" \/>\n<meta property=\"og:site_name\" content=\"Max Perfect Gifts\" \/>\n<meta property=\"article:modified_time\" content=\"2026-03-11T05:56:29+00:00\" \/>\n<meta property=\"og:image\" content=\"https:\/\/maxperfect.gifts\/wp-content\/uploads\/2026\/02\/full_3b1e524bf8d15feff3aff3ef14b47b03.jpg\" \/>\n\t<meta property=\"og:image:width\" content=\"321\" \/>\n\t<meta property=\"og:image:height\" content=\"450\" \/>\n\t<meta property=\"og:image:type\" content=\"image\/jpeg\" \/>\n<meta name=\"twitter:card\" content=\"summary_large_image\" \/>\n<meta name=\"twitter:label1\" content=\"Est. reading time\" \/>\n\t<meta name=\"twitter:data1\" content=\"1 minute\" \/>\n<script type=\"application\/ld+json\" class=\"yoast-schema-graph\">{\"@context\":\"https:\/\/schema.org\",\"@graph\":[{\"@type\":\"WebPage\",\"@id\":\"https:\/\/maxperfect.gifts\/izdelek\/komunisticni-manifest-karl-marx-friedrich-engels\/\",\"url\":\"https:\/\/maxperfect.gifts\/izdelek\/komunisticni-manifest-karl-marx-friedrich-engels\/\",\"name\":\"[:sl]KOMUNISTI\u010cNI MANIFEST - Karl Marx, Friedrich Engels[:] - Max Perfect Gifts\",\"isPartOf\":{\"@id\":\"https:\/\/maxperfect.gifts\/#website\"},\"primaryImageOfPage\":{\"@id\":\"https:\/\/maxperfect.gifts\/izdelek\/komunisticni-manifest-karl-marx-friedrich-engels\/#primaryimage\"},\"image\":{\"@id\":\"https:\/\/maxperfect.gifts\/izdelek\/komunisticni-manifest-karl-marx-friedrich-engels\/#primaryimage\"},\"thumbnailUrl\":\"https:\/\/maxperfect.gifts\/wp-content\/uploads\/2026\/02\/full_3b1e524bf8d15feff3aff3ef14b47b03.jpg\",\"datePublished\":\"2026-02-24T08:39:38+00:00\",\"dateModified\":\"2026-03-11T05:56:29+00:00\",\"breadcrumb\":{\"@id\":\"https:\/\/maxperfect.gifts\/izdelek\/komunisticni-manifest-karl-marx-friedrich-engels\/#breadcrumb\"},\"inLanguage\":\"en-US\",\"potentialAction\":[{\"@type\":\"ReadAction\",\"target\":[\"https:\/\/maxperfect.gifts\/izdelek\/komunisticni-manifest-karl-marx-friedrich-engels\/\"]}]},{\"@type\":\"ImageObject\",\"inLanguage\":\"en-US\",\"@id\":\"https:\/\/maxperfect.gifts\/izdelek\/komunisticni-manifest-karl-marx-friedrich-engels\/#primaryimage\",\"url\":\"https:\/\/maxperfect.gifts\/wp-content\/uploads\/2026\/02\/full_3b1e524bf8d15feff3aff3ef14b47b03.jpg\",\"contentUrl\":\"https:\/\/maxperfect.gifts\/wp-content\/uploads\/2026\/02\/full_3b1e524bf8d15feff3aff3ef14b47b03.jpg\",\"width\":321,\"height\":450},{\"@type\":\"BreadcrumbList\",\"@id\":\"https:\/\/maxperfect.gifts\/izdelek\/komunisticni-manifest-karl-marx-friedrich-engels\/#breadcrumb\",\"itemListElement\":[{\"@type\":\"ListItem\",\"position\":1,\"name\":\"Home\",\"item\":\"https:\/\/maxperfect.gifts\/en\/\"},{\"@type\":\"ListItem\",\"position\":2,\"name\":\"Trgovina\",\"item\":\"https:\/\/maxperfect.gifts\/trgovina\/\"},{\"@type\":\"ListItem\",\"position\":3,\"name\":\"KOMUNISTI\u010cNI MANIFEST &#8211; Karl Marx, Friedrich Engels\"}]},{\"@type\":\"WebSite\",\"@id\":\"https:\/\/maxperfect.gifts\/#website\",\"url\":\"https:\/\/maxperfect.gifts\/\",\"name\":\"Max Perfect Gifts\",\"description\":\"Darilni program\",\"publisher\":{\"@id\":\"https:\/\/maxperfect.gifts\/#organization\"},\"potentialAction\":[{\"@type\":\"SearchAction\",\"target\":{\"@type\":\"EntryPoint\",\"urlTemplate\":\"https:\/\/maxperfect.gifts\/?s={search_term_string}\"},\"query-input\":{\"@type\":\"PropertyValueSpecification\",\"valueRequired\":true,\"valueName\":\"search_term_string\"}}],\"inLanguage\":\"en-US\"},{\"@type\":\"Organization\",\"@id\":\"https:\/\/maxperfect.gifts\/#organization\",\"name\":\"Max Perfect Gifts\",\"url\":\"https:\/\/maxperfect.gifts\/\",\"logo\":{\"@type\":\"ImageObject\",\"inLanguage\":\"en-US\",\"@id\":\"https:\/\/maxperfect.gifts\/#\/schema\/logo\/image\/\",\"url\":\"https:\/\/maxperfect.gifts\/wp-content\/uploads\/2023\/11\/max-perfect-logotip.png\",\"contentUrl\":\"https:\/\/maxperfect.gifts\/wp-content\/uploads\/2023\/11\/max-perfect-logotip.png\",\"width\":200,\"height\":76,\"caption\":\"Max Perfect Gifts\"},\"image\":{\"@id\":\"https:\/\/maxperfect.gifts\/#\/schema\/logo\/image\/\"}}]}<\/script>\n<!-- \/ Yoast SEO plugin. -->","yoast_head_json":{"title":"KOMUNISTI\u010cNI MANIFEST - Karl Marx, Friedrich Engels[:] - Max Perfect Gifts","robots":{"index":"index","follow":"follow","max-snippet":"max-snippet:-1","max-image-preview":"max-image-preview:large","max-video-preview":"max-video-preview:-1"},"canonical":"https:\/\/maxperfect.gifts\/izdelek\/komunisticni-manifest-karl-marx-friedrich-engels\/","og_locale":"en_US","og_type":"article","og_title":"[:sl]KOMUNISTI\u010cNI MANIFEST - Karl Marx, Friedrich Engels[:] - Max Perfect Gifts","og_description":"[:sl]Eno izmed najbolj vplivnih politi\u010dnih besedil vseh \u010dasov.[:]","og_url":"https:\/\/maxperfect.gifts\/en\/izdelek\/komunisticni-manifest-karl-marx-friedrich-engels\/","og_site_name":"Max Perfect Gifts","article_modified_time":"2026-03-11T05:56:29+00:00","og_image":[{"width":321,"height":450,"url":"https:\/\/maxperfect.gifts\/wp-content\/uploads\/2026\/02\/full_3b1e524bf8d15feff3aff3ef14b47b03.jpg","type":"image\/jpeg"}],"twitter_card":"summary_large_image","twitter_misc":{"Est. reading time":"1 minute"},"schema":{"@context":"https:\/\/schema.org","@graph":[{"@type":"WebPage","@id":"https:\/\/maxperfect.gifts\/izdelek\/komunisticni-manifest-karl-marx-friedrich-engels\/","url":"https:\/\/maxperfect.gifts\/izdelek\/komunisticni-manifest-karl-marx-friedrich-engels\/","name":"[:sl]KOMUNISTI\u010cNI MANIFEST - Karl Marx, Friedrich Engels[:] - Max Perfect Gifts","isPartOf":{"@id":"https:\/\/maxperfect.gifts\/#website"},"primaryImageOfPage":{"@id":"https:\/\/maxperfect.gifts\/izdelek\/komunisticni-manifest-karl-marx-friedrich-engels\/#primaryimage"},"image":{"@id":"https:\/\/maxperfect.gifts\/izdelek\/komunisticni-manifest-karl-marx-friedrich-engels\/#primaryimage"},"thumbnailUrl":"https:\/\/maxperfect.gifts\/wp-content\/uploads\/2026\/02\/full_3b1e524bf8d15feff3aff3ef14b47b03.jpg","datePublished":"2026-02-24T08:39:38+00:00","dateModified":"2026-03-11T05:56:29+00:00","breadcrumb":{"@id":"https:\/\/maxperfect.gifts\/izdelek\/komunisticni-manifest-karl-marx-friedrich-engels\/#breadcrumb"},"inLanguage":"en-US","potentialAction":[{"@type":"ReadAction","target":["https:\/\/maxperfect.gifts\/izdelek\/komunisticni-manifest-karl-marx-friedrich-engels\/"]}]},{"@type":"ImageObject","inLanguage":"en-US","@id":"https:\/\/maxperfect.gifts\/izdelek\/komunisticni-manifest-karl-marx-friedrich-engels\/#primaryimage","url":"https:\/\/maxperfect.gifts\/wp-content\/uploads\/2026\/02\/full_3b1e524bf8d15feff3aff3ef14b47b03.jpg","contentUrl":"https:\/\/maxperfect.gifts\/wp-content\/uploads\/2026\/02\/full_3b1e524bf8d15feff3aff3ef14b47b03.jpg","width":321,"height":450},{"@type":"BreadcrumbList","@id":"https:\/\/maxperfect.gifts\/izdelek\/komunisticni-manifest-karl-marx-friedrich-engels\/#breadcrumb","itemListElement":[{"@type":"ListItem","position":1,"name":"Home","item":"https:\/\/maxperfect.gifts\/en\/"},{"@type":"ListItem","position":2,"name":"Trgovina","item":"https:\/\/maxperfect.gifts\/trgovina\/"},{"@type":"ListItem","position":3,"name":"KOMUNISTI\u010cNI MANIFEST &#8211; Karl Marx, Friedrich Engels"}]},{"@type":"WebSite","@id":"https:\/\/maxperfect.gifts\/#website","url":"https:\/\/maxperfect.gifts\/","name":"Max Perfect Gifts","description":"Darilni program","publisher":{"@id":"https:\/\/maxperfect.gifts\/#organization"},"potentialAction":[{"@type":"SearchAction","target":{"@type":"EntryPoint","urlTemplate":"https:\/\/maxperfect.gifts\/?s={search_term_string}"},"query-input":{"@type":"PropertyValueSpecification","valueRequired":true,"valueName":"search_term_string"}}],"inLanguage":"en-US"},{"@type":"Organization","@id":"https:\/\/maxperfect.gifts\/#organization","name":"Max Perfect Gifts","url":"https:\/\/maxperfect.gifts\/","logo":{"@type":"ImageObject","inLanguage":"en-US","@id":"https:\/\/maxperfect.gifts\/#\/schema\/logo\/image\/","url":"https:\/\/maxperfect.gifts\/wp-content\/uploads\/2023\/11\/max-perfect-logotip.png","contentUrl":"https:\/\/maxperfect.gifts\/wp-content\/uploads\/2023\/11\/max-perfect-logotip.png","width":200,"height":76,"caption":"Max Perfect Gifts"},"image":{"@id":"https:\/\/maxperfect.gifts\/#\/schema\/logo\/image\/"}}]}},"_links":{"self":[{"href":"https:\/\/maxperfect.gifts\/en\/wp-json\/wp\/v2\/product\/2997","targetHints":{"allow":["GET"]}}],"collection":[{"href":"https:\/\/maxperfect.gifts\/en\/wp-json\/wp\/v2\/product"}],"about":[{"href":"https:\/\/maxperfect.gifts\/en\/wp-json\/wp\/v2\/types\/product"}],"wp:featuredmedia":[{"embeddable":true,"href":"https:\/\/maxperfect.gifts\/en\/wp-json\/wp\/v2\/media\/2998"}],"wp:attachment":[{"href":"https:\/\/maxperfect.gifts\/en\/wp-json\/wp\/v2\/media?parent=2997"}],"wp:term":[{"taxonomy":"product_cat","embeddable":true,"href":"https:\/\/maxperfect.gifts\/en\/wp-json\/wp\/v2\/product_cat?post=2997"},{"taxonomy":"product_tag","embeddable":true,"href":"https:\/\/maxperfect.gifts\/en\/wp-json\/wp\/v2\/product_tag?post=2997"}],"curies":[{"name":"wp","href":"https:\/\/api.w.org\/{rel}","templated":true}]}}