{"id":2999,"date":"2026-02-24T09:49:09","date_gmt":"2026-02-24T08:49:09","guid":{"rendered":"https:\/\/maxperfect.gifts\/?post_type=product&#038;p=2999"},"modified":"2026-03-11T06:56:29","modified_gmt":"2026-03-11T05:56:29","slug":"nic-ali-skrivnost-pesmi-lidija-brezavscek","status":"publish","type":"product","link":"https:\/\/maxperfect.gifts\/en\/izdelek\/nic-ali-skrivnost-pesmi-lidija-brezavscek\/","title":{"rendered":"NI\u010c ALI SKRIVNOST PESMI &#8211; Lidija Brezav\u0161\u010dek"},"content":{"rendered":"<h3>NI\u010c ALI SKRIVNOST PESMI &#8211; Lidija Brezav\u0161\u010dek<\/h3>\n<p><em>&#8220;S svojo poezijo poetesa trka na vrata na\u0161ega bralskega sladokusja in velikega spo\u0161tovanja do besed. Prepri\u010dana sem, da bodo pesmi na\u0161le velik krog bralcev. S svojo dvojnostjo in oblikovno ter vsebinsko protislovnostjo zbirka odpira tretji prostor, v katerem se pesmi, brane skupaj, sestavijo v novo zanimivo celoto. In napolnijo skrivnost pesmi s tistim \u201eni\u010d\u201c, medprostorom, v katerem je vse videno, do\u017eiveto, (za)mi\u0161ljeno, (ob)\u010duteno, izra\u017eeno z besedami, da bi iz bralca z odmevi izvabilo nove pomene.&#8221;\u00a0<\/em>(Ana Porenta)<\/p>\n<p><em>BELA<\/em><\/p>\n<p><em>\u00a0<\/em><\/p>\n<p><em>Bele breze v belem polju<\/em><\/p>\n<p><em>v beli mraz strmijo,<\/em><\/p>\n<p><em>belo zgodbo v vejah belih<\/em><\/p>\n<p><em>belo zadr\u017eijo.<\/em><\/p>\n<p><em>\u00a0<\/em><\/p>\n<p><em>Bela pu\u0161\u010da z belim nebom<\/em><\/p>\n<p><em>beli dih izmenja,<\/em><\/p>\n<p><em>v belo ve\u010dnost zamrzuje<\/em><\/p>\n<p><em>beli ples \u017eivljenja.<\/em><\/p>\n<p><em>\u00a0<\/em><\/p>\n<p><em>Vsa utvara moja bela<\/em><\/p>\n<p><em>se med debli skriva.<\/em><\/p>\n<p><em>Je v belini ovenela<\/em><\/p>\n<p><em>bela no\u010d igriva.<\/em><\/p>\n<p><em>\u00a0<\/em><\/p>\n<p><em>Bela pesem je neskon\u010dna,<\/em><\/p>\n<p><em>belim brezam znana;<\/em><\/p>\n<p><em>v stihih belih bo za vedno<\/em><\/p>\n<p><em>ne\u017eno zamol\u010dana.<\/em><\/p>\n","protected":false},"excerpt":{"rendered":"<p>S svojo dvojnostjo in oblikovno ter vsebinsko protislovnostjo zbirka odpira tretji prostor, v katerem se pesmi, brane skupaj, sestavijo v novo zanimivo celoto.<\/p>\n","protected":false},"featured_media":3000,"template":"","meta":[],"product_cat":[174],"product_tag":[],"class_list":{"0":"post-2999","1":"product","2":"type-product","3":"status-publish","4":"has-post-thumbnail","6":"product_cat-zalozba","8":"first","9":"instock","10":"taxable","11":"shipping-taxable","12":"purchasable","13":"product-type-simple"},"yoast_head":"<!-- This site is optimized with the Yoast SEO plugin v27.1.1 - https:\/\/yoast.com\/product\/yoast-seo-wordpress\/ -->\n<title>NI\u010c ALI SKRIVNOST PESMI - Lidija Brezav\u0161\u010dek[:] - Max Perfect Gifts<\/title>\n<meta name=\"robots\" content=\"index, follow, max-snippet:-1, max-image-preview:large, max-video-preview:-1\" \/>\n<link rel=\"canonical\" href=\"https:\/\/maxperfect.gifts\/izdelek\/nic-ali-skrivnost-pesmi-lidija-brezavscek\/\" \/>\n<meta property=\"og:locale\" content=\"en_US\" \/>\n<meta property=\"og:type\" content=\"article\" \/>\n<meta property=\"og:title\" content=\"NI\u010c ALI SKRIVNOST PESMI - Lidija Brezav\u0161\u010dek\" \/>\n<meta property=\"og:description\" content=\"S svojo dvojnostjo in oblikovno ter vsebinsko protislovnostjo zbirka odpira tretji prostor, v katerem se pesmi, brane skupaj, sestavijo v novo zanimivo celoto.\" \/>\n<meta property=\"og:url\" content=\"https:\/\/maxperfect.gifts\/en\/izdelek\/nic-ali-skrivnost-pesmi-lidija-brezavscek\/\" \/>\n<meta property=\"og:site_name\" content=\"Max Perfect Gifts\" \/>\n<meta property=\"article:modified_time\" content=\"2026-03-11T05:56:29+00:00\" \/>\n<meta property=\"og:image\" content=\"https:\/\/maxperfect.gifts\/wp-content\/uploads\/2026\/02\/full_e5112ed567bb960c4028c3309958d1fd.jpg\" \/>\n\t<meta property=\"og:image:width\" content=\"361\" \/>\n\t<meta property=\"og:image:height\" content=\"686\" \/>\n\t<meta property=\"og:image:type\" content=\"image\/jpeg\" \/>\n<meta name=\"twitter:card\" content=\"summary_large_image\" \/>\n<meta name=\"twitter:label1\" content=\"Est. reading time\" \/>\n\t<meta name=\"twitter:data1\" content=\"2 minutes\" \/>\n<script type=\"application\/ld+json\" class=\"yoast-schema-graph\">{\"@context\":\"https:\/\/schema.org\",\"@graph\":[{\"@type\":\"WebPage\",\"@id\":\"https:\/\/maxperfect.gifts\/izdelek\/nic-ali-skrivnost-pesmi-lidija-brezavscek\/\",\"url\":\"https:\/\/maxperfect.gifts\/izdelek\/nic-ali-skrivnost-pesmi-lidija-brezavscek\/\",\"name\":\"[:sl]NI\u010c ALI SKRIVNOST PESMI - Lidija Brezav\u0161\u010dek[:] - Max Perfect Gifts\",\"isPartOf\":{\"@id\":\"https:\/\/maxperfect.gifts\/#website\"},\"primaryImageOfPage\":{\"@id\":\"https:\/\/maxperfect.gifts\/izdelek\/nic-ali-skrivnost-pesmi-lidija-brezavscek\/#primaryimage\"},\"image\":{\"@id\":\"https:\/\/maxperfect.gifts\/izdelek\/nic-ali-skrivnost-pesmi-lidija-brezavscek\/#primaryimage\"},\"thumbnailUrl\":\"https:\/\/maxperfect.gifts\/wp-content\/uploads\/2026\/02\/full_e5112ed567bb960c4028c3309958d1fd.jpg\",\"datePublished\":\"2026-02-24T08:49:09+00:00\",\"dateModified\":\"2026-03-11T05:56:29+00:00\",\"breadcrumb\":{\"@id\":\"https:\/\/maxperfect.gifts\/izdelek\/nic-ali-skrivnost-pesmi-lidija-brezavscek\/#breadcrumb\"},\"inLanguage\":\"en-US\",\"potentialAction\":[{\"@type\":\"ReadAction\",\"target\":[\"https:\/\/maxperfect.gifts\/izdelek\/nic-ali-skrivnost-pesmi-lidija-brezavscek\/\"]}]},{\"@type\":\"ImageObject\",\"inLanguage\":\"en-US\",\"@id\":\"https:\/\/maxperfect.gifts\/izdelek\/nic-ali-skrivnost-pesmi-lidija-brezavscek\/#primaryimage\",\"url\":\"https:\/\/maxperfect.gifts\/wp-content\/uploads\/2026\/02\/full_e5112ed567bb960c4028c3309958d1fd.jpg\",\"contentUrl\":\"https:\/\/maxperfect.gifts\/wp-content\/uploads\/2026\/02\/full_e5112ed567bb960c4028c3309958d1fd.jpg\",\"width\":361,\"height\":686},{\"@type\":\"BreadcrumbList\",\"@id\":\"https:\/\/maxperfect.gifts\/izdelek\/nic-ali-skrivnost-pesmi-lidija-brezavscek\/#breadcrumb\",\"itemListElement\":[{\"@type\":\"ListItem\",\"position\":1,\"name\":\"Home\",\"item\":\"https:\/\/maxperfect.gifts\/en\/\"},{\"@type\":\"ListItem\",\"position\":2,\"name\":\"Trgovina\",\"item\":\"https:\/\/maxperfect.gifts\/trgovina\/\"},{\"@type\":\"ListItem\",\"position\":3,\"name\":\"NI\u010c ALI SKRIVNOST PESMI &#8211; Lidija Brezav\u0161\u010dek\"}]},{\"@type\":\"WebSite\",\"@id\":\"https:\/\/maxperfect.gifts\/#website\",\"url\":\"https:\/\/maxperfect.gifts\/\",\"name\":\"Max Perfect Gifts\",\"description\":\"Darilni program\",\"publisher\":{\"@id\":\"https:\/\/maxperfect.gifts\/#organization\"},\"potentialAction\":[{\"@type\":\"SearchAction\",\"target\":{\"@type\":\"EntryPoint\",\"urlTemplate\":\"https:\/\/maxperfect.gifts\/?s={search_term_string}\"},\"query-input\":{\"@type\":\"PropertyValueSpecification\",\"valueRequired\":true,\"valueName\":\"search_term_string\"}}],\"inLanguage\":\"en-US\"},{\"@type\":\"Organization\",\"@id\":\"https:\/\/maxperfect.gifts\/#organization\",\"name\":\"Max Perfect Gifts\",\"url\":\"https:\/\/maxperfect.gifts\/\",\"logo\":{\"@type\":\"ImageObject\",\"inLanguage\":\"en-US\",\"@id\":\"https:\/\/maxperfect.gifts\/#\/schema\/logo\/image\/\",\"url\":\"https:\/\/maxperfect.gifts\/wp-content\/uploads\/2023\/11\/max-perfect-logotip.png\",\"contentUrl\":\"https:\/\/maxperfect.gifts\/wp-content\/uploads\/2023\/11\/max-perfect-logotip.png\",\"width\":200,\"height\":76,\"caption\":\"Max Perfect Gifts\"},\"image\":{\"@id\":\"https:\/\/maxperfect.gifts\/#\/schema\/logo\/image\/\"}}]}<\/script>\n<!-- \/ Yoast SEO plugin. -->","yoast_head_json":{"title":"NI\u010c ALI SKRIVNOST PESMI - Lidija Brezav\u0161\u010dek[:] - Max Perfect Gifts","robots":{"index":"index","follow":"follow","max-snippet":"max-snippet:-1","max-image-preview":"max-image-preview:large","max-video-preview":"max-video-preview:-1"},"canonical":"https:\/\/maxperfect.gifts\/izdelek\/nic-ali-skrivnost-pesmi-lidija-brezavscek\/","og_locale":"en_US","og_type":"article","og_title":"[:sl]NI\u010c ALI SKRIVNOST PESMI - Lidija Brezav\u0161\u010dek[:] - Max Perfect Gifts","og_description":"[:sl]S svojo dvojnostjo in oblikovno ter vsebinsko protislovnostjo zbirka odpira tretji prostor, v katerem se pesmi, brane skupaj, sestavijo v novo zanimivo celoto.[:]","og_url":"https:\/\/maxperfect.gifts\/en\/izdelek\/nic-ali-skrivnost-pesmi-lidija-brezavscek\/","og_site_name":"Max Perfect Gifts","article_modified_time":"2026-03-11T05:56:29+00:00","og_image":[{"width":361,"height":686,"url":"https:\/\/maxperfect.gifts\/wp-content\/uploads\/2026\/02\/full_e5112ed567bb960c4028c3309958d1fd.jpg","type":"image\/jpeg"}],"twitter_card":"summary_large_image","twitter_misc":{"Est. reading time":"2 minutes"},"schema":{"@context":"https:\/\/schema.org","@graph":[{"@type":"WebPage","@id":"https:\/\/maxperfect.gifts\/izdelek\/nic-ali-skrivnost-pesmi-lidija-brezavscek\/","url":"https:\/\/maxperfect.gifts\/izdelek\/nic-ali-skrivnost-pesmi-lidija-brezavscek\/","name":"[:sl]NI\u010c ALI SKRIVNOST PESMI - Lidija Brezav\u0161\u010dek[:] - Max Perfect Gifts","isPartOf":{"@id":"https:\/\/maxperfect.gifts\/#website"},"primaryImageOfPage":{"@id":"https:\/\/maxperfect.gifts\/izdelek\/nic-ali-skrivnost-pesmi-lidija-brezavscek\/#primaryimage"},"image":{"@id":"https:\/\/maxperfect.gifts\/izdelek\/nic-ali-skrivnost-pesmi-lidija-brezavscek\/#primaryimage"},"thumbnailUrl":"https:\/\/maxperfect.gifts\/wp-content\/uploads\/2026\/02\/full_e5112ed567bb960c4028c3309958d1fd.jpg","datePublished":"2026-02-24T08:49:09+00:00","dateModified":"2026-03-11T05:56:29+00:00","breadcrumb":{"@id":"https:\/\/maxperfect.gifts\/izdelek\/nic-ali-skrivnost-pesmi-lidija-brezavscek\/#breadcrumb"},"inLanguage":"en-US","potentialAction":[{"@type":"ReadAction","target":["https:\/\/maxperfect.gifts\/izdelek\/nic-ali-skrivnost-pesmi-lidija-brezavscek\/"]}]},{"@type":"ImageObject","inLanguage":"en-US","@id":"https:\/\/maxperfect.gifts\/izdelek\/nic-ali-skrivnost-pesmi-lidija-brezavscek\/#primaryimage","url":"https:\/\/maxperfect.gifts\/wp-content\/uploads\/2026\/02\/full_e5112ed567bb960c4028c3309958d1fd.jpg","contentUrl":"https:\/\/maxperfect.gifts\/wp-content\/uploads\/2026\/02\/full_e5112ed567bb960c4028c3309958d1fd.jpg","width":361,"height":686},{"@type":"BreadcrumbList","@id":"https:\/\/maxperfect.gifts\/izdelek\/nic-ali-skrivnost-pesmi-lidija-brezavscek\/#breadcrumb","itemListElement":[{"@type":"ListItem","position":1,"name":"Home","item":"https:\/\/maxperfect.gifts\/en\/"},{"@type":"ListItem","position":2,"name":"Trgovina","item":"https:\/\/maxperfect.gifts\/trgovina\/"},{"@type":"ListItem","position":3,"name":"NI\u010c ALI SKRIVNOST PESMI &#8211; Lidija Brezav\u0161\u010dek"}]},{"@type":"WebSite","@id":"https:\/\/maxperfect.gifts\/#website","url":"https:\/\/maxperfect.gifts\/","name":"Max Perfect Gifts","description":"Darilni program","publisher":{"@id":"https:\/\/maxperfect.gifts\/#organization"},"potentialAction":[{"@type":"SearchAction","target":{"@type":"EntryPoint","urlTemplate":"https:\/\/maxperfect.gifts\/?s={search_term_string}"},"query-input":{"@type":"PropertyValueSpecification","valueRequired":true,"valueName":"search_term_string"}}],"inLanguage":"en-US"},{"@type":"Organization","@id":"https:\/\/maxperfect.gifts\/#organization","name":"Max Perfect Gifts","url":"https:\/\/maxperfect.gifts\/","logo":{"@type":"ImageObject","inLanguage":"en-US","@id":"https:\/\/maxperfect.gifts\/#\/schema\/logo\/image\/","url":"https:\/\/maxperfect.gifts\/wp-content\/uploads\/2023\/11\/max-perfect-logotip.png","contentUrl":"https:\/\/maxperfect.gifts\/wp-content\/uploads\/2023\/11\/max-perfect-logotip.png","width":200,"height":76,"caption":"Max Perfect Gifts"},"image":{"@id":"https:\/\/maxperfect.gifts\/#\/schema\/logo\/image\/"}}]}},"_links":{"self":[{"href":"https:\/\/maxperfect.gifts\/en\/wp-json\/wp\/v2\/product\/2999","targetHints":{"allow":["GET"]}}],"collection":[{"href":"https:\/\/maxperfect.gifts\/en\/wp-json\/wp\/v2\/product"}],"about":[{"href":"https:\/\/maxperfect.gifts\/en\/wp-json\/wp\/v2\/types\/product"}],"wp:featuredmedia":[{"embeddable":true,"href":"https:\/\/maxperfect.gifts\/en\/wp-json\/wp\/v2\/media\/3000"}],"wp:attachment":[{"href":"https:\/\/maxperfect.gifts\/en\/wp-json\/wp\/v2\/media?parent=2999"}],"wp:term":[{"taxonomy":"product_cat","embeddable":true,"href":"https:\/\/maxperfect.gifts\/en\/wp-json\/wp\/v2\/product_cat?post=2999"},{"taxonomy":"product_tag","embeddable":true,"href":"https:\/\/maxperfect.gifts\/en\/wp-json\/wp\/v2\/product_tag?post=2999"}],"curies":[{"name":"wp","href":"https:\/\/api.w.org\/{rel}","templated":true}]}}