{"id":3001,"date":"2026-02-24T09:57:18","date_gmt":"2026-02-24T08:57:18","guid":{"rendered":"https:\/\/maxperfect.gifts\/?post_type=product&#038;p=3001"},"modified":"2026-03-11T06:56:29","modified_gmt":"2026-03-11T05:56:29","slug":"saljivi-slovenec-anton-brezovnik","status":"publish","type":"product","link":"https:\/\/maxperfect.gifts\/en\/izdelek\/saljivi-slovenec-anton-brezovnik\/","title":{"rendered":"\u0160ALJIVI SLOVENEC &#8211; Anton Brezovnik"},"content":{"rendered":"<p style=\"font-weight: 400;\">Prek 800 slovenskih \u0161al iz obdobja: 1881 &#8211; 1914<\/p>\n<p style=\"font-weight: 400;\"><strong>\u00a0<\/strong><\/p>\n<p style=\"font-weight: 400;\">\u017delja, s katero sem \u0160aljivega Slovenca prvikrat poslal med slovenski svet, ta \u017eelja se je uresni\u010dila! Zakaj ne le jako laskava ocena vseh slovenskih listov, nego prav posebno to, da je \u017ee \u010drez nekaj let treba\u00a0petega natiska &#8230;Ker obeta \u0160aljivi Slovenec biti \u0161e nekaka narodna knjiga, ki jo bodo enako radi sprejemali v krasni pala\u010di bogatinovi kakor v borni ko\u010di siromakovi, v tihi sobi u\u010denjakovi, kakor v oni neukega te\u017eaka; ki jo bodo enako radi jemali v roke stari in mladi, mo\u0161ki in \u017eenske, zato mi je bilo tem bolj paziti, da se ne vrine vanjo ni\u010d, kar bi utegnilo \u017ealiti tega ali onega; vse naj razveseljuje, vsem naj bo prijateljica! Duhovniku in uradniku, kmetu in obrtniku, dijaku in te\u017eaku, vsakemu naj po trudapolnih urah resnega dela deli kapljice sre\u010de, kapljice nedol\u017enega veselja &#8230;<\/p>\n<p style=\"font-weight: 400;\">\n<p style=\"font-weight: 400;\">Iz otro\u0161kega,\u00a0\u0161olskega in dija\u0161kega \u017eivljenj, iz lovskega,\u00a0voja\u0161kega \u017eivljenja, iz \u017eelezni\u0161kega \u017eivljenja, iz me\u0161\u010danskega in kmeti\u0161kega \u017eivljenja, iz kr\u010dmarskega \u017eivljenja, iz obrtnega in trgovskega \u017eivljenja, iz duhovni\u0161kega \u017eivljenja, iz zdravni\u0161kega,\u00a0pravni\u0161kega \u017eivljenja, iz \u017eivljenja, umetnikov, u\u010denjakov in vladarjev, iz \u017eidovskega \u017eivljenja, protivoljne sme\u0161nice v \u010dasnikih in v \u0161oli in raznoterosti.<\/p>\n","protected":false},"excerpt":{"rendered":"<p>Prek 800 najbolj\u0161ih slovenskih \u0161al izpred 1. svetovne vojne.<\/p>\n","protected":false},"featured_media":3003,"template":"","meta":[],"product_cat":[174],"product_tag":[],"class_list":{"0":"post-3001","1":"product","2":"type-product","3":"status-publish","4":"has-post-thumbnail","6":"product_cat-zalozba","8":"first","9":"outofstock","10":"taxable","11":"shipping-taxable","12":"purchasable","13":"product-type-simple"},"yoast_head":"<!-- This site is optimized with the Yoast SEO plugin v27.1.1 - https:\/\/yoast.com\/product\/yoast-seo-wordpress\/ -->\n<title>\u0160ALJIVI SLOVENEC - Anton Brezovnik[:] - Max Perfect Gifts<\/title>\n<meta name=\"robots\" content=\"index, follow, max-snippet:-1, max-image-preview:large, max-video-preview:-1\" \/>\n<link rel=\"canonical\" href=\"https:\/\/maxperfect.gifts\/izdelek\/saljivi-slovenec-anton-brezovnik\/\" \/>\n<meta property=\"og:locale\" content=\"en_US\" \/>\n<meta property=\"og:type\" content=\"article\" \/>\n<meta property=\"og:title\" content=\"\u0160ALJIVI SLOVENEC - Anton Brezovnik\" \/>\n<meta property=\"og:description\" content=\"Prek 800 najbolj\u0161ih slovenskih \u0161al izpred 1. svetovne vojne.\" \/>\n<meta property=\"og:url\" content=\"https:\/\/maxperfect.gifts\/en\/izdelek\/saljivi-slovenec-anton-brezovnik\/\" \/>\n<meta property=\"og:site_name\" content=\"Max Perfect Gifts\" \/>\n<meta property=\"article:modified_time\" content=\"2026-03-11T05:56:29+00:00\" \/>\n<meta property=\"og:image\" content=\"https:\/\/maxperfect.gifts\/wp-content\/uploads\/2026\/02\/full_fafe47c7546ad8dd389194ccb1823b04.jpg\" \/>\n\t<meta property=\"og:image:width\" content=\"329\" \/>\n\t<meta property=\"og:image:height\" content=\"450\" \/>\n\t<meta property=\"og:image:type\" content=\"image\/jpeg\" \/>\n<meta name=\"twitter:card\" content=\"summary_large_image\" \/>\n<meta name=\"twitter:label1\" content=\"Est. reading time\" \/>\n\t<meta name=\"twitter:data1\" content=\"2 minutes\" \/>\n<script type=\"application\/ld+json\" class=\"yoast-schema-graph\">{\"@context\":\"https:\/\/schema.org\",\"@graph\":[{\"@type\":\"WebPage\",\"@id\":\"https:\/\/maxperfect.gifts\/izdelek\/saljivi-slovenec-anton-brezovnik\/\",\"url\":\"https:\/\/maxperfect.gifts\/izdelek\/saljivi-slovenec-anton-brezovnik\/\",\"name\":\"[:sl]\u0160ALJIVI SLOVENEC - Anton Brezovnik[:] - Max Perfect Gifts\",\"isPartOf\":{\"@id\":\"https:\/\/maxperfect.gifts\/#website\"},\"primaryImageOfPage\":{\"@id\":\"https:\/\/maxperfect.gifts\/izdelek\/saljivi-slovenec-anton-brezovnik\/#primaryimage\"},\"image\":{\"@id\":\"https:\/\/maxperfect.gifts\/izdelek\/saljivi-slovenec-anton-brezovnik\/#primaryimage\"},\"thumbnailUrl\":\"https:\/\/maxperfect.gifts\/wp-content\/uploads\/2026\/02\/full_fafe47c7546ad8dd389194ccb1823b04.jpg\",\"datePublished\":\"2026-02-24T08:57:18+00:00\",\"dateModified\":\"2026-03-11T05:56:29+00:00\",\"breadcrumb\":{\"@id\":\"https:\/\/maxperfect.gifts\/izdelek\/saljivi-slovenec-anton-brezovnik\/#breadcrumb\"},\"inLanguage\":\"en-US\",\"potentialAction\":[{\"@type\":\"ReadAction\",\"target\":[\"https:\/\/maxperfect.gifts\/izdelek\/saljivi-slovenec-anton-brezovnik\/\"]}]},{\"@type\":\"ImageObject\",\"inLanguage\":\"en-US\",\"@id\":\"https:\/\/maxperfect.gifts\/izdelek\/saljivi-slovenec-anton-brezovnik\/#primaryimage\",\"url\":\"https:\/\/maxperfect.gifts\/wp-content\/uploads\/2026\/02\/full_fafe47c7546ad8dd389194ccb1823b04.jpg\",\"contentUrl\":\"https:\/\/maxperfect.gifts\/wp-content\/uploads\/2026\/02\/full_fafe47c7546ad8dd389194ccb1823b04.jpg\",\"width\":329,\"height\":450},{\"@type\":\"BreadcrumbList\",\"@id\":\"https:\/\/maxperfect.gifts\/izdelek\/saljivi-slovenec-anton-brezovnik\/#breadcrumb\",\"itemListElement\":[{\"@type\":\"ListItem\",\"position\":1,\"name\":\"Home\",\"item\":\"https:\/\/maxperfect.gifts\/en\/\"},{\"@type\":\"ListItem\",\"position\":2,\"name\":\"Trgovina\",\"item\":\"https:\/\/maxperfect.gifts\/trgovina\/\"},{\"@type\":\"ListItem\",\"position\":3,\"name\":\"\u0160ALJIVI SLOVENEC &#8211; Anton Brezovnik\"}]},{\"@type\":\"WebSite\",\"@id\":\"https:\/\/maxperfect.gifts\/#website\",\"url\":\"https:\/\/maxperfect.gifts\/\",\"name\":\"Max Perfect Gifts\",\"description\":\"Darilni program\",\"publisher\":{\"@id\":\"https:\/\/maxperfect.gifts\/#organization\"},\"potentialAction\":[{\"@type\":\"SearchAction\",\"target\":{\"@type\":\"EntryPoint\",\"urlTemplate\":\"https:\/\/maxperfect.gifts\/?s={search_term_string}\"},\"query-input\":{\"@type\":\"PropertyValueSpecification\",\"valueRequired\":true,\"valueName\":\"search_term_string\"}}],\"inLanguage\":\"en-US\"},{\"@type\":\"Organization\",\"@id\":\"https:\/\/maxperfect.gifts\/#organization\",\"name\":\"Max Perfect Gifts\",\"url\":\"https:\/\/maxperfect.gifts\/\",\"logo\":{\"@type\":\"ImageObject\",\"inLanguage\":\"en-US\",\"@id\":\"https:\/\/maxperfect.gifts\/#\/schema\/logo\/image\/\",\"url\":\"https:\/\/maxperfect.gifts\/wp-content\/uploads\/2023\/11\/max-perfect-logotip.png\",\"contentUrl\":\"https:\/\/maxperfect.gifts\/wp-content\/uploads\/2023\/11\/max-perfect-logotip.png\",\"width\":200,\"height\":76,\"caption\":\"Max Perfect Gifts\"},\"image\":{\"@id\":\"https:\/\/maxperfect.gifts\/#\/schema\/logo\/image\/\"}}]}<\/script>\n<!-- \/ Yoast SEO plugin. -->","yoast_head_json":{"title":"\u0160ALJIVI SLOVENEC - Anton Brezovnik[:] - Max Perfect Gifts","robots":{"index":"index","follow":"follow","max-snippet":"max-snippet:-1","max-image-preview":"max-image-preview:large","max-video-preview":"max-video-preview:-1"},"canonical":"https:\/\/maxperfect.gifts\/izdelek\/saljivi-slovenec-anton-brezovnik\/","og_locale":"en_US","og_type":"article","og_title":"[:sl]\u0160ALJIVI SLOVENEC - Anton Brezovnik[:] - Max Perfect Gifts","og_description":"[:sl]Prek 800 najbolj\u0161ih slovenskih \u0161al izpred 1. svetovne vojne.[:]","og_url":"https:\/\/maxperfect.gifts\/en\/izdelek\/saljivi-slovenec-anton-brezovnik\/","og_site_name":"Max Perfect Gifts","article_modified_time":"2026-03-11T05:56:29+00:00","og_image":[{"width":329,"height":450,"url":"https:\/\/maxperfect.gifts\/wp-content\/uploads\/2026\/02\/full_fafe47c7546ad8dd389194ccb1823b04.jpg","type":"image\/jpeg"}],"twitter_card":"summary_large_image","twitter_misc":{"Est. reading time":"2 minutes"},"schema":{"@context":"https:\/\/schema.org","@graph":[{"@type":"WebPage","@id":"https:\/\/maxperfect.gifts\/izdelek\/saljivi-slovenec-anton-brezovnik\/","url":"https:\/\/maxperfect.gifts\/izdelek\/saljivi-slovenec-anton-brezovnik\/","name":"[:sl]\u0160ALJIVI SLOVENEC - Anton Brezovnik[:] - Max Perfect Gifts","isPartOf":{"@id":"https:\/\/maxperfect.gifts\/#website"},"primaryImageOfPage":{"@id":"https:\/\/maxperfect.gifts\/izdelek\/saljivi-slovenec-anton-brezovnik\/#primaryimage"},"image":{"@id":"https:\/\/maxperfect.gifts\/izdelek\/saljivi-slovenec-anton-brezovnik\/#primaryimage"},"thumbnailUrl":"https:\/\/maxperfect.gifts\/wp-content\/uploads\/2026\/02\/full_fafe47c7546ad8dd389194ccb1823b04.jpg","datePublished":"2026-02-24T08:57:18+00:00","dateModified":"2026-03-11T05:56:29+00:00","breadcrumb":{"@id":"https:\/\/maxperfect.gifts\/izdelek\/saljivi-slovenec-anton-brezovnik\/#breadcrumb"},"inLanguage":"en-US","potentialAction":[{"@type":"ReadAction","target":["https:\/\/maxperfect.gifts\/izdelek\/saljivi-slovenec-anton-brezovnik\/"]}]},{"@type":"ImageObject","inLanguage":"en-US","@id":"https:\/\/maxperfect.gifts\/izdelek\/saljivi-slovenec-anton-brezovnik\/#primaryimage","url":"https:\/\/maxperfect.gifts\/wp-content\/uploads\/2026\/02\/full_fafe47c7546ad8dd389194ccb1823b04.jpg","contentUrl":"https:\/\/maxperfect.gifts\/wp-content\/uploads\/2026\/02\/full_fafe47c7546ad8dd389194ccb1823b04.jpg","width":329,"height":450},{"@type":"BreadcrumbList","@id":"https:\/\/maxperfect.gifts\/izdelek\/saljivi-slovenec-anton-brezovnik\/#breadcrumb","itemListElement":[{"@type":"ListItem","position":1,"name":"Home","item":"https:\/\/maxperfect.gifts\/en\/"},{"@type":"ListItem","position":2,"name":"Trgovina","item":"https:\/\/maxperfect.gifts\/trgovina\/"},{"@type":"ListItem","position":3,"name":"\u0160ALJIVI SLOVENEC &#8211; Anton Brezovnik"}]},{"@type":"WebSite","@id":"https:\/\/maxperfect.gifts\/#website","url":"https:\/\/maxperfect.gifts\/","name":"Max Perfect Gifts","description":"Darilni program","publisher":{"@id":"https:\/\/maxperfect.gifts\/#organization"},"potentialAction":[{"@type":"SearchAction","target":{"@type":"EntryPoint","urlTemplate":"https:\/\/maxperfect.gifts\/?s={search_term_string}"},"query-input":{"@type":"PropertyValueSpecification","valueRequired":true,"valueName":"search_term_string"}}],"inLanguage":"en-US"},{"@type":"Organization","@id":"https:\/\/maxperfect.gifts\/#organization","name":"Max Perfect Gifts","url":"https:\/\/maxperfect.gifts\/","logo":{"@type":"ImageObject","inLanguage":"en-US","@id":"https:\/\/maxperfect.gifts\/#\/schema\/logo\/image\/","url":"https:\/\/maxperfect.gifts\/wp-content\/uploads\/2023\/11\/max-perfect-logotip.png","contentUrl":"https:\/\/maxperfect.gifts\/wp-content\/uploads\/2023\/11\/max-perfect-logotip.png","width":200,"height":76,"caption":"Max Perfect Gifts"},"image":{"@id":"https:\/\/maxperfect.gifts\/#\/schema\/logo\/image\/"}}]}},"_links":{"self":[{"href":"https:\/\/maxperfect.gifts\/en\/wp-json\/wp\/v2\/product\/3001","targetHints":{"allow":["GET"]}}],"collection":[{"href":"https:\/\/maxperfect.gifts\/en\/wp-json\/wp\/v2\/product"}],"about":[{"href":"https:\/\/maxperfect.gifts\/en\/wp-json\/wp\/v2\/types\/product"}],"wp:featuredmedia":[{"embeddable":true,"href":"https:\/\/maxperfect.gifts\/en\/wp-json\/wp\/v2\/media\/3003"}],"wp:attachment":[{"href":"https:\/\/maxperfect.gifts\/en\/wp-json\/wp\/v2\/media?parent=3001"}],"wp:term":[{"taxonomy":"product_cat","embeddable":true,"href":"https:\/\/maxperfect.gifts\/en\/wp-json\/wp\/v2\/product_cat?post=3001"},{"taxonomy":"product_tag","embeddable":true,"href":"https:\/\/maxperfect.gifts\/en\/wp-json\/wp\/v2\/product_tag?post=3001"}],"curies":[{"name":"wp","href":"https:\/\/api.w.org\/{rel}","templated":true}]}}