{"id":3004,"date":"2026-02-24T09:59:20","date_gmt":"2026-02-24T08:59:20","guid":{"rendered":"https:\/\/maxperfect.gifts\/?post_type=product&#038;p=3004"},"modified":"2026-03-11T06:56:29","modified_gmt":"2026-03-11T05:56:29","slug":"srapneli-slavko-furlan","status":"publish","type":"product","link":"https:\/\/maxperfect.gifts\/en\/izdelek\/srapneli-slavko-furlan\/","title":{"rendered":"\u0160RAPNELI &#8211; Slavko Furlan"},"content":{"rendered":"<p style=\"font-weight: 400;\"><strong>ZBIRNA MAPA SKIC LEGENDARNEGA PRIMORSKEGA\u00a0<\/strong><strong>UMETNIKA SLAVKA FURLANA<\/strong><\/p>\n<p style=\"font-weight: 400;\"><strong>.<\/strong>Spominska monografija preminulega umetnika, kjer so zbrane njegove skice, ki predstavljajo poseben del umetnikovega opusa. Nastale so ob razli\u010dnih prilo\u017enostih in nekako povzemajo Furlanov na\u010din \u017eivljenja, tiste neizbrisljive \u010darobne trenutke, ki so bili vredni, da jih s pomo\u010djo razli\u010dnih tehnik \u00bbprelijejo\u00ab na papir.<\/p>\n<p style=\"font-weight: 400;\"><strong>Pesmi in spremna beseda (SLO\/ITA): Marko Brecelj, Ivan Volari\u010d &#8211; Feo, Ljubo Bizjak<\/strong><\/p>\n<p style=\"font-weight: 400;\">Med Furlanova vidnej\u0161a dela kot slikarja in grafi\u010dnega oblikovalca med drugim sodi oblikovanje naslovnice za enega najbolj znanih albumov legendarne slovenske rock zasedbe Buldo\u017eerji, \u00bbPljuni istini u o\u010di\u00ab. Sodeloval je tudi s Primorskim dramskim gledali\u0161\u010dem, kjer je svoj umetni\u0161ki dele\u017e prispeval z oblikovanjem plakatov za predstave. Slavko Furlan (1952-2007) je leta 1978 kon\u010dal Akademijo likovnih umetnosti v Benetkah pri profesorju Carmellu Zottiju. \u017divel in delal je doma v \u0160empetru..<\/p>\n<p style=\"font-weight: 400;\">Skice preminulega umetnika so zbrali njegovi prijatelji, znanci in ob\u010dudovalci, ta isti so prispevali tudi novce, veliko dobre volje in \u0161e ve\u010d prikupne zmedenosti, primorskega vina in kak\u0161en \u0161pinel, misel, spomin ali pesem o Slavcu, \u017elahta se je odrekla avtorskim pravicam, zalo\u017eba in izdajatelj dobi\u010dku, lektorjem in oblikovalcem smo zbili tarife ter napili tiskarja pred podpisom pogodbe &#8230; vse za par dobrih \u017eurov..<\/p>\n<p style=\"font-weight: 400;\">\u02ddTudi mi vsi bomo \u0161li v Nebitja kraj. Nekateri smo \u017eiveli in \u0161e \u017eivimo Slavcu podobno, ampak ne tako hitro kot on. Divji otrok &#8211; mo\u017e je zadrl predvsem drobce sebe v nas, vse rane izle\u010dil bo \u010das. Na svitlo dajemo tale skromen set Furlanovih \u00bbsmeti\u00ab iz gluhih \u010dasov njegove eksplozije. Naj \u017eivi njegov spomin, nazdravimo tudi prihodnosti, v kateri se ljudje ne bomo razleteli v prazno, prihodnosti brez denarjev, farjev in gospodarjev!\u02dd (Marko Brecelj).<\/p>\n<p style=\"font-weight: 400;\">Spremna beseda v slovenskem in italijanskem jeziku.<\/p>\n<p style=\"font-weight: 400;\">Zbirna mapa, frormat A4, 88 grafi\u010dnih listov, barvni in \u010cB.<\/p>\n","protected":false},"excerpt":{"rendered":"<p>Zbirna mapa skic legendarnega primorskega umetnika Slavka Furlana.<\/p>\n","protected":false},"featured_media":3005,"template":"","meta":[],"product_cat":[174],"product_tag":[],"class_list":{"0":"post-3004","1":"product","2":"type-product","3":"status-publish","4":"has-post-thumbnail","6":"product_cat-zalozba","8":"first","9":"outofstock","10":"taxable","11":"shipping-taxable","12":"purchasable","13":"product-type-simple"},"yoast_head":"<!-- This site is optimized with the Yoast SEO plugin v27.1.1 - https:\/\/yoast.com\/product\/yoast-seo-wordpress\/ -->\n<title>\u0160RAPNELI - Slavko Furlan[:] - Max Perfect Gifts<\/title>\n<meta name=\"robots\" content=\"index, follow, max-snippet:-1, max-image-preview:large, max-video-preview:-1\" \/>\n<link rel=\"canonical\" href=\"https:\/\/maxperfect.gifts\/izdelek\/srapneli-slavko-furlan\/\" \/>\n<meta property=\"og:locale\" content=\"en_US\" \/>\n<meta property=\"og:type\" content=\"article\" \/>\n<meta property=\"og:title\" content=\"\u0160RAPNELI - Slavko Furlan\" \/>\n<meta property=\"og:description\" content=\"Zbirna mapa skic legendarnega primorskega umetnika Slavka Furlana.\" \/>\n<meta property=\"og:url\" content=\"https:\/\/maxperfect.gifts\/en\/izdelek\/srapneli-slavko-furlan\/\" \/>\n<meta property=\"og:site_name\" content=\"Max Perfect Gifts\" \/>\n<meta property=\"article:modified_time\" content=\"2026-03-11T05:56:29+00:00\" \/>\n<meta property=\"og:image\" content=\"https:\/\/maxperfect.gifts\/wp-content\/uploads\/2026\/02\/full_b88c15b117dc61e1c020e7946d8e736b.jpg\" \/>\n\t<meta property=\"og:image:width\" content=\"315\" \/>\n\t<meta property=\"og:image:height\" content=\"450\" \/>\n\t<meta property=\"og:image:type\" content=\"image\/jpeg\" \/>\n<meta name=\"twitter:card\" content=\"summary_large_image\" \/>\n<meta name=\"twitter:label1\" content=\"Est. reading time\" \/>\n\t<meta name=\"twitter:data1\" content=\"2 minutes\" \/>\n<script type=\"application\/ld+json\" class=\"yoast-schema-graph\">{\"@context\":\"https:\/\/schema.org\",\"@graph\":[{\"@type\":\"WebPage\",\"@id\":\"https:\/\/maxperfect.gifts\/izdelek\/srapneli-slavko-furlan\/\",\"url\":\"https:\/\/maxperfect.gifts\/izdelek\/srapneli-slavko-furlan\/\",\"name\":\"[:sl]\u0160RAPNELI - Slavko Furlan[:] - Max Perfect Gifts\",\"isPartOf\":{\"@id\":\"https:\/\/maxperfect.gifts\/#website\"},\"primaryImageOfPage\":{\"@id\":\"https:\/\/maxperfect.gifts\/izdelek\/srapneli-slavko-furlan\/#primaryimage\"},\"image\":{\"@id\":\"https:\/\/maxperfect.gifts\/izdelek\/srapneli-slavko-furlan\/#primaryimage\"},\"thumbnailUrl\":\"https:\/\/maxperfect.gifts\/wp-content\/uploads\/2026\/02\/full_b88c15b117dc61e1c020e7946d8e736b.jpg\",\"datePublished\":\"2026-02-24T08:59:20+00:00\",\"dateModified\":\"2026-03-11T05:56:29+00:00\",\"breadcrumb\":{\"@id\":\"https:\/\/maxperfect.gifts\/izdelek\/srapneli-slavko-furlan\/#breadcrumb\"},\"inLanguage\":\"en-US\",\"potentialAction\":[{\"@type\":\"ReadAction\",\"target\":[\"https:\/\/maxperfect.gifts\/izdelek\/srapneli-slavko-furlan\/\"]}]},{\"@type\":\"ImageObject\",\"inLanguage\":\"en-US\",\"@id\":\"https:\/\/maxperfect.gifts\/izdelek\/srapneli-slavko-furlan\/#primaryimage\",\"url\":\"https:\/\/maxperfect.gifts\/wp-content\/uploads\/2026\/02\/full_b88c15b117dc61e1c020e7946d8e736b.jpg\",\"contentUrl\":\"https:\/\/maxperfect.gifts\/wp-content\/uploads\/2026\/02\/full_b88c15b117dc61e1c020e7946d8e736b.jpg\",\"width\":315,\"height\":450},{\"@type\":\"BreadcrumbList\",\"@id\":\"https:\/\/maxperfect.gifts\/izdelek\/srapneli-slavko-furlan\/#breadcrumb\",\"itemListElement\":[{\"@type\":\"ListItem\",\"position\":1,\"name\":\"Home\",\"item\":\"https:\/\/maxperfect.gifts\/en\/\"},{\"@type\":\"ListItem\",\"position\":2,\"name\":\"Trgovina\",\"item\":\"https:\/\/maxperfect.gifts\/trgovina\/\"},{\"@type\":\"ListItem\",\"position\":3,\"name\":\"\u0160RAPNELI &#8211; Slavko Furlan\"}]},{\"@type\":\"WebSite\",\"@id\":\"https:\/\/maxperfect.gifts\/#website\",\"url\":\"https:\/\/maxperfect.gifts\/\",\"name\":\"Max Perfect Gifts\",\"description\":\"Darilni program\",\"publisher\":{\"@id\":\"https:\/\/maxperfect.gifts\/#organization\"},\"potentialAction\":[{\"@type\":\"SearchAction\",\"target\":{\"@type\":\"EntryPoint\",\"urlTemplate\":\"https:\/\/maxperfect.gifts\/?s={search_term_string}\"},\"query-input\":{\"@type\":\"PropertyValueSpecification\",\"valueRequired\":true,\"valueName\":\"search_term_string\"}}],\"inLanguage\":\"en-US\"},{\"@type\":\"Organization\",\"@id\":\"https:\/\/maxperfect.gifts\/#organization\",\"name\":\"Max Perfect Gifts\",\"url\":\"https:\/\/maxperfect.gifts\/\",\"logo\":{\"@type\":\"ImageObject\",\"inLanguage\":\"en-US\",\"@id\":\"https:\/\/maxperfect.gifts\/#\/schema\/logo\/image\/\",\"url\":\"https:\/\/maxperfect.gifts\/wp-content\/uploads\/2023\/11\/max-perfect-logotip.png\",\"contentUrl\":\"https:\/\/maxperfect.gifts\/wp-content\/uploads\/2023\/11\/max-perfect-logotip.png\",\"width\":200,\"height\":76,\"caption\":\"Max Perfect Gifts\"},\"image\":{\"@id\":\"https:\/\/maxperfect.gifts\/#\/schema\/logo\/image\/\"}}]}<\/script>\n<!-- \/ Yoast SEO plugin. -->","yoast_head_json":{"title":"\u0160RAPNELI - Slavko Furlan[:] - Max Perfect Gifts","robots":{"index":"index","follow":"follow","max-snippet":"max-snippet:-1","max-image-preview":"max-image-preview:large","max-video-preview":"max-video-preview:-1"},"canonical":"https:\/\/maxperfect.gifts\/izdelek\/srapneli-slavko-furlan\/","og_locale":"en_US","og_type":"article","og_title":"[:sl]\u0160RAPNELI - Slavko Furlan[:] - Max Perfect Gifts","og_description":"[:sl]Zbirna mapa skic legendarnega primorskega umetnika Slavka Furlana.[:]","og_url":"https:\/\/maxperfect.gifts\/en\/izdelek\/srapneli-slavko-furlan\/","og_site_name":"Max Perfect Gifts","article_modified_time":"2026-03-11T05:56:29+00:00","og_image":[{"width":315,"height":450,"url":"https:\/\/maxperfect.gifts\/wp-content\/uploads\/2026\/02\/full_b88c15b117dc61e1c020e7946d8e736b.jpg","type":"image\/jpeg"}],"twitter_card":"summary_large_image","twitter_misc":{"Est. reading time":"2 minutes"},"schema":{"@context":"https:\/\/schema.org","@graph":[{"@type":"WebPage","@id":"https:\/\/maxperfect.gifts\/izdelek\/srapneli-slavko-furlan\/","url":"https:\/\/maxperfect.gifts\/izdelek\/srapneli-slavko-furlan\/","name":"[:sl]\u0160RAPNELI - Slavko Furlan[:] - Max Perfect Gifts","isPartOf":{"@id":"https:\/\/maxperfect.gifts\/#website"},"primaryImageOfPage":{"@id":"https:\/\/maxperfect.gifts\/izdelek\/srapneli-slavko-furlan\/#primaryimage"},"image":{"@id":"https:\/\/maxperfect.gifts\/izdelek\/srapneli-slavko-furlan\/#primaryimage"},"thumbnailUrl":"https:\/\/maxperfect.gifts\/wp-content\/uploads\/2026\/02\/full_b88c15b117dc61e1c020e7946d8e736b.jpg","datePublished":"2026-02-24T08:59:20+00:00","dateModified":"2026-03-11T05:56:29+00:00","breadcrumb":{"@id":"https:\/\/maxperfect.gifts\/izdelek\/srapneli-slavko-furlan\/#breadcrumb"},"inLanguage":"en-US","potentialAction":[{"@type":"ReadAction","target":["https:\/\/maxperfect.gifts\/izdelek\/srapneli-slavko-furlan\/"]}]},{"@type":"ImageObject","inLanguage":"en-US","@id":"https:\/\/maxperfect.gifts\/izdelek\/srapneli-slavko-furlan\/#primaryimage","url":"https:\/\/maxperfect.gifts\/wp-content\/uploads\/2026\/02\/full_b88c15b117dc61e1c020e7946d8e736b.jpg","contentUrl":"https:\/\/maxperfect.gifts\/wp-content\/uploads\/2026\/02\/full_b88c15b117dc61e1c020e7946d8e736b.jpg","width":315,"height":450},{"@type":"BreadcrumbList","@id":"https:\/\/maxperfect.gifts\/izdelek\/srapneli-slavko-furlan\/#breadcrumb","itemListElement":[{"@type":"ListItem","position":1,"name":"Home","item":"https:\/\/maxperfect.gifts\/en\/"},{"@type":"ListItem","position":2,"name":"Trgovina","item":"https:\/\/maxperfect.gifts\/trgovina\/"},{"@type":"ListItem","position":3,"name":"\u0160RAPNELI &#8211; Slavko Furlan"}]},{"@type":"WebSite","@id":"https:\/\/maxperfect.gifts\/#website","url":"https:\/\/maxperfect.gifts\/","name":"Max Perfect Gifts","description":"Darilni program","publisher":{"@id":"https:\/\/maxperfect.gifts\/#organization"},"potentialAction":[{"@type":"SearchAction","target":{"@type":"EntryPoint","urlTemplate":"https:\/\/maxperfect.gifts\/?s={search_term_string}"},"query-input":{"@type":"PropertyValueSpecification","valueRequired":true,"valueName":"search_term_string"}}],"inLanguage":"en-US"},{"@type":"Organization","@id":"https:\/\/maxperfect.gifts\/#organization","name":"Max Perfect Gifts","url":"https:\/\/maxperfect.gifts\/","logo":{"@type":"ImageObject","inLanguage":"en-US","@id":"https:\/\/maxperfect.gifts\/#\/schema\/logo\/image\/","url":"https:\/\/maxperfect.gifts\/wp-content\/uploads\/2023\/11\/max-perfect-logotip.png","contentUrl":"https:\/\/maxperfect.gifts\/wp-content\/uploads\/2023\/11\/max-perfect-logotip.png","width":200,"height":76,"caption":"Max Perfect Gifts"},"image":{"@id":"https:\/\/maxperfect.gifts\/#\/schema\/logo\/image\/"}}]}},"_links":{"self":[{"href":"https:\/\/maxperfect.gifts\/en\/wp-json\/wp\/v2\/product\/3004","targetHints":{"allow":["GET"]}}],"collection":[{"href":"https:\/\/maxperfect.gifts\/en\/wp-json\/wp\/v2\/product"}],"about":[{"href":"https:\/\/maxperfect.gifts\/en\/wp-json\/wp\/v2\/types\/product"}],"wp:featuredmedia":[{"embeddable":true,"href":"https:\/\/maxperfect.gifts\/en\/wp-json\/wp\/v2\/media\/3005"}],"wp:attachment":[{"href":"https:\/\/maxperfect.gifts\/en\/wp-json\/wp\/v2\/media?parent=3004"}],"wp:term":[{"taxonomy":"product_cat","embeddable":true,"href":"https:\/\/maxperfect.gifts\/en\/wp-json\/wp\/v2\/product_cat?post=3004"},{"taxonomy":"product_tag","embeddable":true,"href":"https:\/\/maxperfect.gifts\/en\/wp-json\/wp\/v2\/product_tag?post=3004"}],"curies":[{"name":"wp","href":"https:\/\/api.w.org\/{rel}","templated":true}]}}