{"id":3006,"date":"2026-02-24T10:01:33","date_gmt":"2026-02-24T09:01:33","guid":{"rendered":"https:\/\/maxperfect.gifts\/?post_type=product&#038;p=3006"},"modified":"2026-03-11T06:56:29","modified_gmt":"2026-03-11T05:56:29","slug":"koprivnik-in-njegovi-ljudje-marija-makarovic","status":"publish","type":"product","link":"https:\/\/maxperfect.gifts\/en\/izdelek\/koprivnik-in-njegovi-ljudje-marija-makarovic\/","title":{"rendered":"KOPRIVNIK IN NJEGOVI LJUDJE &#8211; Marija Makarovi\u010d"},"content":{"rendered":"<h3>KOPRIVNIK IN NJEGOVI LJUDJE &#8211; Marija Makarovi\u010d<\/h3>\n<p style=\"font-weight: 400;\"><strong>V obdobju Ko\u010devarjev od leta 1456 do preselitve decembra 1941 in Slovencev od preloma 19. stoletja do danes.<\/strong><\/p>\n<p style=\"font-weight: 400;\">\n<p style=\"font-weight: 400;\"><strong>Avtorji \u017eivljenjskih pripovedi:\u00a0<\/strong>Anna Loser, Ana \u0160tricelj, Martin \u017dalik, Anton \u017dagar, Olga Poje, Fani Barovnica, Tugomila Tom\u0161i\u010d, Anton Korelc, Milena Oblak, Franc \u0160talcer, Marija \u0160talcer, Erich \u0160pengler, Jo\u017ee Oberstar, Mira Dvor\u0161ak, Ivo Grebenar, Ivanka Marin\u010d, Ivan Oberstar, Ivan Muhi\u010d, Bojan Marin\u010d, Karl J. Stalzer.<\/p>\n<p style=\"font-weight: 400;\"><strong>Spremna beseda:\u00a0<\/strong>Jo\u017ee Oberstar in August Gril<\/p>\n<p style=\"font-weight: 400;\"><strong>Urednica:<\/strong>\u00a0prof. Doris Debenjak<\/p>\n<p style=\"font-weight: 400;\">\n<p style=\"font-weight: 400;\">Koprivnik, eden izmed 175 krajev na nem\u0161kem jezikovnem otoku na JV obrobju Ko\u010devskega, ki je bil do zime 1941 naseljen s prevladujo\u010dim nem\u0161kim, ko\u010devarskim prebivalstvom. Pripoved o Koprivniku in njegovih ljudeh bi lahko bila pripoved o kateri koli vasi ali zaselku, do decembra 1941 naseljenim s poslovenjenimi Ko\u010devarji. Lahko bi bila tudi povsem enostranska pripoved, \u010de avtorici ne bi bilo po strokovni in \u010dlove\u0161ki plati povsem jasno, da nobena, tudi ko\u010devarska zgodba nima samo ene plati, \u0161e posebno po tem, ko so za\u010deli ko\u010devarsko zgodovino pisati tisti, ki so jo pomagali kon\u010dati &#8230; .<\/p>\n<p style=\"font-weight: 400;\">V prvem delu knjige Makarovi\u010deva opisuje zgodovinsko obdobje in so\u017eitje dveh narodov, ki se je na za\u010detku druge svetovne vojne v hipu razblinilo. Tudi Ko\u010devarji, pravzaprav njihove elite, so padle pod mo\u010den vpliv nacionalsocialne propagande Hitlerjeve Nem\u010dije, kar je bilo za ta narod usodno. V drugem delu, ki ga je avtorica naslovila Moje srce je ostalo v Koprivniku , je prisluhnila \u017eivljenjskimi pripovedim dvajsetih mo\u017e in \u017eena, doma\u010dinom in tistimi, ki \u0161e \u017eivijo in so dandanes razseljeni po domovini in svetu.<\/p>\n<p style=\"font-weight: 400;\">\n<p style=\"font-weight: 400;\">Obseg: 573 strani, A5 format, trda vezava, preko 250 fotografij in dokumentov, obse\u017ena bibliografija virov ter povzetek v nem\u0161kem jeziku. Izdano skupaj z Dru\u0161tvom Ko\u010devarjev staroselcev.<\/p>\n<p style=\"font-weight: 400;\"><strong>Izid knjige so podprli:\u00a0<\/strong>Zvezno ministrstvo za evropske in mednarodne zadeve Republike Avstrije, Koro\u0161ka de\u017eelna vlada, Veleposlani\u0161tvo Zvezne republike Nem\u010dije, Socialni demokrati Ko\u010devje, \u017dupnija Ko\u010devje, Jo\u017ee Oberstar, Marta Triplat in August Gril.<\/p>\n","protected":false},"excerpt":{"rendered":"<p>Zgodovina ko\u010devarske vasi Koprivnik v obdobju Ko\u010devarjev od leta 1456 do preselitve decembra 1941 in Slovencev od preloma 19. stoletja do danes.<\/p>\n","protected":false},"featured_media":3007,"template":"","meta":[],"product_cat":[174],"product_tag":[],"class_list":{"0":"post-3006","1":"product","2":"type-product","3":"status-publish","4":"has-post-thumbnail","6":"product_cat-zalozba","8":"first","9":"instock","10":"taxable","11":"shipping-taxable","12":"purchasable","13":"product-type-simple"},"yoast_head":"<!-- This site is optimized with the Yoast SEO plugin v27.1.1 - https:\/\/yoast.com\/product\/yoast-seo-wordpress\/ -->\n<title>KOPRIVNIK IN NJEGOVI LJUDJE - Marija Makarovi\u010d[:] - Max Perfect Gifts<\/title>\n<meta name=\"robots\" content=\"index, follow, max-snippet:-1, max-image-preview:large, max-video-preview:-1\" \/>\n<link rel=\"canonical\" href=\"https:\/\/maxperfect.gifts\/izdelek\/koprivnik-in-njegovi-ljudje-marija-makarovic\/\" \/>\n<meta property=\"og:locale\" content=\"en_US\" \/>\n<meta property=\"og:type\" content=\"article\" \/>\n<meta property=\"og:title\" content=\"KOPRIVNIK IN NJEGOVI LJUDJE - Marija Makarovi\u010d\" \/>\n<meta property=\"og:description\" content=\"Zgodovina ko\u010devarske vasi Koprivnik v obdobju Ko\u010devarjev od leta 1456 do preselitve decembra 1941 in Slovencev od preloma 19. stoletja do danes.\" \/>\n<meta property=\"og:url\" content=\"https:\/\/maxperfect.gifts\/en\/izdelek\/koprivnik-in-njegovi-ljudje-marija-makarovic\/\" \/>\n<meta property=\"og:site_name\" content=\"Max Perfect Gifts\" \/>\n<meta property=\"article:modified_time\" content=\"2026-03-11T05:56:29+00:00\" \/>\n<meta property=\"og:image\" content=\"https:\/\/maxperfect.gifts\/wp-content\/uploads\/2026\/02\/full_35827d5508f394468eeb5081b35f185b.jpg\" \/>\n\t<meta property=\"og:image:width\" content=\"783\" \/>\n\t<meta property=\"og:image:height\" content=\"1112\" \/>\n\t<meta property=\"og:image:type\" content=\"image\/jpeg\" \/>\n<meta name=\"twitter:card\" content=\"summary_large_image\" \/>\n<meta name=\"twitter:label1\" content=\"Est. reading time\" \/>\n\t<meta name=\"twitter:data1\" content=\"2 minutes\" \/>\n<script type=\"application\/ld+json\" class=\"yoast-schema-graph\">{\"@context\":\"https:\/\/schema.org\",\"@graph\":[{\"@type\":\"WebPage\",\"@id\":\"https:\/\/maxperfect.gifts\/izdelek\/koprivnik-in-njegovi-ljudje-marija-makarovic\/\",\"url\":\"https:\/\/maxperfect.gifts\/izdelek\/koprivnik-in-njegovi-ljudje-marija-makarovic\/\",\"name\":\"[:sl]KOPRIVNIK IN NJEGOVI LJUDJE - Marija Makarovi\u010d[:] - Max Perfect Gifts\",\"isPartOf\":{\"@id\":\"https:\/\/maxperfect.gifts\/#website\"},\"primaryImageOfPage\":{\"@id\":\"https:\/\/maxperfect.gifts\/izdelek\/koprivnik-in-njegovi-ljudje-marija-makarovic\/#primaryimage\"},\"image\":{\"@id\":\"https:\/\/maxperfect.gifts\/izdelek\/koprivnik-in-njegovi-ljudje-marija-makarovic\/#primaryimage\"},\"thumbnailUrl\":\"https:\/\/maxperfect.gifts\/wp-content\/uploads\/2026\/02\/full_35827d5508f394468eeb5081b35f185b.jpg\",\"datePublished\":\"2026-02-24T09:01:33+00:00\",\"dateModified\":\"2026-03-11T05:56:29+00:00\",\"breadcrumb\":{\"@id\":\"https:\/\/maxperfect.gifts\/izdelek\/koprivnik-in-njegovi-ljudje-marija-makarovic\/#breadcrumb\"},\"inLanguage\":\"en-US\",\"potentialAction\":[{\"@type\":\"ReadAction\",\"target\":[\"https:\/\/maxperfect.gifts\/izdelek\/koprivnik-in-njegovi-ljudje-marija-makarovic\/\"]}]},{\"@type\":\"ImageObject\",\"inLanguage\":\"en-US\",\"@id\":\"https:\/\/maxperfect.gifts\/izdelek\/koprivnik-in-njegovi-ljudje-marija-makarovic\/#primaryimage\",\"url\":\"https:\/\/maxperfect.gifts\/wp-content\/uploads\/2026\/02\/full_35827d5508f394468eeb5081b35f185b.jpg\",\"contentUrl\":\"https:\/\/maxperfect.gifts\/wp-content\/uploads\/2026\/02\/full_35827d5508f394468eeb5081b35f185b.jpg\",\"width\":783,\"height\":1112},{\"@type\":\"BreadcrumbList\",\"@id\":\"https:\/\/maxperfect.gifts\/izdelek\/koprivnik-in-njegovi-ljudje-marija-makarovic\/#breadcrumb\",\"itemListElement\":[{\"@type\":\"ListItem\",\"position\":1,\"name\":\"Home\",\"item\":\"https:\/\/maxperfect.gifts\/en\/\"},{\"@type\":\"ListItem\",\"position\":2,\"name\":\"Trgovina\",\"item\":\"https:\/\/maxperfect.gifts\/trgovina\/\"},{\"@type\":\"ListItem\",\"position\":3,\"name\":\"KOPRIVNIK IN NJEGOVI LJUDJE &#8211; Marija Makarovi\u010d\"}]},{\"@type\":\"WebSite\",\"@id\":\"https:\/\/maxperfect.gifts\/#website\",\"url\":\"https:\/\/maxperfect.gifts\/\",\"name\":\"Max Perfect Gifts\",\"description\":\"Darilni program\",\"publisher\":{\"@id\":\"https:\/\/maxperfect.gifts\/#organization\"},\"potentialAction\":[{\"@type\":\"SearchAction\",\"target\":{\"@type\":\"EntryPoint\",\"urlTemplate\":\"https:\/\/maxperfect.gifts\/?s={search_term_string}\"},\"query-input\":{\"@type\":\"PropertyValueSpecification\",\"valueRequired\":true,\"valueName\":\"search_term_string\"}}],\"inLanguage\":\"en-US\"},{\"@type\":\"Organization\",\"@id\":\"https:\/\/maxperfect.gifts\/#organization\",\"name\":\"Max Perfect Gifts\",\"url\":\"https:\/\/maxperfect.gifts\/\",\"logo\":{\"@type\":\"ImageObject\",\"inLanguage\":\"en-US\",\"@id\":\"https:\/\/maxperfect.gifts\/#\/schema\/logo\/image\/\",\"url\":\"https:\/\/maxperfect.gifts\/wp-content\/uploads\/2023\/11\/max-perfect-logotip.png\",\"contentUrl\":\"https:\/\/maxperfect.gifts\/wp-content\/uploads\/2023\/11\/max-perfect-logotip.png\",\"width\":200,\"height\":76,\"caption\":\"Max Perfect Gifts\"},\"image\":{\"@id\":\"https:\/\/maxperfect.gifts\/#\/schema\/logo\/image\/\"}}]}<\/script>\n<!-- \/ Yoast SEO plugin. -->","yoast_head_json":{"title":"KOPRIVNIK IN NJEGOVI LJUDJE - Marija Makarovi\u010d[:] - Max Perfect Gifts","robots":{"index":"index","follow":"follow","max-snippet":"max-snippet:-1","max-image-preview":"max-image-preview:large","max-video-preview":"max-video-preview:-1"},"canonical":"https:\/\/maxperfect.gifts\/izdelek\/koprivnik-in-njegovi-ljudje-marija-makarovic\/","og_locale":"en_US","og_type":"article","og_title":"[:sl]KOPRIVNIK IN NJEGOVI LJUDJE - Marija Makarovi\u010d[:] - Max Perfect Gifts","og_description":"[:sl]Zgodovina ko\u010devarske vasi Koprivnik v obdobju Ko\u010devarjev od leta 1456 do preselitve decembra 1941 in Slovencev od preloma 19. stoletja do danes.[:]","og_url":"https:\/\/maxperfect.gifts\/en\/izdelek\/koprivnik-in-njegovi-ljudje-marija-makarovic\/","og_site_name":"Max Perfect Gifts","article_modified_time":"2026-03-11T05:56:29+00:00","og_image":[{"width":783,"height":1112,"url":"https:\/\/maxperfect.gifts\/wp-content\/uploads\/2026\/02\/full_35827d5508f394468eeb5081b35f185b.jpg","type":"image\/jpeg"}],"twitter_card":"summary_large_image","twitter_misc":{"Est. reading time":"2 minutes"},"schema":{"@context":"https:\/\/schema.org","@graph":[{"@type":"WebPage","@id":"https:\/\/maxperfect.gifts\/izdelek\/koprivnik-in-njegovi-ljudje-marija-makarovic\/","url":"https:\/\/maxperfect.gifts\/izdelek\/koprivnik-in-njegovi-ljudje-marija-makarovic\/","name":"[:sl]KOPRIVNIK IN NJEGOVI LJUDJE - Marija Makarovi\u010d[:] - Max Perfect Gifts","isPartOf":{"@id":"https:\/\/maxperfect.gifts\/#website"},"primaryImageOfPage":{"@id":"https:\/\/maxperfect.gifts\/izdelek\/koprivnik-in-njegovi-ljudje-marija-makarovic\/#primaryimage"},"image":{"@id":"https:\/\/maxperfect.gifts\/izdelek\/koprivnik-in-njegovi-ljudje-marija-makarovic\/#primaryimage"},"thumbnailUrl":"https:\/\/maxperfect.gifts\/wp-content\/uploads\/2026\/02\/full_35827d5508f394468eeb5081b35f185b.jpg","datePublished":"2026-02-24T09:01:33+00:00","dateModified":"2026-03-11T05:56:29+00:00","breadcrumb":{"@id":"https:\/\/maxperfect.gifts\/izdelek\/koprivnik-in-njegovi-ljudje-marija-makarovic\/#breadcrumb"},"inLanguage":"en-US","potentialAction":[{"@type":"ReadAction","target":["https:\/\/maxperfect.gifts\/izdelek\/koprivnik-in-njegovi-ljudje-marija-makarovic\/"]}]},{"@type":"ImageObject","inLanguage":"en-US","@id":"https:\/\/maxperfect.gifts\/izdelek\/koprivnik-in-njegovi-ljudje-marija-makarovic\/#primaryimage","url":"https:\/\/maxperfect.gifts\/wp-content\/uploads\/2026\/02\/full_35827d5508f394468eeb5081b35f185b.jpg","contentUrl":"https:\/\/maxperfect.gifts\/wp-content\/uploads\/2026\/02\/full_35827d5508f394468eeb5081b35f185b.jpg","width":783,"height":1112},{"@type":"BreadcrumbList","@id":"https:\/\/maxperfect.gifts\/izdelek\/koprivnik-in-njegovi-ljudje-marija-makarovic\/#breadcrumb","itemListElement":[{"@type":"ListItem","position":1,"name":"Home","item":"https:\/\/maxperfect.gifts\/en\/"},{"@type":"ListItem","position":2,"name":"Trgovina","item":"https:\/\/maxperfect.gifts\/trgovina\/"},{"@type":"ListItem","position":3,"name":"KOPRIVNIK IN NJEGOVI LJUDJE &#8211; Marija Makarovi\u010d"}]},{"@type":"WebSite","@id":"https:\/\/maxperfect.gifts\/#website","url":"https:\/\/maxperfect.gifts\/","name":"Max Perfect Gifts","description":"Darilni program","publisher":{"@id":"https:\/\/maxperfect.gifts\/#organization"},"potentialAction":[{"@type":"SearchAction","target":{"@type":"EntryPoint","urlTemplate":"https:\/\/maxperfect.gifts\/?s={search_term_string}"},"query-input":{"@type":"PropertyValueSpecification","valueRequired":true,"valueName":"search_term_string"}}],"inLanguage":"en-US"},{"@type":"Organization","@id":"https:\/\/maxperfect.gifts\/#organization","name":"Max Perfect Gifts","url":"https:\/\/maxperfect.gifts\/","logo":{"@type":"ImageObject","inLanguage":"en-US","@id":"https:\/\/maxperfect.gifts\/#\/schema\/logo\/image\/","url":"https:\/\/maxperfect.gifts\/wp-content\/uploads\/2023\/11\/max-perfect-logotip.png","contentUrl":"https:\/\/maxperfect.gifts\/wp-content\/uploads\/2023\/11\/max-perfect-logotip.png","width":200,"height":76,"caption":"Max Perfect Gifts"},"image":{"@id":"https:\/\/maxperfect.gifts\/#\/schema\/logo\/image\/"}}]}},"_links":{"self":[{"href":"https:\/\/maxperfect.gifts\/en\/wp-json\/wp\/v2\/product\/3006","targetHints":{"allow":["GET"]}}],"collection":[{"href":"https:\/\/maxperfect.gifts\/en\/wp-json\/wp\/v2\/product"}],"about":[{"href":"https:\/\/maxperfect.gifts\/en\/wp-json\/wp\/v2\/types\/product"}],"wp:featuredmedia":[{"embeddable":true,"href":"https:\/\/maxperfect.gifts\/en\/wp-json\/wp\/v2\/media\/3007"}],"wp:attachment":[{"href":"https:\/\/maxperfect.gifts\/en\/wp-json\/wp\/v2\/media?parent=3006"}],"wp:term":[{"taxonomy":"product_cat","embeddable":true,"href":"https:\/\/maxperfect.gifts\/en\/wp-json\/wp\/v2\/product_cat?post=3006"},{"taxonomy":"product_tag","embeddable":true,"href":"https:\/\/maxperfect.gifts\/en\/wp-json\/wp\/v2\/product_tag?post=3006"}],"curies":[{"name":"wp","href":"https:\/\/api.w.org\/{rel}","templated":true}]}}