{"id":3008,"date":"2026-02-24T10:03:04","date_gmt":"2026-02-24T09:03:04","guid":{"rendered":"https:\/\/maxperfect.gifts\/?post_type=product&#038;p=3008"},"modified":"2026-03-11T06:56:29","modified_gmt":"2026-03-11T05:56:29","slug":"sprehod-po-ljubljani-viktor-steska","status":"publish","type":"product","link":"https:\/\/maxperfect.gifts\/en\/izdelek\/sprehod-po-ljubljani-viktor-steska\/","title":{"rendered":"SPREHOD PO LJUBLJANI &#8211; Viktor Steska"},"content":{"rendered":"<h3>SPREHOD PO LJUBLJANI &#8211; Viktor Steska<\/h3>\n<p style=\"font-weight: 400;\">Viktor Stestka (1868 \u20131946), slovenski zgodovinar in umetnostni zgodovinar, je z malim vodnikom po Ljubljani zarisal kro\u017eno pot mimo vseh najzna\u010dilnej\u0161ih to\u010dk tedanjega mesta. Vsak postanek sprehajalcu pripoveduje svoje zgodbo \u2013 dana\u0161njemu na dva na\u010dina: tistega trajnega, ki z avtorjevo pomo\u010djo bogato pri\u010duje o starodavnosti mesta in njegovi kulturni zgodovini, ter tistega, ki mu bo pozorni bralec sam dodal razliko skoraj devetdesetih let. Knji\u017eica je tako \u0161e vedno primerna za vse strastne ljubitelje Ljubljane<\/p>\n<p style=\"font-weight: 400;\">V ponatisu knji\u017eice iz leta 1928 bralec najde vse od cerkve na Rakovniku, voja\u0161kega streli\u0161\u010da, botani\u010dnega vrta, Grubarjevega kanala, Samassove vile, cerkve sv. Florijana, grajskega gri\u010da, mestne dekli\u0161ke \u0161ole (Poljanska gimnazija), cerkve sv. Jakoba, Starega trga, \u010cevljarskega mostu, \u0161kofijskega dvorca, cerve sv. Nikolaja, Vodnikovega trga, Codellijevega gradu, hiralnice sv. Jo\u017eefa, Tromostovja, Pre\u0161ernovega trga, Kri\u017eank, muzejev &#8230;<\/p>\n<p style=\"font-weight: 400;\"><em>V Ljubljani je seveda \u0161e marsikaj, kar bi na\u0161e \u0161olarje utegnilo zanimati; toda v enem dnevu si bodo na\u0161teto komaj ogledali. Mimogrede se bodo njih o\u010di zazrle v trgovske izlo\u017ebe, zlasti pri Krisperju, odkoder jih bo te\u017eko naprej spraviti. Ni \u010duda, saj mlado srce po igra\u010dah in sladkorju bolj koprni in jih razum bolje umeva kakor kake zgodovinske ali umetni\u0161ke izdelke &#8230;<\/em><\/p>\n<p style=\"font-weight: 400;\">Spremna beseda: Toma\u017e \u010ce\u010d<\/p>\n<p style=\"font-weight: 400;\">Knji\u017eica, 14,5 x 9,5 cm, obseg: 20 strani v darilni mapi + tri \u010cB razglednice Ljubljane iz za\u010detka 20. stoletja.<\/p>\n<p style=\"font-weight: 400;\">Izdano v sodelovanju s Trubarjevim antikvariatom. Razglednice so iz zbirke g. Zmaga Tan\u010di\u010da.<\/p>\n<p style=\"font-weight: 400;\">Natisnjenih je 300 izvodov, od tega 50 spominskih z zlatotiskom.<\/p>\n","protected":false},"excerpt":{"rendered":"<p>Ponatis knji\u017eice iz leta 1928. \u0160e danes zelo aktualna in uporabna navodila in informacije za enodnevni izlet in ogled ljubljanskih znamenitosti.<\/p>\n","protected":false},"featured_media":3009,"template":"","meta":[],"product_cat":[174],"product_tag":[],"class_list":{"0":"post-3008","1":"product","2":"type-product","3":"status-publish","4":"has-post-thumbnail","6":"product_cat-zalozba","8":"first","9":"instock","10":"taxable","11":"shipping-taxable","12":"purchasable","13":"product-type-simple"},"yoast_head":"<!-- This site is optimized with the Yoast SEO plugin v27.1.1 - https:\/\/yoast.com\/product\/yoast-seo-wordpress\/ -->\n<title>SPREHOD PO LJUBLJANI - Viktor Steska[:] - Max Perfect Gifts<\/title>\n<meta name=\"robots\" content=\"index, follow, max-snippet:-1, max-image-preview:large, max-video-preview:-1\" \/>\n<link rel=\"canonical\" href=\"https:\/\/maxperfect.gifts\/izdelek\/sprehod-po-ljubljani-viktor-steska\/\" \/>\n<meta property=\"og:locale\" content=\"en_US\" \/>\n<meta property=\"og:type\" content=\"article\" \/>\n<meta property=\"og:title\" content=\"SPREHOD PO LJUBLJANI - Viktor Steska\" \/>\n<meta property=\"og:description\" content=\"Ponatis knji\u017eice iz leta 1928. \u0160e danes zelo aktualna in uporabna navodila in informacije za enodnevni izlet in ogled ljubljanskih znamenitosti.\" \/>\n<meta property=\"og:url\" content=\"https:\/\/maxperfect.gifts\/en\/izdelek\/sprehod-po-ljubljani-viktor-steska\/\" \/>\n<meta property=\"og:site_name\" content=\"Max Perfect Gifts\" \/>\n<meta property=\"article:modified_time\" content=\"2026-03-11T05:56:29+00:00\" \/>\n<meta property=\"og:image\" content=\"https:\/\/maxperfect.gifts\/wp-content\/uploads\/2026\/02\/full_aefed29e76dfa68ce984abc092fa640f.jpg\" \/>\n\t<meta property=\"og:image:width\" content=\"450\" \/>\n\t<meta property=\"og:image:height\" content=\"353\" \/>\n\t<meta property=\"og:image:type\" content=\"image\/jpeg\" \/>\n<meta name=\"twitter:card\" content=\"summary_large_image\" \/>\n<meta name=\"twitter:label1\" content=\"Est. reading time\" \/>\n\t<meta name=\"twitter:data1\" content=\"2 minutes\" \/>\n<script type=\"application\/ld+json\" class=\"yoast-schema-graph\">{\"@context\":\"https:\/\/schema.org\",\"@graph\":[{\"@type\":\"WebPage\",\"@id\":\"https:\/\/maxperfect.gifts\/izdelek\/sprehod-po-ljubljani-viktor-steska\/\",\"url\":\"https:\/\/maxperfect.gifts\/izdelek\/sprehod-po-ljubljani-viktor-steska\/\",\"name\":\"[:sl]SPREHOD PO LJUBLJANI - Viktor Steska[:] - Max Perfect Gifts\",\"isPartOf\":{\"@id\":\"https:\/\/maxperfect.gifts\/#website\"},\"primaryImageOfPage\":{\"@id\":\"https:\/\/maxperfect.gifts\/izdelek\/sprehod-po-ljubljani-viktor-steska\/#primaryimage\"},\"image\":{\"@id\":\"https:\/\/maxperfect.gifts\/izdelek\/sprehod-po-ljubljani-viktor-steska\/#primaryimage\"},\"thumbnailUrl\":\"https:\/\/maxperfect.gifts\/wp-content\/uploads\/2026\/02\/full_aefed29e76dfa68ce984abc092fa640f.jpg\",\"datePublished\":\"2026-02-24T09:03:04+00:00\",\"dateModified\":\"2026-03-11T05:56:29+00:00\",\"breadcrumb\":{\"@id\":\"https:\/\/maxperfect.gifts\/izdelek\/sprehod-po-ljubljani-viktor-steska\/#breadcrumb\"},\"inLanguage\":\"en-US\",\"potentialAction\":[{\"@type\":\"ReadAction\",\"target\":[\"https:\/\/maxperfect.gifts\/izdelek\/sprehod-po-ljubljani-viktor-steska\/\"]}]},{\"@type\":\"ImageObject\",\"inLanguage\":\"en-US\",\"@id\":\"https:\/\/maxperfect.gifts\/izdelek\/sprehod-po-ljubljani-viktor-steska\/#primaryimage\",\"url\":\"https:\/\/maxperfect.gifts\/wp-content\/uploads\/2026\/02\/full_aefed29e76dfa68ce984abc092fa640f.jpg\",\"contentUrl\":\"https:\/\/maxperfect.gifts\/wp-content\/uploads\/2026\/02\/full_aefed29e76dfa68ce984abc092fa640f.jpg\",\"width\":450,\"height\":353},{\"@type\":\"BreadcrumbList\",\"@id\":\"https:\/\/maxperfect.gifts\/izdelek\/sprehod-po-ljubljani-viktor-steska\/#breadcrumb\",\"itemListElement\":[{\"@type\":\"ListItem\",\"position\":1,\"name\":\"Home\",\"item\":\"https:\/\/maxperfect.gifts\/en\/\"},{\"@type\":\"ListItem\",\"position\":2,\"name\":\"Trgovina\",\"item\":\"https:\/\/maxperfect.gifts\/trgovina\/\"},{\"@type\":\"ListItem\",\"position\":3,\"name\":\"SPREHOD PO LJUBLJANI &#8211; Viktor Steska\"}]},{\"@type\":\"WebSite\",\"@id\":\"https:\/\/maxperfect.gifts\/#website\",\"url\":\"https:\/\/maxperfect.gifts\/\",\"name\":\"Max Perfect Gifts\",\"description\":\"Darilni program\",\"publisher\":{\"@id\":\"https:\/\/maxperfect.gifts\/#organization\"},\"potentialAction\":[{\"@type\":\"SearchAction\",\"target\":{\"@type\":\"EntryPoint\",\"urlTemplate\":\"https:\/\/maxperfect.gifts\/?s={search_term_string}\"},\"query-input\":{\"@type\":\"PropertyValueSpecification\",\"valueRequired\":true,\"valueName\":\"search_term_string\"}}],\"inLanguage\":\"en-US\"},{\"@type\":\"Organization\",\"@id\":\"https:\/\/maxperfect.gifts\/#organization\",\"name\":\"Max Perfect Gifts\",\"url\":\"https:\/\/maxperfect.gifts\/\",\"logo\":{\"@type\":\"ImageObject\",\"inLanguage\":\"en-US\",\"@id\":\"https:\/\/maxperfect.gifts\/#\/schema\/logo\/image\/\",\"url\":\"https:\/\/maxperfect.gifts\/wp-content\/uploads\/2023\/11\/max-perfect-logotip.png\",\"contentUrl\":\"https:\/\/maxperfect.gifts\/wp-content\/uploads\/2023\/11\/max-perfect-logotip.png\",\"width\":200,\"height\":76,\"caption\":\"Max Perfect Gifts\"},\"image\":{\"@id\":\"https:\/\/maxperfect.gifts\/#\/schema\/logo\/image\/\"}}]}<\/script>\n<!-- \/ Yoast SEO plugin. -->","yoast_head_json":{"title":"SPREHOD PO LJUBLJANI - Viktor Steska[:] - Max Perfect Gifts","robots":{"index":"index","follow":"follow","max-snippet":"max-snippet:-1","max-image-preview":"max-image-preview:large","max-video-preview":"max-video-preview:-1"},"canonical":"https:\/\/maxperfect.gifts\/izdelek\/sprehod-po-ljubljani-viktor-steska\/","og_locale":"en_US","og_type":"article","og_title":"[:sl]SPREHOD PO LJUBLJANI - Viktor Steska[:] - Max Perfect Gifts","og_description":"[:sl]Ponatis knji\u017eice iz leta 1928. \u0160e danes zelo aktualna in uporabna navodila in informacije za enodnevni izlet in ogled ljubljanskih znamenitosti.[:]","og_url":"https:\/\/maxperfect.gifts\/en\/izdelek\/sprehod-po-ljubljani-viktor-steska\/","og_site_name":"Max Perfect Gifts","article_modified_time":"2026-03-11T05:56:29+00:00","og_image":[{"width":450,"height":353,"url":"https:\/\/maxperfect.gifts\/wp-content\/uploads\/2026\/02\/full_aefed29e76dfa68ce984abc092fa640f.jpg","type":"image\/jpeg"}],"twitter_card":"summary_large_image","twitter_misc":{"Est. reading time":"2 minutes"},"schema":{"@context":"https:\/\/schema.org","@graph":[{"@type":"WebPage","@id":"https:\/\/maxperfect.gifts\/izdelek\/sprehod-po-ljubljani-viktor-steska\/","url":"https:\/\/maxperfect.gifts\/izdelek\/sprehod-po-ljubljani-viktor-steska\/","name":"[:sl]SPREHOD PO LJUBLJANI - Viktor Steska[:] - Max Perfect Gifts","isPartOf":{"@id":"https:\/\/maxperfect.gifts\/#website"},"primaryImageOfPage":{"@id":"https:\/\/maxperfect.gifts\/izdelek\/sprehod-po-ljubljani-viktor-steska\/#primaryimage"},"image":{"@id":"https:\/\/maxperfect.gifts\/izdelek\/sprehod-po-ljubljani-viktor-steska\/#primaryimage"},"thumbnailUrl":"https:\/\/maxperfect.gifts\/wp-content\/uploads\/2026\/02\/full_aefed29e76dfa68ce984abc092fa640f.jpg","datePublished":"2026-02-24T09:03:04+00:00","dateModified":"2026-03-11T05:56:29+00:00","breadcrumb":{"@id":"https:\/\/maxperfect.gifts\/izdelek\/sprehod-po-ljubljani-viktor-steska\/#breadcrumb"},"inLanguage":"en-US","potentialAction":[{"@type":"ReadAction","target":["https:\/\/maxperfect.gifts\/izdelek\/sprehod-po-ljubljani-viktor-steska\/"]}]},{"@type":"ImageObject","inLanguage":"en-US","@id":"https:\/\/maxperfect.gifts\/izdelek\/sprehod-po-ljubljani-viktor-steska\/#primaryimage","url":"https:\/\/maxperfect.gifts\/wp-content\/uploads\/2026\/02\/full_aefed29e76dfa68ce984abc092fa640f.jpg","contentUrl":"https:\/\/maxperfect.gifts\/wp-content\/uploads\/2026\/02\/full_aefed29e76dfa68ce984abc092fa640f.jpg","width":450,"height":353},{"@type":"BreadcrumbList","@id":"https:\/\/maxperfect.gifts\/izdelek\/sprehod-po-ljubljani-viktor-steska\/#breadcrumb","itemListElement":[{"@type":"ListItem","position":1,"name":"Home","item":"https:\/\/maxperfect.gifts\/en\/"},{"@type":"ListItem","position":2,"name":"Trgovina","item":"https:\/\/maxperfect.gifts\/trgovina\/"},{"@type":"ListItem","position":3,"name":"SPREHOD PO LJUBLJANI &#8211; Viktor Steska"}]},{"@type":"WebSite","@id":"https:\/\/maxperfect.gifts\/#website","url":"https:\/\/maxperfect.gifts\/","name":"Max Perfect Gifts","description":"Darilni program","publisher":{"@id":"https:\/\/maxperfect.gifts\/#organization"},"potentialAction":[{"@type":"SearchAction","target":{"@type":"EntryPoint","urlTemplate":"https:\/\/maxperfect.gifts\/?s={search_term_string}"},"query-input":{"@type":"PropertyValueSpecification","valueRequired":true,"valueName":"search_term_string"}}],"inLanguage":"en-US"},{"@type":"Organization","@id":"https:\/\/maxperfect.gifts\/#organization","name":"Max Perfect Gifts","url":"https:\/\/maxperfect.gifts\/","logo":{"@type":"ImageObject","inLanguage":"en-US","@id":"https:\/\/maxperfect.gifts\/#\/schema\/logo\/image\/","url":"https:\/\/maxperfect.gifts\/wp-content\/uploads\/2023\/11\/max-perfect-logotip.png","contentUrl":"https:\/\/maxperfect.gifts\/wp-content\/uploads\/2023\/11\/max-perfect-logotip.png","width":200,"height":76,"caption":"Max Perfect Gifts"},"image":{"@id":"https:\/\/maxperfect.gifts\/#\/schema\/logo\/image\/"}}]}},"_links":{"self":[{"href":"https:\/\/maxperfect.gifts\/en\/wp-json\/wp\/v2\/product\/3008","targetHints":{"allow":["GET"]}}],"collection":[{"href":"https:\/\/maxperfect.gifts\/en\/wp-json\/wp\/v2\/product"}],"about":[{"href":"https:\/\/maxperfect.gifts\/en\/wp-json\/wp\/v2\/types\/product"}],"wp:featuredmedia":[{"embeddable":true,"href":"https:\/\/maxperfect.gifts\/en\/wp-json\/wp\/v2\/media\/3009"}],"wp:attachment":[{"href":"https:\/\/maxperfect.gifts\/en\/wp-json\/wp\/v2\/media?parent=3008"}],"wp:term":[{"taxonomy":"product_cat","embeddable":true,"href":"https:\/\/maxperfect.gifts\/en\/wp-json\/wp\/v2\/product_cat?post=3008"},{"taxonomy":"product_tag","embeddable":true,"href":"https:\/\/maxperfect.gifts\/en\/wp-json\/wp\/v2\/product_tag?post=3008"}],"curies":[{"name":"wp","href":"https:\/\/api.w.org\/{rel}","templated":true}]}}