{"id":3010,"date":"2026-02-24T10:04:41","date_gmt":"2026-02-24T09:04:41","guid":{"rendered":"https:\/\/maxperfect.gifts\/?post_type=product&#038;p=3010"},"modified":"2026-03-11T06:56:29","modified_gmt":"2026-03-11T05:56:29","slug":"makete-kocevarskih-cerkva-in-krajev-maquetten-von-gottscheer-kirchen-und-ortschaften-tone-troha-anton-prelesnik","status":"publish","type":"product","link":"https:\/\/maxperfect.gifts\/en\/izdelek\/makete-kocevarskih-cerkva-in-krajev-maquetten-von-gottscheer-kirchen-und-ortschaften-tone-troha-anton-prelesnik\/","title":{"rendered":"MAKETE KO\u010cEVARSKIH CERKVA IN KRAJEV \/ MAQUETTEN VON GOTTSCHEER KIRCHEN UND ORTSCHAFTEN &#8211; Tone Troha, Anton Prelesnik"},"content":{"rendered":"<h3>MAKETE KO\u010cEVARSKIH CERKVA IN KRAJEV \/ MAQUETTEN VON GOTTSCHEER KIRCHEN UND ORTSCHAFTEN &#8211; Tone Troha, Anton Prelesnik<\/h3>\n<p><span lang=\"EN-US\">Iz spo\u0161tovanja do izgubljene kulturna dedi\u0161\u010dine ko\u010devskih Nemcev sta avtorja v desetletjih izdelala makete sakralnih objektov in vasi Ko\u010devske, ki so bili med drugo svetovno vojno in prva leta po njej po\u017egani, poru\u0161eni ali druga\u010de uni\u010deni. Ohranjene fotografije, ostanki na terenu in redka pri\u010devanja nekdanjih prebivalcev so jima spodbudila zanimanje za to ne\u017eivo dedi\u0161\u010dino, ki sta jo sku\u0161ala obnoviti vsaj v miniaturni obliki. Pri\u010dujo\u010da knjiga, ki v slikah, modelih in besedah prikazuje, kako je bilo in ve\u010d ni, je velik doprinos za ohranitev kulturne dedi\u0161\u010dine Ko\u010devarjev. V spomin nam jo prikli\u010dejo tudi modeli cerkva in vasi ter prikaz gospodarske dejavnosti. Precizno, da ne re\u010demo umetni\u0161ko izdelane makete in modeli vasi, so enkratna ponazoritev nekdanjega \u017eivljenja na Ko\u010devskem.<\/span><\/p>\n<p>Spremna beseda: mag. Gojko Zupan, dr. Vladimir Prebili\u010d, August Gril<span lang=\"EN-US\"><br \/>\nPrevod v nem\u0161\u010dino: prof. Doris Debenjak<br \/>\nUrednik: Toma\u017e \u010ce\u010d<br \/>\nSlikovno gradivo \u2013 fotografije: Tomislav Urh in Pokrajinski muzej Ko\u010devje (Toma\u017e Lauko, Narodni muzej Slovenije)<br \/>\nArhivsko gradivo: dr. Mitja Ferenc<br \/>\n<strong><br \/>\nIzdajo knjige so podprli:\u00a0<\/strong>Zvezno ministrstvo za evropske in mednarodne zadeve Republike Avstrije, Koro\u0161ka de\u017eelna vlada, K\u00e4rtner Heimatdienst, \u017dupnija Ko\u010devje, Ob\u010dina Ko\u010devje in ga. Doris Debenjak<\/span><\/p>\n<p><span lang=\"EN-US\">Obseg: 176 strani, A5 format, trda vezava, v slovensknem in nem\u0161kem jeziku (SLO \/ NEM), ve\u010d kot 150 (barvnih) fotografij maket in (\u010cB) arhivskih posnetkov.<\/span><\/p>\n<p><span lang=\"EN-US\">Izdano skupaj z Dru\u0161tvom Ko\u010devarjev staroselcev<\/span><\/p>\n","protected":false},"excerpt":{"rendered":"<p>Modeli cerkva in vasi ter prikaz gospodarske dejavnosti, ohranjene fotografije, ostanki na terenu in redka pri\u010devanja nekdanjih prebivalcev so enkratna ponazoritev nekdanjega \u017eivljenja na Ko\u010devskem.<\/p>\n","protected":false},"featured_media":3011,"template":"","meta":[],"product_cat":[174],"product_tag":[],"class_list":{"0":"post-3010","1":"product","2":"type-product","3":"status-publish","4":"has-post-thumbnail","6":"product_cat-zalozba","8":"first","9":"instock","10":"taxable","11":"shipping-taxable","12":"purchasable","13":"product-type-simple"},"yoast_head":"<!-- This site is optimized with the Yoast SEO plugin v27.1.1 - https:\/\/yoast.com\/product\/yoast-seo-wordpress\/ -->\n<title>MAKETE KO\u010cEVARSKIH CERKVA IN KRAJEV \/ MAQUETTEN VON GOTTSCHEER KIRCHEN UND ORTSCHAFTEN - Tone Troha, Anton Prelesnik[:] - Max Perfect Gifts<\/title>\n<meta name=\"robots\" content=\"index, follow, max-snippet:-1, max-image-preview:large, max-video-preview:-1\" \/>\n<link rel=\"canonical\" href=\"https:\/\/maxperfect.gifts\/izdelek\/makete-kocevarskih-cerkva-in-krajev-maquetten-von-gottscheer-kirchen-und-ortschaften-tone-troha-anton-prelesnik\/\" \/>\n<meta property=\"og:locale\" content=\"en_US\" \/>\n<meta property=\"og:type\" content=\"article\" \/>\n<meta property=\"og:title\" content=\"MAKETE KO\u010cEVARSKIH CERKVA IN KRAJEV \/ MAQUETTEN VON GOTTSCHEER KIRCHEN UND ORTSCHAFTEN - Tone Troha, Anton Prelesnik\" \/>\n<meta property=\"og:description\" content=\"Modeli cerkva in vasi ter prikaz gospodarske dejavnosti, ohranjene fotografije, ostanki na terenu in redka pri\u010devanja nekdanjih prebivalcev so enkratna ponazoritev nekdanjega \u017eivljenja na Ko\u010devskem.\" \/>\n<meta property=\"og:url\" content=\"https:\/\/maxperfect.gifts\/en\/izdelek\/makete-kocevarskih-cerkva-in-krajev-maquetten-von-gottscheer-kirchen-und-ortschaften-tone-troha-anton-prelesnik\/\" \/>\n<meta property=\"og:site_name\" content=\"Max Perfect Gifts\" \/>\n<meta property=\"article:modified_time\" content=\"2026-03-11T05:56:29+00:00\" \/>\n<meta property=\"og:image\" content=\"https:\/\/maxperfect.gifts\/wp-content\/uploads\/2026\/02\/full_fd93c78f34fea3f8c0568b89d94ca9f5.jpg\" \/>\n\t<meta property=\"og:image:width\" content=\"795\" \/>\n\t<meta property=\"og:image:height\" content=\"1113\" \/>\n\t<meta property=\"og:image:type\" content=\"image\/jpeg\" \/>\n<meta name=\"twitter:card\" content=\"summary_large_image\" \/>\n<meta name=\"twitter:label1\" content=\"Est. reading time\" \/>\n\t<meta name=\"twitter:data1\" content=\"2 minutes\" \/>\n<script type=\"application\/ld+json\" class=\"yoast-schema-graph\">{\"@context\":\"https:\/\/schema.org\",\"@graph\":[{\"@type\":\"WebPage\",\"@id\":\"https:\/\/maxperfect.gifts\/izdelek\/makete-kocevarskih-cerkva-in-krajev-maquetten-von-gottscheer-kirchen-und-ortschaften-tone-troha-anton-prelesnik\/\",\"url\":\"https:\/\/maxperfect.gifts\/izdelek\/makete-kocevarskih-cerkva-in-krajev-maquetten-von-gottscheer-kirchen-und-ortschaften-tone-troha-anton-prelesnik\/\",\"name\":\"[:sl]MAKETE KO\u010cEVARSKIH CERKVA IN KRAJEV \/ MAQUETTEN VON GOTTSCHEER KIRCHEN UND ORTSCHAFTEN - Tone Troha, Anton Prelesnik[:] - Max Perfect Gifts\",\"isPartOf\":{\"@id\":\"https:\/\/maxperfect.gifts\/#website\"},\"primaryImageOfPage\":{\"@id\":\"https:\/\/maxperfect.gifts\/izdelek\/makete-kocevarskih-cerkva-in-krajev-maquetten-von-gottscheer-kirchen-und-ortschaften-tone-troha-anton-prelesnik\/#primaryimage\"},\"image\":{\"@id\":\"https:\/\/maxperfect.gifts\/izdelek\/makete-kocevarskih-cerkva-in-krajev-maquetten-von-gottscheer-kirchen-und-ortschaften-tone-troha-anton-prelesnik\/#primaryimage\"},\"thumbnailUrl\":\"https:\/\/maxperfect.gifts\/wp-content\/uploads\/2026\/02\/full_fd93c78f34fea3f8c0568b89d94ca9f5.jpg\",\"datePublished\":\"2026-02-24T09:04:41+00:00\",\"dateModified\":\"2026-03-11T05:56:29+00:00\",\"breadcrumb\":{\"@id\":\"https:\/\/maxperfect.gifts\/izdelek\/makete-kocevarskih-cerkva-in-krajev-maquetten-von-gottscheer-kirchen-und-ortschaften-tone-troha-anton-prelesnik\/#breadcrumb\"},\"inLanguage\":\"en-US\",\"potentialAction\":[{\"@type\":\"ReadAction\",\"target\":[\"https:\/\/maxperfect.gifts\/izdelek\/makete-kocevarskih-cerkva-in-krajev-maquetten-von-gottscheer-kirchen-und-ortschaften-tone-troha-anton-prelesnik\/\"]}]},{\"@type\":\"ImageObject\",\"inLanguage\":\"en-US\",\"@id\":\"https:\/\/maxperfect.gifts\/izdelek\/makete-kocevarskih-cerkva-in-krajev-maquetten-von-gottscheer-kirchen-und-ortschaften-tone-troha-anton-prelesnik\/#primaryimage\",\"url\":\"https:\/\/maxperfect.gifts\/wp-content\/uploads\/2026\/02\/full_fd93c78f34fea3f8c0568b89d94ca9f5.jpg\",\"contentUrl\":\"https:\/\/maxperfect.gifts\/wp-content\/uploads\/2026\/02\/full_fd93c78f34fea3f8c0568b89d94ca9f5.jpg\",\"width\":795,\"height\":1113},{\"@type\":\"BreadcrumbList\",\"@id\":\"https:\/\/maxperfect.gifts\/izdelek\/makete-kocevarskih-cerkva-in-krajev-maquetten-von-gottscheer-kirchen-und-ortschaften-tone-troha-anton-prelesnik\/#breadcrumb\",\"itemListElement\":[{\"@type\":\"ListItem\",\"position\":1,\"name\":\"Home\",\"item\":\"https:\/\/maxperfect.gifts\/en\/\"},{\"@type\":\"ListItem\",\"position\":2,\"name\":\"Trgovina\",\"item\":\"https:\/\/maxperfect.gifts\/trgovina\/\"},{\"@type\":\"ListItem\",\"position\":3,\"name\":\"MAKETE KO\u010cEVARSKIH CERKVA IN KRAJEV \/ MAQUETTEN VON GOTTSCHEER KIRCHEN UND ORTSCHAFTEN &#8211; Tone Troha, Anton Prelesnik\"}]},{\"@type\":\"WebSite\",\"@id\":\"https:\/\/maxperfect.gifts\/#website\",\"url\":\"https:\/\/maxperfect.gifts\/\",\"name\":\"Max Perfect Gifts\",\"description\":\"Darilni program\",\"publisher\":{\"@id\":\"https:\/\/maxperfect.gifts\/#organization\"},\"potentialAction\":[{\"@type\":\"SearchAction\",\"target\":{\"@type\":\"EntryPoint\",\"urlTemplate\":\"https:\/\/maxperfect.gifts\/?s={search_term_string}\"},\"query-input\":{\"@type\":\"PropertyValueSpecification\",\"valueRequired\":true,\"valueName\":\"search_term_string\"}}],\"inLanguage\":\"en-US\"},{\"@type\":\"Organization\",\"@id\":\"https:\/\/maxperfect.gifts\/#organization\",\"name\":\"Max Perfect Gifts\",\"url\":\"https:\/\/maxperfect.gifts\/\",\"logo\":{\"@type\":\"ImageObject\",\"inLanguage\":\"en-US\",\"@id\":\"https:\/\/maxperfect.gifts\/#\/schema\/logo\/image\/\",\"url\":\"https:\/\/maxperfect.gifts\/wp-content\/uploads\/2023\/11\/max-perfect-logotip.png\",\"contentUrl\":\"https:\/\/maxperfect.gifts\/wp-content\/uploads\/2023\/11\/max-perfect-logotip.png\",\"width\":200,\"height\":76,\"caption\":\"Max Perfect Gifts\"},\"image\":{\"@id\":\"https:\/\/maxperfect.gifts\/#\/schema\/logo\/image\/\"}}]}<\/script>\n<!-- \/ Yoast SEO plugin. -->","yoast_head_json":{"title":"MAKETE KO\u010cEVARSKIH CERKVA IN KRAJEV \/ MAQUETTEN VON GOTTSCHEER KIRCHEN UND ORTSCHAFTEN - Tone Troha, Anton Prelesnik[:] - Max Perfect Gifts","robots":{"index":"index","follow":"follow","max-snippet":"max-snippet:-1","max-image-preview":"max-image-preview:large","max-video-preview":"max-video-preview:-1"},"canonical":"https:\/\/maxperfect.gifts\/izdelek\/makete-kocevarskih-cerkva-in-krajev-maquetten-von-gottscheer-kirchen-und-ortschaften-tone-troha-anton-prelesnik\/","og_locale":"en_US","og_type":"article","og_title":"[:sl]MAKETE KO\u010cEVARSKIH CERKVA IN KRAJEV \/ MAQUETTEN VON GOTTSCHEER KIRCHEN UND ORTSCHAFTEN - Tone Troha, Anton Prelesnik[:] - Max Perfect Gifts","og_description":"[:sl]Modeli cerkva in vasi ter prikaz gospodarske dejavnosti, ohranjene fotografije, ostanki na terenu in redka pri\u010devanja nekdanjih prebivalcev so enkratna ponazoritev nekdanjega \u017eivljenja na Ko\u010devskem.[:]","og_url":"https:\/\/maxperfect.gifts\/en\/izdelek\/makete-kocevarskih-cerkva-in-krajev-maquetten-von-gottscheer-kirchen-und-ortschaften-tone-troha-anton-prelesnik\/","og_site_name":"Max Perfect Gifts","article_modified_time":"2026-03-11T05:56:29+00:00","og_image":[{"width":795,"height":1113,"url":"https:\/\/maxperfect.gifts\/wp-content\/uploads\/2026\/02\/full_fd93c78f34fea3f8c0568b89d94ca9f5.jpg","type":"image\/jpeg"}],"twitter_card":"summary_large_image","twitter_misc":{"Est. reading time":"2 minutes"},"schema":{"@context":"https:\/\/schema.org","@graph":[{"@type":"WebPage","@id":"https:\/\/maxperfect.gifts\/izdelek\/makete-kocevarskih-cerkva-in-krajev-maquetten-von-gottscheer-kirchen-und-ortschaften-tone-troha-anton-prelesnik\/","url":"https:\/\/maxperfect.gifts\/izdelek\/makete-kocevarskih-cerkva-in-krajev-maquetten-von-gottscheer-kirchen-und-ortschaften-tone-troha-anton-prelesnik\/","name":"[:sl]MAKETE KO\u010cEVARSKIH CERKVA IN KRAJEV \/ MAQUETTEN VON GOTTSCHEER KIRCHEN UND ORTSCHAFTEN - Tone Troha, Anton Prelesnik[:] - Max Perfect Gifts","isPartOf":{"@id":"https:\/\/maxperfect.gifts\/#website"},"primaryImageOfPage":{"@id":"https:\/\/maxperfect.gifts\/izdelek\/makete-kocevarskih-cerkva-in-krajev-maquetten-von-gottscheer-kirchen-und-ortschaften-tone-troha-anton-prelesnik\/#primaryimage"},"image":{"@id":"https:\/\/maxperfect.gifts\/izdelek\/makete-kocevarskih-cerkva-in-krajev-maquetten-von-gottscheer-kirchen-und-ortschaften-tone-troha-anton-prelesnik\/#primaryimage"},"thumbnailUrl":"https:\/\/maxperfect.gifts\/wp-content\/uploads\/2026\/02\/full_fd93c78f34fea3f8c0568b89d94ca9f5.jpg","datePublished":"2026-02-24T09:04:41+00:00","dateModified":"2026-03-11T05:56:29+00:00","breadcrumb":{"@id":"https:\/\/maxperfect.gifts\/izdelek\/makete-kocevarskih-cerkva-in-krajev-maquetten-von-gottscheer-kirchen-und-ortschaften-tone-troha-anton-prelesnik\/#breadcrumb"},"inLanguage":"en-US","potentialAction":[{"@type":"ReadAction","target":["https:\/\/maxperfect.gifts\/izdelek\/makete-kocevarskih-cerkva-in-krajev-maquetten-von-gottscheer-kirchen-und-ortschaften-tone-troha-anton-prelesnik\/"]}]},{"@type":"ImageObject","inLanguage":"en-US","@id":"https:\/\/maxperfect.gifts\/izdelek\/makete-kocevarskih-cerkva-in-krajev-maquetten-von-gottscheer-kirchen-und-ortschaften-tone-troha-anton-prelesnik\/#primaryimage","url":"https:\/\/maxperfect.gifts\/wp-content\/uploads\/2026\/02\/full_fd93c78f34fea3f8c0568b89d94ca9f5.jpg","contentUrl":"https:\/\/maxperfect.gifts\/wp-content\/uploads\/2026\/02\/full_fd93c78f34fea3f8c0568b89d94ca9f5.jpg","width":795,"height":1113},{"@type":"BreadcrumbList","@id":"https:\/\/maxperfect.gifts\/izdelek\/makete-kocevarskih-cerkva-in-krajev-maquetten-von-gottscheer-kirchen-und-ortschaften-tone-troha-anton-prelesnik\/#breadcrumb","itemListElement":[{"@type":"ListItem","position":1,"name":"Home","item":"https:\/\/maxperfect.gifts\/en\/"},{"@type":"ListItem","position":2,"name":"Trgovina","item":"https:\/\/maxperfect.gifts\/trgovina\/"},{"@type":"ListItem","position":3,"name":"MAKETE KO\u010cEVARSKIH CERKVA IN KRAJEV \/ MAQUETTEN VON GOTTSCHEER KIRCHEN UND ORTSCHAFTEN &#8211; Tone Troha, Anton Prelesnik"}]},{"@type":"WebSite","@id":"https:\/\/maxperfect.gifts\/#website","url":"https:\/\/maxperfect.gifts\/","name":"Max Perfect Gifts","description":"Darilni program","publisher":{"@id":"https:\/\/maxperfect.gifts\/#organization"},"potentialAction":[{"@type":"SearchAction","target":{"@type":"EntryPoint","urlTemplate":"https:\/\/maxperfect.gifts\/?s={search_term_string}"},"query-input":{"@type":"PropertyValueSpecification","valueRequired":true,"valueName":"search_term_string"}}],"inLanguage":"en-US"},{"@type":"Organization","@id":"https:\/\/maxperfect.gifts\/#organization","name":"Max Perfect Gifts","url":"https:\/\/maxperfect.gifts\/","logo":{"@type":"ImageObject","inLanguage":"en-US","@id":"https:\/\/maxperfect.gifts\/#\/schema\/logo\/image\/","url":"https:\/\/maxperfect.gifts\/wp-content\/uploads\/2023\/11\/max-perfect-logotip.png","contentUrl":"https:\/\/maxperfect.gifts\/wp-content\/uploads\/2023\/11\/max-perfect-logotip.png","width":200,"height":76,"caption":"Max Perfect Gifts"},"image":{"@id":"https:\/\/maxperfect.gifts\/#\/schema\/logo\/image\/"}}]}},"_links":{"self":[{"href":"https:\/\/maxperfect.gifts\/en\/wp-json\/wp\/v2\/product\/3010","targetHints":{"allow":["GET"]}}],"collection":[{"href":"https:\/\/maxperfect.gifts\/en\/wp-json\/wp\/v2\/product"}],"about":[{"href":"https:\/\/maxperfect.gifts\/en\/wp-json\/wp\/v2\/types\/product"}],"wp:featuredmedia":[{"embeddable":true,"href":"https:\/\/maxperfect.gifts\/en\/wp-json\/wp\/v2\/media\/3011"}],"wp:attachment":[{"href":"https:\/\/maxperfect.gifts\/en\/wp-json\/wp\/v2\/media?parent=3010"}],"wp:term":[{"taxonomy":"product_cat","embeddable":true,"href":"https:\/\/maxperfect.gifts\/en\/wp-json\/wp\/v2\/product_cat?post=3010"},{"taxonomy":"product_tag","embeddable":true,"href":"https:\/\/maxperfect.gifts\/en\/wp-json\/wp\/v2\/product_tag?post=3010"}],"curies":[{"name":"wp","href":"https:\/\/api.w.org\/{rel}","templated":true}]}}