{"id":3013,"date":"2026-02-24T10:20:22","date_gmt":"2026-02-24T09:20:22","guid":{"rendered":"https:\/\/maxperfect.gifts\/?post_type=product&#038;p=3013"},"modified":"2026-03-11T06:56:29","modified_gmt":"2026-03-11T05:56:29","slug":"slava-vojvodine-kranjske-cena-1-20000-e","status":"publish","type":"product","link":"https:\/\/maxperfect.gifts\/en\/izdelek\/slava-vojvodine-kranjske-cena-1-20000-e\/","title":{"rendered":"SLAVA VOJVODINE KRANJSKE &#8211; Cena: 1.200,00 \u20ac"},"content":{"rendered":"<h3>SLAVA VOJVODINE KRANJSKE &#8211; Cena: 1.200,00 \u20ac<\/h3>\n<p><strong>CELOTEN PREVOD NAJPOMEMBNEJ\u0160EGA ZNANSTVENEGA IN UMETNI\u0160KEGA DELA NA\u0160E PRETEKLOSTI<\/strong><\/p>\n<p><strong>\u0160tiri knjige prevoda + knjiga \u0161tudij<\/strong><\/p>\n<p>Slava vojvodine Kranjske (Die Ehre des Hertzogthums Crain) &#8211;\u00a0<strong>cena 1.200,00 \u20ac<\/strong><\/p>\n<p>Eden izmed simbolov slovenstva, temeljni kamen slovenske zgodovine, polihistorsko delo, ki je iz\u0161lo leta 1689 v N\u00fcrnbergu v nem\u0161\u010dini in velja za najve\u010dje delo barona Janeza Vajkarda Valvasorja ter \u0161e danes za eno izmed najpomembnej\u0161ih znanstvenih del o Sloveniji, v katerem je bilo zajeto vse tedanje in dotedanje vedenje o na\u0161i de\u017eeli in prebivalstvu, najbolj prepoznavna in ena izmed najobse\u017enej\u0161ih knjig, kar jih premoremo, knjiga, ki ustvarja podlago za ozave\u0161\u010danje in povezovanje slovenskega naroda.<\/p>\n<p>Celotno delo zajema 15 knjig, vezanih v 4 dele, ki obsegajo skupaj 3.532 strani velikega formata, poleg tega pa \u0161e 24 prilog in 528 bakrorezov, ter knjigo \u0161tudij na skoraj 1.000 straneh. Valvasor je predstavil Kranjsko s pomo\u010djo zgodovine, geografije, topografije, medicine, etnologije, biologije, geologije in drugih ved. Slava vojvodine Kranjske je tako prvi sistemati\u010dni prikaz na\u0161e zgodovine, ozemlja in na\u010dina \u017eivljenja, in \u0161e danes, v za\u010detku 21. stoletja, vzdr\u017ei ve\u010dino meril resnega znanstvenega dela.<\/p>\n<p><img loading=\"lazy\" decoding=\"async\" class=\"alignnone size-medium wp-image-3014\" src=\"https:\/\/maxperfect.gifts\/wp-content\/uploads\/2026\/02\/slava-vojvodine-6-200x300.jpg\" alt=\"\" width=\"200\" height=\"300\" srcset=\"https:\/\/maxperfect.gifts\/wp-content\/uploads\/2026\/02\/slava-vojvodine-6-200x300.jpg 200w, https:\/\/maxperfect.gifts\/wp-content\/uploads\/2026\/02\/slava-vojvodine-6.jpg 320w\" sizes=\"auto, (max-width: 200px) 100vw, 200px\" \/><\/p>\n<ul class=\"unIndentedList\">\n<li>Neprekosljiva baro\u010dna mojstrovina v vseh pogledih.<\/li>\n<li>Najve\u010dkrat citirano in najbolj navajano delo pri nas.<\/li>\n<li>Delo, za katerega je Valvasor \u017ertvoval svoje premo\u017eenje.<\/li>\n<li>Valvasor se v Slavi ne omejuje samo na Kranjsko, temve\u010d popisuje cel takratni svet.<\/li>\n<li>\u0160e za dana\u0161nji \u010das nepredstavljiva koli\u010dina znanja in vedenja zbrana v \u0161tirih knjigah.<\/li>\n<li>Enciklopedija in de\u017eelna kronika, ki spada med najbolj\u0161a tovrstna dela celo v svetovnem merilu.<\/li>\n<li>Slava nikakor ni suhoparna enciklopedija, temve\u010d osebna pripoved in izpoved barona Valvasorja, napeta in hudomu\u0161na, a vseskozi znanstvena.<\/li>\n<li>Resno znanstveno in zgodovinsko delo, obenem pa neiz\u010drpna zakladnica zgodb, bajk, pripovedk, legend, anekdot, moralk in idej, iz katerega sta \u010drpala med drugimi tudi Linhart in Pre\u0161ern (Povodni mo\u017e, Krst pri Savici &#8230;)<\/li>\n<li>Slava vsebuje \u0161tevilna zgodovinska pisma in dokumente, ki so objavljeni samo v njej; izvirniki in drugi prepisi so namre\u010d \u017ee davno izgubljeni.<\/li>\n<li>Slava vojvodine Kranjske ni samo knjiga, je kulturno-zgodovinski spomenik, eden najve\u010djih, kar jih premoremo, in vrhunska knji\u017ena mojstrovina.<\/li>\n<li>Presti\u017ena izdaja prvega celovitega prevoda Slave vojvodine Kranjske je enkratna dru\u017einska dedi\u0161\u010dina.<\/li>\n<\/ul>\n<p>Me\u0161\u010danska izdaja, 4 knjige prevoda + knjiga \u0161tudij.<\/p>\n<p>Kaligrafsko o\u0161tevil\u010deni, unikatni izvodi, ro\u010dna vezava, reciklirano usnje, zlatotisk, polokrogel hrbet, kapital trak, zaznamovalni trak, kartonasti \u0161uber, certifikat o lastni\u0161tvu.<\/p>\n<p>Zni\u017eana cena!<\/p>\n<p><strong>Mo\u017enost pla\u010dila na obroke!\u00a0<\/strong><\/p>\n<p>Brezpla\u010dna (osebna) dostava po vsej Sloveniji!<\/p>\n","protected":false},"excerpt":{"rendered":"<p>Celoten prevod slovite mojstrovine barona Janeza Vajkarda Valvasorja.<\/p>\n","protected":false},"featured_media":3015,"template":"","meta":[],"product_cat":[174],"product_tag":[],"class_list":{"0":"post-3013","1":"product","2":"type-product","3":"status-publish","4":"has-post-thumbnail","6":"product_cat-zalozba","8":"first","9":"outofstock","10":"sale","11":"taxable","12":"shipping-taxable","13":"purchasable","14":"product-type-simple"},"yoast_head":"<!-- This site is optimized with the Yoast SEO plugin v27.1.1 - https:\/\/yoast.com\/product\/yoast-seo-wordpress\/ -->\n<title>SLAVA VOJVODINE KRANJSKE - Cena: 1.200,00 \u20ac[:] - Max Perfect Gifts<\/title>\n<meta name=\"robots\" content=\"index, follow, max-snippet:-1, max-image-preview:large, max-video-preview:-1\" \/>\n<link rel=\"canonical\" href=\"https:\/\/maxperfect.gifts\/izdelek\/slava-vojvodine-kranjske-cena-1-20000-e\/\" \/>\n<meta property=\"og:locale\" content=\"en_US\" \/>\n<meta property=\"og:type\" content=\"article\" \/>\n<meta property=\"og:title\" content=\"SLAVA VOJVODINE KRANJSKE - Cena: 1.200,00 \u20ac\" \/>\n<meta property=\"og:description\" content=\"Celoten prevod slovite mojstrovine barona Janeza Vajkarda Valvasorja.\" \/>\n<meta property=\"og:url\" content=\"https:\/\/maxperfect.gifts\/en\/izdelek\/slava-vojvodine-kranjske-cena-1-20000-e\/\" \/>\n<meta property=\"og:site_name\" content=\"Max Perfect Gifts\" \/>\n<meta property=\"article:modified_time\" content=\"2026-03-11T05:56:29+00:00\" \/>\n<meta property=\"og:image\" content=\"https:\/\/maxperfect.gifts\/wp-content\/uploads\/2026\/02\/full_6459ef708cc1d800fb5666ab93e8e392.jpg\" \/>\n\t<meta property=\"og:image:width\" content=\"525\" \/>\n\t<meta property=\"og:image:height\" content=\"350\" \/>\n\t<meta property=\"og:image:type\" content=\"image\/jpeg\" \/>\n<meta name=\"twitter:card\" content=\"summary_large_image\" \/>\n<meta name=\"twitter:label1\" content=\"Est. reading time\" \/>\n\t<meta name=\"twitter:data1\" content=\"3 minutes\" \/>\n<script type=\"application\/ld+json\" class=\"yoast-schema-graph\">{\"@context\":\"https:\/\/schema.org\",\"@graph\":[{\"@type\":\"WebPage\",\"@id\":\"https:\/\/maxperfect.gifts\/izdelek\/slava-vojvodine-kranjske-cena-1-20000-e\/\",\"url\":\"https:\/\/maxperfect.gifts\/izdelek\/slava-vojvodine-kranjske-cena-1-20000-e\/\",\"name\":\"[:sl]SLAVA VOJVODINE KRANJSKE - Cena: 1.200,00 \u20ac[:] - Max Perfect Gifts\",\"isPartOf\":{\"@id\":\"https:\/\/maxperfect.gifts\/#website\"},\"primaryImageOfPage\":{\"@id\":\"https:\/\/maxperfect.gifts\/izdelek\/slava-vojvodine-kranjske-cena-1-20000-e\/#primaryimage\"},\"image\":{\"@id\":\"https:\/\/maxperfect.gifts\/izdelek\/slava-vojvodine-kranjske-cena-1-20000-e\/#primaryimage\"},\"thumbnailUrl\":\"https:\/\/maxperfect.gifts\/wp-content\/uploads\/2026\/02\/full_6459ef708cc1d800fb5666ab93e8e392.jpg\",\"datePublished\":\"2026-02-24T09:20:22+00:00\",\"dateModified\":\"2026-03-11T05:56:29+00:00\",\"breadcrumb\":{\"@id\":\"https:\/\/maxperfect.gifts\/izdelek\/slava-vojvodine-kranjske-cena-1-20000-e\/#breadcrumb\"},\"inLanguage\":\"en-US\",\"potentialAction\":[{\"@type\":\"ReadAction\",\"target\":[\"https:\/\/maxperfect.gifts\/izdelek\/slava-vojvodine-kranjske-cena-1-20000-e\/\"]}]},{\"@type\":\"ImageObject\",\"inLanguage\":\"en-US\",\"@id\":\"https:\/\/maxperfect.gifts\/izdelek\/slava-vojvodine-kranjske-cena-1-20000-e\/#primaryimage\",\"url\":\"https:\/\/maxperfect.gifts\/wp-content\/uploads\/2026\/02\/full_6459ef708cc1d800fb5666ab93e8e392.jpg\",\"contentUrl\":\"https:\/\/maxperfect.gifts\/wp-content\/uploads\/2026\/02\/full_6459ef708cc1d800fb5666ab93e8e392.jpg\",\"width\":525,\"height\":350},{\"@type\":\"BreadcrumbList\",\"@id\":\"https:\/\/maxperfect.gifts\/izdelek\/slava-vojvodine-kranjske-cena-1-20000-e\/#breadcrumb\",\"itemListElement\":[{\"@type\":\"ListItem\",\"position\":1,\"name\":\"Home\",\"item\":\"https:\/\/maxperfect.gifts\/en\/\"},{\"@type\":\"ListItem\",\"position\":2,\"name\":\"Trgovina\",\"item\":\"https:\/\/maxperfect.gifts\/trgovina\/\"},{\"@type\":\"ListItem\",\"position\":3,\"name\":\"SLAVA VOJVODINE KRANJSKE &#8211; Cena: 1.200,00 \u20ac\"}]},{\"@type\":\"WebSite\",\"@id\":\"https:\/\/maxperfect.gifts\/#website\",\"url\":\"https:\/\/maxperfect.gifts\/\",\"name\":\"Max Perfect Gifts\",\"description\":\"Darilni program\",\"publisher\":{\"@id\":\"https:\/\/maxperfect.gifts\/#organization\"},\"potentialAction\":[{\"@type\":\"SearchAction\",\"target\":{\"@type\":\"EntryPoint\",\"urlTemplate\":\"https:\/\/maxperfect.gifts\/?s={search_term_string}\"},\"query-input\":{\"@type\":\"PropertyValueSpecification\",\"valueRequired\":true,\"valueName\":\"search_term_string\"}}],\"inLanguage\":\"en-US\"},{\"@type\":\"Organization\",\"@id\":\"https:\/\/maxperfect.gifts\/#organization\",\"name\":\"Max Perfect Gifts\",\"url\":\"https:\/\/maxperfect.gifts\/\",\"logo\":{\"@type\":\"ImageObject\",\"inLanguage\":\"en-US\",\"@id\":\"https:\/\/maxperfect.gifts\/#\/schema\/logo\/image\/\",\"url\":\"https:\/\/maxperfect.gifts\/wp-content\/uploads\/2023\/11\/max-perfect-logotip.png\",\"contentUrl\":\"https:\/\/maxperfect.gifts\/wp-content\/uploads\/2023\/11\/max-perfect-logotip.png\",\"width\":200,\"height\":76,\"caption\":\"Max Perfect Gifts\"},\"image\":{\"@id\":\"https:\/\/maxperfect.gifts\/#\/schema\/logo\/image\/\"}}]}<\/script>\n<!-- \/ Yoast SEO plugin. -->","yoast_head_json":{"title":"SLAVA VOJVODINE KRANJSKE - Cena: 1.200,00 \u20ac[:] - Max Perfect Gifts","robots":{"index":"index","follow":"follow","max-snippet":"max-snippet:-1","max-image-preview":"max-image-preview:large","max-video-preview":"max-video-preview:-1"},"canonical":"https:\/\/maxperfect.gifts\/izdelek\/slava-vojvodine-kranjske-cena-1-20000-e\/","og_locale":"en_US","og_type":"article","og_title":"[:sl]SLAVA VOJVODINE KRANJSKE - Cena: 1.200,00 \u20ac[:] - Max Perfect Gifts","og_description":"[:sl]Celoten prevod slovite mojstrovine barona Janeza Vajkarda Valvasorja.[:]","og_url":"https:\/\/maxperfect.gifts\/en\/izdelek\/slava-vojvodine-kranjske-cena-1-20000-e\/","og_site_name":"Max Perfect Gifts","article_modified_time":"2026-03-11T05:56:29+00:00","og_image":[{"width":525,"height":350,"url":"https:\/\/maxperfect.gifts\/wp-content\/uploads\/2026\/02\/full_6459ef708cc1d800fb5666ab93e8e392.jpg","type":"image\/jpeg"}],"twitter_card":"summary_large_image","twitter_misc":{"Est. reading time":"3 minutes"},"schema":{"@context":"https:\/\/schema.org","@graph":[{"@type":"WebPage","@id":"https:\/\/maxperfect.gifts\/izdelek\/slava-vojvodine-kranjske-cena-1-20000-e\/","url":"https:\/\/maxperfect.gifts\/izdelek\/slava-vojvodine-kranjske-cena-1-20000-e\/","name":"[:sl]SLAVA VOJVODINE KRANJSKE - Cena: 1.200,00 \u20ac[:] - Max Perfect Gifts","isPartOf":{"@id":"https:\/\/maxperfect.gifts\/#website"},"primaryImageOfPage":{"@id":"https:\/\/maxperfect.gifts\/izdelek\/slava-vojvodine-kranjske-cena-1-20000-e\/#primaryimage"},"image":{"@id":"https:\/\/maxperfect.gifts\/izdelek\/slava-vojvodine-kranjske-cena-1-20000-e\/#primaryimage"},"thumbnailUrl":"https:\/\/maxperfect.gifts\/wp-content\/uploads\/2026\/02\/full_6459ef708cc1d800fb5666ab93e8e392.jpg","datePublished":"2026-02-24T09:20:22+00:00","dateModified":"2026-03-11T05:56:29+00:00","breadcrumb":{"@id":"https:\/\/maxperfect.gifts\/izdelek\/slava-vojvodine-kranjske-cena-1-20000-e\/#breadcrumb"},"inLanguage":"en-US","potentialAction":[{"@type":"ReadAction","target":["https:\/\/maxperfect.gifts\/izdelek\/slava-vojvodine-kranjske-cena-1-20000-e\/"]}]},{"@type":"ImageObject","inLanguage":"en-US","@id":"https:\/\/maxperfect.gifts\/izdelek\/slava-vojvodine-kranjske-cena-1-20000-e\/#primaryimage","url":"https:\/\/maxperfect.gifts\/wp-content\/uploads\/2026\/02\/full_6459ef708cc1d800fb5666ab93e8e392.jpg","contentUrl":"https:\/\/maxperfect.gifts\/wp-content\/uploads\/2026\/02\/full_6459ef708cc1d800fb5666ab93e8e392.jpg","width":525,"height":350},{"@type":"BreadcrumbList","@id":"https:\/\/maxperfect.gifts\/izdelek\/slava-vojvodine-kranjske-cena-1-20000-e\/#breadcrumb","itemListElement":[{"@type":"ListItem","position":1,"name":"Home","item":"https:\/\/maxperfect.gifts\/en\/"},{"@type":"ListItem","position":2,"name":"Trgovina","item":"https:\/\/maxperfect.gifts\/trgovina\/"},{"@type":"ListItem","position":3,"name":"SLAVA VOJVODINE KRANJSKE &#8211; Cena: 1.200,00 \u20ac"}]},{"@type":"WebSite","@id":"https:\/\/maxperfect.gifts\/#website","url":"https:\/\/maxperfect.gifts\/","name":"Max Perfect Gifts","description":"Darilni program","publisher":{"@id":"https:\/\/maxperfect.gifts\/#organization"},"potentialAction":[{"@type":"SearchAction","target":{"@type":"EntryPoint","urlTemplate":"https:\/\/maxperfect.gifts\/?s={search_term_string}"},"query-input":{"@type":"PropertyValueSpecification","valueRequired":true,"valueName":"search_term_string"}}],"inLanguage":"en-US"},{"@type":"Organization","@id":"https:\/\/maxperfect.gifts\/#organization","name":"Max Perfect Gifts","url":"https:\/\/maxperfect.gifts\/","logo":{"@type":"ImageObject","inLanguage":"en-US","@id":"https:\/\/maxperfect.gifts\/#\/schema\/logo\/image\/","url":"https:\/\/maxperfect.gifts\/wp-content\/uploads\/2023\/11\/max-perfect-logotip.png","contentUrl":"https:\/\/maxperfect.gifts\/wp-content\/uploads\/2023\/11\/max-perfect-logotip.png","width":200,"height":76,"caption":"Max Perfect Gifts"},"image":{"@id":"https:\/\/maxperfect.gifts\/#\/schema\/logo\/image\/"}}]}},"_links":{"self":[{"href":"https:\/\/maxperfect.gifts\/en\/wp-json\/wp\/v2\/product\/3013","targetHints":{"allow":["GET"]}}],"collection":[{"href":"https:\/\/maxperfect.gifts\/en\/wp-json\/wp\/v2\/product"}],"about":[{"href":"https:\/\/maxperfect.gifts\/en\/wp-json\/wp\/v2\/types\/product"}],"wp:featuredmedia":[{"embeddable":true,"href":"https:\/\/maxperfect.gifts\/en\/wp-json\/wp\/v2\/media\/3015"}],"wp:attachment":[{"href":"https:\/\/maxperfect.gifts\/en\/wp-json\/wp\/v2\/media?parent=3013"}],"wp:term":[{"taxonomy":"product_cat","embeddable":true,"href":"https:\/\/maxperfect.gifts\/en\/wp-json\/wp\/v2\/product_cat?post=3013"},{"taxonomy":"product_tag","embeddable":true,"href":"https:\/\/maxperfect.gifts\/en\/wp-json\/wp\/v2\/product_tag?post=3013"}],"curies":[{"name":"wp","href":"https:\/\/api.w.org\/{rel}","templated":true}]}}