{"id":3016,"date":"2026-02-24T10:25:05","date_gmt":"2026-02-24T09:25:05","guid":{"rendered":"https:\/\/maxperfect.gifts\/?post_type=product&#038;p=3016"},"modified":"2026-03-11T06:56:29","modified_gmt":"2026-03-11T05:56:29","slug":"iconotheca-valvasoriana","status":"publish","type":"product","link":"https:\/\/maxperfect.gifts\/en\/izdelek\/iconotheca-valvasoriana\/","title":{"rendered":"ICONOTHECA VALVASORIANA"},"content":{"rendered":"<h3>ICONOTHECA VALVASORIANA<\/h3>\n<p>Valvasorjeva likovna zbirka je izjemen kulturnozgodovinski spomenik.<\/p>\n<p>Za\u010detnik te zbirke je bil najverjetneje Jurij Bobi\u010d iz Most pri Komendi (Georg Wubitsch), katerega podpis (inicialke) so na hrbtni strani velikega \u0161tevila grafi\u010dnih listov, zlasti nizozemskih, flamskih in nem\u0161kih avtorjev. Po njegovi smrti, okoli sredine 17. stoletja, jo je pridobil (odkupil) Valvasor. Wubitsch je grafike o\u010ditno zbiral z veliko estetskega ob\u010dutka za kakovost umetni\u0161kega dela, Valvasor pa je nadaljeval v isti smeri in zbral veliko \u0161tevilo vrhunskih del \u017ee v njegovem \u010dasu znanih in nadvse cenjenih avtorjev. V svojem \u0161tirinajstletnem potovanju (1659 \u2013 1672) po takratni Evropi je kupoval grafi\u010dne liste in jih kasneje uredil v 18 zvezkov, vezanih v usnje. Razporedil jih je po temah, tehniki in nacionalni pripadnosti avtorjev. Zbirko je leta 1691 od Valvasorja, skupaj z njegovo celotno knji\u017enico (1520 knjig), odkupil zagreb\u0161ki \u0161kof Aleksandar Mikuli\u0107. V nad\u0161kofijski knji\u017enici v Zagrebu je bila do leta 1916, ko je bil celoten arhiv prenesen v knji\u017enico Univerze v Zagrebu. Leta 1948 so lastniki zbirke, Zagreb\u0161ka nad\u0161kofija, z Jugoslovansko akademijo znanosti in umetnosti sklenili dogovor, da se bo zbirka hranila na akademiji, najprej na Zgodovinskem in\u0161titutu, od leta 1951 pa se nahaja v metropolitanski knji\u017enici v okviru dr\u017eavnega arhiva. Zvezek \u0161tevilka 4. manjka; tekom stoletji se je izgubil.<\/p>\n<p><img loading=\"lazy\" decoding=\"async\" class=\"size-medium wp-image-3018 aligncenter\" src=\"https:\/\/maxperfect.gifts\/wp-content\/uploads\/2026\/02\/1_10-300x225.jpg\" alt=\"\" width=\"300\" height=\"225\" srcset=\"https:\/\/maxperfect.gifts\/wp-content\/uploads\/2026\/02\/1_10-300x225.jpg 300w, https:\/\/maxperfect.gifts\/wp-content\/uploads\/2026\/02\/1_10.jpg 600w\" sizes=\"auto, (max-width: 300px) 100vw, 300px\" \/><\/p>\n<p>Zbirka obsega sedemnajst zvezkov velikega formata, s 7.752 grafi\u010dnimi listi &#8211; grafike, risbe in akvarele &#8211; znanih in neznanih &#8211; nem\u0161kih, avstrijskih, nizozemskih, flamskih, francoskih, italijanskih, angle\u0161kih in kranjskih &#8211; mojstrov 15., 16. in 17. stoletja, tudi tak\u0161nih, kot so npr. Albrecht D\u00fcrer, Lucas Cranach, Rembrandt van Rijn in Jacques Callot.<\/p>\n<p>Ponatis celotne zbirke &#8211; Iconotheco Valvasoriano &#8211; je izdala Fundacija Janez Vajkard Valvasor pri Slovenski akademiji znanosti in umetnosti v nakladi 100 o\u0161tevil\u010denih kompletov. Vodja projekta, urednik in oblikovalec Lojze Gosti\u0161a je za dokon\u010danje projekta skupaj z ekipo potreboval 8 let (2000 &#8211; 2008). Vsaka posamezna grafika v zbirki ima svoj znanstveni komentar v sloven\u0161\u010dini, hrva\u0161\u010dini in angle\u0161\u010dini, tiskane so na visokokvalitetnem \u0161vedskem papirju, izdelanem iz gojenega drevja, vezava pa je povsem ro\u010dna &#8211; v polusnje vezani zvezki z originalnim hrbtnim okrasjem, zaporedno \u0161tevilko in z naslovno stranjo v nem\u0161\u010dini, na notranji strani platnic pa je Valvasorjev ekslibirs. Grafike so nalepljene na liste, ki so del zvezka, nekaj pa jih je neposredno vezanih v zvezek.<\/p>\n<p>Iconotheca Valvasoriana je najve\u010dja faksimilirana grafi\u010dna zbirka na svetu in edinstvena, ker je dosledno izpeljan faksimilni natis z znanstvenokriti\u010dno obdelavo celotnega gradiva v treh jezikih.<\/p>\n<p><img loading=\"lazy\" decoding=\"async\" class=\"size-medium wp-image-3019 aligncenter\" src=\"https:\/\/maxperfect.gifts\/wp-content\/uploads\/2026\/02\/velika_teza_francoisa_amyota_d_albignyja__1670__johann_jacob_thurneysen_1636-1711_-225x300.jpg\" alt=\"\" width=\"225\" height=\"300\" srcset=\"https:\/\/maxperfect.gifts\/wp-content\/uploads\/2026\/02\/velika_teza_francoisa_amyota_d_albignyja__1670__johann_jacob_thurneysen_1636-1711_-225x300.jpg 225w, https:\/\/maxperfect.gifts\/wp-content\/uploads\/2026\/02\/velika_teza_francoisa_amyota_d_albignyja__1670__johann_jacob_thurneysen_1636-1711_.jpg 450w\" sizes=\"auto, (max-width: 225px) 100vw, 225px\" \/><\/p>\n<p>V zasebnih zbirkah je le nekaj kompletov. Ve\u010dino sta tako Slovenska akademija znanosti in umetnosti, kot tudi Republika Slovenija podarjali najbolj presti\u017enim in\u0161titucijam doma in po svetu. \u0160tevilko ena je dobil Valvasorjev Bogen\u0161perk; \u0161tevilko dve Biblioteka Metropolitana v Zagrebu, \u0161tevilko tri je takratni predsednik Republike Slovenije Danilo T\u00fcrk poklonil Kraljevi dru\u017ebi v Londonu, katere \u010dlan je bil Janez Vajkard Valvasor; \u0161tevilko \u0161tiri je predsednik Republike Slovenije poklonil predsedniku Evropske komisije Joseju Manuelu Barrosi v Bruslju; \u0161tevilko pet je Fundacija Janeza Vajkarda Valvasorja pri Slovenski akademiji znanosti in umetnosti poklonila Ljubljani, Valvasorjevemu rojstnemu mestu. Svoje komplete Iconothece imajo tudi Vatikanska knji\u017enica, Kongresna knji\u017enica v Washingtonu, Univerza Columbia, Univerzitetna knji\u017enica Cambridge, Kitajska nacionalna knji\u017enica v Pekingu, Muzej Albertina v Avstriji, Mestna knji\u017enica v Melbournu v Avstraliji, Nacionalna knji\u017enica v Belorusiji in v Ukrajini, Nacionalna biblioteka \u010crne Gore, Akademija znanosti in umetnosti BiH, Predsedni\u0161ka knji\u017enica Makedonije, Univerzitetna knji\u017enica v Salzburgu, Avstrijska nacionalna knji\u017enica na Dunaju, Bavarska dr\u017eavna knji\u017enica, Narodna in \u0161tudijska knji\u017enica v Trstu, Koro\u0161ki de\u017eelni arhiv, Urad predsednika RS ter vse ve\u010dje slovenske knji\u017enice in muzeji.<\/p>\n<p><img loading=\"lazy\" decoding=\"async\" class=\"size-medium wp-image-3020 aligncenter\" src=\"https:\/\/maxperfect.gifts\/wp-content\/uploads\/2026\/02\/park_in_dvorec_hellbrun__1679__melchior_k__sel_-300x210.jpg\" alt=\"\" width=\"300\" height=\"210\" srcset=\"https:\/\/maxperfect.gifts\/wp-content\/uploads\/2026\/02\/park_in_dvorec_hellbrun__1679__melchior_k__sel_-300x210.jpg 300w, https:\/\/maxperfect.gifts\/wp-content\/uploads\/2026\/02\/park_in_dvorec_hellbrun__1679__melchior_k__sel_.jpg 600w\" sizes=\"auto, (max-width: 300px) 100vw, 300px\" \/><\/p>\n<p><strong>Mo\u017enost pla\u010dila na obroke!\u00a0<\/strong><\/p>\n","protected":false},"excerpt":{"rendered":"<p>Faksimilirana izdaja Valvasorjeve likovne zbirke. Sedemnajst zvezkov, v katerih je 7.752 grafi\u010dnih, listov, akvarelvov in risb. Gre za enega najve\u010djih slovenskih zalo\u017eni\u0161kih projektov, edinstvenega tudi v svetovnem merilu.<\/p>\n","protected":false},"featured_media":3017,"template":"","meta":[],"product_cat":[174],"product_tag":[],"class_list":{"0":"post-3016","1":"product","2":"type-product","3":"status-publish","4":"has-post-thumbnail","6":"product_cat-zalozba","8":"first","9":"instock","10":"sale","11":"taxable","12":"shipping-taxable","13":"purchasable","14":"product-type-simple"},"yoast_head":"<!-- This site is optimized with the Yoast SEO plugin v27.1.1 - https:\/\/yoast.com\/product\/yoast-seo-wordpress\/ -->\n<title>ICONOTHECA VALVASORIANA - Max Perfect Gifts<\/title>\n<meta name=\"robots\" content=\"index, follow, max-snippet:-1, max-image-preview:large, max-video-preview:-1\" \/>\n<link rel=\"canonical\" href=\"https:\/\/maxperfect.gifts\/izdelek\/iconotheca-valvasoriana\/\" \/>\n<meta property=\"og:locale\" content=\"en_US\" \/>\n<meta property=\"og:type\" content=\"article\" \/>\n<meta property=\"og:title\" content=\"ICONOTHECA VALVASORIANA\" \/>\n<meta property=\"og:description\" content=\"Faksimilirana izdaja Valvasorjeve likovne zbirke. Sedemnajst zvezkov, v katerih je 7.752 grafi\u010dnih, listov, akvarelvov in risb. Gre za enega najve\u010djih slovenskih zalo\u017eni\u0161kih projektov, edinstvenega tudi v svetovnem merilu.\" \/>\n<meta property=\"og:url\" content=\"https:\/\/maxperfect.gifts\/en\/izdelek\/iconotheca-valvasoriana\/\" \/>\n<meta property=\"og:site_name\" content=\"Max Perfect Gifts\" \/>\n<meta property=\"article:modified_time\" content=\"2026-03-11T05:56:29+00:00\" \/>\n<meta property=\"og:image\" content=\"https:\/\/maxperfect.gifts\/wp-content\/uploads\/2026\/02\/full_b257c67047eb6a458f1e09948d29876d.jpg\" \/>\n\t<meta property=\"og:image:width\" content=\"620\" \/>\n\t<meta property=\"og:image:height\" content=\"620\" \/>\n\t<meta property=\"og:image:type\" content=\"image\/jpeg\" \/>\n<meta name=\"twitter:card\" content=\"summary_large_image\" \/>\n<meta name=\"twitter:label1\" content=\"Est. reading time\" \/>\n\t<meta name=\"twitter:data1\" content=\"4 minutes\" \/>\n<script type=\"application\/ld+json\" class=\"yoast-schema-graph\">{\"@context\":\"https:\/\/schema.org\",\"@graph\":[{\"@type\":\"WebPage\",\"@id\":\"https:\/\/maxperfect.gifts\/izdelek\/iconotheca-valvasoriana\/\",\"url\":\"https:\/\/maxperfect.gifts\/izdelek\/iconotheca-valvasoriana\/\",\"name\":\"[:sl]ICONOTHECA VALVASORIANA[:] - Max Perfect Gifts\",\"isPartOf\":{\"@id\":\"https:\/\/maxperfect.gifts\/#website\"},\"primaryImageOfPage\":{\"@id\":\"https:\/\/maxperfect.gifts\/izdelek\/iconotheca-valvasoriana\/#primaryimage\"},\"image\":{\"@id\":\"https:\/\/maxperfect.gifts\/izdelek\/iconotheca-valvasoriana\/#primaryimage\"},\"thumbnailUrl\":\"https:\/\/maxperfect.gifts\/wp-content\/uploads\/2026\/02\/full_b257c67047eb6a458f1e09948d29876d.jpg\",\"datePublished\":\"2026-02-24T09:25:05+00:00\",\"dateModified\":\"2026-03-11T05:56:29+00:00\",\"breadcrumb\":{\"@id\":\"https:\/\/maxperfect.gifts\/izdelek\/iconotheca-valvasoriana\/#breadcrumb\"},\"inLanguage\":\"en-US\",\"potentialAction\":[{\"@type\":\"ReadAction\",\"target\":[\"https:\/\/maxperfect.gifts\/izdelek\/iconotheca-valvasoriana\/\"]}]},{\"@type\":\"ImageObject\",\"inLanguage\":\"en-US\",\"@id\":\"https:\/\/maxperfect.gifts\/izdelek\/iconotheca-valvasoriana\/#primaryimage\",\"url\":\"https:\/\/maxperfect.gifts\/wp-content\/uploads\/2026\/02\/full_b257c67047eb6a458f1e09948d29876d.jpg\",\"contentUrl\":\"https:\/\/maxperfect.gifts\/wp-content\/uploads\/2026\/02\/full_b257c67047eb6a458f1e09948d29876d.jpg\",\"width\":620,\"height\":620},{\"@type\":\"BreadcrumbList\",\"@id\":\"https:\/\/maxperfect.gifts\/izdelek\/iconotheca-valvasoriana\/#breadcrumb\",\"itemListElement\":[{\"@type\":\"ListItem\",\"position\":1,\"name\":\"Home\",\"item\":\"https:\/\/maxperfect.gifts\/en\/\"},{\"@type\":\"ListItem\",\"position\":2,\"name\":\"Trgovina\",\"item\":\"https:\/\/maxperfect.gifts\/trgovina\/\"},{\"@type\":\"ListItem\",\"position\":3,\"name\":\"ICONOTHECA VALVASORIANA\"}]},{\"@type\":\"WebSite\",\"@id\":\"https:\/\/maxperfect.gifts\/#website\",\"url\":\"https:\/\/maxperfect.gifts\/\",\"name\":\"Max Perfect Gifts\",\"description\":\"Darilni program\",\"publisher\":{\"@id\":\"https:\/\/maxperfect.gifts\/#organization\"},\"potentialAction\":[{\"@type\":\"SearchAction\",\"target\":{\"@type\":\"EntryPoint\",\"urlTemplate\":\"https:\/\/maxperfect.gifts\/?s={search_term_string}\"},\"query-input\":{\"@type\":\"PropertyValueSpecification\",\"valueRequired\":true,\"valueName\":\"search_term_string\"}}],\"inLanguage\":\"en-US\"},{\"@type\":\"Organization\",\"@id\":\"https:\/\/maxperfect.gifts\/#organization\",\"name\":\"Max Perfect Gifts\",\"url\":\"https:\/\/maxperfect.gifts\/\",\"logo\":{\"@type\":\"ImageObject\",\"inLanguage\":\"en-US\",\"@id\":\"https:\/\/maxperfect.gifts\/#\/schema\/logo\/image\/\",\"url\":\"https:\/\/maxperfect.gifts\/wp-content\/uploads\/2023\/11\/max-perfect-logotip.png\",\"contentUrl\":\"https:\/\/maxperfect.gifts\/wp-content\/uploads\/2023\/11\/max-perfect-logotip.png\",\"width\":200,\"height\":76,\"caption\":\"Max Perfect Gifts\"},\"image\":{\"@id\":\"https:\/\/maxperfect.gifts\/#\/schema\/logo\/image\/\"}}]}<\/script>\n<!-- \/ Yoast SEO plugin. -->","yoast_head_json":{"title":"ICONOTHECA VALVASORIANA - Max Perfect Gifts","robots":{"index":"index","follow":"follow","max-snippet":"max-snippet:-1","max-image-preview":"max-image-preview:large","max-video-preview":"max-video-preview:-1"},"canonical":"https:\/\/maxperfect.gifts\/izdelek\/iconotheca-valvasoriana\/","og_locale":"en_US","og_type":"article","og_title":"[:sl]ICONOTHECA VALVASORIANA[:] - Max Perfect Gifts","og_description":"[:sl]Faksimilirana izdaja Valvasorjeve likovne zbirke. Sedemnajst zvezkov, v katerih je 7.752 grafi\u010dnih, listov, akvarelvov in risb. Gre za enega najve\u010djih slovenskih zalo\u017eni\u0161kih projektov, edinstvenega tudi v svetovnem merilu.[:]","og_url":"https:\/\/maxperfect.gifts\/en\/izdelek\/iconotheca-valvasoriana\/","og_site_name":"Max Perfect Gifts","article_modified_time":"2026-03-11T05:56:29+00:00","og_image":[{"width":620,"height":620,"url":"https:\/\/maxperfect.gifts\/wp-content\/uploads\/2026\/02\/full_b257c67047eb6a458f1e09948d29876d.jpg","type":"image\/jpeg"}],"twitter_card":"summary_large_image","twitter_misc":{"Est. reading time":"4 minutes"},"schema":{"@context":"https:\/\/schema.org","@graph":[{"@type":"WebPage","@id":"https:\/\/maxperfect.gifts\/izdelek\/iconotheca-valvasoriana\/","url":"https:\/\/maxperfect.gifts\/izdelek\/iconotheca-valvasoriana\/","name":"[:sl]ICONOTHECA VALVASORIANA[:] - Max Perfect Gifts","isPartOf":{"@id":"https:\/\/maxperfect.gifts\/#website"},"primaryImageOfPage":{"@id":"https:\/\/maxperfect.gifts\/izdelek\/iconotheca-valvasoriana\/#primaryimage"},"image":{"@id":"https:\/\/maxperfect.gifts\/izdelek\/iconotheca-valvasoriana\/#primaryimage"},"thumbnailUrl":"https:\/\/maxperfect.gifts\/wp-content\/uploads\/2026\/02\/full_b257c67047eb6a458f1e09948d29876d.jpg","datePublished":"2026-02-24T09:25:05+00:00","dateModified":"2026-03-11T05:56:29+00:00","breadcrumb":{"@id":"https:\/\/maxperfect.gifts\/izdelek\/iconotheca-valvasoriana\/#breadcrumb"},"inLanguage":"en-US","potentialAction":[{"@type":"ReadAction","target":["https:\/\/maxperfect.gifts\/izdelek\/iconotheca-valvasoriana\/"]}]},{"@type":"ImageObject","inLanguage":"en-US","@id":"https:\/\/maxperfect.gifts\/izdelek\/iconotheca-valvasoriana\/#primaryimage","url":"https:\/\/maxperfect.gifts\/wp-content\/uploads\/2026\/02\/full_b257c67047eb6a458f1e09948d29876d.jpg","contentUrl":"https:\/\/maxperfect.gifts\/wp-content\/uploads\/2026\/02\/full_b257c67047eb6a458f1e09948d29876d.jpg","width":620,"height":620},{"@type":"BreadcrumbList","@id":"https:\/\/maxperfect.gifts\/izdelek\/iconotheca-valvasoriana\/#breadcrumb","itemListElement":[{"@type":"ListItem","position":1,"name":"Home","item":"https:\/\/maxperfect.gifts\/en\/"},{"@type":"ListItem","position":2,"name":"Trgovina","item":"https:\/\/maxperfect.gifts\/trgovina\/"},{"@type":"ListItem","position":3,"name":"ICONOTHECA VALVASORIANA"}]},{"@type":"WebSite","@id":"https:\/\/maxperfect.gifts\/#website","url":"https:\/\/maxperfect.gifts\/","name":"Max Perfect Gifts","description":"Darilni program","publisher":{"@id":"https:\/\/maxperfect.gifts\/#organization"},"potentialAction":[{"@type":"SearchAction","target":{"@type":"EntryPoint","urlTemplate":"https:\/\/maxperfect.gifts\/?s={search_term_string}"},"query-input":{"@type":"PropertyValueSpecification","valueRequired":true,"valueName":"search_term_string"}}],"inLanguage":"en-US"},{"@type":"Organization","@id":"https:\/\/maxperfect.gifts\/#organization","name":"Max Perfect Gifts","url":"https:\/\/maxperfect.gifts\/","logo":{"@type":"ImageObject","inLanguage":"en-US","@id":"https:\/\/maxperfect.gifts\/#\/schema\/logo\/image\/","url":"https:\/\/maxperfect.gifts\/wp-content\/uploads\/2023\/11\/max-perfect-logotip.png","contentUrl":"https:\/\/maxperfect.gifts\/wp-content\/uploads\/2023\/11\/max-perfect-logotip.png","width":200,"height":76,"caption":"Max Perfect Gifts"},"image":{"@id":"https:\/\/maxperfect.gifts\/#\/schema\/logo\/image\/"}}]}},"_links":{"self":[{"href":"https:\/\/maxperfect.gifts\/en\/wp-json\/wp\/v2\/product\/3016","targetHints":{"allow":["GET"]}}],"collection":[{"href":"https:\/\/maxperfect.gifts\/en\/wp-json\/wp\/v2\/product"}],"about":[{"href":"https:\/\/maxperfect.gifts\/en\/wp-json\/wp\/v2\/types\/product"}],"wp:featuredmedia":[{"embeddable":true,"href":"https:\/\/maxperfect.gifts\/en\/wp-json\/wp\/v2\/media\/3017"}],"wp:attachment":[{"href":"https:\/\/maxperfect.gifts\/en\/wp-json\/wp\/v2\/media?parent=3016"}],"wp:term":[{"taxonomy":"product_cat","embeddable":true,"href":"https:\/\/maxperfect.gifts\/en\/wp-json\/wp\/v2\/product_cat?post=3016"},{"taxonomy":"product_tag","embeddable":true,"href":"https:\/\/maxperfect.gifts\/en\/wp-json\/wp\/v2\/product_tag?post=3016"}],"curies":[{"name":"wp","href":"https:\/\/api.w.org\/{rel}","templated":true}]}}