{"id":3022,"date":"2026-02-24T10:30:26","date_gmt":"2026-02-24T09:30:26","guid":{"rendered":"https:\/\/maxperfect.gifts\/?post_type=product&#038;p=3022"},"modified":"2026-03-11T06:56:29","modified_gmt":"2026-03-11T05:56:29","slug":"tisoc-in-ena-noc-bibliofilska-izdaja","status":"publish","type":"product","link":"https:\/\/maxperfect.gifts\/en\/izdelek\/tisoc-in-ena-noc-bibliofilska-izdaja\/","title":{"rendered":"Tiso\u010d in ena no\u010d &#8211; bibliofilska izdaja"},"content":{"rendered":"<p>Imeti Tiso\u010d in eno no\u010d v svojem jeziku, je ravno tako pomembno, kot imeti svoj prevod Svetega pisma, Homerjevih, Platonovih ali Shakespearjevih del. In samo najve\u010dji narodi so uspeli opraviti prevod Tiso\u010d in ene no\u010di iz izvirnega v svoj jezik. Na\u0161 cilj je zalo\u017eni\u0161ki prese\u017eek v vseh pogledih, tako v prevodnem delu, oblikovanju, tisku in vezavi \u2013 izdati knjigo, kakr\u0161ne \u0161e ni bilo pri nas.<\/p>\n<ul>\n<li>\n<ul>\n<li>prevod, ki Slovence postavlja ob bok drugim velikim narodom,<\/li>\n<li>omejena naklada, presti\u017ene knjige velikega formata (20,5 x 33 cm),<\/li>\n<li>veli\u010dasten obseg, 2.400 strani v treh luksuznih oz. v eni bibliofilski knjigi,<\/li>\n<li>knjige krasijo v sijajne reprodukcije slik najve\u010djih imen orienatlizma 18. in 19. stoletja iz zbirk evropskih galerij, muzejev in privatnih zbirk,<\/li>\n<li>vsaka stran v knjigi ima svoje, unikatno oblikovanje, posebej za to izdajo so bile izdelane inicialke, ornamenti, arabske kaligrafije \u2026<\/li>\n<li>med prozo se prepleta 1420 pesmi oz. skoraj 10.000 verzov,<\/li>\n<li>prevodu bodo dodane spremne \u0161tudije, opombe, kazala,<\/li>\n<li>vrhunski umetni\u0161ki tisk, izbrani materiali, ro\u010dna vezava knjig, zlatotisk, zlata obreza,<\/li>\n<li>unikatne knjige, ro\u010dno o\u0161tevil\u010deni izvodi, certifikat o lastni\u0161tvu,<\/li>\n<li>kupci prejmejo originalno kaligrafijo, bele rokavi\u010dke in varovalni ovitek izdelan po meri knjig.<\/li>\n<\/ul>\n<\/li>\n<\/ul>\n<p>&nbsp;<\/p>\n","protected":false},"excerpt":{"rendered":"<p>Prevod celotnega dela iz arab\u0161\u010dine<\/p>\n","protected":false},"featured_media":3023,"template":"","meta":[],"product_cat":[174],"product_tag":[],"class_list":{"0":"post-3022","1":"product","2":"type-product","3":"status-publish","4":"has-post-thumbnail","6":"product_cat-zalozba","8":"first","9":"instock","10":"taxable","11":"shipping-taxable","12":"purchasable","13":"product-type-simple"},"yoast_head":"<!-- This site is optimized with the Yoast SEO plugin v27.1.1 - https:\/\/yoast.com\/product\/yoast-seo-wordpress\/ -->\n<title>Tiso\u010d in ena no\u010d - bibliofilska izdaja[:] - Max Perfect Gifts<\/title>\n<meta name=\"robots\" content=\"index, follow, max-snippet:-1, max-image-preview:large, max-video-preview:-1\" \/>\n<link rel=\"canonical\" href=\"https:\/\/maxperfect.gifts\/izdelek\/tisoc-in-ena-noc-bibliofilska-izdaja\/\" \/>\n<meta property=\"og:locale\" content=\"en_US\" \/>\n<meta property=\"og:type\" content=\"article\" \/>\n<meta property=\"og:title\" content=\"Tiso\u010d in ena no\u010d - bibliofilska izdaja\" \/>\n<meta property=\"og:description\" content=\"Prevod celotnega dela iz arab\u0161\u010dine\" \/>\n<meta property=\"og:url\" content=\"https:\/\/maxperfect.gifts\/en\/izdelek\/tisoc-in-ena-noc-bibliofilska-izdaja\/\" \/>\n<meta property=\"og:site_name\" content=\"Max Perfect Gifts\" \/>\n<meta property=\"article:modified_time\" content=\"2026-03-11T05:56:29+00:00\" \/>\n<meta property=\"og:image\" content=\"https:\/\/maxperfect.gifts\/wp-content\/uploads\/2026\/02\/full_24b419a36b6935f1cccad51d30dc50f2.png\" \/>\n\t<meta property=\"og:image:width\" content=\"611\" \/>\n\t<meta property=\"og:image:height\" content=\"885\" \/>\n\t<meta property=\"og:image:type\" content=\"image\/png\" \/>\n<meta name=\"twitter:card\" content=\"summary_large_image\" \/>\n<meta name=\"twitter:label1\" content=\"Est. reading time\" \/>\n\t<meta name=\"twitter:data1\" content=\"2 minutes\" \/>\n<script type=\"application\/ld+json\" class=\"yoast-schema-graph\">{\"@context\":\"https:\/\/schema.org\",\"@graph\":[{\"@type\":\"WebPage\",\"@id\":\"https:\/\/maxperfect.gifts\/izdelek\/tisoc-in-ena-noc-bibliofilska-izdaja\/\",\"url\":\"https:\/\/maxperfect.gifts\/izdelek\/tisoc-in-ena-noc-bibliofilska-izdaja\/\",\"name\":\"[:sl]Tiso\u010d in ena no\u010d - bibliofilska izdaja[:] - Max Perfect Gifts\",\"isPartOf\":{\"@id\":\"https:\/\/maxperfect.gifts\/#website\"},\"primaryImageOfPage\":{\"@id\":\"https:\/\/maxperfect.gifts\/izdelek\/tisoc-in-ena-noc-bibliofilska-izdaja\/#primaryimage\"},\"image\":{\"@id\":\"https:\/\/maxperfect.gifts\/izdelek\/tisoc-in-ena-noc-bibliofilska-izdaja\/#primaryimage\"},\"thumbnailUrl\":\"https:\/\/maxperfect.gifts\/wp-content\/uploads\/2026\/02\/full_24b419a36b6935f1cccad51d30dc50f2.png\",\"datePublished\":\"2026-02-24T09:30:26+00:00\",\"dateModified\":\"2026-03-11T05:56:29+00:00\",\"breadcrumb\":{\"@id\":\"https:\/\/maxperfect.gifts\/izdelek\/tisoc-in-ena-noc-bibliofilska-izdaja\/#breadcrumb\"},\"inLanguage\":\"en-US\",\"potentialAction\":[{\"@type\":\"ReadAction\",\"target\":[\"https:\/\/maxperfect.gifts\/izdelek\/tisoc-in-ena-noc-bibliofilska-izdaja\/\"]}]},{\"@type\":\"ImageObject\",\"inLanguage\":\"en-US\",\"@id\":\"https:\/\/maxperfect.gifts\/izdelek\/tisoc-in-ena-noc-bibliofilska-izdaja\/#primaryimage\",\"url\":\"https:\/\/maxperfect.gifts\/wp-content\/uploads\/2026\/02\/full_24b419a36b6935f1cccad51d30dc50f2.png\",\"contentUrl\":\"https:\/\/maxperfect.gifts\/wp-content\/uploads\/2026\/02\/full_24b419a36b6935f1cccad51d30dc50f2.png\",\"width\":611,\"height\":885},{\"@type\":\"BreadcrumbList\",\"@id\":\"https:\/\/maxperfect.gifts\/izdelek\/tisoc-in-ena-noc-bibliofilska-izdaja\/#breadcrumb\",\"itemListElement\":[{\"@type\":\"ListItem\",\"position\":1,\"name\":\"Home\",\"item\":\"https:\/\/maxperfect.gifts\/en\/\"},{\"@type\":\"ListItem\",\"position\":2,\"name\":\"Trgovina\",\"item\":\"https:\/\/maxperfect.gifts\/trgovina\/\"},{\"@type\":\"ListItem\",\"position\":3,\"name\":\"Tiso\u010d in ena no\u010d &#8211; bibliofilska izdaja\"}]},{\"@type\":\"WebSite\",\"@id\":\"https:\/\/maxperfect.gifts\/#website\",\"url\":\"https:\/\/maxperfect.gifts\/\",\"name\":\"Max Perfect Gifts\",\"description\":\"Darilni program\",\"publisher\":{\"@id\":\"https:\/\/maxperfect.gifts\/#organization\"},\"potentialAction\":[{\"@type\":\"SearchAction\",\"target\":{\"@type\":\"EntryPoint\",\"urlTemplate\":\"https:\/\/maxperfect.gifts\/?s={search_term_string}\"},\"query-input\":{\"@type\":\"PropertyValueSpecification\",\"valueRequired\":true,\"valueName\":\"search_term_string\"}}],\"inLanguage\":\"en-US\"},{\"@type\":\"Organization\",\"@id\":\"https:\/\/maxperfect.gifts\/#organization\",\"name\":\"Max Perfect Gifts\",\"url\":\"https:\/\/maxperfect.gifts\/\",\"logo\":{\"@type\":\"ImageObject\",\"inLanguage\":\"en-US\",\"@id\":\"https:\/\/maxperfect.gifts\/#\/schema\/logo\/image\/\",\"url\":\"https:\/\/maxperfect.gifts\/wp-content\/uploads\/2023\/11\/max-perfect-logotip.png\",\"contentUrl\":\"https:\/\/maxperfect.gifts\/wp-content\/uploads\/2023\/11\/max-perfect-logotip.png\",\"width\":200,\"height\":76,\"caption\":\"Max Perfect Gifts\"},\"image\":{\"@id\":\"https:\/\/maxperfect.gifts\/#\/schema\/logo\/image\/\"}}]}<\/script>\n<!-- \/ Yoast SEO plugin. -->","yoast_head_json":{"title":"Tiso\u010d in ena no\u010d - bibliofilska izdaja[:] - Max Perfect Gifts","robots":{"index":"index","follow":"follow","max-snippet":"max-snippet:-1","max-image-preview":"max-image-preview:large","max-video-preview":"max-video-preview:-1"},"canonical":"https:\/\/maxperfect.gifts\/izdelek\/tisoc-in-ena-noc-bibliofilska-izdaja\/","og_locale":"en_US","og_type":"article","og_title":"[:sl]Tiso\u010d in ena no\u010d - bibliofilska izdaja[:] - Max Perfect Gifts","og_description":"[:sl]Prevod celotnega dela iz arab\u0161\u010dine[:]","og_url":"https:\/\/maxperfect.gifts\/en\/izdelek\/tisoc-in-ena-noc-bibliofilska-izdaja\/","og_site_name":"Max Perfect Gifts","article_modified_time":"2026-03-11T05:56:29+00:00","og_image":[{"width":611,"height":885,"url":"https:\/\/maxperfect.gifts\/wp-content\/uploads\/2026\/02\/full_24b419a36b6935f1cccad51d30dc50f2.png","type":"image\/png"}],"twitter_card":"summary_large_image","twitter_misc":{"Est. reading time":"2 minutes"},"schema":{"@context":"https:\/\/schema.org","@graph":[{"@type":"WebPage","@id":"https:\/\/maxperfect.gifts\/izdelek\/tisoc-in-ena-noc-bibliofilska-izdaja\/","url":"https:\/\/maxperfect.gifts\/izdelek\/tisoc-in-ena-noc-bibliofilska-izdaja\/","name":"[:sl]Tiso\u010d in ena no\u010d - bibliofilska izdaja[:] - Max Perfect Gifts","isPartOf":{"@id":"https:\/\/maxperfect.gifts\/#website"},"primaryImageOfPage":{"@id":"https:\/\/maxperfect.gifts\/izdelek\/tisoc-in-ena-noc-bibliofilska-izdaja\/#primaryimage"},"image":{"@id":"https:\/\/maxperfect.gifts\/izdelek\/tisoc-in-ena-noc-bibliofilska-izdaja\/#primaryimage"},"thumbnailUrl":"https:\/\/maxperfect.gifts\/wp-content\/uploads\/2026\/02\/full_24b419a36b6935f1cccad51d30dc50f2.png","datePublished":"2026-02-24T09:30:26+00:00","dateModified":"2026-03-11T05:56:29+00:00","breadcrumb":{"@id":"https:\/\/maxperfect.gifts\/izdelek\/tisoc-in-ena-noc-bibliofilska-izdaja\/#breadcrumb"},"inLanguage":"en-US","potentialAction":[{"@type":"ReadAction","target":["https:\/\/maxperfect.gifts\/izdelek\/tisoc-in-ena-noc-bibliofilska-izdaja\/"]}]},{"@type":"ImageObject","inLanguage":"en-US","@id":"https:\/\/maxperfect.gifts\/izdelek\/tisoc-in-ena-noc-bibliofilska-izdaja\/#primaryimage","url":"https:\/\/maxperfect.gifts\/wp-content\/uploads\/2026\/02\/full_24b419a36b6935f1cccad51d30dc50f2.png","contentUrl":"https:\/\/maxperfect.gifts\/wp-content\/uploads\/2026\/02\/full_24b419a36b6935f1cccad51d30dc50f2.png","width":611,"height":885},{"@type":"BreadcrumbList","@id":"https:\/\/maxperfect.gifts\/izdelek\/tisoc-in-ena-noc-bibliofilska-izdaja\/#breadcrumb","itemListElement":[{"@type":"ListItem","position":1,"name":"Home","item":"https:\/\/maxperfect.gifts\/en\/"},{"@type":"ListItem","position":2,"name":"Trgovina","item":"https:\/\/maxperfect.gifts\/trgovina\/"},{"@type":"ListItem","position":3,"name":"Tiso\u010d in ena no\u010d &#8211; bibliofilska izdaja"}]},{"@type":"WebSite","@id":"https:\/\/maxperfect.gifts\/#website","url":"https:\/\/maxperfect.gifts\/","name":"Max Perfect Gifts","description":"Darilni program","publisher":{"@id":"https:\/\/maxperfect.gifts\/#organization"},"potentialAction":[{"@type":"SearchAction","target":{"@type":"EntryPoint","urlTemplate":"https:\/\/maxperfect.gifts\/?s={search_term_string}"},"query-input":{"@type":"PropertyValueSpecification","valueRequired":true,"valueName":"search_term_string"}}],"inLanguage":"en-US"},{"@type":"Organization","@id":"https:\/\/maxperfect.gifts\/#organization","name":"Max Perfect Gifts","url":"https:\/\/maxperfect.gifts\/","logo":{"@type":"ImageObject","inLanguage":"en-US","@id":"https:\/\/maxperfect.gifts\/#\/schema\/logo\/image\/","url":"https:\/\/maxperfect.gifts\/wp-content\/uploads\/2023\/11\/max-perfect-logotip.png","contentUrl":"https:\/\/maxperfect.gifts\/wp-content\/uploads\/2023\/11\/max-perfect-logotip.png","width":200,"height":76,"caption":"Max Perfect Gifts"},"image":{"@id":"https:\/\/maxperfect.gifts\/#\/schema\/logo\/image\/"}}]}},"_links":{"self":[{"href":"https:\/\/maxperfect.gifts\/en\/wp-json\/wp\/v2\/product\/3022","targetHints":{"allow":["GET"]}}],"collection":[{"href":"https:\/\/maxperfect.gifts\/en\/wp-json\/wp\/v2\/product"}],"about":[{"href":"https:\/\/maxperfect.gifts\/en\/wp-json\/wp\/v2\/types\/product"}],"wp:featuredmedia":[{"embeddable":true,"href":"https:\/\/maxperfect.gifts\/en\/wp-json\/wp\/v2\/media\/3023"}],"wp:attachment":[{"href":"https:\/\/maxperfect.gifts\/en\/wp-json\/wp\/v2\/media?parent=3022"}],"wp:term":[{"taxonomy":"product_cat","embeddable":true,"href":"https:\/\/maxperfect.gifts\/en\/wp-json\/wp\/v2\/product_cat?post=3022"},{"taxonomy":"product_tag","embeddable":true,"href":"https:\/\/maxperfect.gifts\/en\/wp-json\/wp\/v2\/product_tag?post=3022"}],"curies":[{"name":"wp","href":"https:\/\/api.w.org\/{rel}","templated":true}]}}