{"id":3033,"date":"2026-03-11T07:53:24","date_gmt":"2026-03-11T06:53:24","guid":{"rendered":"https:\/\/maxperfect.gifts\/?post_type=product&#038;p=3033"},"modified":"2026-03-11T08:07:34","modified_gmt":"2026-03-11T07:07:34","slug":"tisoc-in-ena-noc-bibliofilska-izdaja-2","status":"publish","type":"product","link":"https:\/\/maxperfect.gifts\/en\/izdelek\/tisoc-in-ena-noc-bibliofilska-izdaja-2\/","title":{"rendered":"Coddiwomple"},"content":{"rendered":"<p><strong>Coddiewomple<\/strong><\/p>\n<p><span class=\"ILfuVd NA6bn\"><span class=\"hgKElc\">To travel purposefully\u00a0<strong>toward an as-yet-unknown destination.<\/strong><\/span><\/span><\/p>\n<p>&nbsp;<\/p>\n<p><strong>Coddiewomple<\/strong>\u00a0je odgovor na najglobja filozofska, eksistencialna, ve\u010dna pa tudi povsem vsakdanja vpra\u0161anja: Kaj je smisel \u017eivljenja? Evolucija? \u0160irjenje vesolja? Bog? Kje se vidite \u010dez pet let? &#8230;<\/p>\n<p dir=\"ltr\"><strong>Coddiewompling\u00a0<\/strong>je tudi, kot je znano, najbolj\u0161i na\u010din potovanja.\u00a0Ko potuje\u0161, potuj z namenom &#8211; pustolov\u0161\u010dina, zabava, smeh, raziskovanje, u\u010denje, preizku\u0161anje novih stvari in spoznavanje novih ljudi -, a brez pri\u010dakovanj.\u00a0 V \u017eivljenju so ponavadi prav pri\u010dakovanja tista, ki uni\u010dijo neverjeten kraj, trenutek ali celo spomin.Vnesite v svoje \u017eivljenje vsaj malo\u00a0<strong>coddiwomplinga!<\/strong><\/p>\n<p dir=\"ltr\">\n<p dir=\"ltr\"><strong><img loading=\"lazy\" decoding=\"async\" class=\"aligncenter wp-image-3036 size-medium\" src=\"https:\/\/maxperfect.gifts\/wp-content\/uploads\/2026\/03\/majica2-258x300.webp\" alt=\"\" width=\"258\" height=\"300\" srcset=\"https:\/\/maxperfect.gifts\/wp-content\/uploads\/2026\/03\/majica2-258x300.webp 258w, https:\/\/maxperfect.gifts\/wp-content\/uploads\/2026\/03\/majica2-768x892.webp 768w, https:\/\/maxperfect.gifts\/wp-content\/uploads\/2026\/03\/majica2-600x697.webp 600w, https:\/\/maxperfect.gifts\/wp-content\/uploads\/2026\/03\/majica2.webp 800w\" sizes=\"auto, (max-width: 258px) 100vw, 258px\" \/><\/strong><\/p>\n<p><strong>Majica v kaki (temnej\u0161i) in pe\u0161\u010deni (svetlej\u0161i) barvi.<br \/>\n<\/strong><\/p>\n<p><strong>Velikosti: XS, S, M, L, XL, XXL<\/strong><\/p>\n<div class=\"jshop_prod_description\">\n<p>Oblikovanje: Kenspeckle Letterpress<\/p>\n<\/div>\n","protected":false},"excerpt":{"rendered":"<p>Z odlo\u010dno namero potovati proti \u0161e neznanemu cilju.<\/p>\n","protected":false},"featured_media":3035,"template":"","meta":[],"product_cat":[174],"product_tag":[],"class_list":{"0":"post-3033","1":"product","2":"type-product","3":"status-publish","4":"has-post-thumbnail","6":"product_cat-zalozba","8":"first","9":"instock","10":"taxable","11":"shipping-taxable","12":"purchasable","13":"product-type-simple"},"yoast_head":"<!-- This site is optimized with the Yoast SEO plugin v27.1.1 - https:\/\/yoast.com\/product\/yoast-seo-wordpress\/ -->\n<title>Coddiwomple - Max Perfect Gifts<\/title>\n<meta name=\"robots\" content=\"index, follow, max-snippet:-1, max-image-preview:large, max-video-preview:-1\" \/>\n<link rel=\"canonical\" href=\"https:\/\/maxperfect.gifts\/izdelek\/tisoc-in-ena-noc-bibliofilska-izdaja-2\/\" \/>\n<meta property=\"og:locale\" content=\"en_US\" \/>\n<meta property=\"og:type\" content=\"article\" \/>\n<meta property=\"og:title\" content=\"Coddiwomple\" \/>\n<meta property=\"og:description\" content=\"Z odlo\u010dno namero potovati proti \u0161e neznanemu cilju.\" \/>\n<meta property=\"og:url\" content=\"https:\/\/maxperfect.gifts\/en\/izdelek\/tisoc-in-ena-noc-bibliofilska-izdaja-2\/\" \/>\n<meta property=\"og:site_name\" content=\"Max Perfect Gifts\" \/>\n<meta property=\"article:modified_time\" content=\"2026-03-11T07:07:34+00:00\" \/>\n<meta property=\"og:image\" content=\"https:\/\/maxperfect.gifts\/wp-content\/uploads\/2026\/03\/image-7.webp\" \/>\n\t<meta property=\"og:image:width\" content=\"212\" \/>\n\t<meta property=\"og:image:height\" content=\"200\" \/>\n\t<meta property=\"og:image:type\" content=\"image\/webp\" \/>\n<meta name=\"twitter:card\" content=\"summary_large_image\" \/>\n<meta name=\"twitter:label1\" content=\"Est. reading time\" \/>\n\t<meta name=\"twitter:data1\" content=\"1 minute\" \/>\n<script type=\"application\/ld+json\" class=\"yoast-schema-graph\">{\"@context\":\"https:\/\/schema.org\",\"@graph\":[{\"@type\":\"WebPage\",\"@id\":\"https:\/\/maxperfect.gifts\/izdelek\/tisoc-in-ena-noc-bibliofilska-izdaja-2\/\",\"url\":\"https:\/\/maxperfect.gifts\/izdelek\/tisoc-in-ena-noc-bibliofilska-izdaja-2\/\",\"name\":\"[:sl]Coddiwomple[:] - Max Perfect Gifts\",\"isPartOf\":{\"@id\":\"https:\/\/maxperfect.gifts\/#website\"},\"primaryImageOfPage\":{\"@id\":\"https:\/\/maxperfect.gifts\/izdelek\/tisoc-in-ena-noc-bibliofilska-izdaja-2\/#primaryimage\"},\"image\":{\"@id\":\"https:\/\/maxperfect.gifts\/izdelek\/tisoc-in-ena-noc-bibliofilska-izdaja-2\/#primaryimage\"},\"thumbnailUrl\":\"https:\/\/maxperfect.gifts\/wp-content\/uploads\/2026\/03\/image-7.webp\",\"datePublished\":\"2026-03-11T06:53:24+00:00\",\"dateModified\":\"2026-03-11T07:07:34+00:00\",\"breadcrumb\":{\"@id\":\"https:\/\/maxperfect.gifts\/izdelek\/tisoc-in-ena-noc-bibliofilska-izdaja-2\/#breadcrumb\"},\"inLanguage\":\"en-US\",\"potentialAction\":[{\"@type\":\"ReadAction\",\"target\":[\"https:\/\/maxperfect.gifts\/izdelek\/tisoc-in-ena-noc-bibliofilska-izdaja-2\/\"]}]},{\"@type\":\"ImageObject\",\"inLanguage\":\"en-US\",\"@id\":\"https:\/\/maxperfect.gifts\/izdelek\/tisoc-in-ena-noc-bibliofilska-izdaja-2\/#primaryimage\",\"url\":\"https:\/\/maxperfect.gifts\/wp-content\/uploads\/2026\/03\/image-7.webp\",\"contentUrl\":\"https:\/\/maxperfect.gifts\/wp-content\/uploads\/2026\/03\/image-7.webp\",\"width\":212,\"height\":200},{\"@type\":\"BreadcrumbList\",\"@id\":\"https:\/\/maxperfect.gifts\/izdelek\/tisoc-in-ena-noc-bibliofilska-izdaja-2\/#breadcrumb\",\"itemListElement\":[{\"@type\":\"ListItem\",\"position\":1,\"name\":\"Home\",\"item\":\"https:\/\/maxperfect.gifts\/en\/\"},{\"@type\":\"ListItem\",\"position\":2,\"name\":\"Trgovina\",\"item\":\"https:\/\/maxperfect.gifts\/trgovina\/\"},{\"@type\":\"ListItem\",\"position\":3,\"name\":\"Coddiwomple\"}]},{\"@type\":\"WebSite\",\"@id\":\"https:\/\/maxperfect.gifts\/#website\",\"url\":\"https:\/\/maxperfect.gifts\/\",\"name\":\"Max Perfect Gifts\",\"description\":\"Darilni program\",\"publisher\":{\"@id\":\"https:\/\/maxperfect.gifts\/#organization\"},\"potentialAction\":[{\"@type\":\"SearchAction\",\"target\":{\"@type\":\"EntryPoint\",\"urlTemplate\":\"https:\/\/maxperfect.gifts\/?s={search_term_string}\"},\"query-input\":{\"@type\":\"PropertyValueSpecification\",\"valueRequired\":true,\"valueName\":\"search_term_string\"}}],\"inLanguage\":\"en-US\"},{\"@type\":\"Organization\",\"@id\":\"https:\/\/maxperfect.gifts\/#organization\",\"name\":\"Max Perfect Gifts\",\"url\":\"https:\/\/maxperfect.gifts\/\",\"logo\":{\"@type\":\"ImageObject\",\"inLanguage\":\"en-US\",\"@id\":\"https:\/\/maxperfect.gifts\/#\/schema\/logo\/image\/\",\"url\":\"https:\/\/maxperfect.gifts\/wp-content\/uploads\/2023\/11\/max-perfect-logotip.png\",\"contentUrl\":\"https:\/\/maxperfect.gifts\/wp-content\/uploads\/2023\/11\/max-perfect-logotip.png\",\"width\":200,\"height\":76,\"caption\":\"Max Perfect Gifts\"},\"image\":{\"@id\":\"https:\/\/maxperfect.gifts\/#\/schema\/logo\/image\/\"}}]}<\/script>\n<!-- \/ Yoast SEO plugin. -->","yoast_head_json":{"title":"Coddiwomple - Max Perfect Gifts","robots":{"index":"index","follow":"follow","max-snippet":"max-snippet:-1","max-image-preview":"max-image-preview:large","max-video-preview":"max-video-preview:-1"},"canonical":"https:\/\/maxperfect.gifts\/izdelek\/tisoc-in-ena-noc-bibliofilska-izdaja-2\/","og_locale":"en_US","og_type":"article","og_title":"[:sl]Coddiwomple[:] - Max Perfect Gifts","og_description":"[:sl]Z odlo\u010dno namero potovati proti \u0161e neznanemu cilju.[:]","og_url":"https:\/\/maxperfect.gifts\/en\/izdelek\/tisoc-in-ena-noc-bibliofilska-izdaja-2\/","og_site_name":"Max Perfect Gifts","article_modified_time":"2026-03-11T07:07:34+00:00","og_image":[{"width":212,"height":200,"url":"https:\/\/maxperfect.gifts\/wp-content\/uploads\/2026\/03\/image-7.webp","type":"image\/webp"}],"twitter_card":"summary_large_image","twitter_misc":{"Est. reading time":"1 minute"},"schema":{"@context":"https:\/\/schema.org","@graph":[{"@type":"WebPage","@id":"https:\/\/maxperfect.gifts\/izdelek\/tisoc-in-ena-noc-bibliofilska-izdaja-2\/","url":"https:\/\/maxperfect.gifts\/izdelek\/tisoc-in-ena-noc-bibliofilska-izdaja-2\/","name":"[:sl]Coddiwomple[:] - Max Perfect Gifts","isPartOf":{"@id":"https:\/\/maxperfect.gifts\/#website"},"primaryImageOfPage":{"@id":"https:\/\/maxperfect.gifts\/izdelek\/tisoc-in-ena-noc-bibliofilska-izdaja-2\/#primaryimage"},"image":{"@id":"https:\/\/maxperfect.gifts\/izdelek\/tisoc-in-ena-noc-bibliofilska-izdaja-2\/#primaryimage"},"thumbnailUrl":"https:\/\/maxperfect.gifts\/wp-content\/uploads\/2026\/03\/image-7.webp","datePublished":"2026-03-11T06:53:24+00:00","dateModified":"2026-03-11T07:07:34+00:00","breadcrumb":{"@id":"https:\/\/maxperfect.gifts\/izdelek\/tisoc-in-ena-noc-bibliofilska-izdaja-2\/#breadcrumb"},"inLanguage":"en-US","potentialAction":[{"@type":"ReadAction","target":["https:\/\/maxperfect.gifts\/izdelek\/tisoc-in-ena-noc-bibliofilska-izdaja-2\/"]}]},{"@type":"ImageObject","inLanguage":"en-US","@id":"https:\/\/maxperfect.gifts\/izdelek\/tisoc-in-ena-noc-bibliofilska-izdaja-2\/#primaryimage","url":"https:\/\/maxperfect.gifts\/wp-content\/uploads\/2026\/03\/image-7.webp","contentUrl":"https:\/\/maxperfect.gifts\/wp-content\/uploads\/2026\/03\/image-7.webp","width":212,"height":200},{"@type":"BreadcrumbList","@id":"https:\/\/maxperfect.gifts\/izdelek\/tisoc-in-ena-noc-bibliofilska-izdaja-2\/#breadcrumb","itemListElement":[{"@type":"ListItem","position":1,"name":"Home","item":"https:\/\/maxperfect.gifts\/en\/"},{"@type":"ListItem","position":2,"name":"Trgovina","item":"https:\/\/maxperfect.gifts\/trgovina\/"},{"@type":"ListItem","position":3,"name":"Coddiwomple"}]},{"@type":"WebSite","@id":"https:\/\/maxperfect.gifts\/#website","url":"https:\/\/maxperfect.gifts\/","name":"Max Perfect Gifts","description":"Darilni program","publisher":{"@id":"https:\/\/maxperfect.gifts\/#organization"},"potentialAction":[{"@type":"SearchAction","target":{"@type":"EntryPoint","urlTemplate":"https:\/\/maxperfect.gifts\/?s={search_term_string}"},"query-input":{"@type":"PropertyValueSpecification","valueRequired":true,"valueName":"search_term_string"}}],"inLanguage":"en-US"},{"@type":"Organization","@id":"https:\/\/maxperfect.gifts\/#organization","name":"Max Perfect Gifts","url":"https:\/\/maxperfect.gifts\/","logo":{"@type":"ImageObject","inLanguage":"en-US","@id":"https:\/\/maxperfect.gifts\/#\/schema\/logo\/image\/","url":"https:\/\/maxperfect.gifts\/wp-content\/uploads\/2023\/11\/max-perfect-logotip.png","contentUrl":"https:\/\/maxperfect.gifts\/wp-content\/uploads\/2023\/11\/max-perfect-logotip.png","width":200,"height":76,"caption":"Max Perfect Gifts"},"image":{"@id":"https:\/\/maxperfect.gifts\/#\/schema\/logo\/image\/"}}]}},"_links":{"self":[{"href":"https:\/\/maxperfect.gifts\/en\/wp-json\/wp\/v2\/product\/3033","targetHints":{"allow":["GET"]}}],"collection":[{"href":"https:\/\/maxperfect.gifts\/en\/wp-json\/wp\/v2\/product"}],"about":[{"href":"https:\/\/maxperfect.gifts\/en\/wp-json\/wp\/v2\/types\/product"}],"wp:featuredmedia":[{"embeddable":true,"href":"https:\/\/maxperfect.gifts\/en\/wp-json\/wp\/v2\/media\/3035"}],"wp:attachment":[{"href":"https:\/\/maxperfect.gifts\/en\/wp-json\/wp\/v2\/media?parent=3033"}],"wp:term":[{"taxonomy":"product_cat","embeddable":true,"href":"https:\/\/maxperfect.gifts\/en\/wp-json\/wp\/v2\/product_cat?post=3033"},{"taxonomy":"product_tag","embeddable":true,"href":"https:\/\/maxperfect.gifts\/en\/wp-json\/wp\/v2\/product_tag?post=3033"}],"curies":[{"name":"wp","href":"https:\/\/api.w.org\/{rel}","templated":true}]}}